{"id":97,"date":"2011-01-18T10:35:59","date_gmt":"2011-01-18T10:35:59","guid":{"rendered":"http:\/\/soeurs-de-stgildas-nantes.cef.fr\/?page_id=97"},"modified":"2015-01-21T10:28:31","modified_gmt":"2015-01-21T10:28:31","slug":"xixeme-et-xxeme-siecles","status":"publish","type":"page","link":"https:\/\/soeurs-de-stgildas-nantes.cef.fr\/?page_id=97","title":{"rendered":"XIX\u00e8me, XX\u00e8me et XXI\u00e8me si\u00e8cles"},"content":{"rendered":"<table style=\"width: 100%;\" border=\"0\">\n<tbody>\n<tr>\n<td style=\"text-align: center; width: 20%;\" valign=\"top\"><a title=\"M\u00e9moire d\u2019une fondation en Angleterre\" href=\"http:\/\/soeurs-de-stgildas-nantes.cef.fr\/?page_id=1183\">M\u00e9moire de<br \/>\nfondation en<br \/>\nAngleterre<\/a><\/td>\n<td style=\"text-align: center; width: 20%;\">M\u00e9moire de<br \/>\nfondation<br \/>\nen Irlande<\/td>\n<td style=\"text-align: center; width: 20%;\" valign=\"top\"><a title=\"M\u00e9moire de fondation en Afrique\" href=\"..\/?page_id=1196\">M\u00e9moire de<br \/>\nfondation au<br \/>\nBurkina-faso<\/a><\/td>\n<td style=\"text-align: center; width: 20%;\" valign=\"top\">M\u00e9moire de<br \/>\nfondation<br \/>\nau Ghana<\/td>\n<td style=\"text-align: center;\"><a title=\"M\u00e9moire d\u2019une fondation au Mexique\" href=\"..\/?page_id=1186\">M\u00e9moire de<br \/>\nfondation<br \/>\nau Mexique<\/a><\/td>\n<\/tr>\n<\/tbody>\n<\/table>\n<h2>Les \u00e9tapes de l&rsquo;histoire<a title=\"M\u00e9moire de fondation en Afrique\" href=\"..\/?page_id=1196\"><\/a><\/h2>\n<p>Au cours du XIX\u00e8 si\u00e8cle, la Congr\u00e9gation se d\u00e9veloppe :<\/p>\n<ul>\n<li>en 1900, on comptait 1175 religieuses, 159 \u00e9coles, et quelques maisons hospitali\u00e8res. Les \u00e9tablissements sont alors situ\u00e9s en grande majorit\u00e9 dans le dioc\u00e8se de Nantes, les autres sont dans les dioc\u00e8ses limitrophes.<\/li>\n<li>en Octobre 1903, la fondation d&rsquo;une communaut\u00e9 en Angleterre, dans le Somerset, est li\u00e9e aux \u00e9v\u00e9nements politiques fran\u00e7ais. Pour les soeurs, ce d\u00e9part \u00e0 l&rsquo;\u00e9tranger devient l&rsquo;occasion d&rsquo;une pr\u00e9sence missionnaire\u00a0; elles fondent des \u00e9coles et re\u00e7oivent \u00e9l\u00e8ves et pensionnaires de toutes confessions notamment anglicane.<\/li>\n<li>en Septembre 1957, deux soeurs sont envoy\u00e9es en Irlande \u00e0 Blacklion, au service d&rsquo;un s\u00e9minaire de P\u00e8res Blancs.<\/li>\n<li>en 1958, les appels de l&rsquo;Eglise pour les continents latino-am\u00e9ricain et africain se font pressants. Trois soeurs partent pour R\u00e9o au dioc\u00e8se de Koudougou (Burkina-Faso).<\/li>\n<li>en France, d&rsquo;autres dioc\u00e8ses font appel pour une pr\u00e9sence de religieuses en milieu ouvrier et milieu rural. Peu \u00e0 peu, les activit\u00e9s des soeurs se diversifient. D\u00e8s 1949, la Congr\u00e9gation ouvre une communaut\u00e9 en R\u00e9gion parisienne, puis en 1971 dans le Morvan, en 1977 en Corr\u00e8ze et dans le Loiret, en 1982 dans les Bouches du Rh\u00f4ne.<\/li>\n<li>en 1979, des soeurs partent pour le Ghana.<\/li>\n<li>en 1990 pour le Mexique.<\/li>\n<\/ul>\n<p>Actuellement, la Congr\u00e9gation est pr\u00e9sente dans 6 pays.\u00a0Au\u00a01er\u00a0Octobre\u00a02010, elle\u00a0comptait 498 membres.<a href=\"http:\/\/soeurs-de-stgildas-nantes.cef.fr\/wp-content\/uploads\/2011\/01\/histoirecartemonde.jpg\"><img loading=\"lazy\" decoding=\"async\" class=\"aligncenter size-full wp-image-329\" title=\"histoirecartemonde\" src=\"http:\/\/soeurs-de-stgildas-nantes.cef.fr\/wp-content\/uploads\/2011\/01\/histoirecartemonde.jpg\" alt=\"\" width=\"340\" height=\"252\" srcset=\"https:\/\/soeurs-de-stgildas-nantes.cef.fr\/wp-content\/uploads\/2011\/01\/histoirecartemonde.jpg 340w, https:\/\/soeurs-de-stgildas-nantes.cef.fr\/wp-content\/uploads\/2011\/01\/histoirecartemonde-300x222.jpg 300w\" sizes=\"auto, (max-width: 340px) 100vw, 340px\" \/><\/a><\/p>\n","protected":false},"excerpt":{"rendered":"<p>M\u00e9moire de fondation en Angleterre M\u00e9moire de fondation en Irlande M\u00e9moire de fondation au Burkina-faso M\u00e9moire de fondation au Ghana M\u00e9moire de fondation au Mexique Les \u00e9tapes de l&rsquo;histoire Au cours du XIX\u00e8 si\u00e8cle, la Congr\u00e9gation se d\u00e9veloppe : en 1900, on comptait 1175 religieuses, 159 \u00e9coles, et quelques maisons hospitali\u00e8res. Les \u00e9tablissements sont alors [&hellip;]<\/p>\n","protected":false},"author":6,"featured_media":0,"parent":128,"menu_order":3,"comment_status":"closed","ping_status":"closed","template":"","meta":{"ngg_post_thumbnail":0,"footnotes":""},"class_list":["post-97","page","type-page","status-publish","hentry"],"_links":{"self":[{"href":"https:\/\/soeurs-de-stgildas-nantes.cef.fr\/index.php?rest_route=\/wp\/v2\/pages\/97","targetHints":{"allow":["GET"]}}],"collection":[{"href":"https:\/\/soeurs-de-stgildas-nantes.cef.fr\/index.php?rest_route=\/wp\/v2\/pages"}],"about":[{"href":"https:\/\/soeurs-de-stgildas-nantes.cef.fr\/index.php?rest_route=\/wp\/v2\/types\/page"}],"author":[{"embeddable":true,"href":"https:\/\/soeurs-de-stgildas-nantes.cef.fr\/index.php?rest_route=\/wp\/v2\/users\/6"}],"replies":[{"embeddable":true,"href":"https:\/\/soeurs-de-stgildas-nantes.cef.fr\/index.php?rest_route=%2Fwp%2Fv2%2Fcomments&post=97"}],"version-history":[{"count":53,"href":"https:\/\/soeurs-de-stgildas-nantes.cef.fr\/index.php?rest_route=\/wp\/v2\/pages\/97\/revisions"}],"predecessor-version":[{"id":331,"href":"https:\/\/soeurs-de-stgildas-nantes.cef.fr\/index.php?rest_route=\/wp\/v2\/pages\/97\/revisions\/331"}],"up":[{"embeddable":true,"href":"https:\/\/soeurs-de-stgildas-nantes.cef.fr\/index.php?rest_route=\/wp\/v2\/pages\/128"}],"wp:attachment":[{"href":"https:\/\/soeurs-de-stgildas-nantes.cef.fr\/index.php?rest_route=%2Fwp%2Fv2%2Fmedia&parent=97"}],"curies":[{"name":"wp","href":"https:\/\/api.w.org\/{rel}","templated":true}]}}