{"id":95,"date":"2011-01-18T10:35:28","date_gmt":"2011-01-18T10:35:28","guid":{"rendered":"http:\/\/soeurs-de-stgildas-nantes.cef.fr\/?page_id=95"},"modified":"2011-11-02T10:49:18","modified_gmt":"2011-11-02T10:49:18","slug":"origines","status":"publish","type":"page","link":"https:\/\/soeurs-de-stgildas-nantes.cef.fr\/?page_id=95","title":{"rendered":"Origines"},"content":{"rendered":"<h2 style=\"text-align: left;\">L&rsquo;histoire des Soeurs de St Gildas<\/h2>\n<p style=\"text-align: left;\">L&rsquo;histoire de la Congr\u00e9gation commence dans le Morbihan, \u00e0 Beignon, commune d&rsquo;origine des fondateurs Gabriel Deshayes et Michelle Guillaume. La R\u00e9volution fran\u00e7aise avait laiss\u00e9 cette paroisse rurale comme beaucoup d&rsquo;autres, dans un \u00e9tat de grande pauvret\u00e9 humaine et spirituelle.<\/p>\n<p style=\"text-align: left;\"><a title=\"Fondateurs\" href=\"http:\/\/soeurs-de-stgildas-nantes.cef.fr\/?page_id=92#deshayes\">Gabriel Deshayes<\/a>, pr\u00eatre, \u00e9tait pr\u00e9occup\u00e9 par cette situation. Avec <a title=\"Michelle Guillaume\" href=\"http:\/\/soeurs-de-stgildas-nantes.cef.fr\/?page_id=92#guillaume\">Michelle Guillaume<\/a>, jeune femme du pays, d\u00e9sireuse d&rsquo;entrer dans la vie religieuse, il va fonder une \u00e9cole pour instruire et cat\u00e9chiser les filles de la campagne.<br \/>\nLeur projet prend naissance <a title=\"Bicentenaire 1807-2007\" href=\"http:\/\/soeurs-de-stgildas-nantes.cef.fr\/?page_id=349\">le 5 mai 1807<\/a>.<\/p>\n<p>La disponibilit\u00e9 de Michelle Guillaume, alli\u00e9e \u00e0 l&rsquo;audace et au z\u00e8le apostolique de Gabriel Deshayes a fait de cette premi\u00e8re et modeste forme de mission, le commencement de la Congr\u00e9gation des soeurs de l&rsquo;Instruction Chr\u00e9tienne dites de Saint-Gildas.<\/p>\n<h2>Beignon<\/h2>\n<p><a href=\"http:\/\/soeurs-de-stgildas-nantes.cef.fr\/wp-content\/uploads\/2011\/01\/plan1.jpg\"><img loading=\"lazy\" decoding=\"async\" class=\"size-full wp-image-284 alignleft\" title=\"plan\" src=\"http:\/\/soeurs-de-stgildas-nantes.cef.fr\/wp-content\/uploads\/2011\/01\/plan1.jpg\" alt=\"\" width=\"291\" height=\"363\" srcset=\"https:\/\/soeurs-de-stgildas-nantes.cef.fr\/wp-content\/uploads\/2011\/01\/plan1.jpg 364w, https:\/\/soeurs-de-stgildas-nantes.cef.fr\/wp-content\/uploads\/2011\/01\/plan1-240x300.jpg 240w\" sizes=\"auto, (max-width: 291px) 100vw, 291px\" \/><\/a><a href=\"http:\/\/soeurs-de-stgildas-nantes.cef.fr\/wp-content\/uploads\/2011\/01\/beignon2.jpg\"><img loading=\"lazy\" decoding=\"async\" class=\"alignnone size-full wp-image-281\" title=\"beignon2\" src=\"http:\/\/soeurs-de-stgildas-nantes.cef.fr\/wp-content\/uploads\/2011\/01\/beignon2.jpg\" alt=\"Beignon\" width=\"250\" height=\"188\" \/><\/a><a href=\"http:\/\/soeurs-de-stgildas-nantes.cef.fr\/wp-content\/uploads\/2011\/01\/plan.jpg\"><\/a><\/p>\n<p>Commune du Morbihan, \u00e0 25 Kms de Rennes environ ; travers\u00e9e par la rivi\u00e8re de l&rsquo;Aff.<\/p>\n<p>Proche de la for\u00eat de Paimpont et du camp de Co\u00ebtquidan.<\/p>\n<p>Pays d\u2019origine des fondateurs des soeurs de l\u2019Instruction chr\u00e9tienne : <a title=\"P\u00e8re Gabriel Deshayes\" href=\"http:\/\/soeurs-de-stgildas-nantes.cef.fr\/?page_id=92#deshayes\">Gabriel Deshayes <\/a>et <a title=\"Michelle Guillaume\" href=\"http:\/\/soeurs-de-stgildas-nantes.cef.fr\/?page_id=92#guillaume\">Michelle Guillaume<\/a>.<\/p>\n<p>Beignon est appel\u00e9 le \u00ab\u00a0Berceau\u00a0\u00bbde la Congr\u00e9gation.<\/p>\n<h2>Abbaye B\u00e9n\u00e9dictine<\/h2>\n<p><a href=\"http:\/\/soeurs-de-stgildas-nantes.cef.fr\/wp-content\/uploads\/2011\/01\/histoireabbayebenedictine.jpg\"><img loading=\"lazy\" decoding=\"async\" class=\"alignleft size-full wp-image-319\" title=\"histoireabbayebenedictine\" src=\"http:\/\/soeurs-de-stgildas-nantes.cef.fr\/wp-content\/uploads\/2011\/01\/histoireabbayebenedictine.jpg\" alt=\"Abbaye b\u00e9n\u00e9dictine\" width=\"244\" height=\"361\" srcset=\"https:\/\/soeurs-de-stgildas-nantes.cef.fr\/wp-content\/uploads\/2011\/01\/histoireabbayebenedictine.jpg 348w, https:\/\/soeurs-de-stgildas-nantes.cef.fr\/wp-content\/uploads\/2011\/01\/histoireabbayebenedictine-202x300.jpg 202w\" sizes=\"auto, (max-width: 244px) 100vw, 244px\" \/><\/a>L&rsquo;oeuvre s&rsquo;accro\u00eet rapidement. Le <a title=\"P\u00e8re Gabriel Deshayes\" href=\"http:\/\/soeurs-de-stgildas-nantes.cef.fr\/?page_id=92#deshayes\">P\u00e8re Gabriel Deshayes<\/a>, fondateur, doit chercher une maison plus grande pour\u00a0 accueillir la Congr\u00e9gation naissante. En 1828, il acquiert l&rsquo;abbaye b\u00e9n\u00e9dictine de Saint-Gildas-des-Bois en Loire-Atlantique, abandonn\u00e9e depuis la R\u00e9volution.<\/p>\n<p>L&rsquo;abbaye de Saint-Gildas-des-Bois fut cr\u00e9\u00e9e au XI\u00e8 si\u00e8cle par Simon de RUPE, Seigneur de la Roche-Bernard.<br \/>\nElle doit son nom \u00e0 un saint moine, Gildas, dont on alla chercher les reliques \u00e0 Rhuys.<br \/>\nDu pass\u00e9 lointain, restent l&rsquo;\u00e9glise construite au XII\u00e8 si\u00e8cle et le vieux puits \u00e0 l&rsquo;int\u00e9rieur du clo\u00eetre.<br \/>\nAu moment de la R\u00e9volution, les religieux n&rsquo;\u00e9taient plus que cinq.<br \/>\nL&rsquo;abbaye devint \u00ab\u00a0bien national\u00a0\u00bb, puis propri\u00e9t\u00e9 priv\u00e9e.<\/p>\n<p>Le <a title=\"P\u00e8re Gabriel Deshayes\" href=\"http:\/\/soeurs-de-stgildas-nantes.cef.fr\/?page_id=92#deshayes\">P\u00e8re Deshayes<\/a> acquit b\u00e2timent et enclos mis en vente par les derniers h\u00e9ritiers.<br \/>\nEn effet, il avait besoin d&rsquo;une maison assez vaste pour installer la jeune congr\u00e9gation qu&rsquo;il avait fond\u00e9e \u00e0 Beignon avec <a title=\"Michelle Guillaume\" href=\"http:\/\/soeurs-de-stgildas-nantes.cef.fr\/?page_id=92#guillaume\">Michelle Guillaume<\/a>.<\/p>\n<p>En\u00a0ao\u00fbt 1828, les soeurs de l&rsquo;Instruction Chr\u00e9tienne arrivent dans leur nouvelle demeure ; elles trouvent des b\u00e2timents d\u00e9labr\u00e9s.\u00a0 Elles vont conna\u00eetre en ces lieux des d\u00e9buts difficiles marqu\u00e9s par une tr\u00e8s grande pauvret\u00e9.<br \/>\nAu d\u00e9but de 1830, \u00ab <em>L&rsquo;oeuvre penchait vers sa ruine, notent les Annales, faute d&rsquo;instruction et de moyens d&rsquo;existence <\/em>\u00bb. Gabriel Deshayes, r\u00e9sidait \u00e0 Saint Laurent sur S\u00e8vre depuis 1821. Il demanda un Sup\u00e9rieur pour Saint-Gildas \u00e0 l&rsquo;\u00e9v\u00eaque de Nantes, Monseigneur de Gu\u00e9rines. Celui-ci nomma <a title=\"Monsieur Angebault\" href=\"http:\/\/soeurs-de-stgildas-nantes.cef.fr\/?page_id=92#angebault\">Monsieur Angebault.<\/a><a href=\"http:\/\/soeurs-de-stgildas-nantes.cef.fr\/wp-content\/uploads\/2011\/01\/tente3s.flv\">tente3s<\/a><\/p>\n","protected":false},"excerpt":{"rendered":"<p>L&rsquo;histoire des Soeurs de St Gildas L&rsquo;histoire de la Congr\u00e9gation commence dans le Morbihan, \u00e0 Beignon, commune d&rsquo;origine des fondateurs Gabriel Deshayes et Michelle Guillaume. La R\u00e9volution fran\u00e7aise avait laiss\u00e9 cette paroisse rurale comme beaucoup d&rsquo;autres, dans un \u00e9tat de grande pauvret\u00e9 humaine et spirituelle. Gabriel Deshayes, pr\u00eatre, \u00e9tait pr\u00e9occup\u00e9 par cette situation. Avec Michelle [&hellip;]<\/p>\n","protected":false},"author":6,"featured_media":0,"parent":128,"menu_order":1,"comment_status":"closed","ping_status":"closed","template":"","meta":{"ngg_post_thumbnail":0,"footnotes":""},"class_list":["post-95","page","type-page","status-publish","hentry"],"_links":{"self":[{"href":"https:\/\/soeurs-de-stgildas-nantes.cef.fr\/index.php?rest_route=\/wp\/v2\/pages\/95","targetHints":{"allow":["GET"]}}],"collection":[{"href":"https:\/\/soeurs-de-stgildas-nantes.cef.fr\/index.php?rest_route=\/wp\/v2\/pages"}],"about":[{"href":"https:\/\/soeurs-de-stgildas-nantes.cef.fr\/index.php?rest_route=\/wp\/v2\/types\/page"}],"author":[{"embeddable":true,"href":"https:\/\/soeurs-de-stgildas-nantes.cef.fr\/index.php?rest_route=\/wp\/v2\/users\/6"}],"replies":[{"embeddable":true,"href":"https:\/\/soeurs-de-stgildas-nantes.cef.fr\/index.php?rest_route=%2Fwp%2Fv2%2Fcomments&post=95"}],"version-history":[{"count":24,"href":"https:\/\/soeurs-de-stgildas-nantes.cef.fr\/index.php?rest_route=\/wp\/v2\/pages\/95\/revisions"}],"predecessor-version":[{"id":3093,"href":"https:\/\/soeurs-de-stgildas-nantes.cef.fr\/index.php?rest_route=\/wp\/v2\/pages\/95\/revisions\/3093"}],"up":[{"embeddable":true,"href":"https:\/\/soeurs-de-stgildas-nantes.cef.fr\/index.php?rest_route=\/wp\/v2\/pages\/128"}],"wp:attachment":[{"href":"https:\/\/soeurs-de-stgildas-nantes.cef.fr\/index.php?rest_route=%2Fwp%2Fv2%2Fmedia&parent=95"}],"curies":[{"name":"wp","href":"https:\/\/api.w.org\/{rel}","templated":true}]}}