{"id":923,"date":"2011-02-21T10:28:25","date_gmt":"2011-02-21T10:28:25","guid":{"rendered":"http:\/\/soeurs-de-stgildas-nantes.cef.fr\/?page_id=923"},"modified":"2019-08-19T09:37:41","modified_gmt":"2019-08-19T09:37:41","slug":"la-maison-mere","status":"publish","type":"page","link":"https:\/\/soeurs-de-stgildas-nantes.cef.fr\/?page_id=923","title":{"rendered":"La Maison-M\u00e8re"},"content":{"rendered":"<h2><a href=\"http:\/\/soeurs-de-stgildas-nantes.cef.fr\/wp-content\/uploads\/2011\/01\/facadeabbaye.jpg\"><img loading=\"lazy\" decoding=\"async\" class=\"alignleft  wp-image-339\" title=\"facadeabbaye\" src=\"http:\/\/soeurs-de-stgildas-nantes.cef.fr\/wp-content\/uploads\/2011\/01\/facadeabbaye.jpg\" alt=\"Fa\u00e7ade Abbaye\" width=\"231\" height=\"143\" \/><\/a>A Saint-Gildas-des-Bois,<\/h2>\n<h2 style=\"text-align: center;\">la Maison M\u00e8re<\/h2>\n<h2 style=\"text-align: center;\">\u00ab\u00a0coeur et foyer de la Congr\u00e9gation\u00a0\u00bb<\/h2>\n<div id=\"attachment_564\" style=\"width: 245px\" class=\"wp-caption alignright\"><a href=\"http:\/\/soeurs-de-stgildas-nantes.cef.fr\/wp-content\/uploads\/2011\/01\/mmabbaye2.jpg\"><img loading=\"lazy\" decoding=\"async\" aria-describedby=\"caption-attachment-564\" class=\"size-full wp-image-564\" title=\"mmabbaye2\" src=\"http:\/\/soeurs-de-stgildas-nantes.cef.fr\/wp-content\/uploads\/2011\/01\/mmabbaye2.jpg\" alt=\"salle \u00e0 manger \u00e0 l'Abbaye\" width=\"235\" height=\"264\" \/><\/a><p id=\"caption-attachment-564\" class=\"wp-caption-text\"><em>salle \u00e0 manger \u00e0 l&rsquo;Abbaye<\/em><\/p><\/div>\n<p><span style=\"color: #ffffff;\">&#8212;<\/span><\/p>\n<p><span style=\"color: #ffffff;\">&#8212;<\/span><\/p>\n<p>160 soeurs vivent sur le site d&rsquo;une ancienne Abbaye b\u00e9n\u00e9dictine.<\/p>\n<ul>\n<li>70 soeurs sont \u00e0 la Maison Michelle Guillaume : un EHPAD avec gestion associative.<\/li>\n<li>40 soeurs, plus a\u00een\u00e9es, \u00e0 l&rsquo;Abbaye.<\/li>\n<li>50 soeurs, plus alertes, plus actives qui participent \u00e0 la vie domestique : service h\u00f4telier, lingerie, et services administratifs.<\/li>\n<\/ul>\n<p>Chaque groupe est r\u00e9parti en petites communaut\u00e9s pour une plus grande proximit\u00e9 de vie et de fraternit\u00e9.<\/p>\n<p>Aux soeurs r\u00e9guli\u00e8rement pr\u00e9sentes \u00e0 la Maison-M\u00e8re, s&rsquo;ajoutent des soeurs qui viennent en vacances, pour un temps de repos, de service ou de ressourcement spirituel car ce lieu est la Maison de Famille.<\/p>\n<p>La pri\u00e8re communautaire et personnelle rythme la vie des soeurs. Des temps de retraite spirituelle y sont organis\u00e9s et le parc favorise largement le recueillement et la pri\u00e8re silencieuse.<\/p>\n<p>La maison fonctionne aussi avec un personnel la\u00efc qui permet la bonne marche de la maison. Le travail assur\u00e9 dans une relation constante et amicale avec les soeurs contribue au respect et \u00e0 la dignit\u00e9 de toutes jusqu&rsquo;au bout de la vie.<\/p>\n<p>Selon leurs services, les employ\u00e9s contribuent \u00e0 cr\u00e9er l&rsquo;ambiance aux jours de f\u00eate.<\/p>\n<div id=\"attachment_1749\" style=\"width: 160px\" class=\"wp-caption aligncenter\"><a href=\"http:\/\/soeurs-de-stgildas-nantes.cef.fr\/wp-content\/uploads\/2011\/02\/Le-parc-\u00e0-St-Gildas-8.jpg\"><img loading=\"lazy\" decoding=\"async\" aria-describedby=\"caption-attachment-1749\" class=\"size-thumbnail wp-image-1749\" title=\"Le parc \u00e0 St-Gildas\" src=\"http:\/\/soeurs-de-stgildas-nantes.cef.fr\/wp-content\/uploads\/2011\/02\/Le-parc-\u00e0-St-Gildas-8-150x150.jpg\" alt=\"\" width=\"150\" height=\"150\" \/><\/a><p id=\"caption-attachment-1749\" class=\"wp-caption-text\">Le parc &#8211; espace de silence<\/p><\/div>\n<p><em><span style=\"font-size: 8pt;\">T\u00e9l\u00e9phone : 02 40 01 42 18<\/span><\/em><\/p>\n","protected":false},"excerpt":{"rendered":"<p>A Saint-Gildas-des-Bois, la Maison M\u00e8re \u00ab\u00a0coeur et foyer de la Congr\u00e9gation\u00a0\u00bb &#8212; &#8212; 160 soeurs vivent sur le site d&rsquo;une ancienne Abbaye b\u00e9n\u00e9dictine. 70 soeurs sont \u00e0 la Maison Michelle Guillaume : un EHPAD avec gestion associative. 40 soeurs, plus a\u00een\u00e9es, \u00e0 l&rsquo;Abbaye. 50 soeurs, plus alertes, plus actives qui participent \u00e0 la vie domestique [&hellip;]<\/p>\n","protected":false},"author":6,"featured_media":0,"parent":921,"menu_order":1,"comment_status":"closed","ping_status":"closed","template":"","meta":{"ngg_post_thumbnail":0,"footnotes":""},"class_list":["post-923","page","type-page","status-publish","hentry"],"_links":{"self":[{"href":"https:\/\/soeurs-de-stgildas-nantes.cef.fr\/index.php?rest_route=\/wp\/v2\/pages\/923","targetHints":{"allow":["GET"]}}],"collection":[{"href":"https:\/\/soeurs-de-stgildas-nantes.cef.fr\/index.php?rest_route=\/wp\/v2\/pages"}],"about":[{"href":"https:\/\/soeurs-de-stgildas-nantes.cef.fr\/index.php?rest_route=\/wp\/v2\/types\/page"}],"author":[{"embeddable":true,"href":"https:\/\/soeurs-de-stgildas-nantes.cef.fr\/index.php?rest_route=\/wp\/v2\/users\/6"}],"replies":[{"embeddable":true,"href":"https:\/\/soeurs-de-stgildas-nantes.cef.fr\/index.php?rest_route=%2Fwp%2Fv2%2Fcomments&post=923"}],"version-history":[{"count":15,"href":"https:\/\/soeurs-de-stgildas-nantes.cef.fr\/index.php?rest_route=\/wp\/v2\/pages\/923\/revisions"}],"predecessor-version":[{"id":12868,"href":"https:\/\/soeurs-de-stgildas-nantes.cef.fr\/index.php?rest_route=\/wp\/v2\/pages\/923\/revisions\/12868"}],"up":[{"embeddable":true,"href":"https:\/\/soeurs-de-stgildas-nantes.cef.fr\/index.php?rest_route=\/wp\/v2\/pages\/921"}],"wp:attachment":[{"href":"https:\/\/soeurs-de-stgildas-nantes.cef.fr\/index.php?rest_route=%2Fwp%2Fv2%2Fmedia&parent=923"}],"curies":[{"name":"wp","href":"https:\/\/api.w.org\/{rel}","templated":true}]}}