{"id":92,"date":"2011-01-18T10:34:56","date_gmt":"2011-01-18T10:34:56","guid":{"rendered":"http:\/\/soeurs-de-stgildas-nantes.cef.fr\/?page_id=92"},"modified":"2011-11-02T10:50:04","modified_gmt":"2011-11-02T10:50:04","slug":"fondateurs","status":"publish","type":"page","link":"https:\/\/soeurs-de-stgildas-nantes.cef.fr\/?page_id=92","title":{"rendered":"Fondateurs"},"content":{"rendered":"<h2><a name=\"deshayes\"><\/a>P\u00e8re Gabriel Deshayes<\/h2>\n<div id=\"attachment_241\" style=\"width: 173px\" class=\"wp-caption alignleft\"><a href=\"http:\/\/soeurs-de-stgildas-nantes.cef.fr\/wp-content\/uploads\/2011\/01\/gdeshayes2.jpg\"><img loading=\"lazy\" decoding=\"async\" aria-describedby=\"caption-attachment-241\" class=\"size-full wp-image-241 \" title=\"gdeshayes\" src=\"http:\/\/soeurs-de-stgildas-nantes.cef.fr\/wp-content\/uploads\/2011\/01\/gdeshayes2.jpg\" alt=\"Gabriel Deshayes\" width=\"163\" height=\"219\" srcset=\"https:\/\/soeurs-de-stgildas-nantes.cef.fr\/wp-content\/uploads\/2011\/01\/gdeshayes2.jpg 451w, https:\/\/soeurs-de-stgildas-nantes.cef.fr\/wp-content\/uploads\/2011\/01\/gdeshayes2-222x300.jpg 222w\" sizes=\"auto, (max-width: 163px) 100vw, 163px\" \/><\/a><p id=\"caption-attachment-241\" class=\"wp-caption-text\">Gabriel Deshayes<\/p><\/div>\n<p>N\u00e9 \u00e0 Beignon en 1767, d\u2019un p\u00e8re \u00e0 la fois cultivateur et boucher, le p\u00e8re Gabriel Deshayes est ordonn\u00e9 pr\u00eatre \u00e0 Jersey, en 1792.<\/p>\n<p>Au lendemain de la r\u00e9volution, cet homme entreprenant, audacieux, plein d&rsquo;humour, est tr\u00e8s soucieux de \u00ab donner aux enfants une instruction qui leur fera ch\u00e9rir la v\u00e9rit\u00e9 \u00bb. C\u2019est ainsi qu\u2019avec Michelle Guillaume, il fonde les S\u0153urs de l&rsquo;Instruction Chr\u00e9tienne, appel\u00e9es plus tard S\u0153urs de Saint Gildas ; il sera aussi cofondateur des Fr\u00e8res de l&rsquo;Instruction Chr\u00e9tienne de Plo\u00ebrmel.<\/p>\n<p>Cur\u00e9 d\u2019Auray, le p\u00e8re Gabriel Deshayes s\u2019inqui\u00e8te de ceux qui sont dans la mis\u00e8re mat\u00e9rielle et spirituelle. Il organise des visites aux prisonniers, cr\u00e9e un centre d\u2019\u00e9ducation pour les enfants sourds \u00e0 la Chartreuse d\u2019Auray ; pour donner du travail aux ch\u00f4meurs, il ouvre une filature et entreprend des travaux d\u2019am\u00e9nagement public. Il a le souci d\u2019\u00e9duquer la foi des adultes en assurant des pr\u00e9dications et des retraites.<\/p>\n<p>En 1820, il est nomm\u00e9 Sup\u00e9rieur G\u00e9n\u00e9ral des Congr\u00e9gations fond\u00e9es par saint Louis Marie Grignion de Montfort. Il v\u00e9cut alors \u00e0 Saint-Laurent-sur-S\u00e8vre en Vend\u00e9e. C\u2019est l\u00e0 qu\u2019il mourut en 1841. Son tombeau y est toujours v\u00e9n\u00e9r\u00e9.<\/p>\n<h2><a name=\"guillaume\"><\/a>Michelle Guillaume<\/h2>\n<p><a href=\"http:\/\/soeurs-de-stgildas-nantes.cef.fr\/wp-content\/uploads\/2011\/01\/histoiremichelleguillaume.jpg\"><img loading=\"lazy\" decoding=\"async\" class=\"alignleft size-full wp-image-303\" title=\"histoiremichelleguillaume\" src=\"http:\/\/soeurs-de-stgildas-nantes.cef.fr\/wp-content\/uploads\/2011\/01\/histoiremichelleguillaume.jpg\" alt=\"Michelle Guillaume\" width=\"200\" height=\"292\" \/><\/a>N\u00e9e \u00e0 Beignon en 1779, dans une famille de cultivateurs, Michelle Guillaume s\u2019engage assez jeune dans le Tiers Ordre carm\u00e9litain. Fortement incit\u00e9e par Gabriel Deshayes, elle ouvre en 1807 une petite \u00e9cole dans son village natal.<\/p>\n<p>Tr\u00e8s vite, une autre jeune fille : Marie-Jeanne Crosnier s&rsquo;adjoint \u00e0 elle. En 1820, elles seront six \u00e0 s&rsquo;engager dans la vie religieuse, pour instruire les enfants pauvres des campagnes.<\/p>\n<p>D\u00e8s 1823, les s\u0153urs seront aussi appel\u00e9es \u00e0 soigner les malades \u00e0 domicile.<\/p>\n<p>Michelle Guillaume mourra en 1826, \u00e2g\u00e9e de 47 ans.<\/p>\n<p>Ses derni\u00e8res paroles demeurent vivantes dans la m\u00e9moire des s\u0153urs : \u00ab\u00a0Soyez toujours unies par la plus tendre charit\u00e9\u00a0\u00bb.<\/p>\n<h2><a name=\"angebault\"><\/a>Mgr Guillaume Angebault<\/h2>\n<p><a href=\"http:\/\/soeurs-de-stgildas-nantes.cef.fr\/wp-content\/uploads\/2011\/01\/angebebault2.jpg\"><img loading=\"lazy\" decoding=\"async\" class=\"alignleft size-full wp-image-314\" title=\"angebebault2\" src=\"http:\/\/soeurs-de-stgildas-nantes.cef.fr\/wp-content\/uploads\/2011\/01\/angebebault2.jpg\" alt=\"Monsieur Angebault\" width=\"148\" height=\"202\" \/><\/a>Mgr Guillaume Angebault est n\u00e9 le 17 Juin 1790 \u00e0 Rennes o\u00f9 son p\u00e8re plaidait au Parlement. A la suppression des Parlements, ses parents vinrent se r\u00e9fugier \u00e0 Nantes. Son p\u00e8re le destinait au barreau ; sa m\u00e8re ne pouvait se faire \u00e0 l\u2019id\u00e9e de le voir pr\u00eatre. Mais Guillaume, brillant \u00e9l\u00e8ve, de sant\u00e9 fragile, \u00e9tait tr\u00e8s d\u00e9termin\u00e9.<\/p>\n<p>Il fut ordonn\u00e9 pr\u00eatre \u00e0 Angers en 1815, et nomm\u00e9 vicaire \u00e0 Saint Donatien de Nantes. Ses nombreuses comp\u00e9tences furent vite reconnues : il fut nomm\u00e9 secr\u00e9taire \u00e0 l\u2019\u00e9v\u00each\u00e9 en 1817, vicaire g\u00e9n\u00e9ral honoraire en 1830 et grand &#8211; vicaire en 1832. Monseigneur De Gu\u00e9rines, \u00e9v\u00eaque de Nantes, le d\u00e9signait comme la \u00ab perle de son dioc\u00e8se \u00bb. En 1833, il lui ajouta la charge de Sup\u00e9rieur des s\u0153urs de Saint-Gildas. Les soeurs s\u2019inqui\u00e9taient de perdre leur fondateur npmm\u00e9 depuis plusieurs ann\u00e9es : Sup\u00e9rieur des Congr\u00e9gations montfortaines.<\/p>\n<p>Le P\u00e8re Deshayes les rassura ainsi : \u00ab Je serai toujours votre P\u00e8re et j\u2019en conserverai toujours les sentiments \u00bb.<\/p>\n","protected":false},"excerpt":{"rendered":"<p>P\u00e8re Gabriel Deshayes N\u00e9 \u00e0 Beignon en 1767, d\u2019un p\u00e8re \u00e0 la fois cultivateur et boucher, le p\u00e8re Gabriel Deshayes est ordonn\u00e9 pr\u00eatre \u00e0 Jersey, en 1792. Au lendemain de la r\u00e9volution, cet homme entreprenant, audacieux, plein d&rsquo;humour, est tr\u00e8s soucieux de \u00ab donner aux enfants une instruction qui leur fera ch\u00e9rir la v\u00e9rit\u00e9 \u00bb. [&hellip;]<\/p>\n","protected":false},"author":6,"featured_media":0,"parent":128,"menu_order":2,"comment_status":"closed","ping_status":"closed","template":"","meta":{"ngg_post_thumbnail":0,"footnotes":""},"class_list":["post-92","page","type-page","status-publish","hentry"],"_links":{"self":[{"href":"https:\/\/soeurs-de-stgildas-nantes.cef.fr\/index.php?rest_route=\/wp\/v2\/pages\/92","targetHints":{"allow":["GET"]}}],"collection":[{"href":"https:\/\/soeurs-de-stgildas-nantes.cef.fr\/index.php?rest_route=\/wp\/v2\/pages"}],"about":[{"href":"https:\/\/soeurs-de-stgildas-nantes.cef.fr\/index.php?rest_route=\/wp\/v2\/types\/page"}],"author":[{"embeddable":true,"href":"https:\/\/soeurs-de-stgildas-nantes.cef.fr\/index.php?rest_route=\/wp\/v2\/users\/6"}],"replies":[{"embeddable":true,"href":"https:\/\/soeurs-de-stgildas-nantes.cef.fr\/index.php?rest_route=%2Fwp%2Fv2%2Fcomments&post=92"}],"version-history":[{"count":44,"href":"https:\/\/soeurs-de-stgildas-nantes.cef.fr\/index.php?rest_route=\/wp\/v2\/pages\/92\/revisions"}],"predecessor-version":[{"id":3094,"href":"https:\/\/soeurs-de-stgildas-nantes.cef.fr\/index.php?rest_route=\/wp\/v2\/pages\/92\/revisions\/3094"}],"up":[{"embeddable":true,"href":"https:\/\/soeurs-de-stgildas-nantes.cef.fr\/index.php?rest_route=\/wp\/v2\/pages\/128"}],"wp:attachment":[{"href":"https:\/\/soeurs-de-stgildas-nantes.cef.fr\/index.php?rest_route=%2Fwp%2Fv2%2Fmedia&parent=92"}],"curies":[{"name":"wp","href":"https:\/\/api.w.org\/{rel}","templated":true}]}}