{"id":8931,"date":"2015-09-09T10:16:27","date_gmt":"2015-09-09T10:16:27","guid":{"rendered":"http:\/\/soeurs-de-stgildas-nantes.cef.fr\/?page_id=8931"},"modified":"2015-09-10T09:36:24","modified_gmt":"2015-09-10T09:36:24","slug":"8-septembre-2015","status":"publish","type":"page","link":"https:\/\/soeurs-de-stgildas-nantes.cef.fr\/?page_id=8931","title":{"rendered":"8 septembre 2015"},"content":{"rendered":"<p style=\"text-align: center;\"><span style=\"color: #ff6600;\"><span style=\"font-size: medium;\"><strong>C&rsquo;est f\u00eate \u00e0 la Maison-M\u00e8re<\/strong><\/span><\/span><\/p>\n<table style=\"width: 100%;\" border=\"0\">\n<tbody>\n<tr>\n<td style=\"width: 65%;\"><span style=\"font-size: small;\">En ce jour de <strong>notre f\u00eate patronale<\/strong>,<br \/>\nnous te pr\u00e9sentons, Seigneur, toutes les s\u0153urs de la congr\u00e9gation\u00a0:<br \/>\ncelles d\u2019Europe \u2013 France, Angleterre, Irlande<br \/>\net celles d\u2019Afrique \u2013 Burkina et Ghana,<br \/>\nsp\u00e9cialement celles qui sont\u00a0 r\u00e9unies \u00e0 R\u00e9o, autour de Judith qui s\u2019engage d\u00e9finitivement dans la congr\u00e9gation\u00a0:<\/span><\/p>\n<p style=\"text-align: center;\"><span style=\"font-size: small;\">belle occasion, \u00a0pour nous,\u00a0 de renouveler notre <strong>\u00ab\u00a0esprit de famille<\/strong> \u00bb.<\/span><\/p>\n<p style=\"text-align: center;\"><span style=\"font-size: small;\"><br \/>\n<\/span><\/p>\n<p style=\"text-align: center;\"><em><strong><span style=\"font-size: small;\">Que Marie, dont nous c\u00e9l\u00e9brons la naissance, et par qui nous est venu J\u00e9sus, Christ et Sauveur, <\/span><span style=\"font-size: small;\">accompagne notre marche pour servir le projet d\u2019amour du P\u00e8re sur l\u2019humanit\u00e9.<\/span><\/strong><\/em><\/p>\n<\/td>\n<td style=\"width: 35%;\"><a href=\"http:\/\/soeurs-de-stgildas-nantes.cef.fr\/wp-content\/uploads\/2015\/09\/tournesols-1.jpg\"><img loading=\"lazy\" decoding=\"async\" class=\"alignleft size-medium wp-image-8932\" title=\"tournesols 1\" src=\"http:\/\/soeurs-de-stgildas-nantes.cef.fr\/wp-content\/uploads\/2015\/09\/tournesols-1-225x300.jpg\" alt=\"\" width=\"225\" height=\"300\" srcset=\"https:\/\/soeurs-de-stgildas-nantes.cef.fr\/wp-content\/uploads\/2015\/09\/tournesols-1-225x300.jpg 225w, https:\/\/soeurs-de-stgildas-nantes.cef.fr\/wp-content\/uploads\/2015\/09\/tournesols-1-768x1024.jpg 768w, https:\/\/soeurs-de-stgildas-nantes.cef.fr\/wp-content\/uploads\/2015\/09\/tournesols-1.jpg 1152w\" sizes=\"auto, (max-width: 225px) 100vw, 225px\" \/><\/a><\/td>\n<\/tr>\n<\/tbody>\n<\/table>\n<p style=\"text-align: center;\"><strong>nous avons aussi la joie d\u2019accueillir 5 s\u0153urs\u00a0:<\/strong><\/p>\n<p><strong> <\/strong><\/p>\n<p style=\"text-align: center;\"><strong><a href=\"http:\/\/soeurs-de-stgildas-nantes.cef.fr\/wp-content\/uploads\/2015\/09\/Accueil-soeurs.jpg\"><img loading=\"lazy\" decoding=\"async\" class=\"aligncenter size-medium wp-image-8942\" title=\"Accueil soeurs\" src=\"http:\/\/soeurs-de-stgildas-nantes.cef.fr\/wp-content\/uploads\/2015\/09\/Accueil-soeurs-300x239.jpg\" alt=\"\" width=\"336\" height=\"267\" \/><\/a><\/strong><strong><strong> <\/strong><\/strong><\/p>\n<p style=\"text-align: center;\"><strong><strong>Colette, An<\/strong>dr\u00e9e, Jean<\/strong><strong>ne, Agn\u00e8s et\u00a0 Anne-Marie<\/strong><\/p>\n<p style=\"text-align: center;\"><strong><a href=\"http:\/\/soeurs-de-stgildas-nantes.cef.fr\/wp-content\/uploads\/2015\/09\/p\u00e9lerinage1.jpg\"><img loading=\"lazy\" decoding=\"async\" class=\"aligncenter size-medium wp-image-8949\" title=\"p\u00e9lerinage\" src=\"http:\/\/soeurs-de-stgildas-nantes.cef.fr\/wp-content\/uploads\/2015\/09\/p\u00e9lerinage1-300x225.jpg\" alt=\"\" width=\"300\" height=\"225\" srcset=\"https:\/\/soeurs-de-stgildas-nantes.cef.fr\/wp-content\/uploads\/2015\/09\/p\u00e9lerinage1-300x225.jpg 300w, https:\/\/soeurs-de-stgildas-nantes.cef.fr\/wp-content\/uploads\/2015\/09\/p\u00e9lerinage1.jpg 922w\" sizes=\"auto, (max-width: 300px) 100vw, 300px\" \/><\/a><br \/>\n<\/strong><\/p>\n<p style=\"text-align: center;\">L&rsquo;apr\u00e8s-midi, nous \u00ab\u00a0p\u00e9lerinons\u00a0\u00bb dans le parc,<\/p>\n<p style=\"text-align: center;\">en suivant le circuit \u00ab\u00a0chemin du bois\u00a0\u00bb<\/p>\n<p style=\"text-align: center;\">cr\u00e9\u00e9 \u00e0 l&rsquo;initiative des soeurs de l&rsquo;Espace Notre-Dame.<\/p>\n<p style=\"text-align: center;\"><strong><em>beau moment d&rsquo;\u00e9changes, de souvenirs, de fraternit\u00e9 !<\/em><br \/>\n<\/strong><\/p>\n<p style=\"text-align: center;\"><strong><br \/>\n<\/strong><\/p>\n<div style=\"text-align:center;\">\n<div style=\"margin:8px 0px 4px;\"><a href=\"http:\/\/www.calameo.com\/books\/002529238b174666e5db3\" target=\"_blank\">F\u00eate Du 8 Septembre 2015<\/a><\/div>\n<p><iframe loading=\"lazy\" src=\"\/\/v.calameo.com\/?bkcode=002529238b174666e5db3&#038;mode=mini\" width=\"400\" height=\"250\" frameborder=\"0\" scrolling=\"no\" allowtransparency allowfullscreen style=\"margin:0 auto;\"><\/iframe><\/p>\n<div style=\"margin:4px 0px 8px;\"><a href=\"http:\/\/www.calameo.com\/\" target=\"_blank\"><\/a><\/div>\n<\/div>\n","protected":false},"excerpt":{"rendered":"<p>C&rsquo;est f\u00eate \u00e0 la Maison-M\u00e8re En ce jour de notre f\u00eate patronale, nous te pr\u00e9sentons, Seigneur, toutes les s\u0153urs de la congr\u00e9gation\u00a0: celles d\u2019Europe \u2013 France, Angleterre, Irlande et celles d\u2019Afrique \u2013 Burkina et Ghana, sp\u00e9cialement celles qui sont\u00a0 r\u00e9unies \u00e0 R\u00e9o, autour de Judith qui s\u2019engage d\u00e9finitivement dans la congr\u00e9gation\u00a0: belle occasion, \u00a0pour nous,\u00a0 [&hellip;]<\/p>\n","protected":false},"author":3,"featured_media":0,"parent":132,"menu_order":0,"comment_status":"closed","ping_status":"closed","template":"","meta":{"ngg_post_thumbnail":0,"footnotes":""},"class_list":["post-8931","page","type-page","status-publish","hentry"],"_links":{"self":[{"href":"https:\/\/soeurs-de-stgildas-nantes.cef.fr\/index.php?rest_route=\/wp\/v2\/pages\/8931","targetHints":{"allow":["GET"]}}],"collection":[{"href":"https:\/\/soeurs-de-stgildas-nantes.cef.fr\/index.php?rest_route=\/wp\/v2\/pages"}],"about":[{"href":"https:\/\/soeurs-de-stgildas-nantes.cef.fr\/index.php?rest_route=\/wp\/v2\/types\/page"}],"author":[{"embeddable":true,"href":"https:\/\/soeurs-de-stgildas-nantes.cef.fr\/index.php?rest_route=\/wp\/v2\/users\/3"}],"replies":[{"embeddable":true,"href":"https:\/\/soeurs-de-stgildas-nantes.cef.fr\/index.php?rest_route=%2Fwp%2Fv2%2Fcomments&post=8931"}],"version-history":[{"count":19,"href":"https:\/\/soeurs-de-stgildas-nantes.cef.fr\/index.php?rest_route=\/wp\/v2\/pages\/8931\/revisions"}],"predecessor-version":[{"id":8958,"href":"https:\/\/soeurs-de-stgildas-nantes.cef.fr\/index.php?rest_route=\/wp\/v2\/pages\/8931\/revisions\/8958"}],"up":[{"embeddable":true,"href":"https:\/\/soeurs-de-stgildas-nantes.cef.fr\/index.php?rest_route=\/wp\/v2\/pages\/132"}],"wp:attachment":[{"href":"https:\/\/soeurs-de-stgildas-nantes.cef.fr\/index.php?rest_route=%2Fwp%2Fv2%2Fmedia&parent=8931"}],"curies":[{"name":"wp","href":"https:\/\/api.w.org\/{rel}","templated":true}]}}