{"id":782,"date":"2011-02-04T15:58:46","date_gmt":"2011-02-04T15:58:46","guid":{"rendered":"http:\/\/soeurs-de-stgildas-nantes.cef.fr\/?page_id=782"},"modified":"2011-02-04T16:11:36","modified_gmt":"2011-02-04T16:11:36","slug":"orizabita","status":"publish","type":"page","link":"https:\/\/soeurs-de-stgildas-nantes.cef.fr\/?page_id=782","title":{"rendered":"Orizabita"},"content":{"rendered":"<h2>Arriver \u00e0 Orizabita<\/h2>\n<p><a href=\"http:\/\/soeurs-de-stgildas-nantes.cef.fr\/wp-content\/uploads\/2011\/02\/mexoriza5.jpg\"><img loading=\"lazy\" decoding=\"async\" class=\"alignleft size-thumbnail wp-image-785\" title=\"mexoriza5\" src=\"http:\/\/soeurs-de-stgildas-nantes.cef.fr\/wp-content\/uploads\/2011\/02\/mexoriza5-150x150.jpg\" alt=\"\" width=\"150\" height=\"150\" \/><\/a>Nous passons du sud du pays \u00e0 cette r\u00e9gion centre du Mexique dans l&rsquo;\u00e9tat d&rsquo;Hidalgo. Cet \u00e9tat compte 2 345 514 habitants et se compose de trois r\u00e9gions diff\u00e9rentes. Au Nord, une plaine, la Huasteca; au centre la sierra, r\u00e9gion montagneuse; au sud, l&rsquo;altiplano, r\u00e9gion d&rsquo;agriculture, d&rsquo;\u00e9levage, de tourisme.<br \/>\nLa partie o\u00f9 nous vivons, c&rsquo;est la sierra, o\u00f9 les villages comme l&rsquo;habitat sont dispers\u00e9s. Le panorama est magnifique sous le soleil. La pauvret\u00e9 de cette zone s\u00e8che a entra\u00een\u00e9 un grand flux migratoire vers les Etats-Unis, jusqu&rsquo;\u00e0 80% dans certains villages.<br \/>\n<em>Arriv\u00e9es le 19 Octobre, nous travaillons dans le dioc\u00e8se de Tula. La paroisse compte 2 pr\u00eatres pour 34 villages. Dans les priorit\u00e9s pastorales, une attention particuli\u00e8re est donn\u00e9e aux migrants.<\/em><\/p>\n<table style=\"width: 100%;\" border=\"0\">\n<tbody>\n<tr>\n<td style=\"width: 33%;\">\n<p><div id=\"attachment_787\" style=\"width: 160px\" class=\"wp-caption alignleft\"><a href=\"http:\/\/soeurs-de-stgildas-nantes.cef.fr\/wp-content\/uploads\/2011\/02\/mexoriza2.jpg\"><img loading=\"lazy\" decoding=\"async\" aria-describedby=\"caption-attachment-787\" class=\"size-thumbnail wp-image-787\" title=\"mexoriza2\" src=\"http:\/\/soeurs-de-stgildas-nantes.cef.fr\/wp-content\/uploads\/2011\/02\/mexoriza2-150x150.jpg\" alt=\"\" width=\"150\" height=\"150\" \/><\/a><p id=\"caption-attachment-787\" class=\"wp-caption-text\">avril 2008 - Dans la paroisse on se pr\u00e9pare \u00e0 l&#39;arriv\u00e9e des soeurs<\/p><\/div><\/td>\n<td style=\"width: 33%;\">\n<p><div id=\"attachment_788\" style=\"width: 160px\" class=\"wp-caption alignleft\"><a href=\"http:\/\/soeurs-de-stgildas-nantes.cef.fr\/wp-content\/uploads\/2011\/02\/mexoriza3.jpg\"><img loading=\"lazy\" decoding=\"async\" aria-describedby=\"caption-attachment-788\" class=\"size-thumbnail wp-image-788\" title=\"mexoriza3\" src=\"http:\/\/soeurs-de-stgildas-nantes.cef.fr\/wp-content\/uploads\/2011\/02\/mexoriza3-150x150.jpg\" alt=\"\" width=\"150\" height=\"150\" \/><\/a><p id=\"caption-attachment-788\" class=\"wp-caption-text\">S\u0153urs  Yvonne, Jacqueline, Marie-Th\u00e9r\u00e8se, Louisette, Nicole.  le jour de l&#39;arriv\u00e9e, au verre de l&#39;amiti\u00e9<\/p><\/div><\/td>\n<td style=\"width: 33%;\">\n<p><div id=\"attachment_789\" style=\"width: 160px\" class=\"wp-caption alignleft\"><a href=\"http:\/\/soeurs-de-stgildas-nantes.cef.fr\/wp-content\/uploads\/2011\/02\/mexoriza4.jpg\"><img loading=\"lazy\" decoding=\"async\" aria-describedby=\"caption-attachment-789\" class=\"size-thumbnail wp-image-789\" title=\"mexoriza4\" src=\"http:\/\/soeurs-de-stgildas-nantes.cef.fr\/wp-content\/uploads\/2011\/02\/mexoriza4-150x150.jpg\" alt=\"\" width=\"150\" height=\"150\" \/><\/a><p id=\"caption-attachment-789\" class=\"wp-caption-text\">les soeurs sont accueillies dans leur maison<\/p><\/div><\/td>\n<\/tr>\n<\/tbody>\n<\/table>\n<p style=\"text-align: center;\"><em>Actuellement, nous sommes d\u00e9racin\u00e9es. Il nous faut trouver d&rsquo;autres marques, faire connaissance avec les coutumes d&rsquo;ici. Le courage et la foi de cette population nous donnent joie et s\u00e9r\u00e9nit\u00e9.<\/em><\/p>\n<table style=\"width: 100%;\" border=\"0\">\n<tbody>\n<tr>\n<td style=\"width: 33%;\"><a href=\"http:\/\/soeurs-de-stgildas-nantes.cef.fr\/wp-content\/uploads\/2011\/02\/mexoriza7.jpg\"><img loading=\"lazy\" decoding=\"async\" class=\"alignleft size-thumbnail wp-image-790\" title=\"mexoriza7\" src=\"http:\/\/soeurs-de-stgildas-nantes.cef.fr\/wp-content\/uploads\/2011\/02\/mexoriza7-150x150.jpg\" alt=\"\" width=\"150\" height=\"150\" \/><\/a><\/td>\n<td style=\"width: 33%;\">\n<p><div id=\"attachment_791\" style=\"width: 160px\" class=\"wp-caption alignleft\"><a href=\"http:\/\/soeurs-de-stgildas-nantes.cef.fr\/wp-content\/uploads\/2011\/02\/mexoriza9.jpg\"><img loading=\"lazy\" decoding=\"async\" aria-describedby=\"caption-attachment-791\" class=\"size-thumbnail wp-image-791\" title=\"mexoriza9\" src=\"http:\/\/soeurs-de-stgildas-nantes.cef.fr\/wp-content\/uploads\/2011\/02\/mexoriza9-150x150.jpg\" alt=\"\" width=\"150\" height=\"150\" \/><\/a><p id=\"caption-attachment-791\" class=\"wp-caption-text\">le jour du p\u00e9lerinage<\/p><\/div><\/td>\n<td style=\"width: 33%;\"><a href=\"http:\/\/soeurs-de-stgildas-nantes.cef.fr\/wp-content\/uploads\/2011\/02\/mexoriza8.jpg\"><img loading=\"lazy\" decoding=\"async\" class=\"alignleft size-thumbnail wp-image-792\" title=\"mexoriza8\" src=\"http:\/\/soeurs-de-stgildas-nantes.cef.fr\/wp-content\/uploads\/2011\/02\/mexoriza8-147x150.jpg\" alt=\"\" width=\"147\" height=\"150\" \/><\/a><\/td>\n<\/tr>\n<\/tbody>\n<\/table>\n","protected":false},"excerpt":{"rendered":"<p>Arriver \u00e0 Orizabita Nous passons du sud du pays \u00e0 cette r\u00e9gion centre du Mexique dans l&rsquo;\u00e9tat d&rsquo;Hidalgo. Cet \u00e9tat compte 2 345 514 habitants et se compose de trois r\u00e9gions diff\u00e9rentes. Au Nord, une plaine, la Huasteca; au centre la sierra, r\u00e9gion montagneuse; au sud, l&rsquo;altiplano, r\u00e9gion d&rsquo;agriculture, d&rsquo;\u00e9levage, de tourisme. La partie o\u00f9 [&hellip;]<\/p>\n","protected":false},"author":6,"featured_media":0,"parent":769,"menu_order":1,"comment_status":"closed","ping_status":"closed","template":"","meta":{"ngg_post_thumbnail":0,"footnotes":""},"class_list":["post-782","page","type-page","status-publish","hentry"],"_links":{"self":[{"href":"https:\/\/soeurs-de-stgildas-nantes.cef.fr\/index.php?rest_route=\/wp\/v2\/pages\/782","targetHints":{"allow":["GET"]}}],"collection":[{"href":"https:\/\/soeurs-de-stgildas-nantes.cef.fr\/index.php?rest_route=\/wp\/v2\/pages"}],"about":[{"href":"https:\/\/soeurs-de-stgildas-nantes.cef.fr\/index.php?rest_route=\/wp\/v2\/types\/page"}],"author":[{"embeddable":true,"href":"https:\/\/soeurs-de-stgildas-nantes.cef.fr\/index.php?rest_route=\/wp\/v2\/users\/6"}],"replies":[{"embeddable":true,"href":"https:\/\/soeurs-de-stgildas-nantes.cef.fr\/index.php?rest_route=%2Fwp%2Fv2%2Fcomments&post=782"}],"version-history":[{"count":6,"href":"https:\/\/soeurs-de-stgildas-nantes.cef.fr\/index.php?rest_route=\/wp\/v2\/pages\/782\/revisions"}],"predecessor-version":[{"id":786,"href":"https:\/\/soeurs-de-stgildas-nantes.cef.fr\/index.php?rest_route=\/wp\/v2\/pages\/782\/revisions\/786"}],"up":[{"embeddable":true,"href":"https:\/\/soeurs-de-stgildas-nantes.cef.fr\/index.php?rest_route=\/wp\/v2\/pages\/769"}],"wp:attachment":[{"href":"https:\/\/soeurs-de-stgildas-nantes.cef.fr\/index.php?rest_route=%2Fwp%2Fv2%2Fmedia&parent=782"}],"curies":[{"name":"wp","href":"https:\/\/api.w.org\/{rel}","templated":true}]}}