{"id":769,"date":"2011-02-04T15:36:25","date_gmt":"2011-02-04T15:36:25","guid":{"rendered":"http:\/\/soeurs-de-stgildas-nantes.cef.fr\/?page_id=769"},"modified":"2015-01-21T10:38:37","modified_gmt":"2015-01-21T10:38:37","slug":"mexique","status":"publish","type":"page","link":"https:\/\/soeurs-de-stgildas-nantes.cef.fr\/?page_id=769","title":{"rendered":"Au Mexique"},"content":{"rendered":"<p>Les soeurs sont pr\u00e9sentes au mexique depuis 1990. 4 soeurs sont parties fonder une premi\u00e8re communaut\u00e9 \u00e0 Quiegolani dans la montagne parmi la population indig\u00e8ne. Quelques ann\u00e9es plus tard, une seconde communaut\u00e9 s&rsquo;installera dans l&rsquo;isthme de Tehuantepec plus au sud du pays.<\/p>\n<p>En 2001, une troisi\u00e8me communaut\u00e9 s&rsquo;implante \u00e0 Iztapalapa dans la banlieue de Mexico. En 2008, tandis que nous fermons les deux premi\u00e8res communaut\u00e9s, une autre voit le jour \u00e0 <a title=\"Orizabita\" href=\"http:\/\/soeurs-de-stgildas-nantes.cef.fr\/?page_id=782\">Orizabita<\/a>.<\/p>\n","protected":false},"excerpt":{"rendered":"<p>Les soeurs sont pr\u00e9sentes au mexique depuis 1990. 4 soeurs sont parties fonder une premi\u00e8re communaut\u00e9 \u00e0 Quiegolani dans la montagne parmi la population indig\u00e8ne. Quelques ann\u00e9es plus tard, une seconde communaut\u00e9 s&rsquo;installera dans l&rsquo;isthme de Tehuantepec plus au sud du pays. En 2001, une troisi\u00e8me communaut\u00e9 s&rsquo;implante \u00e0 Iztapalapa dans la banlieue de Mexico. [&hellip;]<\/p>\n","protected":false},"author":6,"featured_media":0,"parent":29,"menu_order":4,"comment_status":"closed","ping_status":"closed","template":"","meta":{"ngg_post_thumbnail":0,"footnotes":""},"class_list":["post-769","page","type-page","status-publish","hentry"],"_links":{"self":[{"href":"https:\/\/soeurs-de-stgildas-nantes.cef.fr\/index.php?rest_route=\/wp\/v2\/pages\/769","targetHints":{"allow":["GET"]}}],"collection":[{"href":"https:\/\/soeurs-de-stgildas-nantes.cef.fr\/index.php?rest_route=\/wp\/v2\/pages"}],"about":[{"href":"https:\/\/soeurs-de-stgildas-nantes.cef.fr\/index.php?rest_route=\/wp\/v2\/types\/page"}],"author":[{"embeddable":true,"href":"https:\/\/soeurs-de-stgildas-nantes.cef.fr\/index.php?rest_route=\/wp\/v2\/users\/6"}],"replies":[{"embeddable":true,"href":"https:\/\/soeurs-de-stgildas-nantes.cef.fr\/index.php?rest_route=%2Fwp%2Fv2%2Fcomments&post=769"}],"version-history":[{"count":12,"href":"https:\/\/soeurs-de-stgildas-nantes.cef.fr\/index.php?rest_route=\/wp\/v2\/pages\/769\/revisions"}],"predecessor-version":[{"id":947,"href":"https:\/\/soeurs-de-stgildas-nantes.cef.fr\/index.php?rest_route=\/wp\/v2\/pages\/769\/revisions\/947"}],"up":[{"embeddable":true,"href":"https:\/\/soeurs-de-stgildas-nantes.cef.fr\/index.php?rest_route=\/wp\/v2\/pages\/29"}],"wp:attachment":[{"href":"https:\/\/soeurs-de-stgildas-nantes.cef.fr\/index.php?rest_route=%2Fwp%2Fv2%2Fmedia&parent=769"}],"curies":[{"name":"wp","href":"https:\/\/api.w.org\/{rel}","templated":true}]}}