{"id":7321,"date":"2014-05-16T13:32:57","date_gmt":"2014-05-16T13:32:57","guid":{"rendered":"http:\/\/soeurs-de-stgildas-nantes.cef.fr\/?page_id=7321"},"modified":"2014-05-25T12:54:01","modified_gmt":"2014-05-25T12:54:01","slug":"jubiles-platine-et-diamant-2014","status":"publish","type":"page","link":"https:\/\/soeurs-de-stgildas-nantes.cef.fr\/?page_id=7321","title":{"rendered":"Jubil\u00e9s Platine et diamant 2014"},"content":{"rendered":"<p><strong>Le dimanche 11 mai 2014, \u00e0 la Maison-M\u00e8re<\/strong><\/p>\n<p><strong>33 Soeurs<\/strong> ont c\u00e9l\u00e9br\u00e9 leur jubil\u00e9 :<\/p>\n<p>9 de platine et 24 de diamant !<\/p>\n<p><span style=\"font-size: small; color: #ff0000;\"><em><strong>\u00ab\u00a0Au-del\u00e0 de toutes fronti\u00e8res, l&rsquo;Evangile a crois\u00e9 nos chemins\u00a0\u00bb.<\/strong><\/em><\/span><\/p>\n<p><span style=\"font-size: small; color: #ff0000;\"><span style=\"color: #000000;\"><em>(Quelques aspects de la c\u00e9l\u00e9bration eucharistique et de la f\u00eate qui a suivi.)<\/em><\/span><br \/>\n<\/span><\/p>\n<!-- default-view.php -->\n<div\n\tclass=\"ngg-galleryoverview default-view \n\t ngg-ajax-pagination-none\t\"\n\tid=\"ngg-gallery-a6b94add125f8477443c5686d432f122-1\">\n\n\t\t<!-- Thumbnails -->\n\t\t\t\t<div id=\"ngg-image-0\" class=\"ngg-gallery-thumbnail-box \n\t\t\t\t\t\t\t\t\t\t\t\" \n\t\t\t>\n\t\t\t\t\t\t<div class=\"ngg-gallery-thumbnail\">\n\t\t\t<a href=\"https:\/\/soeurs-de-stgildas-nantes.cef.fr\/wp-content\/gallery\/jubile-11-mai-2014\/jubile-17.jpg\"\n\t\t\t\ttitle=\"\"\n\t\t\t\tdata-src=\"https:\/\/soeurs-de-stgildas-nantes.cef.fr\/wp-content\/gallery\/jubile-11-mai-2014\/jubile-17.jpg\"\n\t\t\t\tdata-thumbnail=\"https:\/\/soeurs-de-stgildas-nantes.cef.fr\/wp-content\/gallery\/jubile-11-mai-2014\/thumbs\/thumbs_jubile-17.jpg\"\n\t\t\t\tdata-image-id=\"503\"\n\t\t\t\tdata-title=\"jubile-17\"\n\t\t\t\tdata-description=\"\"\n\t\t\t\tdata-image-slug=\"jubile-17\"\n\t\t\t\tclass=\"shutterset_a6b94add125f8477443c5686d432f122\">\n\t\t\t\t<img\n\t\t\t\t\ttitle=\"jubile-17\"\n\t\t\t\t\talt=\"jubile-17\"\n\t\t\t\t\tsrc=\"https:\/\/soeurs-de-stgildas-nantes.cef.fr\/wp-content\/gallery\/jubile-11-mai-2014\/thumbs\/thumbs_jubile-17.jpg\"\n\t\t\t\t\twidth=\"60\"\n\t\t\t\t\theight=\"40\"\n\t\t\t\t\tstyle=\"max-width:100%;\"\n\t\t\t\t\/>\n\t\t\t<\/a>\n\t\t<\/div>\n\t\t\t\t\t\t\t<\/div> \n\t\t\t\n\t\t\t\t<div id=\"ngg-image-1\" class=\"ngg-gallery-thumbnail-box \n\t\t\t\t\t\t\t\t\t\t\t\" \n\t\t\t>\n\t\t\t\t\t\t<div class=\"ngg-gallery-thumbnail\">\n\t\t\t<a href=\"https:\/\/soeurs-de-stgildas-nantes.cef.fr\/wp-content\/gallery\/jubile-11-mai-2014\/jubile-01.jpg\"\n\t\t\t\ttitle=\"\"\n\t\t\t\tdata-src=\"https:\/\/soeurs-de-stgildas-nantes.cef.fr\/wp-content\/gallery\/jubile-11-mai-2014\/jubile-01.jpg\"\n\t\t\t\tdata-thumbnail=\"https:\/\/soeurs-de-stgildas-nantes.cef.fr\/wp-content\/gallery\/jubile-11-mai-2014\/thumbs\/thumbs_jubile-01.jpg\"\n\t\t\t\tdata-image-id=\"486\"\n\t\t\t\tdata-title=\"jubile-01\"\n\t\t\t\tdata-description=\"\"\n\t\t\t\tdata-image-slug=\"jubile-01\"\n\t\t\t\tclass=\"shutterset_a6b94add125f8477443c5686d432f122\">\n\t\t\t\t<img\n\t\t\t\t\ttitle=\"jubile-01\"\n\t\t\t\t\talt=\"jubile-01\"\n\t\t\t\t\tsrc=\"https:\/\/soeurs-de-stgildas-nantes.cef.fr\/wp-content\/gallery\/jubile-11-mai-2014\/thumbs\/thumbs_jubile-01.jpg\"\n\t\t\t\t\twidth=\"60\"\n\t\t\t\t\theight=\"40\"\n\t\t\t\t\tstyle=\"max-width:100%;\"\n\t\t\t\t\/>\n\t\t\t<\/a>\n\t\t<\/div>\n\t\t\t\t\t\t\t<\/div> \n\t\t\t\n\t\t\t\t<div id=\"ngg-image-2\" class=\"ngg-gallery-thumbnail-box \n\t\t\t\t\t\t\t\t\t\t\t\" \n\t\t\t>\n\t\t\t\t\t\t<div class=\"ngg-gallery-thumbnail\">\n\t\t\t<a href=\"https:\/\/soeurs-de-stgildas-nantes.cef.fr\/wp-content\/gallery\/jubile-11-mai-2014\/jubile-02.jpg\"\n\t\t\t\ttitle=\"\"\n\t\t\t\tdata-src=\"https:\/\/soeurs-de-stgildas-nantes.cef.fr\/wp-content\/gallery\/jubile-11-mai-2014\/jubile-02.jpg\"\n\t\t\t\tdata-thumbnail=\"https:\/\/soeurs-de-stgildas-nantes.cef.fr\/wp-content\/gallery\/jubile-11-mai-2014\/thumbs\/thumbs_jubile-02.jpg\"\n\t\t\t\tdata-image-id=\"487\"\n\t\t\t\tdata-title=\"jubile-02\"\n\t\t\t\tdata-description=\"\"\n\t\t\t\tdata-image-slug=\"jubile-02\"\n\t\t\t\tclass=\"shutterset_a6b94add125f8477443c5686d432f122\">\n\t\t\t\t<img\n\t\t\t\t\ttitle=\"jubile-02\"\n\t\t\t\t\talt=\"jubile-02\"\n\t\t\t\t\tsrc=\"https:\/\/soeurs-de-stgildas-nantes.cef.fr\/wp-content\/gallery\/jubile-11-mai-2014\/thumbs\/thumbs_jubile-02.jpg\"\n\t\t\t\t\twidth=\"60\"\n\t\t\t\t\theight=\"40\"\n\t\t\t\t\tstyle=\"max-width:100%;\"\n\t\t\t\t\/>\n\t\t\t<\/a>\n\t\t<\/div>\n\t\t\t\t\t\t\t<\/div> \n\t\t\t\n\t\t\t\t<div id=\"ngg-image-3\" class=\"ngg-gallery-thumbnail-box \n\t\t\t\t\t\t\t\t\t\t\t\" \n\t\t\t>\n\t\t\t\t\t\t<div class=\"ngg-gallery-thumbnail\">\n\t\t\t<a href=\"https:\/\/soeurs-de-stgildas-nantes.cef.fr\/wp-content\/gallery\/jubile-11-mai-2014\/jubile-03.jpg\"\n\t\t\t\ttitle=\"\"\n\t\t\t\tdata-src=\"https:\/\/soeurs-de-stgildas-nantes.cef.fr\/wp-content\/gallery\/jubile-11-mai-2014\/jubile-03.jpg\"\n\t\t\t\tdata-thumbnail=\"https:\/\/soeurs-de-stgildas-nantes.cef.fr\/wp-content\/gallery\/jubile-11-mai-2014\/thumbs\/thumbs_jubile-03.jpg\"\n\t\t\t\tdata-image-id=\"511\"\n\t\t\t\tdata-title=\"jubile-03\"\n\t\t\t\tdata-description=\"\"\n\t\t\t\tdata-image-slug=\"jubile-03\"\n\t\t\t\tclass=\"shutterset_a6b94add125f8477443c5686d432f122\">\n\t\t\t\t<img\n\t\t\t\t\ttitle=\"jubile-03\"\n\t\t\t\t\talt=\"jubile-03\"\n\t\t\t\t\tsrc=\"https:\/\/soeurs-de-stgildas-nantes.cef.fr\/wp-content\/gallery\/jubile-11-mai-2014\/thumbs\/thumbs_jubile-03.jpg\"\n\t\t\t\t\twidth=\"60\"\n\t\t\t\t\theight=\"40\"\n\t\t\t\t\tstyle=\"max-width:100%;\"\n\t\t\t\t\/>\n\t\t\t<\/a>\n\t\t<\/div>\n\t\t\t\t\t\t\t<\/div> \n\t\t\t\n\t\t\t\t<div id=\"ngg-image-4\" class=\"ngg-gallery-thumbnail-box \n\t\t\t\t\t\t\t\t\t\t\t\" \n\t\t\t>\n\t\t\t\t\t\t<div class=\"ngg-gallery-thumbnail\">\n\t\t\t<a href=\"https:\/\/soeurs-de-stgildas-nantes.cef.fr\/wp-content\/gallery\/jubile-11-mai-2014\/jubile-04.jpg\"\n\t\t\t\ttitle=\"\"\n\t\t\t\tdata-src=\"https:\/\/soeurs-de-stgildas-nantes.cef.fr\/wp-content\/gallery\/jubile-11-mai-2014\/jubile-04.jpg\"\n\t\t\t\tdata-thumbnail=\"https:\/\/soeurs-de-stgildas-nantes.cef.fr\/wp-content\/gallery\/jubile-11-mai-2014\/thumbs\/thumbs_jubile-04.jpg\"\n\t\t\t\tdata-image-id=\"490\"\n\t\t\t\tdata-title=\"jubile-04\"\n\t\t\t\tdata-description=\"\"\n\t\t\t\tdata-image-slug=\"jubile-04\"\n\t\t\t\tclass=\"shutterset_a6b94add125f8477443c5686d432f122\">\n\t\t\t\t<img\n\t\t\t\t\ttitle=\"jubile-04\"\n\t\t\t\t\talt=\"jubile-04\"\n\t\t\t\t\tsrc=\"https:\/\/soeurs-de-stgildas-nantes.cef.fr\/wp-content\/gallery\/jubile-11-mai-2014\/thumbs\/thumbs_jubile-04.jpg\"\n\t\t\t\t\twidth=\"60\"\n\t\t\t\t\theight=\"40\"\n\t\t\t\t\tstyle=\"max-width:100%;\"\n\t\t\t\t\/>\n\t\t\t<\/a>\n\t\t<\/div>\n\t\t\t\t\t\t\t<\/div> \n\t\t\t\n\t\t\t\t<div id=\"ngg-image-5\" class=\"ngg-gallery-thumbnail-box \n\t\t\t\t\t\t\t\t\t\t\t\" \n\t\t\t>\n\t\t\t\t\t\t<div class=\"ngg-gallery-thumbnail\">\n\t\t\t<a href=\"https:\/\/soeurs-de-stgildas-nantes.cef.fr\/wp-content\/gallery\/jubile-11-mai-2014\/jubile-05.jpg\"\n\t\t\t\ttitle=\"\"\n\t\t\t\tdata-src=\"https:\/\/soeurs-de-stgildas-nantes.cef.fr\/wp-content\/gallery\/jubile-11-mai-2014\/jubile-05.jpg\"\n\t\t\t\tdata-thumbnail=\"https:\/\/soeurs-de-stgildas-nantes.cef.fr\/wp-content\/gallery\/jubile-11-mai-2014\/thumbs\/thumbs_jubile-05.jpg\"\n\t\t\t\tdata-image-id=\"491\"\n\t\t\t\tdata-title=\"jubile-05\"\n\t\t\t\tdata-description=\"\"\n\t\t\t\tdata-image-slug=\"jubile-05\"\n\t\t\t\tclass=\"shutterset_a6b94add125f8477443c5686d432f122\">\n\t\t\t\t<img\n\t\t\t\t\ttitle=\"jubile-05\"\n\t\t\t\t\talt=\"jubile-05\"\n\t\t\t\t\tsrc=\"https:\/\/soeurs-de-stgildas-nantes.cef.fr\/wp-content\/gallery\/jubile-11-mai-2014\/thumbs\/thumbs_jubile-05.jpg\"\n\t\t\t\t\twidth=\"60\"\n\t\t\t\t\theight=\"40\"\n\t\t\t\t\tstyle=\"max-width:100%;\"\n\t\t\t\t\/>\n\t\t\t<\/a>\n\t\t<\/div>\n\t\t\t\t\t\t\t<\/div> \n\t\t\t\n\t\t\t\t<div id=\"ngg-image-6\" class=\"ngg-gallery-thumbnail-box \n\t\t\t\t\t\t\t\t\t\t\t\" \n\t\t\t>\n\t\t\t\t\t\t<div class=\"ngg-gallery-thumbnail\">\n\t\t\t<a href=\"https:\/\/soeurs-de-stgildas-nantes.cef.fr\/wp-content\/gallery\/jubile-11-mai-2014\/jubile-06.jpg\"\n\t\t\t\ttitle=\"\"\n\t\t\t\tdata-src=\"https:\/\/soeurs-de-stgildas-nantes.cef.fr\/wp-content\/gallery\/jubile-11-mai-2014\/jubile-06.jpg\"\n\t\t\t\tdata-thumbnail=\"https:\/\/soeurs-de-stgildas-nantes.cef.fr\/wp-content\/gallery\/jubile-11-mai-2014\/thumbs\/thumbs_jubile-06.jpg\"\n\t\t\t\tdata-image-id=\"492\"\n\t\t\t\tdata-title=\"jubile-06\"\n\t\t\t\tdata-description=\"\"\n\t\t\t\tdata-image-slug=\"jubile-06\"\n\t\t\t\tclass=\"shutterset_a6b94add125f8477443c5686d432f122\">\n\t\t\t\t<img\n\t\t\t\t\ttitle=\"jubile-06\"\n\t\t\t\t\talt=\"jubile-06\"\n\t\t\t\t\tsrc=\"https:\/\/soeurs-de-stgildas-nantes.cef.fr\/wp-content\/gallery\/jubile-11-mai-2014\/thumbs\/thumbs_jubile-06.jpg\"\n\t\t\t\t\twidth=\"60\"\n\t\t\t\t\theight=\"40\"\n\t\t\t\t\tstyle=\"max-width:100%;\"\n\t\t\t\t\/>\n\t\t\t<\/a>\n\t\t<\/div>\n\t\t\t\t\t\t\t<\/div> \n\t\t\t\n\t\t\t\t<div id=\"ngg-image-7\" class=\"ngg-gallery-thumbnail-box \n\t\t\t\t\t\t\t\t\t\t\t\" \n\t\t\t>\n\t\t\t\t\t\t<div class=\"ngg-gallery-thumbnail\">\n\t\t\t<a href=\"https:\/\/soeurs-de-stgildas-nantes.cef.fr\/wp-content\/gallery\/jubile-11-mai-2014\/jubile-07.jpg\"\n\t\t\t\ttitle=\"\"\n\t\t\t\tdata-src=\"https:\/\/soeurs-de-stgildas-nantes.cef.fr\/wp-content\/gallery\/jubile-11-mai-2014\/jubile-07.jpg\"\n\t\t\t\tdata-thumbnail=\"https:\/\/soeurs-de-stgildas-nantes.cef.fr\/wp-content\/gallery\/jubile-11-mai-2014\/thumbs\/thumbs_jubile-07.jpg\"\n\t\t\t\tdata-image-id=\"493\"\n\t\t\t\tdata-title=\"jubile-07\"\n\t\t\t\tdata-description=\"\"\n\t\t\t\tdata-image-slug=\"jubile-07\"\n\t\t\t\tclass=\"shutterset_a6b94add125f8477443c5686d432f122\">\n\t\t\t\t<img\n\t\t\t\t\ttitle=\"jubile-07\"\n\t\t\t\t\talt=\"jubile-07\"\n\t\t\t\t\tsrc=\"https:\/\/soeurs-de-stgildas-nantes.cef.fr\/wp-content\/gallery\/jubile-11-mai-2014\/thumbs\/thumbs_jubile-07.jpg\"\n\t\t\t\t\twidth=\"60\"\n\t\t\t\t\theight=\"40\"\n\t\t\t\t\tstyle=\"max-width:100%;\"\n\t\t\t\t\/>\n\t\t\t<\/a>\n\t\t<\/div>\n\t\t\t\t\t\t\t<\/div> \n\t\t\t\n\t\t\t\t<div id=\"ngg-image-8\" class=\"ngg-gallery-thumbnail-box \n\t\t\t\t\t\t\t\t\t\t\t\" \n\t\t\t>\n\t\t\t\t\t\t<div class=\"ngg-gallery-thumbnail\">\n\t\t\t<a href=\"https:\/\/soeurs-de-stgildas-nantes.cef.fr\/wp-content\/gallery\/jubile-11-mai-2014\/jubile-08.jpg\"\n\t\t\t\ttitle=\"\"\n\t\t\t\tdata-src=\"https:\/\/soeurs-de-stgildas-nantes.cef.fr\/wp-content\/gallery\/jubile-11-mai-2014\/jubile-08.jpg\"\n\t\t\t\tdata-thumbnail=\"https:\/\/soeurs-de-stgildas-nantes.cef.fr\/wp-content\/gallery\/jubile-11-mai-2014\/thumbs\/thumbs_jubile-08.jpg\"\n\t\t\t\tdata-image-id=\"494\"\n\t\t\t\tdata-title=\"jubile-08\"\n\t\t\t\tdata-description=\"\"\n\t\t\t\tdata-image-slug=\"jubile-08\"\n\t\t\t\tclass=\"shutterset_a6b94add125f8477443c5686d432f122\">\n\t\t\t\t<img\n\t\t\t\t\ttitle=\"jubile-08\"\n\t\t\t\t\talt=\"jubile-08\"\n\t\t\t\t\tsrc=\"https:\/\/soeurs-de-stgildas-nantes.cef.fr\/wp-content\/gallery\/jubile-11-mai-2014\/thumbs\/thumbs_jubile-08.jpg\"\n\t\t\t\t\twidth=\"60\"\n\t\t\t\t\theight=\"40\"\n\t\t\t\t\tstyle=\"max-width:100%;\"\n\t\t\t\t\/>\n\t\t\t<\/a>\n\t\t<\/div>\n\t\t\t\t\t\t\t<\/div> \n\t\t\t\n\t\t\t\t<div id=\"ngg-image-9\" class=\"ngg-gallery-thumbnail-box \n\t\t\t\t\t\t\t\t\t\t\t\" \n\t\t\t>\n\t\t\t\t\t\t<div class=\"ngg-gallery-thumbnail\">\n\t\t\t<a href=\"https:\/\/soeurs-de-stgildas-nantes.cef.fr\/wp-content\/gallery\/jubile-11-mai-2014\/jubile-09.jpg\"\n\t\t\t\ttitle=\"\"\n\t\t\t\tdata-src=\"https:\/\/soeurs-de-stgildas-nantes.cef.fr\/wp-content\/gallery\/jubile-11-mai-2014\/jubile-09.jpg\"\n\t\t\t\tdata-thumbnail=\"https:\/\/soeurs-de-stgildas-nantes.cef.fr\/wp-content\/gallery\/jubile-11-mai-2014\/thumbs\/thumbs_jubile-09.jpg\"\n\t\t\t\tdata-image-id=\"495\"\n\t\t\t\tdata-title=\"jubile-09\"\n\t\t\t\tdata-description=\"\"\n\t\t\t\tdata-image-slug=\"jubile-09\"\n\t\t\t\tclass=\"shutterset_a6b94add125f8477443c5686d432f122\">\n\t\t\t\t<img\n\t\t\t\t\ttitle=\"jubile-09\"\n\t\t\t\t\talt=\"jubile-09\"\n\t\t\t\t\tsrc=\"https:\/\/soeurs-de-stgildas-nantes.cef.fr\/wp-content\/gallery\/jubile-11-mai-2014\/thumbs\/thumbs_jubile-09.jpg\"\n\t\t\t\t\twidth=\"60\"\n\t\t\t\t\theight=\"40\"\n\t\t\t\t\tstyle=\"max-width:100%;\"\n\t\t\t\t\/>\n\t\t\t<\/a>\n\t\t<\/div>\n\t\t\t\t\t\t\t<\/div> \n\t\t\t\n\t\t\t\t<div id=\"ngg-image-10\" class=\"ngg-gallery-thumbnail-box \n\t\t\t\t\t\t\t\t\t\t\t\" \n\t\t\t>\n\t\t\t\t\t\t<div class=\"ngg-gallery-thumbnail\">\n\t\t\t<a href=\"https:\/\/soeurs-de-stgildas-nantes.cef.fr\/wp-content\/gallery\/jubile-11-mai-2014\/jubile-10.jpg\"\n\t\t\t\ttitle=\"\"\n\t\t\t\tdata-src=\"https:\/\/soeurs-de-stgildas-nantes.cef.fr\/wp-content\/gallery\/jubile-11-mai-2014\/jubile-10.jpg\"\n\t\t\t\tdata-thumbnail=\"https:\/\/soeurs-de-stgildas-nantes.cef.fr\/wp-content\/gallery\/jubile-11-mai-2014\/thumbs\/thumbs_jubile-10.jpg\"\n\t\t\t\tdata-image-id=\"496\"\n\t\t\t\tdata-title=\"jubile-10\"\n\t\t\t\tdata-description=\"\"\n\t\t\t\tdata-image-slug=\"jubile-10\"\n\t\t\t\tclass=\"shutterset_a6b94add125f8477443c5686d432f122\">\n\t\t\t\t<img\n\t\t\t\t\ttitle=\"jubile-10\"\n\t\t\t\t\talt=\"jubile-10\"\n\t\t\t\t\tsrc=\"https:\/\/soeurs-de-stgildas-nantes.cef.fr\/wp-content\/gallery\/jubile-11-mai-2014\/thumbs\/thumbs_jubile-10.jpg\"\n\t\t\t\t\twidth=\"60\"\n\t\t\t\t\theight=\"40\"\n\t\t\t\t\tstyle=\"max-width:100%;\"\n\t\t\t\t\/>\n\t\t\t<\/a>\n\t\t<\/div>\n\t\t\t\t\t\t\t<\/div> \n\t\t\t\n\t\t\t\t<div id=\"ngg-image-11\" class=\"ngg-gallery-thumbnail-box \n\t\t\t\t\t\t\t\t\t\t\t\" \n\t\t\t>\n\t\t\t\t\t\t<div class=\"ngg-gallery-thumbnail\">\n\t\t\t<a href=\"https:\/\/soeurs-de-stgildas-nantes.cef.fr\/wp-content\/gallery\/jubile-11-mai-2014\/jubile-11.jpg\"\n\t\t\t\ttitle=\"\"\n\t\t\t\tdata-src=\"https:\/\/soeurs-de-stgildas-nantes.cef.fr\/wp-content\/gallery\/jubile-11-mai-2014\/jubile-11.jpg\"\n\t\t\t\tdata-thumbnail=\"https:\/\/soeurs-de-stgildas-nantes.cef.fr\/wp-content\/gallery\/jubile-11-mai-2014\/thumbs\/thumbs_jubile-11.jpg\"\n\t\t\t\tdata-image-id=\"497\"\n\t\t\t\tdata-title=\"jubile-11\"\n\t\t\t\tdata-description=\"\"\n\t\t\t\tdata-image-slug=\"jubile-11\"\n\t\t\t\tclass=\"shutterset_a6b94add125f8477443c5686d432f122\">\n\t\t\t\t<img\n\t\t\t\t\ttitle=\"jubile-11\"\n\t\t\t\t\talt=\"jubile-11\"\n\t\t\t\t\tsrc=\"https:\/\/soeurs-de-stgildas-nantes.cef.fr\/wp-content\/gallery\/jubile-11-mai-2014\/thumbs\/thumbs_jubile-11.jpg\"\n\t\t\t\t\twidth=\"60\"\n\t\t\t\t\theight=\"40\"\n\t\t\t\t\tstyle=\"max-width:100%;\"\n\t\t\t\t\/>\n\t\t\t<\/a>\n\t\t<\/div>\n\t\t\t\t\t\t\t<\/div> \n\t\t\t\n\t\t\t\t<div id=\"ngg-image-12\" class=\"ngg-gallery-thumbnail-box \n\t\t\t\t\t\t\t\t\t\t\t\" \n\t\t\t>\n\t\t\t\t\t\t<div class=\"ngg-gallery-thumbnail\">\n\t\t\t<a href=\"https:\/\/soeurs-de-stgildas-nantes.cef.fr\/wp-content\/gallery\/jubile-11-mai-2014\/jubile-12.jpg\"\n\t\t\t\ttitle=\"\"\n\t\t\t\tdata-src=\"https:\/\/soeurs-de-stgildas-nantes.cef.fr\/wp-content\/gallery\/jubile-11-mai-2014\/jubile-12.jpg\"\n\t\t\t\tdata-thumbnail=\"https:\/\/soeurs-de-stgildas-nantes.cef.fr\/wp-content\/gallery\/jubile-11-mai-2014\/thumbs\/thumbs_jubile-12.jpg\"\n\t\t\t\tdata-image-id=\"498\"\n\t\t\t\tdata-title=\"jubile-12\"\n\t\t\t\tdata-description=\"\"\n\t\t\t\tdata-image-slug=\"jubile-12\"\n\t\t\t\tclass=\"shutterset_a6b94add125f8477443c5686d432f122\">\n\t\t\t\t<img\n\t\t\t\t\ttitle=\"jubile-12\"\n\t\t\t\t\talt=\"jubile-12\"\n\t\t\t\t\tsrc=\"https:\/\/soeurs-de-stgildas-nantes.cef.fr\/wp-content\/gallery\/jubile-11-mai-2014\/thumbs\/thumbs_jubile-12.jpg\"\n\t\t\t\t\twidth=\"60\"\n\t\t\t\t\theight=\"40\"\n\t\t\t\t\tstyle=\"max-width:100%;\"\n\t\t\t\t\/>\n\t\t\t<\/a>\n\t\t<\/div>\n\t\t\t\t\t\t\t<\/div> \n\t\t\t\n\t\t\t\t<div id=\"ngg-image-13\" class=\"ngg-gallery-thumbnail-box \n\t\t\t\t\t\t\t\t\t\t\t\" \n\t\t\t>\n\t\t\t\t\t\t<div class=\"ngg-gallery-thumbnail\">\n\t\t\t<a href=\"https:\/\/soeurs-de-stgildas-nantes.cef.fr\/wp-content\/gallery\/jubile-11-mai-2014\/jubile-13.jpg\"\n\t\t\t\ttitle=\"\"\n\t\t\t\tdata-src=\"https:\/\/soeurs-de-stgildas-nantes.cef.fr\/wp-content\/gallery\/jubile-11-mai-2014\/jubile-13.jpg\"\n\t\t\t\tdata-thumbnail=\"https:\/\/soeurs-de-stgildas-nantes.cef.fr\/wp-content\/gallery\/jubile-11-mai-2014\/thumbs\/thumbs_jubile-13.jpg\"\n\t\t\t\tdata-image-id=\"499\"\n\t\t\t\tdata-title=\"jubile-13\"\n\t\t\t\tdata-description=\"\"\n\t\t\t\tdata-image-slug=\"jubile-13\"\n\t\t\t\tclass=\"shutterset_a6b94add125f8477443c5686d432f122\">\n\t\t\t\t<img\n\t\t\t\t\ttitle=\"jubile-13\"\n\t\t\t\t\talt=\"jubile-13\"\n\t\t\t\t\tsrc=\"https:\/\/soeurs-de-stgildas-nantes.cef.fr\/wp-content\/gallery\/jubile-11-mai-2014\/thumbs\/thumbs_jubile-13.jpg\"\n\t\t\t\t\twidth=\"60\"\n\t\t\t\t\theight=\"40\"\n\t\t\t\t\tstyle=\"max-width:100%;\"\n\t\t\t\t\/>\n\t\t\t<\/a>\n\t\t<\/div>\n\t\t\t\t\t\t\t<\/div> \n\t\t\t\n\t\t\t\t<div id=\"ngg-image-14\" class=\"ngg-gallery-thumbnail-box \n\t\t\t\t\t\t\t\t\t\t\t\" \n\t\t\t>\n\t\t\t\t\t\t<div class=\"ngg-gallery-thumbnail\">\n\t\t\t<a href=\"https:\/\/soeurs-de-stgildas-nantes.cef.fr\/wp-content\/gallery\/jubile-11-mai-2014\/jubile-14.jpg\"\n\t\t\t\ttitle=\"\"\n\t\t\t\tdata-src=\"https:\/\/soeurs-de-stgildas-nantes.cef.fr\/wp-content\/gallery\/jubile-11-mai-2014\/jubile-14.jpg\"\n\t\t\t\tdata-thumbnail=\"https:\/\/soeurs-de-stgildas-nantes.cef.fr\/wp-content\/gallery\/jubile-11-mai-2014\/thumbs\/thumbs_jubile-14.jpg\"\n\t\t\t\tdata-image-id=\"500\"\n\t\t\t\tdata-title=\"jubile-14\"\n\t\t\t\tdata-description=\"\"\n\t\t\t\tdata-image-slug=\"jubile-14\"\n\t\t\t\tclass=\"shutterset_a6b94add125f8477443c5686d432f122\">\n\t\t\t\t<img\n\t\t\t\t\ttitle=\"jubile-14\"\n\t\t\t\t\talt=\"jubile-14\"\n\t\t\t\t\tsrc=\"https:\/\/soeurs-de-stgildas-nantes.cef.fr\/wp-content\/gallery\/jubile-11-mai-2014\/thumbs\/thumbs_jubile-14.jpg\"\n\t\t\t\t\twidth=\"60\"\n\t\t\t\t\theight=\"40\"\n\t\t\t\t\tstyle=\"max-width:100%;\"\n\t\t\t\t\/>\n\t\t\t<\/a>\n\t\t<\/div>\n\t\t\t\t\t\t\t<\/div> \n\t\t\t\n\t\t\t\t<div id=\"ngg-image-15\" class=\"ngg-gallery-thumbnail-box \n\t\t\t\t\t\t\t\t\t\t\t\" \n\t\t\t>\n\t\t\t\t\t\t<div class=\"ngg-gallery-thumbnail\">\n\t\t\t<a href=\"https:\/\/soeurs-de-stgildas-nantes.cef.fr\/wp-content\/gallery\/jubile-11-mai-2014\/jubile-15.jpg\"\n\t\t\t\ttitle=\"\"\n\t\t\t\tdata-src=\"https:\/\/soeurs-de-stgildas-nantes.cef.fr\/wp-content\/gallery\/jubile-11-mai-2014\/jubile-15.jpg\"\n\t\t\t\tdata-thumbnail=\"https:\/\/soeurs-de-stgildas-nantes.cef.fr\/wp-content\/gallery\/jubile-11-mai-2014\/thumbs\/thumbs_jubile-15.jpg\"\n\t\t\t\tdata-image-id=\"501\"\n\t\t\t\tdata-title=\"jubile-15\"\n\t\t\t\tdata-description=\"\"\n\t\t\t\tdata-image-slug=\"jubile-15\"\n\t\t\t\tclass=\"shutterset_a6b94add125f8477443c5686d432f122\">\n\t\t\t\t<img\n\t\t\t\t\ttitle=\"jubile-15\"\n\t\t\t\t\talt=\"jubile-15\"\n\t\t\t\t\tsrc=\"https:\/\/soeurs-de-stgildas-nantes.cef.fr\/wp-content\/gallery\/jubile-11-mai-2014\/thumbs\/thumbs_jubile-15.jpg\"\n\t\t\t\t\twidth=\"60\"\n\t\t\t\t\theight=\"40\"\n\t\t\t\t\tstyle=\"max-width:100%;\"\n\t\t\t\t\/>\n\t\t\t<\/a>\n\t\t<\/div>\n\t\t\t\t\t\t\t<\/div> \n\t\t\t\n\t\t\t\t<div id=\"ngg-image-16\" class=\"ngg-gallery-thumbnail-box \n\t\t\t\t\t\t\t\t\t\t\t\" \n\t\t\t>\n\t\t\t\t\t\t<div class=\"ngg-gallery-thumbnail\">\n\t\t\t<a href=\"https:\/\/soeurs-de-stgildas-nantes.cef.fr\/wp-content\/gallery\/jubile-11-mai-2014\/jubile-16.jpg\"\n\t\t\t\ttitle=\"\"\n\t\t\t\tdata-src=\"https:\/\/soeurs-de-stgildas-nantes.cef.fr\/wp-content\/gallery\/jubile-11-mai-2014\/jubile-16.jpg\"\n\t\t\t\tdata-thumbnail=\"https:\/\/soeurs-de-stgildas-nantes.cef.fr\/wp-content\/gallery\/jubile-11-mai-2014\/thumbs\/thumbs_jubile-16.jpg\"\n\t\t\t\tdata-image-id=\"502\"\n\t\t\t\tdata-title=\"jubile-16\"\n\t\t\t\tdata-description=\"\"\n\t\t\t\tdata-image-slug=\"jubile-16\"\n\t\t\t\tclass=\"shutterset_a6b94add125f8477443c5686d432f122\">\n\t\t\t\t<img\n\t\t\t\t\ttitle=\"jubile-16\"\n\t\t\t\t\talt=\"jubile-16\"\n\t\t\t\t\tsrc=\"https:\/\/soeurs-de-stgildas-nantes.cef.fr\/wp-content\/gallery\/jubile-11-mai-2014\/thumbs\/thumbs_jubile-16.jpg\"\n\t\t\t\t\twidth=\"60\"\n\t\t\t\t\theight=\"40\"\n\t\t\t\t\tstyle=\"max-width:100%;\"\n\t\t\t\t\/>\n\t\t\t<\/a>\n\t\t<\/div>\n\t\t\t\t\t\t\t<\/div> \n\t\t\t\n\t\t\t\t<div id=\"ngg-image-17\" class=\"ngg-gallery-thumbnail-box \n\t\t\t\t\t\t\t\t\t\t\t\" \n\t\t\t>\n\t\t\t\t\t\t<div class=\"ngg-gallery-thumbnail\">\n\t\t\t<a href=\"https:\/\/soeurs-de-stgildas-nantes.cef.fr\/wp-content\/gallery\/jubile-11-mai-2014\/jubile-18.jpg\"\n\t\t\t\ttitle=\"\"\n\t\t\t\tdata-src=\"https:\/\/soeurs-de-stgildas-nantes.cef.fr\/wp-content\/gallery\/jubile-11-mai-2014\/jubile-18.jpg\"\n\t\t\t\tdata-thumbnail=\"https:\/\/soeurs-de-stgildas-nantes.cef.fr\/wp-content\/gallery\/jubile-11-mai-2014\/thumbs\/thumbs_jubile-18.jpg\"\n\t\t\t\tdata-image-id=\"504\"\n\t\t\t\tdata-title=\"jubile-18\"\n\t\t\t\tdata-description=\"\"\n\t\t\t\tdata-image-slug=\"jubile-18\"\n\t\t\t\tclass=\"shutterset_a6b94add125f8477443c5686d432f122\">\n\t\t\t\t<img\n\t\t\t\t\ttitle=\"jubile-18\"\n\t\t\t\t\talt=\"jubile-18\"\n\t\t\t\t\tsrc=\"https:\/\/soeurs-de-stgildas-nantes.cef.fr\/wp-content\/gallery\/jubile-11-mai-2014\/thumbs\/thumbs_jubile-18.jpg\"\n\t\t\t\t\twidth=\"60\"\n\t\t\t\t\theight=\"40\"\n\t\t\t\t\tstyle=\"max-width:100%;\"\n\t\t\t\t\/>\n\t\t\t<\/a>\n\t\t<\/div>\n\t\t\t\t\t\t\t<\/div> \n\t\t\t\n\t\t\t\t<div id=\"ngg-image-18\" class=\"ngg-gallery-thumbnail-box \n\t\t\t\t\t\t\t\t\t\t\t\" \n\t\t\t>\n\t\t\t\t\t\t<div class=\"ngg-gallery-thumbnail\">\n\t\t\t<a href=\"https:\/\/soeurs-de-stgildas-nantes.cef.fr\/wp-content\/gallery\/jubile-11-mai-2014\/jubile-19.jpg\"\n\t\t\t\ttitle=\"\"\n\t\t\t\tdata-src=\"https:\/\/soeurs-de-stgildas-nantes.cef.fr\/wp-content\/gallery\/jubile-11-mai-2014\/jubile-19.jpg\"\n\t\t\t\tdata-thumbnail=\"https:\/\/soeurs-de-stgildas-nantes.cef.fr\/wp-content\/gallery\/jubile-11-mai-2014\/thumbs\/thumbs_jubile-19.jpg\"\n\t\t\t\tdata-image-id=\"505\"\n\t\t\t\tdata-title=\"jubile-19\"\n\t\t\t\tdata-description=\"\"\n\t\t\t\tdata-image-slug=\"jubile-19\"\n\t\t\t\tclass=\"shutterset_a6b94add125f8477443c5686d432f122\">\n\t\t\t\t<img\n\t\t\t\t\ttitle=\"jubile-19\"\n\t\t\t\t\talt=\"jubile-19\"\n\t\t\t\t\tsrc=\"https:\/\/soeurs-de-stgildas-nantes.cef.fr\/wp-content\/gallery\/jubile-11-mai-2014\/thumbs\/thumbs_jubile-19.jpg\"\n\t\t\t\t\twidth=\"60\"\n\t\t\t\t\theight=\"40\"\n\t\t\t\t\tstyle=\"max-width:100%;\"\n\t\t\t\t\/>\n\t\t\t<\/a>\n\t\t<\/div>\n\t\t\t\t\t\t\t<\/div> \n\t\t\t\n\t\t\t\t<div id=\"ngg-image-19\" class=\"ngg-gallery-thumbnail-box \n\t\t\t\t\t\t\t\t\t\t\t\" \n\t\t\t>\n\t\t\t\t\t\t<div class=\"ngg-gallery-thumbnail\">\n\t\t\t<a href=\"https:\/\/soeurs-de-stgildas-nantes.cef.fr\/wp-content\/gallery\/jubile-11-mai-2014\/jubile-20.jpg\"\n\t\t\t\ttitle=\"\"\n\t\t\t\tdata-src=\"https:\/\/soeurs-de-stgildas-nantes.cef.fr\/wp-content\/gallery\/jubile-11-mai-2014\/jubile-20.jpg\"\n\t\t\t\tdata-thumbnail=\"https:\/\/soeurs-de-stgildas-nantes.cef.fr\/wp-content\/gallery\/jubile-11-mai-2014\/thumbs\/thumbs_jubile-20.jpg\"\n\t\t\t\tdata-image-id=\"506\"\n\t\t\t\tdata-title=\"jubile-20\"\n\t\t\t\tdata-description=\"\"\n\t\t\t\tdata-image-slug=\"jubile-20\"\n\t\t\t\tclass=\"shutterset_a6b94add125f8477443c5686d432f122\">\n\t\t\t\t<img\n\t\t\t\t\ttitle=\"jubile-20\"\n\t\t\t\t\talt=\"jubile-20\"\n\t\t\t\t\tsrc=\"https:\/\/soeurs-de-stgildas-nantes.cef.fr\/wp-content\/gallery\/jubile-11-mai-2014\/thumbs\/thumbs_jubile-20.jpg\"\n\t\t\t\t\twidth=\"60\"\n\t\t\t\t\theight=\"40\"\n\t\t\t\t\tstyle=\"max-width:100%;\"\n\t\t\t\t\/>\n\t\t\t<\/a>\n\t\t<\/div>\n\t\t\t\t\t\t\t<\/div> \n\t\t\t\n\t\n\t<br style=\"clear: both\" \/>\n\n\t\t<div class=\"slideshowlink\">\n\t\t<a href='https:\/\/soeurs-de-stgildas-nantes.cef.fr\/index.php\/nggallery\/slideshow?page_id=7321'>[Montrer sous forme de diaporama]<\/a>\n\t\t\n\t<\/div>\n\t\n\t\t<!-- Pagination -->\n\t\t<div class='ngg-navigation'><span class='current'>1<\/span>\n<a class='page-numbers' data-pageid='2' href='https:\/\/soeurs-de-stgildas-nantes.cef.fr\/index.php\/nggallery\/page\/2?page_id=7321'>2<\/a>\n<a class='prev' href='https:\/\/soeurs-de-stgildas-nantes.cef.fr\/index.php\/nggallery\/page\/2?page_id=7321' data-pageid=2>&#9658;<\/a><\/div>\t<\/div>\n\n","protected":false},"excerpt":{"rendered":"<p>Le dimanche 11 mai 2014, \u00e0 la Maison-M\u00e8re 33 Soeurs ont c\u00e9l\u00e9br\u00e9 leur jubil\u00e9 : 9 de platine et 24 de diamant ! \u00ab\u00a0Au-del\u00e0 de toutes fronti\u00e8res, l&rsquo;Evangile a crois\u00e9 nos chemins\u00a0\u00bb. (Quelques aspects de la c\u00e9l\u00e9bration eucharistique et de la f\u00eate qui a suivi.)<\/p>\n","protected":false},"author":3,"featured_media":0,"parent":132,"menu_order":1,"comment_status":"closed","ping_status":"closed","template":"","meta":{"ngg_post_thumbnail":0,"footnotes":""},"class_list":["post-7321","page","type-page","status-publish","hentry"],"_links":{"self":[{"href":"https:\/\/soeurs-de-stgildas-nantes.cef.fr\/index.php?rest_route=\/wp\/v2\/pages\/7321","targetHints":{"allow":["GET"]}}],"collection":[{"href":"https:\/\/soeurs-de-stgildas-nantes.cef.fr\/index.php?rest_route=\/wp\/v2\/pages"}],"about":[{"href":"https:\/\/soeurs-de-stgildas-nantes.cef.fr\/index.php?rest_route=\/wp\/v2\/types\/page"}],"author":[{"embeddable":true,"href":"https:\/\/soeurs-de-stgildas-nantes.cef.fr\/index.php?rest_route=\/wp\/v2\/users\/3"}],"replies":[{"embeddable":true,"href":"https:\/\/soeurs-de-stgildas-nantes.cef.fr\/index.php?rest_route=%2Fwp%2Fv2%2Fcomments&post=7321"}],"version-history":[{"count":12,"href":"https:\/\/soeurs-de-stgildas-nantes.cef.fr\/index.php?rest_route=\/wp\/v2\/pages\/7321\/revisions"}],"predecessor-version":[{"id":7387,"href":"https:\/\/soeurs-de-stgildas-nantes.cef.fr\/index.php?rest_route=\/wp\/v2\/pages\/7321\/revisions\/7387"}],"up":[{"embeddable":true,"href":"https:\/\/soeurs-de-stgildas-nantes.cef.fr\/index.php?rest_route=\/wp\/v2\/pages\/132"}],"wp:attachment":[{"href":"https:\/\/soeurs-de-stgildas-nantes.cef.fr\/index.php?rest_route=%2Fwp%2Fv2%2Fmedia&parent=7321"}],"curies":[{"name":"wp","href":"https:\/\/api.w.org\/{rel}","templated":true}]}}