{"id":6691,"date":"2014-01-31T16:43:37","date_gmt":"2014-01-31T16:43:37","guid":{"rendered":"http:\/\/soeurs-de-stgildas-nantes.cef.fr\/?page_id=6691"},"modified":"2014-02-04T08:55:53","modified_gmt":"2014-02-04T08:55:53","slug":"les-petits-ruisseaux-au-burkina-faso-et-au-ghana","status":"publish","type":"page","link":"https:\/\/soeurs-de-stgildas-nantes.cef.fr\/?page_id=6691","title":{"rendered":"Les Petits Ruisseaux au Burkina Faso et au Ghana"},"content":{"rendered":"<p style=\"text-align: center;\"><span style=\"color: #ff6600;\"><strong>L&rsquo;\u00e9quipe des \u00ab\u00a0Petits Ruisseaux\u00a0\u00bb<\/strong><\/span><\/p>\n<p style=\"text-align: center;\"><span style=\"color: #ff6600;\"><strong> a le plaisir de communiquer quelques nouvelles<\/strong><\/span><\/p>\n<p style=\"text-align: center;\"><span style=\"color: #ff6600;\"><strong>du<span style=\"font-size: medium;\"> <span style=\"font-size: large;\"><span style=\"text-decoration: underline;\">Burkina Faso<\/span><\/span><\/span><\/strong><\/span><\/p>\n<table style=\"width: 100%;\" border=\"0\">\n<tbody>\n<tr>\n<td style=\"width: 50%;\">\n<p style=\"text-align: center;\"><span style=\"font-size: small;\"><span style=\"color: #ff6600;\"><strong>A Koubri<\/strong><\/span><\/span><\/p>\n<p>Les  Soeurs de la Communaut\u00e9 de Koubri expriment leur profonde gratitude  pour ce que vous faites et ce que vous ferez pour la population de leur  secteur.<\/p>\n<p>En octobre\u00a0 dernier, 450 malades, la plupart souffrant du paludisme, ont \u00e9t\u00e9 soign\u00e9s au dispensaire.<\/p>\n<p>En  novembre, une grande campagne de vaccination contre la poliomy\u00e9lite a  \u00e9t\u00e9 mise en route; pr\u00e8s de 600 enfants ont \u00e9t\u00e9 vaccin\u00e9s.<\/td>\n<td colspan=\"2\">\n<p><div id=\"attachment_6719\" style=\"width: 190px\" class=\"wp-caption aligncenter\"><a href=\"http:\/\/soeurs-de-stgildas-nantes.cef.fr\/wp-content\/uploads\/2014\/01\/Koubri-Sr-Marie-Yameogo.jpg\"><img loading=\"lazy\" decoding=\"async\" aria-describedby=\"caption-attachment-6719\" class=\"size-full wp-image-6719\" title=\"Koubri Sr Marie \" src=\"http:\/\/soeurs-de-stgildas-nantes.cef.fr\/wp-content\/uploads\/2014\/01\/Koubri-Sr-Marie-Yameogo.jpg\" alt=\"\" width=\"180\" height=\"134\" srcset=\"https:\/\/soeurs-de-stgildas-nantes.cef.fr\/wp-content\/uploads\/2014\/01\/Koubri-Sr-Marie-Yameogo.jpg 589w, https:\/\/soeurs-de-stgildas-nantes.cef.fr\/wp-content\/uploads\/2014\/01\/Koubri-Sr-Marie-Yameogo-300x224.jpg 300w\" sizes=\"auto, (max-width: 180px) 100vw, 180px\" \/><\/a><p id=\"caption-attachment-6719\" class=\"wp-caption-text\">Au dispensaire<\/p><\/div><\/td>\n<\/tr>\n<tr>\n<td>\n<p style=\"text-align: center;\"><span style=\"color: #ff6600;\"><span style=\"font-size: small;\"><strong>A\u00a0 Kokolgho<\/strong><\/span><\/span><\/p>\n<p>Dans un souci d&rsquo;autosuffisance et de formation, les novices \u00e9l\u00e8vent des animaux pour la vente ou leur consommation.<\/p>\n<p>Avec  les dons re\u00e7us, elles peuvent aider dans les domaines de la sant\u00e9, pour  la scolarit\u00e9 des enfants, secourir des veuves abandonn\u00e9es, favoriser  l&rsquo;insertion des handicap\u00e9s.<\/td>\n<td>\n<p><div id=\"attachment_6720\" style=\"width: 165px\" class=\"wp-caption aligncenter\"><a href=\"http:\/\/soeurs-de-stgildas-nantes.cef.fr\/wp-content\/uploads\/2014\/01\/Anne.jpg\"><img loading=\"lazy\" decoding=\"async\" aria-describedby=\"caption-attachment-6720\" class=\"size-full wp-image-6720\" title=\"Anne\" src=\"http:\/\/soeurs-de-stgildas-nantes.cef.fr\/wp-content\/uploads\/2014\/01\/Anne.jpg\" alt=\"\" width=\"155\" height=\"102\" srcset=\"https:\/\/soeurs-de-stgildas-nantes.cef.fr\/wp-content\/uploads\/2014\/01\/Anne.jpg 648w, https:\/\/soeurs-de-stgildas-nantes.cef.fr\/wp-content\/uploads\/2014\/01\/Anne-300x196.jpg 300w\" sizes=\"auto, (max-width: 155px) 100vw, 155px\" \/><\/a><\/dt>\n<\/dl>\n<dl id=\"attachment_6720\" class=\"wp-caption aligncenter\" style=\"width: 171px;\">\n<dd class=\"wp-caption-dd\">Elevage de poules<\/dd>\n<\/dl>\n<\/div>\n<\/td>\n<td align=\"left\" valign=\"middle\">\n<div class=\"mceTemp mceIEcenter\">\n<dl id=\"attachment_6721\" class=\"wp-caption aligncenter\" style=\"width: 165px;\">\n<dt class=\"wp-caption-dt\"><a href=\"http:\/\/soeurs-de-stgildas-nantes.cef.fr\/wp-content\/uploads\/2014\/01\/Emmanuelle.jpg\"><img loading=\"lazy\" decoding=\"async\" aria-describedby=\"caption-attachment-6720\" class=\"size-full wp-image-6721\" title=\"Emmanuelle\" src=\"http:\/\/soeurs-de-stgildas-nantes.cef.fr\/wp-content\/uploads\/2014\/01\/Emmanuelle.jpg\" alt=\"\" width=\"155\" height=\"108\" \/><\/a><p id=\"caption-attachment-6720\" class=\"wp-caption-text\">Elevage de porcs<\/p><\/div><\/td>\n<\/tr>\n<tr>\n<td>\n<p style=\"text-align: center;\"><span style=\"font-size: small;\"><strong><span style=\"color: #ff6600;\">A Sapouy<\/span><\/strong><\/span><\/p>\n<p>Gr\u00e2ce  aux dons, 280 \u00e9l\u00e8ves r\u00e9partis en 6 classes suivent les cours de l&rsquo;\u00e9cole  primaire, et 58 enfants sont en maternelle !<\/p>\n<p>Tous les enfants mangent \u00e0  la\u00a0 cantine !<\/td>\n<td>\n<p><div id=\"attachment_6726\" style=\"width: 166px\" class=\"wp-caption aligncenter\"><a href=\"http:\/\/soeurs-de-stgildas-nantes.cef.fr\/wp-content\/uploads\/2014\/01\/Cantine-1.jpg\"><img loading=\"lazy\" decoding=\"async\" aria-describedby=\"caption-attachment-6726\" class=\"size-full wp-image-6726\" title=\"Cantine 1\" src=\"http:\/\/soeurs-de-stgildas-nantes.cef.fr\/wp-content\/uploads\/2014\/01\/Cantine-1.jpg\" alt=\"\" width=\"156\" height=\"117\" srcset=\"https:\/\/soeurs-de-stgildas-nantes.cef.fr\/wp-content\/uploads\/2014\/01\/Cantine-1.jpg 800w, https:\/\/soeurs-de-stgildas-nantes.cef.fr\/wp-content\/uploads\/2014\/01\/Cantine-1-300x225.jpg 300w\" sizes=\"auto, (max-width: 156px) 100vw, 156px\" \/><\/a><p id=\"caption-attachment-6726\" class=\"wp-caption-text\">Cantine maternelle<\/p><\/div><\/td>\n<td>\n<p><div id=\"attachment_6727\" style=\"width: 176px\" class=\"wp-caption aligncenter\"><a href=\"http:\/\/soeurs-de-stgildas-nantes.cef.fr\/wp-content\/uploads\/2014\/01\/cantine.jpg\"><img loading=\"lazy\" decoding=\"async\" aria-describedby=\"caption-attachment-6727\" class=\"size-full wp-image-6727\" title=\"cantine\" src=\"http:\/\/soeurs-de-stgildas-nantes.cef.fr\/wp-content\/uploads\/2014\/01\/cantine.jpg\" alt=\"\" width=\"166\" height=\"118\" \/><\/a><p id=\"caption-attachment-6727\" class=\"wp-caption-text\">cantine primaire<\/p><\/div><\/td>\n<\/tr>\n<\/tbody>\n<\/table>\n<p style=\"text-align: center;\"><span style=\"font-size: medium;\"><span style=\"color: #ff6600;\"><strong>du<\/strong><\/span><\/span><span style=\"color: #ff6600;\"><span style=\"text-decoration: underline;\"><span style=\"font-size: medium;\"><strong> <span style=\"font-size: large;\">Ghana,<\/span><\/strong><\/span><\/span><\/span><\/p>\n<table style=\"width: 100%;\" border=\"0\">\n<tbody>\n<tr>\n<td style=\"width: 55%; text-align: center;\" align=\"center\" valign=\"middle\">A<strong><span style=\"color: #ff6600;\"> Tamal\u00e9<\/span><\/strong>, l&rsquo;association \u00ab\u00a0Collaboration avec les femmes en d\u00e9tresse\u00a0\u00bb\u00a0 Colwod emploie 20 femmes pour r\u00e9aliser teinture, couture, tissage, coiffure, fabrication de savon; cela leur redonne confiance et espoir en l&rsquo;avenir.<\/p>\n<!-- default-view.php -->\n<div\n\tclass=\"ngg-galleryoverview default-view \n\t ngg-ajax-pagination-none\t\"\n\tid=\"ngg-gallery-de41c5ceba6b3987d809f1a191b09ca0-1\">\n\n\t\t<!-- Thumbnails -->\n\t\t\t\t<div id=\"ngg-image-0\" class=\"ngg-gallery-thumbnail-box \n\t\t\t\t\t\t\t\t\t\t\t\" \n\t\t\t>\n\t\t\t\t\t\t<div class=\"ngg-gallery-thumbnail\">\n\t\t\t<a href=\"https:\/\/soeurs-de-stgildas-nantes.cef.fr\/wp-content\/gallery\/tamale_1\/colwod-4.jpg\"\n\t\t\t\ttitle=\"\"\n\t\t\t\tdata-src=\"https:\/\/soeurs-de-stgildas-nantes.cef.fr\/wp-content\/gallery\/tamale_1\/colwod-4.jpg\"\n\t\t\t\tdata-thumbnail=\"https:\/\/soeurs-de-stgildas-nantes.cef.fr\/wp-content\/gallery\/tamale_1\/thumbs\/thumbs_colwod-4.jpg\"\n\t\t\t\tdata-image-id=\"469\"\n\t\t\t\tdata-title=\"colwod-4\"\n\t\t\t\tdata-description=\"\"\n\t\t\t\tdata-image-slug=\"colwod-4\"\n\t\t\t\tclass=\"shutterset_de41c5ceba6b3987d809f1a191b09ca0\">\n\t\t\t\t<img\n\t\t\t\t\ttitle=\"colwod-4\"\n\t\t\t\t\talt=\"colwod-4\"\n\t\t\t\t\tsrc=\"https:\/\/soeurs-de-stgildas-nantes.cef.fr\/wp-content\/gallery\/tamale_1\/thumbs\/thumbs_colwod-4.jpg\"\n\t\t\t\t\twidth=\"60\"\n\t\t\t\t\theight=\"40\"\n\t\t\t\t\tstyle=\"max-width:100%;\"\n\t\t\t\t\/>\n\t\t\t<\/a>\n\t\t<\/div>\n\t\t\t\t\t\t\t<\/div> \n\t\t\t\n\t\t\t\t<div id=\"ngg-image-1\" class=\"ngg-gallery-thumbnail-box \n\t\t\t\t\t\t\t\t\t\t\t\" \n\t\t\t>\n\t\t\t\t\t\t<div class=\"ngg-gallery-thumbnail\">\n\t\t\t<a href=\"https:\/\/soeurs-de-stgildas-nantes.cef.fr\/wp-content\/gallery\/tamale_1\/colwod-1.jpg\"\n\t\t\t\ttitle=\"\"\n\t\t\t\tdata-src=\"https:\/\/soeurs-de-stgildas-nantes.cef.fr\/wp-content\/gallery\/tamale_1\/colwod-1.jpg\"\n\t\t\t\tdata-thumbnail=\"https:\/\/soeurs-de-stgildas-nantes.cef.fr\/wp-content\/gallery\/tamale_1\/thumbs\/thumbs_colwod-1.jpg\"\n\t\t\t\tdata-image-id=\"470\"\n\t\t\t\tdata-title=\"colwod-1\"\n\t\t\t\tdata-description=\"\"\n\t\t\t\tdata-image-slug=\"colwod-1\"\n\t\t\t\tclass=\"shutterset_de41c5ceba6b3987d809f1a191b09ca0\">\n\t\t\t\t<img\n\t\t\t\t\ttitle=\"colwod-1\"\n\t\t\t\t\talt=\"colwod-1\"\n\t\t\t\t\tsrc=\"https:\/\/soeurs-de-stgildas-nantes.cef.fr\/wp-content\/gallery\/tamale_1\/thumbs\/thumbs_colwod-1.jpg\"\n\t\t\t\t\twidth=\"60\"\n\t\t\t\t\theight=\"40\"\n\t\t\t\t\tstyle=\"max-width:100%;\"\n\t\t\t\t\/>\n\t\t\t<\/a>\n\t\t<\/div>\n\t\t\t\t\t\t\t<\/div> \n\t\t\t\n\t\t\t\t<div id=\"ngg-image-2\" class=\"ngg-gallery-thumbnail-box \n\t\t\t\t\t\t\t\t\t\t\t\" \n\t\t\t>\n\t\t\t\t\t\t<div class=\"ngg-gallery-thumbnail\">\n\t\t\t<a href=\"https:\/\/soeurs-de-stgildas-nantes.cef.fr\/wp-content\/gallery\/tamale_1\/colwod-2.jpg\"\n\t\t\t\ttitle=\"\"\n\t\t\t\tdata-src=\"https:\/\/soeurs-de-stgildas-nantes.cef.fr\/wp-content\/gallery\/tamale_1\/colwod-2.jpg\"\n\t\t\t\tdata-thumbnail=\"https:\/\/soeurs-de-stgildas-nantes.cef.fr\/wp-content\/gallery\/tamale_1\/thumbs\/thumbs_colwod-2.jpg\"\n\t\t\t\tdata-image-id=\"471\"\n\t\t\t\tdata-title=\"colwod-2\"\n\t\t\t\tdata-description=\"\"\n\t\t\t\tdata-image-slug=\"colwod-2\"\n\t\t\t\tclass=\"shutterset_de41c5ceba6b3987d809f1a191b09ca0\">\n\t\t\t\t<img\n\t\t\t\t\ttitle=\"colwod-2\"\n\t\t\t\t\talt=\"colwod-2\"\n\t\t\t\t\tsrc=\"https:\/\/soeurs-de-stgildas-nantes.cef.fr\/wp-content\/gallery\/tamale_1\/thumbs\/thumbs_colwod-2.jpg\"\n\t\t\t\t\twidth=\"60\"\n\t\t\t\t\theight=\"40\"\n\t\t\t\t\tstyle=\"max-width:100%;\"\n\t\t\t\t\/>\n\t\t\t<\/a>\n\t\t<\/div>\n\t\t\t\t\t\t\t<\/div> \n\t\t\t\n\t\t\t\t<div id=\"ngg-image-3\" class=\"ngg-gallery-thumbnail-box \n\t\t\t\t\t\t\t\t\t\t\t\" \n\t\t\t>\n\t\t\t\t\t\t<div class=\"ngg-gallery-thumbnail\">\n\t\t\t<a href=\"https:\/\/soeurs-de-stgildas-nantes.cef.fr\/wp-content\/gallery\/tamale_1\/colwod-3.jpg\"\n\t\t\t\ttitle=\"\"\n\t\t\t\tdata-src=\"https:\/\/soeurs-de-stgildas-nantes.cef.fr\/wp-content\/gallery\/tamale_1\/colwod-3.jpg\"\n\t\t\t\tdata-thumbnail=\"https:\/\/soeurs-de-stgildas-nantes.cef.fr\/wp-content\/gallery\/tamale_1\/thumbs\/thumbs_colwod-3.jpg\"\n\t\t\t\tdata-image-id=\"472\"\n\t\t\t\tdata-title=\"colwod-3\"\n\t\t\t\tdata-description=\"\"\n\t\t\t\tdata-image-slug=\"colwod-3\"\n\t\t\t\tclass=\"shutterset_de41c5ceba6b3987d809f1a191b09ca0\">\n\t\t\t\t<img\n\t\t\t\t\ttitle=\"colwod-3\"\n\t\t\t\t\talt=\"colwod-3\"\n\t\t\t\t\tsrc=\"https:\/\/soeurs-de-stgildas-nantes.cef.fr\/wp-content\/gallery\/tamale_1\/thumbs\/thumbs_colwod-3.jpg\"\n\t\t\t\t\twidth=\"60\"\n\t\t\t\t\theight=\"40\"\n\t\t\t\t\tstyle=\"max-width:100%;\"\n\t\t\t\t\/>\n\t\t\t<\/a>\n\t\t<\/div>\n\t\t\t\t\t\t\t<\/div> \n\t\t\t\n\t\t\t\t<div id=\"ngg-image-4\" class=\"ngg-gallery-thumbnail-box \n\t\t\t\t\t\t\t\t\t\t\t\" \n\t\t\t>\n\t\t\t\t\t\t<div class=\"ngg-gallery-thumbnail\">\n\t\t\t<a href=\"https:\/\/soeurs-de-stgildas-nantes.cef.fr\/wp-content\/gallery\/tamale_1\/colwod-5.jpg\"\n\t\t\t\ttitle=\"\"\n\t\t\t\tdata-src=\"https:\/\/soeurs-de-stgildas-nantes.cef.fr\/wp-content\/gallery\/tamale_1\/colwod-5.jpg\"\n\t\t\t\tdata-thumbnail=\"https:\/\/soeurs-de-stgildas-nantes.cef.fr\/wp-content\/gallery\/tamale_1\/thumbs\/thumbs_colwod-5.jpg\"\n\t\t\t\tdata-image-id=\"473\"\n\t\t\t\tdata-title=\"colwod-5\"\n\t\t\t\tdata-description=\"\"\n\t\t\t\tdata-image-slug=\"colwod-5\"\n\t\t\t\tclass=\"shutterset_de41c5ceba6b3987d809f1a191b09ca0\">\n\t\t\t\t<img\n\t\t\t\t\ttitle=\"colwod-5\"\n\t\t\t\t\talt=\"colwod-5\"\n\t\t\t\t\tsrc=\"https:\/\/soeurs-de-stgildas-nantes.cef.fr\/wp-content\/gallery\/tamale_1\/thumbs\/thumbs_colwod-5.jpg\"\n\t\t\t\t\twidth=\"60\"\n\t\t\t\t\theight=\"40\"\n\t\t\t\t\tstyle=\"max-width:100%;\"\n\t\t\t\t\/>\n\t\t\t<\/a>\n\t\t<\/div>\n\t\t\t\t\t\t\t<\/div> \n\t\t\t\n\t\t\t\t<div id=\"ngg-image-5\" class=\"ngg-gallery-thumbnail-box \n\t\t\t\t\t\t\t\t\t\t\t\" \n\t\t\t>\n\t\t\t\t\t\t<div class=\"ngg-gallery-thumbnail\">\n\t\t\t<a href=\"https:\/\/soeurs-de-stgildas-nantes.cef.fr\/wp-content\/gallery\/tamale_1\/colwod-6.jpg\"\n\t\t\t\ttitle=\"\"\n\t\t\t\tdata-src=\"https:\/\/soeurs-de-stgildas-nantes.cef.fr\/wp-content\/gallery\/tamale_1\/colwod-6.jpg\"\n\t\t\t\tdata-thumbnail=\"https:\/\/soeurs-de-stgildas-nantes.cef.fr\/wp-content\/gallery\/tamale_1\/thumbs\/thumbs_colwod-6.jpg\"\n\t\t\t\tdata-image-id=\"474\"\n\t\t\t\tdata-title=\"colwod-6\"\n\t\t\t\tdata-description=\"\"\n\t\t\t\tdata-image-slug=\"colwod-6\"\n\t\t\t\tclass=\"shutterset_de41c5ceba6b3987d809f1a191b09ca0\">\n\t\t\t\t<img\n\t\t\t\t\ttitle=\"colwod-6\"\n\t\t\t\t\talt=\"colwod-6\"\n\t\t\t\t\tsrc=\"https:\/\/soeurs-de-stgildas-nantes.cef.fr\/wp-content\/gallery\/tamale_1\/thumbs\/thumbs_colwod-6.jpg\"\n\t\t\t\t\twidth=\"60\"\n\t\t\t\t\theight=\"40\"\n\t\t\t\t\tstyle=\"max-width:100%;\"\n\t\t\t\t\/>\n\t\t\t<\/a>\n\t\t<\/div>\n\t\t\t\t\t\t\t<\/div> \n\t\t\t\n\t\n\t<br style=\"clear: both\" \/>\n\n\t\t<div class=\"slideshowlink\">\n\t\t<a href='https:\/\/soeurs-de-stgildas-nantes.cef.fr\/index.php\/nggallery\/slideshow?page_id=6691'>[Montrer sous forme de diaporama]<\/a>\n\t\t\n\t<\/div>\n\t\n\t\t<!-- Pagination -->\n\t\t<div class='ngg-clear'><\/div>\t<\/div>\n\n<p><span style=\"color: #ffffff;\">&#8212;<\/span><\/td>\n<\/tr>\n<\/tbody>\n<\/table>\n","protected":false},"excerpt":{"rendered":"<p>L&rsquo;\u00e9quipe des \u00ab\u00a0Petits Ruisseaux\u00a0\u00bb a le plaisir de communiquer quelques nouvelles du Burkina Faso A Koubri Les Soeurs de la Communaut\u00e9 de Koubri expriment leur profonde gratitude pour ce que vous faites et ce que vous ferez pour la population de leur secteur. En octobre\u00a0 dernier, 450 malades, la plupart souffrant du paludisme, ont \u00e9t\u00e9 [&hellip;]<\/p>\n","protected":false},"author":3,"featured_media":0,"parent":941,"menu_order":0,"comment_status":"closed","ping_status":"closed","template":"","meta":{"ngg_post_thumbnail":0,"footnotes":""},"class_list":["post-6691","page","type-page","status-publish","hentry"],"_links":{"self":[{"href":"https:\/\/soeurs-de-stgildas-nantes.cef.fr\/index.php?rest_route=\/wp\/v2\/pages\/6691","targetHints":{"allow":["GET"]}}],"collection":[{"href":"https:\/\/soeurs-de-stgildas-nantes.cef.fr\/index.php?rest_route=\/wp\/v2\/pages"}],"about":[{"href":"https:\/\/soeurs-de-stgildas-nantes.cef.fr\/index.php?rest_route=\/wp\/v2\/types\/page"}],"author":[{"embeddable":true,"href":"https:\/\/soeurs-de-stgildas-nantes.cef.fr\/index.php?rest_route=\/wp\/v2\/users\/3"}],"replies":[{"embeddable":true,"href":"https:\/\/soeurs-de-stgildas-nantes.cef.fr\/index.php?rest_route=%2Fwp%2Fv2%2Fcomments&post=6691"}],"version-history":[{"count":47,"href":"https:\/\/soeurs-de-stgildas-nantes.cef.fr\/index.php?rest_route=\/wp\/v2\/pages\/6691\/revisions"}],"predecessor-version":[{"id":6778,"href":"https:\/\/soeurs-de-stgildas-nantes.cef.fr\/index.php?rest_route=\/wp\/v2\/pages\/6691\/revisions\/6778"}],"up":[{"embeddable":true,"href":"https:\/\/soeurs-de-stgildas-nantes.cef.fr\/index.php?rest_route=\/wp\/v2\/pages\/941"}],"wp:attachment":[{"href":"https:\/\/soeurs-de-stgildas-nantes.cef.fr\/index.php?rest_route=%2Fwp%2Fv2%2Fmedia&parent=6691"}],"curies":[{"name":"wp","href":"https:\/\/api.w.org\/{rel}","templated":true}]}}