{"id":65,"date":"2011-01-14T11:09:13","date_gmt":"2011-01-14T11:09:13","guid":{"rendered":"http:\/\/soeurs-de-stgildas-nantes.cef.fr\/?page_id=65"},"modified":"2015-01-21T10:34:59","modified_gmt":"2015-01-21T10:34:59","slug":"en-angleterre-et-en-irlande","status":"publish","type":"page","link":"https:\/\/soeurs-de-stgildas-nantes.cef.fr\/?page_id=65","title":{"rendered":"En Angleterre et en Irlande"},"content":{"rendered":"<p>L&rsquo;histoire en France, avec les lois de s\u00e9cularisation, ont fait que les soeurs de St Gildas sont parties pour l&rsquo;Angleterre en 1903. Parties pour des raisons politiques, elles ont su tirer partie de cet exil pour envisager leur pr\u00e9sence comme une pr\u00e9sence missionnaire. peu \u00e0 peu des jeunes femmes, anglaises ou irlandaises demandent \u00e0 entrer dans la Congr\u00e9gation. Par elles l&rsquo;interculturel entre dans l&rsquo;Institut.<\/p>\n<p>Aujourd&rsquo;hui les soeurs restent \u00ab\u00a0\u00e9ducatrices\u00a0\u00bb partout o\u00f9 elles sont et quelles que soient leurs activit\u00e9s.<\/p>\n<p><span style=\"color: #ffffff;\">??????<\/span><\/p>\n","protected":false},"excerpt":{"rendered":"<p>L&rsquo;histoire en France, avec les lois de s\u00e9cularisation, ont fait que les soeurs de St Gildas sont parties pour l&rsquo;Angleterre en 1903. Parties pour des raisons politiques, elles ont su tirer partie de cet exil pour envisager leur pr\u00e9sence comme une pr\u00e9sence missionnaire. peu \u00e0 peu des jeunes femmes, anglaises ou irlandaises demandent \u00e0 entrer [&hellip;]<\/p>\n","protected":false},"author":6,"featured_media":0,"parent":29,"menu_order":2,"comment_status":"closed","ping_status":"closed","template":"","meta":{"ngg_post_thumbnail":0,"footnotes":""},"class_list":["post-65","page","type-page","status-publish","hentry"],"_links":{"self":[{"href":"https:\/\/soeurs-de-stgildas-nantes.cef.fr\/index.php?rest_route=\/wp\/v2\/pages\/65","targetHints":{"allow":["GET"]}}],"collection":[{"href":"https:\/\/soeurs-de-stgildas-nantes.cef.fr\/index.php?rest_route=\/wp\/v2\/pages"}],"about":[{"href":"https:\/\/soeurs-de-stgildas-nantes.cef.fr\/index.php?rest_route=\/wp\/v2\/types\/page"}],"author":[{"embeddable":true,"href":"https:\/\/soeurs-de-stgildas-nantes.cef.fr\/index.php?rest_route=\/wp\/v2\/users\/6"}],"replies":[{"embeddable":true,"href":"https:\/\/soeurs-de-stgildas-nantes.cef.fr\/index.php?rest_route=%2Fwp%2Fv2%2Fcomments&post=65"}],"version-history":[{"count":27,"href":"https:\/\/soeurs-de-stgildas-nantes.cef.fr\/index.php?rest_route=\/wp\/v2\/pages\/65\/revisions"}],"predecessor-version":[{"id":715,"href":"https:\/\/soeurs-de-stgildas-nantes.cef.fr\/index.php?rest_route=\/wp\/v2\/pages\/65\/revisions\/715"}],"up":[{"embeddable":true,"href":"https:\/\/soeurs-de-stgildas-nantes.cef.fr\/index.php?rest_route=\/wp\/v2\/pages\/29"}],"wp:attachment":[{"href":"https:\/\/soeurs-de-stgildas-nantes.cef.fr\/index.php?rest_route=%2Fwp%2Fv2%2Fmedia&parent=65"}],"curies":[{"name":"wp","href":"https:\/\/api.w.org\/{rel}","templated":true}]}}