{"id":63,"date":"2011-01-14T11:08:19","date_gmt":"2011-01-14T11:08:19","guid":{"rendered":"http:\/\/soeurs-de-stgildas-nantes.cef.fr\/?page_id=63"},"modified":"2013-09-17T13:18:29","modified_gmt":"2013-09-17T13:18:29","slug":"au-burkina-et-au-ghana","status":"publish","type":"page","link":"https:\/\/soeurs-de-stgildas-nantes.cef.fr\/?page_id=63","title":{"rendered":"Au Burkina et au Ghana"},"content":{"rendered":"<h3 style=\"text-align: center;\">Les communaut\u00e9s Gildasiennes<\/h3>\n<p><a href=\"http:\/\/soeurs-de-stgildas-nantes.cef.fr\/wp-content\/uploads\/2011\/01\/burkinaghana.jpg\"><img loading=\"lazy\" decoding=\"async\" class=\"size-medium wp-image-448 alignleft\" title=\"burkinaghana\" src=\"http:\/\/soeurs-de-stgildas-nantes.cef.fr\/wp-content\/uploads\/2011\/01\/burkinaghana-300x242.jpg\" alt=\"\" width=\"300\" height=\"242\" srcset=\"https:\/\/soeurs-de-stgildas-nantes.cef.fr\/wp-content\/uploads\/2011\/01\/burkinaghana-300x242.jpg 300w, https:\/\/soeurs-de-stgildas-nantes.cef.fr\/wp-content\/uploads\/2011\/01\/burkinaghana.jpg 500w\" sizes=\"auto, (max-width: 300px) 100vw, 300px\" \/><\/a>&#8211; <a title=\"Les s\u0153urs de\u00a0Saint-Gildas\u00a0\u00e0 R\u00e9o\" href=\"http:\/\/soeurs-de-stgildas-nantes.cef.fr\/?page_id=450\">Les soeurs de Saint-Gildas des Bois \u00e0 R\u00e9o<\/a><br \/>\n&#8211; <a title=\"Les s\u0153urs de\u00a0Saint-Gildas\u00a0\u00e0 T\u00e9nado\" href=\"http:\/\/soeurs-de-stgildas-nantes.cef.fr\/?page_id=466\">Les soeurs de Saint-Gildas des Bois \u00e0 Tenado<\/a><br \/>\n&#8211; <a title=\"Les s\u0153urs de\u00a0Saint-Gildas\u00a0\u00e0 Burkina\" href=\"http:\/\/soeurs-de-stgildas-nantes.cef.fr\/?page_id=504\">Les soeurs de Saint-Gildas des Bois \u00e0 Burkina<\/a><br \/>\n&#8211; <a title=\"Les s\u0153urs de\u00a0Saint-Gildas\u00a0\u00e0 KOKOLGO\" href=\"http:\/\/soeurs-de-stgildas-nantes.cef.fr\/?page_id=522\">Les soeurs de Saint-Gildas des Bois \u00e0 Kokolgo<\/a><br \/>\n&#8211; <a title=\"Les s\u0153urs de Saint-Gildas  au secteur 15 de Ouagadougou\" rel=\"bookmark\" href=\"http:\/\/soeurs-de-stgildas-nantes.cef.fr\/?page_id=1002\">Les s\u0153urs de Saint-Gildas  au secteur 15 de Ouagadougou<\/a><br \/>\n&#8211; <a title=\"Les s\u0153urs de Saint-Gildas  au secteur 30 de Ouagadougou\" href=\"http:\/\/soeurs-de-stgildas-nantes.cef.fr\/?page_id=1020\">Les s\u0153urs de Saint-Gildas\u00a0 au secteur 30 de Ouagadougou<\/a><br \/>\n&#8211; <a title=\"Les s\u0153urs de Saint-Gildas \u00e0 Koubri\" href=\"http:\/\/soeurs-de-stgildas-nantes.cef.fr\/?page_id=1049\">Les s\u0153urs de Saint-Gildas \u00e0 Koubri<\/a><\/p>\n<p>&#8211;<a title=\"Les soeurs de St Gildas \u00e0 Sapouy\" href=\"http:\/\/soeurs-de-stgildas-nantes.cef.fr\/?page_id=4799\"> Les soeurs de Saint-Gildas \u00e0 Sapouy<\/a><\/p>\n<p><a title=\"Les soeurs de St Gildas \u00e0 Sapouy\" href=\"http:\/\/soeurs-de-stgildas-nantes.cef.fr\/?page_id=4799\"> <\/a>&#8211; <a title=\"Sisters in Tamal\u00e9\" href=\"http:\/\/soeurs-de-stgildas-nantes.cef.fr\/?page_id=1034\">Les s\u0153urs de Saint-Gildas \u00e0 Tamal\u00e9<\/a><br \/>\n&#8211; <a title=\"Les s\u0153urs de Saint-Gildas \u00e0 Bimbilla\" href=\"http:\/\/soeurs-de-stgildas-nantes.cef.fr\/?page_id=1067\">Les s\u0153urs de Saint-Gildas \u00e0 Bimbilla<\/a><\/p>\n","protected":false},"excerpt":{"rendered":"<p>Les communaut\u00e9s Gildasiennes &#8211; Les soeurs de Saint-Gildas des Bois \u00e0 R\u00e9o &#8211; Les soeurs de Saint-Gildas des Bois \u00e0 Tenado &#8211; Les soeurs de Saint-Gildas des Bois \u00e0 Burkina &#8211; Les soeurs de Saint-Gildas des Bois \u00e0 Kokolgo &#8211; Les s\u0153urs de Saint-Gildas au secteur 15 de Ouagadougou &#8211; Les s\u0153urs de Saint-Gildas\u00a0 au [&hellip;]<\/p>\n","protected":false},"author":6,"featured_media":0,"parent":29,"menu_order":3,"comment_status":"closed","ping_status":"closed","template":"","meta":{"ngg_post_thumbnail":0,"footnotes":""},"class_list":["post-63","page","type-page","status-publish","hentry"],"_links":{"self":[{"href":"https:\/\/soeurs-de-stgildas-nantes.cef.fr\/index.php?rest_route=\/wp\/v2\/pages\/63","targetHints":{"allow":["GET"]}}],"collection":[{"href":"https:\/\/soeurs-de-stgildas-nantes.cef.fr\/index.php?rest_route=\/wp\/v2\/pages"}],"about":[{"href":"https:\/\/soeurs-de-stgildas-nantes.cef.fr\/index.php?rest_route=\/wp\/v2\/types\/page"}],"author":[{"embeddable":true,"href":"https:\/\/soeurs-de-stgildas-nantes.cef.fr\/index.php?rest_route=\/wp\/v2\/users\/6"}],"replies":[{"embeddable":true,"href":"https:\/\/soeurs-de-stgildas-nantes.cef.fr\/index.php?rest_route=%2Fwp%2Fv2%2Fcomments&post=63"}],"version-history":[{"count":23,"href":"https:\/\/soeurs-de-stgildas-nantes.cef.fr\/index.php?rest_route=\/wp\/v2\/pages\/63\/revisions"}],"predecessor-version":[{"id":728,"href":"https:\/\/soeurs-de-stgildas-nantes.cef.fr\/index.php?rest_route=\/wp\/v2\/pages\/63\/revisions\/728"}],"up":[{"embeddable":true,"href":"https:\/\/soeurs-de-stgildas-nantes.cef.fr\/index.php?rest_route=\/wp\/v2\/pages\/29"}],"wp:attachment":[{"href":"https:\/\/soeurs-de-stgildas-nantes.cef.fr\/index.php?rest_route=%2Fwp%2Fv2%2Fmedia&parent=63"}],"curies":[{"name":"wp","href":"https:\/\/api.w.org\/{rel}","templated":true}]}}