{"id":624,"date":"2011-02-03T16:47:57","date_gmt":"2011-02-03T16:47:57","guid":{"rendered":"http:\/\/soeurs-de-stgildas-nantes.cef.fr\/?page_id=624"},"modified":"2011-09-08T14:31:11","modified_gmt":"2011-09-08T14:31:11","slug":"priere-a-marie","status":"publish","type":"page","link":"https:\/\/soeurs-de-stgildas-nantes.cef.fr\/?page_id=624","title":{"rendered":"Pri\u00e8re \u00e0 Marie"},"content":{"rendered":"<table style=\"width: 100%;\" border=\"0\">\n<tbody>\n<tr>\n<td style=\"width: 25%;\" valign=\"top\">\n<p><div id=\"attachment_2853\" style=\"width: 200px\" class=\"wp-caption aligncenter\"><a href=\"http:\/\/soeurs-de-stgildas-nantes.cef.fr\/wp-content\/uploads\/2011\/02\/IMG_0397.jpg\"><img loading=\"lazy\" decoding=\"async\" aria-describedby=\"caption-attachment-2853\" class=\"size-full wp-image-2853\" title=\"Vierge de l'Annonciation\" src=\"http:\/\/soeurs-de-stgildas-nantes.cef.fr\/wp-content\/uploads\/2011\/02\/IMG_0397.jpg\" alt=\"\" width=\"190\" height=\"253\" srcset=\"https:\/\/soeurs-de-stgildas-nantes.cef.fr\/wp-content\/uploads\/2011\/02\/IMG_0397.jpg 2304w, https:\/\/soeurs-de-stgildas-nantes.cef.fr\/wp-content\/uploads\/2011\/02\/IMG_0397-225x300.jpg 225w, https:\/\/soeurs-de-stgildas-nantes.cef.fr\/wp-content\/uploads\/2011\/02\/IMG_0397-768x1024.jpg 768w\" sizes=\"auto, (max-width: 190px) 100vw, 190px\" \/><\/a><p id=\"caption-attachment-2853\" class=\"wp-caption-text\">Vierge de l&#39;Annonciation     Clo\u00eetre de Saint-Gildas<\/p><\/div><\/td>\n<td><strong>Marie<\/strong>, femme d&rsquo;un peuple,<\/p>\n<p>\u00ab\u00a0Toi, l&rsquo;humble servante du Seigneur\u00a0\u00bb,<\/p>\n<p>par l&rsquo;esprit tu as donn\u00e9 corps<\/p>\n<p>au projet d&rsquo;amour du P\u00e8re.<\/p>\n<p>Par toi, J\u00e9sus a pris visage en notre humanit\u00e9.<\/p>\n<p>\u00ab\u00a0<em>Et le Verbe s&rsquo;est fait chair et il a habit\u00e9 parmi nous.\u00a0\u00bb<\/em><\/p>\n<p>Aide-nous \u00e0 entrer sur le chemin de conversion<\/p>\n<p>o\u00f9 l&rsquo;Esprit nous appelle.<\/p>\n<p>Aide-nous \u00e0 nous renouveler dans l&rsquo;Esp\u00e9rance.<\/p>\n<p>Apprends-nous l&rsquo;\u00e9coute et la disponibilit\u00e9<\/p>\n<p>pour servir le projet d&rsquo;amour du P\u00e8re sur l&rsquo;humanit\u00e9.<\/p>\n<p>Apprends-nous la foi audacieuse et contemplative<\/p>\n<p>de ceux et celles qui ont marqu\u00e9 notre histoire.<\/p>\n<p>Accompagne notre marche vers J\u00e9sus<\/p>\n<p>ton Fils qui s&rsquo;est fait Serviteur<\/p>\n<p>et que le P\u00e8re a glorifi\u00e9 en le faisant<\/p>\n<p>\u00ab\u00a0<strong>Christ et Seigneur<\/strong>\u00ab\u00a0.<\/p>\n<p>Amen.<\/td>\n<\/tr>\n<\/tbody>\n<\/table>\n","protected":false},"excerpt":{"rendered":"<p>Marie, femme d&rsquo;un peuple, \u00ab\u00a0Toi, l&rsquo;humble servante du Seigneur\u00a0\u00bb, par l&rsquo;esprit tu as donn\u00e9 corps au projet d&rsquo;amour du P\u00e8re. Par toi, J\u00e9sus a pris visage en notre humanit\u00e9. \u00ab\u00a0Et le Verbe s&rsquo;est fait chair et il a habit\u00e9 parmi nous.\u00a0\u00bb Aide-nous \u00e0 entrer sur le chemin de conversion o\u00f9 l&rsquo;Esprit nous appelle. Aide-nous \u00e0 [&hellip;]<\/p>\n","protected":false},"author":6,"featured_media":0,"parent":146,"menu_order":4,"comment_status":"closed","ping_status":"closed","template":"","meta":{"ngg_post_thumbnail":0,"footnotes":""},"class_list":["post-624","page","type-page","status-publish","hentry"],"_links":{"self":[{"href":"https:\/\/soeurs-de-stgildas-nantes.cef.fr\/index.php?rest_route=\/wp\/v2\/pages\/624","targetHints":{"allow":["GET"]}}],"collection":[{"href":"https:\/\/soeurs-de-stgildas-nantes.cef.fr\/index.php?rest_route=\/wp\/v2\/pages"}],"about":[{"href":"https:\/\/soeurs-de-stgildas-nantes.cef.fr\/index.php?rest_route=\/wp\/v2\/types\/page"}],"author":[{"embeddable":true,"href":"https:\/\/soeurs-de-stgildas-nantes.cef.fr\/index.php?rest_route=\/wp\/v2\/users\/6"}],"replies":[{"embeddable":true,"href":"https:\/\/soeurs-de-stgildas-nantes.cef.fr\/index.php?rest_route=%2Fwp%2Fv2%2Fcomments&post=624"}],"version-history":[{"count":6,"href":"https:\/\/soeurs-de-stgildas-nantes.cef.fr\/index.php?rest_route=\/wp\/v2\/pages\/624\/revisions"}],"predecessor-version":[{"id":2856,"href":"https:\/\/soeurs-de-stgildas-nantes.cef.fr\/index.php?rest_route=\/wp\/v2\/pages\/624\/revisions\/2856"}],"up":[{"embeddable":true,"href":"https:\/\/soeurs-de-stgildas-nantes.cef.fr\/index.php?rest_route=\/wp\/v2\/pages\/146"}],"wp:attachment":[{"href":"https:\/\/soeurs-de-stgildas-nantes.cef.fr\/index.php?rest_route=%2Fwp%2Fv2%2Fmedia&parent=624"}],"curies":[{"name":"wp","href":"https:\/\/api.w.org\/{rel}","templated":true}]}}