{"id":5424,"date":"2013-05-14T09:42:50","date_gmt":"2013-05-14T09:42:50","guid":{"rendered":"http:\/\/soeurs-de-stgildas-nantes.cef.fr\/?page_id=5424"},"modified":"2013-06-07T13:18:30","modified_gmt":"2013-06-07T13:18:30","slug":"rencontre-conviviale-du-5-mai-2013","status":"publish","type":"page","link":"https:\/\/soeurs-de-stgildas-nantes.cef.fr\/?page_id=5424","title":{"rendered":"Rencontre conviviale du 5 mai 2013"},"content":{"rendered":"<address style=\"text-align: center;\"><strong><span style=\"font-size: medium;\"><span style=\"color: #ff6600;\">A la communaut\u00e9 <\/span><\/span><\/strong><\/address>\n<address style=\"text-align: center;\"><strong><span style=\"font-size: medium;\"><span style=\"color: #ff6600;\">de l\u2019Immacul\u00e9e de Saint-Nazaire<br \/>\n<\/span><\/span><\/strong><\/address>\n<address style=\"text-align: center;\"><strong><span style=\"font-size: medium;\"><span style=\"color: #ff6600;\"> <\/span><\/span><\/strong><\/address>\n<address style=\"text-align: center;\"><strong><span style=\"font-size: medium;\"><span style=\"color: #ff6600;\"> <\/span><\/span><\/strong><\/address>\n<address style=\"text-align: center;\"> <\/address>\n<address style=\"text-align: left;\"><span style=\"font-size: medium;\"><span style=\"color: #ff6600;\"><\/p>\n<table style=\"width: 100%;\" border=\"0\">\n<tbody>\n<tr>\n<td style=\"width: 50%;\"><span style=\"font-size: small;\"><span style=\"color: #000000;\">Chaque ann\u00e9e, les la\u00efcs de la Famille Gildasienne de Loire-Atlantique vont \u00e0 la rencontre d\u2019une ou deux communaut\u00e9s de s\u0153urs de Saint-Gildas.<\/span><\/span><\/td>\n<td style=\"width: 50%;\"><\/td>\n<\/tr>\n<tr>\n<td><a href=\"http:\/\/soeurs-de-stgildas-nantes.cef.fr\/wp-content\/uploads\/2013\/05\/FG132.jpg\"><img loading=\"lazy\" decoding=\"async\" class=\"alignleft size-full wp-image-5426\" title=\"FG13\" src=\"http:\/\/soeurs-de-stgildas-nantes.cef.fr\/wp-content\/uploads\/2013\/05\/FG132.jpg\" alt=\"\" width=\"213\" height=\"159\" \/><\/a><\/td>\n<td><span style=\"font-size: small;\"><span style=\"color: #000000;\">Le 5 mai, c\u2019est celle de l\u2019Immacul\u00e9e de Saint-Nazaire qui nous a accueille. C\u2019est dimanche, et nous participons \u00e0 l\u2019Eucharistie avec les paroissiens de Notre-Dame des Eaux. Apr\u00e8s nous \u00eatre pr\u00e9sent\u00e9s en d\u00e9but de c\u00e9l\u00e9bration, nous continuons la pri\u00e8re avec la communaut\u00e9 chr\u00e9tienne. Ensuite, vient le moment de convivialit\u00e9 autour du pique-nique au cours duquel, nous \u00e9changeons nouvelles, joies, soucis\u2026 : moment d\u2019amiti\u00e9 partag\u00e9e, temps simple et fort o\u00f9 chacun se sait \u00e9cout\u00e9. M\u00eame Louise, la petite fille d\u2019Annie et Jean-Pierre \u00e9claire l\u2019assembl\u00e9e de son heureux sourire. La communaut\u00e9 des s\u0153urs nous rejoint pour le dessert et le caf\u00e9\u00a0: br\u00e8ve pr\u00e9sentation de chacune et de chacun pour faire connaissance. Le \u2018courant\u2019 passe vite, on ne voit pas le temps passer. Il est bon d\u2019entendre chacun s\u2019exprimer et de d\u00e9couvrir un peu de ce qui l\u2019anime. On se s\u00e9pare heureux, chacun avec un souvenir du jardin\u00a0: un petit bouquet de muguet, une branche de lilas ou de rhododendron\u2026.. <\/span><\/span><\/p>\n<p><span style=\"font-size: small;\"><span style=\"color: #000000;\">et surtout, un\u00a0 tonus renouvel\u00e9 pour les semaines \u00e0 venir.<\/span><\/span><\/td>\n<\/tr>\n<tr>\n<td><\/td>\n<td>\n<p><span style=\"color: #000000;\">Gilles<\/span><\/td>\n<\/tr>\n<\/tbody>\n<\/table>\n<p><\/span><\/span><\/address>\n","protected":false},"excerpt":{"rendered":"<p>A la communaut\u00e9 de l\u2019Immacul\u00e9e de Saint-Nazaire Chaque ann\u00e9e, les la\u00efcs de la Famille Gildasienne de Loire-Atlantique vont \u00e0 la rencontre d\u2019une ou deux communaut\u00e9s de s\u0153urs de Saint-Gildas. Le 5 mai, c\u2019est celle de l\u2019Immacul\u00e9e de Saint-Nazaire qui nous a accueille. C\u2019est dimanche, et nous participons \u00e0 l\u2019Eucharistie avec les paroissiens de Notre-Dame des [&hellip;]<\/p>\n","protected":false},"author":3,"featured_media":0,"parent":5179,"menu_order":0,"comment_status":"closed","ping_status":"closed","template":"","meta":{"ngg_post_thumbnail":0,"footnotes":""},"class_list":["post-5424","page","type-page","status-publish","hentry"],"_links":{"self":[{"href":"https:\/\/soeurs-de-stgildas-nantes.cef.fr\/index.php?rest_route=\/wp\/v2\/pages\/5424","targetHints":{"allow":["GET"]}}],"collection":[{"href":"https:\/\/soeurs-de-stgildas-nantes.cef.fr\/index.php?rest_route=\/wp\/v2\/pages"}],"about":[{"href":"https:\/\/soeurs-de-stgildas-nantes.cef.fr\/index.php?rest_route=\/wp\/v2\/types\/page"}],"author":[{"embeddable":true,"href":"https:\/\/soeurs-de-stgildas-nantes.cef.fr\/index.php?rest_route=\/wp\/v2\/users\/3"}],"replies":[{"embeddable":true,"href":"https:\/\/soeurs-de-stgildas-nantes.cef.fr\/index.php?rest_route=%2Fwp%2Fv2%2Fcomments&post=5424"}],"version-history":[{"count":11,"href":"https:\/\/soeurs-de-stgildas-nantes.cef.fr\/index.php?rest_route=\/wp\/v2\/pages\/5424\/revisions"}],"predecessor-version":[{"id":5536,"href":"https:\/\/soeurs-de-stgildas-nantes.cef.fr\/index.php?rest_route=\/wp\/v2\/pages\/5424\/revisions\/5536"}],"up":[{"embeddable":true,"href":"https:\/\/soeurs-de-stgildas-nantes.cef.fr\/index.php?rest_route=\/wp\/v2\/pages\/5179"}],"wp:attachment":[{"href":"https:\/\/soeurs-de-stgildas-nantes.cef.fr\/index.php?rest_route=%2Fwp%2Fv2%2Fmedia&parent=5424"}],"curies":[{"name":"wp","href":"https:\/\/api.w.org\/{rel}","templated":true}]}}