{"id":5365,"date":"2013-05-14T07:57:16","date_gmt":"2013-05-14T07:57:16","guid":{"rendered":"http:\/\/soeurs-de-stgildas-nantes.cef.fr\/?page_id=5365"},"modified":"2016-03-02T09:19:10","modified_gmt":"2016-03-02T09:19:10","slug":"les-laics-de-la-famille-gildasienne","status":"publish","type":"page","link":"https:\/\/soeurs-de-stgildas-nantes.cef.fr\/?page_id=5365","title":{"rendered":"Les la\u00efcs de la Famille Gildasienne"},"content":{"rendered":"<table style=\"width: 100%;\" border=\"0\">\n<tbody>\n<tr>\n<td colspan=\"2\"><a href=\"http:\/\/soeurs-de-stgildas-nantes.cef.fr\/wp-content\/uploads\/2013\/05\/bateau.jpg\"><img loading=\"lazy\" decoding=\"async\" class=\"aligncenter size-full wp-image-5367\" title=\"bateau\" src=\"http:\/\/soeurs-de-stgildas-nantes.cef.fr\/wp-content\/uploads\/2013\/05\/bateau.jpg\" alt=\"\" width=\"270\" height=\"360\" srcset=\"https:\/\/soeurs-de-stgildas-nantes.cef.fr\/wp-content\/uploads\/2013\/05\/bateau.jpg 270w, https:\/\/soeurs-de-stgildas-nantes.cef.fr\/wp-content\/uploads\/2013\/05\/bateau-225x300.jpg 225w\" sizes=\"auto, (max-width: 270px) 100vw, 270px\" \/><\/a><\/td>\n<\/tr>\n<tr style=\"text-align: center;\">\n<td rowspan=\"2\">\n<h2><span style=\"color: #ff6600;\">Naissance<\/span><\/h2>\n<p><a title=\"Les Pionniers\" href=\"http:\/\/soeurs-de-stgildas-nantes.cef.fr\/?page_id=9047\">Les pionniers<\/a><\/p>\n<p><a title=\"Naissance \u2013 1ers engagements\" href=\"http:\/\/soeurs-de-stgildas-nantes.cef.fr\/?page_id=1123\">1ers engagements<\/a><\/p>\n<h2><a title=\"L\u2019aventure continue\" href=\"http:\/\/soeurs-de-stgildas-nantes.cef.fr\/?page_id=1129\"><span style=\"color: #ff6600;\">L&rsquo;aventure continue<\/span><\/a><\/h2>\n<p><span style=\"color: #ff6600;\"><a title=\"Lourdes 2007\" href=\"http:\/\/soeurs-de-stgildas-nantes.cef.fr\/?page_id=9069\"><span style=\"color: #000000;\">Lourdes 2007<\/span><\/a><\/span><\/p>\n<p><span style=\"color: #ff6600;\"><span style=\"color: #000000;\"><a title=\"Saint-P\u00e8re-en-Retz \u2013 Les Moutiers 2011 et Guenrou\u00ebt 2012\" href=\"http:\/\/soeurs-de-stgildas-nantes.cef.fr\/?page_id=9087\">St P\u00e8re en Retz &#8211; Les Moutiers 2011 &#8211; Guenrou\u00ebt 2012<\/a><\/span><\/span><\/p>\n<p><span style=\"color: #ff6600;\"><span style=\"color: #000000;\"><a title=\"Les s\u0153urs a\u00een\u00e9es\" href=\"http:\/\/soeurs-de-stgildas-nantes.cef.fr\/?page_id=9341\">Hommage aux a\u00een\u00e9es<\/a><br \/>\n<\/span><\/span><\/p>\n<h2 style=\"text-align: center;\"><a title=\"Croissance\" href=\"http:\/\/soeurs-de-stgildas-nantes.cef.fr\/?page_id=5302\"><span style=\"color: #ff6600;\">Croissance<\/span><\/a><\/h2>\n<\/td>\n<td><\/td>\n<\/tr>\n<tr>\n<td><\/td>\n<\/tr>\n<\/tbody>\n<\/table>\n","protected":false},"excerpt":{"rendered":"<p>Naissance Les pionniers 1ers engagements L&rsquo;aventure continue Lourdes 2007 St P\u00e8re en Retz &#8211; Les Moutiers 2011 &#8211; Guenrou\u00ebt 2012 Hommage aux a\u00een\u00e9es Croissance<\/p>\n","protected":false},"author":3,"featured_media":0,"parent":151,"menu_order":1,"comment_status":"closed","ping_status":"closed","template":"","meta":{"ngg_post_thumbnail":0,"footnotes":""},"class_list":["post-5365","page","type-page","status-publish","hentry"],"_links":{"self":[{"href":"https:\/\/soeurs-de-stgildas-nantes.cef.fr\/index.php?rest_route=\/wp\/v2\/pages\/5365","targetHints":{"allow":["GET"]}}],"collection":[{"href":"https:\/\/soeurs-de-stgildas-nantes.cef.fr\/index.php?rest_route=\/wp\/v2\/pages"}],"about":[{"href":"https:\/\/soeurs-de-stgildas-nantes.cef.fr\/index.php?rest_route=\/wp\/v2\/types\/page"}],"author":[{"embeddable":true,"href":"https:\/\/soeurs-de-stgildas-nantes.cef.fr\/index.php?rest_route=\/wp\/v2\/users\/3"}],"replies":[{"embeddable":true,"href":"https:\/\/soeurs-de-stgildas-nantes.cef.fr\/index.php?rest_route=%2Fwp%2Fv2%2Fcomments&post=5365"}],"version-history":[{"count":29,"href":"https:\/\/soeurs-de-stgildas-nantes.cef.fr\/index.php?rest_route=\/wp\/v2\/pages\/5365\/revisions"}],"predecessor-version":[{"id":5373,"href":"https:\/\/soeurs-de-stgildas-nantes.cef.fr\/index.php?rest_route=\/wp\/v2\/pages\/5365\/revisions\/5373"}],"up":[{"embeddable":true,"href":"https:\/\/soeurs-de-stgildas-nantes.cef.fr\/index.php?rest_route=\/wp\/v2\/pages\/151"}],"wp:attachment":[{"href":"https:\/\/soeurs-de-stgildas-nantes.cef.fr\/index.php?rest_route=%2Fwp%2Fv2%2Fmedia&parent=5365"}],"curies":[{"name":"wp","href":"https:\/\/api.w.org\/{rel}","templated":true}]}}