{"id":4832,"date":"2013-02-02T12:05:36","date_gmt":"2013-02-02T12:05:36","guid":{"rendered":"http:\/\/soeurs-de-stgildas-nantes.cef.fr\/?page_id=4832"},"modified":"2013-02-02T12:05:36","modified_gmt":"2013-02-02T12:05:36","slug":"30-ans-de-service-medaille-bien-meritee","status":"publish","type":"page","link":"https:\/\/soeurs-de-stgildas-nantes.cef.fr\/?page_id=4832","title":{"rendered":"30 ans de service : m\u00e9daille bien m\u00e9rit\u00e9e !"},"content":{"rendered":"<p style=\"text-align: center;\"><span style=\"color: #ff3300;\"><strong><span style=\"font-size: medium;\">Grande premi\u00e8re en ce jeudi 24 janvier 2013 <\/span><\/strong>:<\/span><\/p>\n<p style=\"text-align: center;\"><span style=\"color: #ff3300;\"><span style=\"font-size: small;\"><strong>mettre \u00e0 l&rsquo;honneur Mesdames Pascale Beno\u00eet et Roselyne Turcaud<\/strong><\/span><\/span><\/p>\n<p style=\"text-align: center;\"><span style=\"color: #ff3300;\"><span style=\"font-size: small;\"><strong>et les d\u00e9corer de la<\/strong><\/span><\/span><span style=\"font-size: medium;\"><strong><span style=\"color: #ff3300;\"><span style=\"font-size: small;\"> m\u00e9daille de vermeil !<\/span><\/span><br \/>\n<\/strong><\/span><\/p>\n<table style=\"width: 100%;\" border=\"0\">\n<tbody>\n<tr>\n<td style=\"width: 19%;\">Soeur Monique Bouchet, pr\u00e9sidente de l&rsquo;association gestionnaire,<\/p>\n<p>rappelle que depuis leur arriv\u00e9e en 1981,<\/p>\n<p>bien des choses ont chang\u00e9,<\/p>\n<p>tant dans l&rsquo;organisation du travail,<\/p>\n<p>que dans les structures administratives.<\/td>\n<td style=\"width: 10%;\"><a href=\"http:\/\/soeurs-de-stgildas-nantes.cef.fr\/wp-content\/uploads\/2013\/02\/30-ans-Travail-05.png\"><img loading=\"lazy\" decoding=\"async\" class=\"aligncenter size-medium wp-image-4836\" title=\"30 ans Travail 05\" src=\"http:\/\/soeurs-de-stgildas-nantes.cef.fr\/wp-content\/uploads\/2013\/02\/30-ans-Travail-05-255x300.png\" alt=\"\" width=\"153\" height=\"180\" srcset=\"https:\/\/soeurs-de-stgildas-nantes.cef.fr\/wp-content\/uploads\/2013\/02\/30-ans-Travail-05-255x300.png 255w, https:\/\/soeurs-de-stgildas-nantes.cef.fr\/wp-content\/uploads\/2013\/02\/30-ans-Travail-05.png 496w\" sizes=\"auto, (max-width: 153px) 100vw, 153px\" \/><\/a><\/td>\n<td style=\"width: 19%;\">Madame Paitier, directrice de l&rsquo;\u00e9tablissement,<\/p>\n<p>rappelle l&rsquo;\u00e9volution de leur carri\u00e8re :<\/p>\n<p>embauch\u00e9es toutes les deux en qualit\u00e9 d&rsquo;ASH,<\/p>\n<p>elles ont suivi une formation<\/p>\n<p>et obtenu le dipl\u00f4me d&rsquo;aide-soignante !<\/td>\n<\/tr>\n<tr>\n<td style=\"width: 17%;\"><a href=\"http:\/\/soeurs-de-stgildas-nantes.cef.fr\/wp-content\/uploads\/2013\/02\/30-ans-Travail-03.jpg\"><img loading=\"lazy\" decoding=\"async\" class=\"alignleft size-thumbnail wp-image-4846\" title=\"30 ans Travail 03\" src=\"http:\/\/soeurs-de-stgildas-nantes.cef.fr\/wp-content\/uploads\/2013\/02\/30-ans-Travail-03-150x150.jpg\" alt=\"\" width=\"150\" height=\"150\" \/><\/a><\/td>\n<td style=\"width: 19%;\">L&rsquo;une, veilleuse de nuit, ne compte pas ses pas : sa disponibilit\u00e9 et son \u00e9coute rassurent les r\u00e9sidents !<\/p>\n<p>L&rsquo;autre garde toujours, avec dynamisme, le sens du service et le souci du bien-\u00eatre de chacun, personnel et r\u00e9sidents .<\/td>\n<td style=\"width: 13%;\"><a href=\"http:\/\/soeurs-de-stgildas-nantes.cef.fr\/wp-content\/uploads\/2013\/02\/30-ans-Travail-02.png\"><img loading=\"lazy\" decoding=\"async\" class=\"aligncenter size-thumbnail wp-image-4847\" title=\"30 ans Travail 02\" src=\"http:\/\/soeurs-de-stgildas-nantes.cef.fr\/wp-content\/uploads\/2013\/02\/30-ans-Travail-02-150x150.png\" alt=\"\" width=\"150\" height=\"150\" \/><\/a><\/td>\n<\/tr>\n<tr>\n<td style=\"width: 12%;\"><a href=\"http:\/\/soeurs-de-stgildas-nantes.cef.fr\/wp-content\/uploads\/2013\/02\/30-ans-Travail-06.png\"><img loading=\"lazy\" decoding=\"async\" class=\"alignleft size-thumbnail wp-image-4853\" title=\"30 ans Travail 06\" src=\"http:\/\/soeurs-de-stgildas-nantes.cef.fr\/wp-content\/uploads\/2013\/02\/30-ans-Travail-06-150x150.png\" alt=\"\" width=\"150\" height=\"150\" \/><\/a><\/td>\n<td style=\"width: 12%;\"><a href=\"http:\/\/soeurs-de-stgildas-nantes.cef.fr\/wp-content\/uploads\/2013\/02\/30-ans-Travail-04.jpg\"><img loading=\"lazy\" decoding=\"async\" class=\"alignleft size-thumbnail wp-image-4854\" title=\"30 ans Travail 04\" src=\"http:\/\/soeurs-de-stgildas-nantes.cef.fr\/wp-content\/uploads\/2013\/02\/30-ans-Travail-04-150x150.jpg\" alt=\"\" width=\"150\" height=\"150\" \/><\/a><\/td>\n<td style=\"width: 19%;\">Madame Paitier et<br \/>\nSoeur Monique Bouchet<br \/>\nremercient chaleureusement<\/p>\n<p>les deux d\u00e9cor\u00e9es,<\/p>\n<p>au nom de la Congr\u00e9gation,<br \/>\nde l&rsquo;Association<br \/>\net de tous ceux qui sont \u00e0 la<\/p>\n<p>Maison Michelle Guillaume !<\/td>\n<\/tr>\n<\/tbody>\n<\/table>\n","protected":false},"excerpt":{"rendered":"<p>Grande premi\u00e8re en ce jeudi 24 janvier 2013 : mettre \u00e0 l&rsquo;honneur Mesdames Pascale Beno\u00eet et Roselyne Turcaud et les d\u00e9corer de la m\u00e9daille de vermeil ! Soeur Monique Bouchet, pr\u00e9sidente de l&rsquo;association gestionnaire, rappelle que depuis leur arriv\u00e9e en 1981, bien des choses ont chang\u00e9, tant dans l&rsquo;organisation du travail, que dans les structures [&hellip;]<\/p>\n","protected":false},"author":3,"featured_media":0,"parent":134,"menu_order":0,"comment_status":"closed","ping_status":"closed","template":"","meta":{"ngg_post_thumbnail":0,"footnotes":""},"class_list":["post-4832","page","type-page","status-publish","hentry"],"_links":{"self":[{"href":"https:\/\/soeurs-de-stgildas-nantes.cef.fr\/index.php?rest_route=\/wp\/v2\/pages\/4832","targetHints":{"allow":["GET"]}}],"collection":[{"href":"https:\/\/soeurs-de-stgildas-nantes.cef.fr\/index.php?rest_route=\/wp\/v2\/pages"}],"about":[{"href":"https:\/\/soeurs-de-stgildas-nantes.cef.fr\/index.php?rest_route=\/wp\/v2\/types\/page"}],"author":[{"embeddable":true,"href":"https:\/\/soeurs-de-stgildas-nantes.cef.fr\/index.php?rest_route=\/wp\/v2\/users\/3"}],"replies":[{"embeddable":true,"href":"https:\/\/soeurs-de-stgildas-nantes.cef.fr\/index.php?rest_route=%2Fwp%2Fv2%2Fcomments&post=4832"}],"version-history":[{"count":21,"href":"https:\/\/soeurs-de-stgildas-nantes.cef.fr\/index.php?rest_route=\/wp\/v2\/pages\/4832\/revisions"}],"predecessor-version":[{"id":4859,"href":"https:\/\/soeurs-de-stgildas-nantes.cef.fr\/index.php?rest_route=\/wp\/v2\/pages\/4832\/revisions\/4859"}],"up":[{"embeddable":true,"href":"https:\/\/soeurs-de-stgildas-nantes.cef.fr\/index.php?rest_route=\/wp\/v2\/pages\/134"}],"wp:attachment":[{"href":"https:\/\/soeurs-de-stgildas-nantes.cef.fr\/index.php?rest_route=%2Fwp%2Fv2%2Fmedia&parent=4832"}],"curies":[{"name":"wp","href":"https:\/\/api.w.org\/{rel}","templated":true}]}}