{"id":4297,"date":"2012-10-07T19:39:58","date_gmt":"2012-10-07T19:39:58","guid":{"rendered":"http:\/\/soeurs-de-stgildas-nantes.cef.fr\/?page_id=4297"},"modified":"2017-09-14T14:17:28","modified_gmt":"2017-09-14T14:17:28","slug":"inscription-a-un-mardi-de-ressourcement","status":"publish","type":"page","link":"https:\/\/soeurs-de-stgildas-nantes.cef.fr\/?page_id=4297","title":{"rendered":"Inscription \u00e0 un mardi de Ressourcement 2017-2018"},"content":{"rendered":"<h2 style=\"text-align: center;\"><span style=\"color: #0000ff; font-size: 14pt;\">Bulletin d\u2019inscription<\/span><\/h2>\n<p style=\"text-align: center;\">Nom Pr\u00e9nom : \u2026\u2026\u2026\u2026\u2026\u2026\u2026\u2026\u2026\u2026\u2026\u2026\u2026\u2026&#8230;&#8230;&#8230;&#8230;&#8230;&#8230;&#8230;&#8230;&#8230;&#8230;&#8230;&#8230;&#8230;&#8230;&#8230;&#8230;&#8230;&#8230;.<\/p>\n<p style=\"text-align: center;\">Adresse :\u2026\u2026\u2026\u2026\u2026\u2026\u2026\u2026\u2026\u2026\u2026\u2026\u2026\u2026\u2026\u2026&#8230;&#8230;&#8230;&#8230;&#8230;&#8230;&#8230;&#8230;&#8230;&#8230;&#8230;&#8230;&#8230;&#8230;&#8230;&#8230;&#8230;&#8230;&#8230;..<\/p>\n<p style=\"text-align: center;\">Commune: &#8230;&#8230;&#8230;&#8230;&#8230;&#8230;&#8230;&#8230;&#8230;&#8230;&#8230;&#8230;&#8230;&#8230;&#8230;&#8230;&#8230;&#8230;&#8230;&#8230;&#8230;&#8230;&#8230;&#8230;&#8230;&#8230;&#8230;&#8230;&#8230;&#8230;&#8230;&#8230;&#8230;&#8230;..<\/p>\n<p style=\"text-align: center;\">T\u00e9l :\u00a0 \u2026\u2026\u2026\u2026\u2026\u2026&#8230;&#8230;&#8230;&#8230;&#8230;&#8230;&#8230; Courriel : \u2026\u2026\u2026\u2026\u2026\u2026\u2026&#8230;&#8230;&#8230;&#8230;&#8230;&#8230;&#8230;&#8230;&#8230;&#8230;&#8230;..<\/p>\n<h2 style=\"text-align: center;\"><span style=\"font-size: 12pt;\"><span style=\"color: #800000;\"><span style=\"color: #800080;\"><span style=\"color: #0000ff;\">S&rsquo;inscrit\u00a0au(x) mardi(s) de ressourcement :<\/span><\/span><\/span><\/span><\/h2>\n<p style=\"text-align: center;\"><strong><span style=\"color: #800000;\"><br \/>\n<\/span><\/strong><span style=\"font-size: 10pt;\">(<em>les\u00a02 journ\u00e9es sont ind\u00e9pendantes )<\/em><\/span><\/p>\n<table class=\" aligncenter\" style=\"line-height: normal; width: 100%;\" border=\"0\" align=\"center\">\n<tbody>\n<tr>\n<td style=\"width: 25%; text-align: center; vertical-align: middle;\" align=\"center\" valign=\"middle\">&nbsp;<\/p>\n<p><span style=\"color: #0000ff; font-size: 10pt;\"><strong>7 Novembre 2017<\/strong><\/span><\/p>\n<p>&nbsp;<\/p>\n<p>&nbsp;<\/td>\n<td style=\"width: 25%; text-align: center; vertical-align: middle;\" align=\"left\" valign=\"middle\"><span style=\"font-size: 10pt;\">M\u00e9diter quelques psaumes pour apprendre et r\u00e9apprendre la louange\u00a0<\/span><\/p>\n<p style=\"text-align: right;\">\u00a0<span style=\"font-size: 10pt;\"><em><span style=\"font-family: georgia,palatino,serif;\">avec S\u0153ur Agn\u00e8s LOQUAIS, s\u0153ur de St Gildas<\/span> <\/em><\/span><\/p>\n<p style=\"text-align: right;\">\n<p style=\"text-align: right;\">\n<\/td>\n<td style=\"width: 25%; text-align: center; vertical-align: middle;\" align=\"center\" valign=\"middle\">&nbsp;<\/p>\n<p><span style=\"font-size: 8pt;\">OUI\u00a0\u00a0 NON\u00a0 (1)<\/span><\/p>\n<p>&nbsp;<\/p>\n<p>&nbsp;<\/td>\n<\/tr>\n<tr>\n<td style=\"width: 25%; text-align: center; vertical-align: middle;\" align=\"center\" valign=\"middle\"><span style=\"color: #0000ff; font-size: 10pt;\"><strong>16 Janvier 2018<\/strong><\/span><\/td>\n<td style=\"width: 60%; text-align: center; vertical-align: middle;\" align=\"left\" valign=\"middle\"><span style=\"font-size: 10pt;\">Se laisser visiter par la force de vie de J\u00e9sus<\/span><\/p>\n<p style=\"text-align: right;\"><span style=\"font-size: 10pt;\"><em><span style=\"font-family: georgia,palatino,serif;\">avec S\u0153ur Madeleine CLOUET, s\u0153ur de St Gildas<\/span><\/em><\/span><\/p>\n<\/td>\n<td style=\"width: 15%; text-align: center; vertical-align: middle;\" align=\"center\" valign=\"middle\"><span style=\"font-size: x-small;\">OUI\u00a0\u00a0 NON\u00a0\u00a0<span style=\"font-size: xx-small;\"> (1)<\/span><\/span><\/td>\n<\/tr>\n<tr>\n<td style=\"width: 18%;\"><\/td>\n<td style=\"width: 55%;\" align=\"right\" valign=\"middle\">\n<p style=\"text-align: right;\"><em><span style=\"font-size: x-small;\"><span style=\"font-size: xx-small;\">(1) <\/span><span style=\"font-size: xx-small;\">rayer la mention inutile <\/span><\/span><\/em><\/p>\n<\/td>\n<td style=\"width: 10%;\" align=\"center\" valign=\"middle\"><\/td>\n<\/tr>\n<\/tbody>\n<\/table>\n<p style=\"text-align: center;\"><span style=\"font-size: 10pt;\">Toutes les journ\u00e9es se d\u00e9roulent \u00e0 l\u2019Espace Notre Dame de <strong>10H \u00e0 16H30<br \/>\n<\/strong>Apporter son pique-nique. Caf\u00e9 offert.<\/span><\/p>\n<p style=\"text-align: center;\"><span style=\"font-size: 10pt;\">Bulletin \u00e0\u00a0 imprimer et \u00e0 renvoyer (<em>au moins 15 jours avant la date choisie<\/em>) \u00e0<\/span><\/p>\n<p style=\"text-align: center;\"><span style=\"font-size: 10pt;\"><em>Espace Notre Dame\u00a0&#8211;\u00a0Ressourcement<br \/>\n<\/em><em>15 rue du pont <\/em><em>44530 Saint Gildas des Bois<br \/>\n<\/em><em>T\u00e9l : 02 40 01\u00a045 89<br \/>\n<\/em><em>Courriel :<\/em> espace.notredame@orange.fr<\/span><\/p>\n<p style=\"text-align: center;\"><em><br \/>\n<\/em><\/p>\n<p style=\"text-align: center;\"><em><br \/>\n<\/em><\/p>\n<p style=\"text-align: center;\"><em><br \/>\n<\/em><\/p>\n","protected":false},"excerpt":{"rendered":"<p>Bulletin d\u2019inscription Nom Pr\u00e9nom : \u2026\u2026\u2026\u2026\u2026\u2026\u2026\u2026\u2026\u2026\u2026\u2026\u2026\u2026&#8230;&#8230;&#8230;&#8230;&#8230;&#8230;&#8230;&#8230;&#8230;&#8230;&#8230;&#8230;&#8230;&#8230;&#8230;&#8230;&#8230;&#8230;. Adresse :\u2026\u2026\u2026\u2026\u2026\u2026\u2026\u2026\u2026\u2026\u2026\u2026\u2026\u2026\u2026\u2026&#8230;&#8230;&#8230;&#8230;&#8230;&#8230;&#8230;&#8230;&#8230;&#8230;&#8230;&#8230;&#8230;&#8230;&#8230;&#8230;&#8230;&#8230;&#8230;.. Commune: &#8230;&#8230;&#8230;&#8230;&#8230;&#8230;&#8230;&#8230;&#8230;&#8230;&#8230;&#8230;&#8230;&#8230;&#8230;&#8230;&#8230;&#8230;&#8230;&#8230;&#8230;&#8230;&#8230;&#8230;&#8230;&#8230;&#8230;&#8230;&#8230;&#8230;&#8230;&#8230;&#8230;&#8230;.. T\u00e9l :\u00a0 \u2026\u2026\u2026\u2026\u2026\u2026&#8230;&#8230;&#8230;&#8230;&#8230;&#8230;&#8230; Courriel : \u2026\u2026\u2026\u2026\u2026\u2026\u2026&#8230;&#8230;&#8230;&#8230;&#8230;&#8230;&#8230;&#8230;&#8230;&#8230;&#8230;.. S&rsquo;inscrit\u00a0au(x) mardi(s) de ressourcement : (les\u00a02 journ\u00e9es sont ind\u00e9pendantes ) &nbsp; 7 Novembre 2017 &nbsp; &nbsp; M\u00e9diter quelques psaumes pour apprendre et r\u00e9apprendre la louange\u00a0 \u00a0avec S\u0153ur Agn\u00e8s LOQUAIS, s\u0153ur de St Gildas &nbsp; OUI\u00a0\u00a0 NON\u00a0 (1) &nbsp; &nbsp; [&hellip;]<\/p>\n","protected":false},"author":3,"featured_media":0,"parent":136,"menu_order":0,"comment_status":"closed","ping_status":"closed","template":"","meta":{"ngg_post_thumbnail":0,"footnotes":""},"class_list":["post-4297","page","type-page","status-publish","hentry"],"_links":{"self":[{"href":"https:\/\/soeurs-de-stgildas-nantes.cef.fr\/index.php?rest_route=\/wp\/v2\/pages\/4297","targetHints":{"allow":["GET"]}}],"collection":[{"href":"https:\/\/soeurs-de-stgildas-nantes.cef.fr\/index.php?rest_route=\/wp\/v2\/pages"}],"about":[{"href":"https:\/\/soeurs-de-stgildas-nantes.cef.fr\/index.php?rest_route=\/wp\/v2\/types\/page"}],"author":[{"embeddable":true,"href":"https:\/\/soeurs-de-stgildas-nantes.cef.fr\/index.php?rest_route=\/wp\/v2\/users\/3"}],"replies":[{"embeddable":true,"href":"https:\/\/soeurs-de-stgildas-nantes.cef.fr\/index.php?rest_route=%2Fwp%2Fv2%2Fcomments&post=4297"}],"version-history":[{"count":51,"href":"https:\/\/soeurs-de-stgildas-nantes.cef.fr\/index.php?rest_route=\/wp\/v2\/pages\/4297\/revisions"}],"predecessor-version":[{"id":10766,"href":"https:\/\/soeurs-de-stgildas-nantes.cef.fr\/index.php?rest_route=\/wp\/v2\/pages\/4297\/revisions\/10766"}],"up":[{"embeddable":true,"href":"https:\/\/soeurs-de-stgildas-nantes.cef.fr\/index.php?rest_route=\/wp\/v2\/pages\/136"}],"wp:attachment":[{"href":"https:\/\/soeurs-de-stgildas-nantes.cef.fr\/index.php?rest_route=%2Fwp%2Fv2%2Fmedia&parent=4297"}],"curies":[{"name":"wp","href":"https:\/\/api.w.org\/{rel}","templated":true}]}}