{"id":3842,"date":"2012-05-29T10:07:47","date_gmt":"2012-05-29T10:07:47","guid":{"rendered":"http:\/\/soeurs-de-stgildas-nantes.cef.fr\/?page_id=3842"},"modified":"2012-05-29T10:40:34","modified_gmt":"2012-05-29T10:40:34","slug":"sur-les-pas-de-gabriel-deshayes","status":"publish","type":"page","link":"https:\/\/soeurs-de-stgildas-nantes.cef.fr\/?page_id=3842","title":{"rendered":"Sur les pas de Gabriel DESHAYES :"},"content":{"rendered":"<p><a title=\"NOUVEAU !\" href=\"http:\/\/soeurs-de-stgildas-nantes.cef.fr\/?page_id=3797\"><span style=\"color: #800000;\"><span style=\"font-size: large;\"><em><strong>P\u00e8lerinage de la clandestinit\u00e9<\/strong><\/em><\/span><\/span><\/a><\/p>\n<p>Le jeudi 10 mai 2012,\u00a0 l&rsquo; Association  \u00ab\u00a0Les Amis de Gabriel Deshayes d&rsquo;Auray\u00a0\u00bb a organis\u00e9 une journ\u00e9e de p\u00e9r\u00e9grination sur les lieux o\u00f9 Gabriel Deshayes\u00a0 s&rsquo;est cach\u00e9 afin d&rsquo;accompagner dans la Foi, les Chr\u00e9tiens pendant la p\u00e9riode trouble de la R\u00e9volution, au risque de leur vie.<\/p>\n<p>Rendez-vous au \u00ab\u00a0<strong>Verger<\/strong>\u00a0\u00bb o\u00f9 plus de quatre-vingt-dix personnes  (dont quelques S\u0153urs de Saint-Gildas, ainsi que Maurice et \u00c9mile du  Dresny), se sont ensuite dirig\u00e9es vers la petite \u00e9glise du village pour  partager l&rsquo; Eucharistie.<\/p>\n<table style=\"width: 100%;\" border=\"0\">\n<tbody>\n<tr>\n<td style=\"width: 17%;\"><a href=\"http:\/\/soeurs-de-stgildas-nantes.cef.fr\/wp-content\/uploads\/2012\/05\/Groupe-01.jpg\"><img loading=\"lazy\" decoding=\"async\" class=\"aligncenter size-thumbnail wp-image-3845\" title=\"Groupe 01\" src=\"http:\/\/soeurs-de-stgildas-nantes.cef.fr\/wp-content\/uploads\/2012\/05\/Groupe-01-150x150.jpg\" alt=\"\" width=\"150\" height=\"150\" \/><\/a><\/td>\n<td style=\"width: 17%;\"><a href=\"http:\/\/soeurs-de-stgildas-nantes.cef.fr\/wp-content\/uploads\/2012\/05\/Le-groupe-des-p\u00e8lerins.jpg\"><img loading=\"lazy\" decoding=\"async\" class=\"aligncenter size-thumbnail wp-image-3850\" title=\"Le groupe des p\u00e8lerins\" src=\"http:\/\/soeurs-de-stgildas-nantes.cef.fr\/wp-content\/uploads\/2012\/05\/Le-groupe-des-p\u00e8lerins-150x150.jpg\" alt=\"\" width=\"150\" height=\"150\" \/><\/a><\/td>\n<td style=\"width: 17%;\"><a href=\"http:\/\/soeurs-de-stgildas-nantes.cef.fr\/wp-content\/uploads\/2012\/05\/groupe-02.jpg\"><img loading=\"lazy\" decoding=\"async\" class=\"aligncenter size-thumbnail wp-image-3846\" title=\"groupe 02\" src=\"http:\/\/soeurs-de-stgildas-nantes.cef.fr\/wp-content\/uploads\/2012\/05\/groupe-02-150x150.jpg\" alt=\"\" width=\"150\" height=\"150\" \/><\/a><\/td>\n<\/tr>\n<\/tbody>\n<\/table>\n<p>Puis les guides conduisent le groupe vers le <strong>manoir de la Bonnais <\/strong> o\u00f9 le ma\u00eetre des lieux est heureux de pr\u00e9senter l&rsquo;histoire du domaine.<\/p>\n<p><strong>Le ch\u00eane creux<\/strong> plusieurs fois centenaire, quelque peu vieilli &#8230;  mais toujours t\u00e9moin, plus de deux cents ans apr\u00e8s, de l&rsquo;astuce de ceux  qui cachaient en son c\u0153ur  les ornements sacerdotaux.<\/p>\n<table style=\"width: 100%;\" border=\"0\">\n<tbody>\n<tr>\n<td style=\"width: 17%;\"><a href=\"http:\/\/soeurs-de-stgildas-nantes.cef.fr\/wp-content\/uploads\/2012\/05\/Le-ch\u00eane-creux1.jpg\"><img loading=\"lazy\" decoding=\"async\" class=\"aligncenter size-thumbnail wp-image-3851\" title=\"Le ch\u00eane creux\" src=\"http:\/\/soeurs-de-stgildas-nantes.cef.fr\/wp-content\/uploads\/2012\/05\/Le-ch\u00eane-creux1-150x150.jpg\" alt=\"\" width=\"150\" height=\"150\" \/><\/a><\/td>\n<td style=\"width: 17%;\"><a href=\"http:\/\/soeurs-de-stgildas-nantes.cef.fr\/wp-content\/uploads\/2012\/05\/groupe-03.jpg\"><img loading=\"lazy\" decoding=\"async\" class=\"aligncenter size-thumbnail wp-image-3852\" title=\"groupe 03\" src=\"http:\/\/soeurs-de-stgildas-nantes.cef.fr\/wp-content\/uploads\/2012\/05\/groupe-03-150x150.jpg\" alt=\"\" width=\"150\" height=\"150\" \/><\/a><\/td>\n<td style=\"width: 17%;\"><a href=\"http:\/\/soeurs-de-stgildas-nantes.cef.fr\/wp-content\/uploads\/2012\/05\/Dans-l\u00e9glise.jpg\"><img loading=\"lazy\" decoding=\"async\" class=\"aligncenter size-thumbnail wp-image-3854\" title=\"Dans l'\u00e9glise\" src=\"http:\/\/soeurs-de-stgildas-nantes.cef.fr\/wp-content\/uploads\/2012\/05\/Dans-l\u00e9glise-150x150.jpg\" alt=\"\" width=\"150\" height=\"150\" \/><\/a><\/td>\n<\/tr>\n<\/tbody>\n<\/table>\n<p>Apr\u00e8s le d\u00e9jeuner, c&rsquo;est vers PAIMPONT que nous nous dirigeons., cette magnifique for\u00eat, dont Gabriel  emprunta si souvent les sentiers pour desservir discr\u00e8tement les fermes isol\u00e9es. Le P\u00e8re Le Dorze est heureux de nous recevoir dans l&rsquo;abbatiale et nous y retracer son histoire.<\/p>\n<table style=\"width: 100%;\" border=\"0\">\n<tbody>\n<tr>\n<td style=\"width: 17%;\"><a href=\"http:\/\/soeurs-de-stgildas-nantes.cef.fr\/wp-content\/uploads\/2012\/05\/Dans-l\u00e9glise-1.jpg\"><img loading=\"lazy\" decoding=\"async\" class=\"aligncenter size-thumbnail wp-image-3857\" title=\"Dans l'\u00e9glise 1\" src=\"http:\/\/soeurs-de-stgildas-nantes.cef.fr\/wp-content\/uploads\/2012\/05\/Dans-l\u00e9glise-1-150x150.jpg\" alt=\"\" width=\"150\" height=\"150\" \/><\/a><\/td>\n<td style=\"width: 17%; text-align: center;\"><img loading=\"lazy\" decoding=\"async\" title=\"beignon2\" src=\"http:\/\/soeurs-de-stgildas-nantes.cef.fr\/wp-content\/uploads\/2011\/01\/beignon2.jpg\" alt=\"Beignon\" width=\"202\" height=\"151\" \/><\/td>\n<td style=\"width: 17%;\"><a href=\"http:\/\/soeurs-de-stgildas-nantes.cef.fr\/wp-content\/uploads\/2012\/05\/Pri\u00e8re-10-5-2012-5.jpg\"><img loading=\"lazy\" decoding=\"async\" class=\"aligncenter size-thumbnail wp-image-3858\" title=\"Pri\u00e8re 10-5-2012 (5)\" src=\"http:\/\/soeurs-de-stgildas-nantes.cef.fr\/wp-content\/uploads\/2012\/05\/Pri\u00e8re-10-5-2012-5-150x150.jpg\" alt=\"\" width=\"150\" height=\"150\" \/><\/a><\/td>\n<\/tr>\n<\/tbody>\n<\/table>\n<p>BEIGNON<strong>, <\/strong>derni\u00e8re \u00e9tape de notre p\u00e8lerinage, d&rsquo;abord \u00e0 l&rsquo;\u00e9glise, mais impossible de se disperser sans aller \u00e0 <strong>la maison natale<\/strong>,\u00a0 et  d\u00e9couvrir le <strong>mus\u00e9e<\/strong>, de se recueillir dans le  <strong>pavillon <\/strong>trop petit pour contenir les P\u00e8lerins. Dans le calme de la nature,  nous chantons l&rsquo;office du soir.<\/p>\n<p>Merci pour tous ces ouvriers et ouvri\u00e8res qui ont  march\u00e9 dans le sillage du P\u00e8re Deshayes&#8230; qui \u0153uvrent aujourd&rsquo;hui, \u00e0 sa suite&#8230; et pour ceux qui viendront travailler demain pour la Gloire de Dieu, dans\u00a0 l&rsquo;\u00c9glise au service des plus petits.<\/p>\n<p><span style=\"font-size: x-small;\"><em>(Extraits du compte-rendu de Colette Musti\u00e8re et Ren\u00e9e Doucet)<\/em><\/span><\/p>\n","protected":false},"excerpt":{"rendered":"<p>P\u00e8lerinage de la clandestinit\u00e9 Le jeudi 10 mai 2012,\u00a0 l&rsquo; Association \u00ab\u00a0Les Amis de Gabriel Deshayes d&rsquo;Auray\u00a0\u00bb a organis\u00e9 une journ\u00e9e de p\u00e9r\u00e9grination sur les lieux o\u00f9 Gabriel Deshayes\u00a0 s&rsquo;est cach\u00e9 afin d&rsquo;accompagner dans la Foi, les Chr\u00e9tiens pendant la p\u00e9riode trouble de la R\u00e9volution, au risque de leur vie. Rendez-vous au \u00ab\u00a0Verger\u00a0\u00bb o\u00f9 plus [&hellip;]<\/p>\n","protected":false},"author":3,"featured_media":0,"parent":149,"menu_order":1,"comment_status":"closed","ping_status":"closed","template":"","meta":{"ngg_post_thumbnail":0,"footnotes":""},"class_list":["post-3842","page","type-page","status-publish","hentry"],"_links":{"self":[{"href":"https:\/\/soeurs-de-stgildas-nantes.cef.fr\/index.php?rest_route=\/wp\/v2\/pages\/3842","targetHints":{"allow":["GET"]}}],"collection":[{"href":"https:\/\/soeurs-de-stgildas-nantes.cef.fr\/index.php?rest_route=\/wp\/v2\/pages"}],"about":[{"href":"https:\/\/soeurs-de-stgildas-nantes.cef.fr\/index.php?rest_route=\/wp\/v2\/types\/page"}],"author":[{"embeddable":true,"href":"https:\/\/soeurs-de-stgildas-nantes.cef.fr\/index.php?rest_route=\/wp\/v2\/users\/3"}],"replies":[{"embeddable":true,"href":"https:\/\/soeurs-de-stgildas-nantes.cef.fr\/index.php?rest_route=%2Fwp%2Fv2%2Fcomments&post=3842"}],"version-history":[{"count":16,"href":"https:\/\/soeurs-de-stgildas-nantes.cef.fr\/index.php?rest_route=\/wp\/v2\/pages\/3842\/revisions"}],"predecessor-version":[{"id":3864,"href":"https:\/\/soeurs-de-stgildas-nantes.cef.fr\/index.php?rest_route=\/wp\/v2\/pages\/3842\/revisions\/3864"}],"up":[{"embeddable":true,"href":"https:\/\/soeurs-de-stgildas-nantes.cef.fr\/index.php?rest_route=\/wp\/v2\/pages\/149"}],"wp:attachment":[{"href":"https:\/\/soeurs-de-stgildas-nantes.cef.fr\/index.php?rest_route=%2Fwp%2Fv2%2Fmedia&parent=3842"}],"curies":[{"name":"wp","href":"https:\/\/api.w.org\/{rel}","templated":true}]}}