{"id":3458,"date":"2012-02-10T08:02:11","date_gmt":"2012-02-10T08:02:11","guid":{"rendered":"http:\/\/soeurs-de-stgildas-nantes.cef.fr\/?page_id=3458"},"modified":"2012-02-10T08:05:44","modified_gmt":"2012-02-10T08:05:44","slug":"grande-fete-personnel-et-residentes","status":"publish","type":"page","link":"https:\/\/soeurs-de-stgildas-nantes.cef.fr\/?page_id=3458","title":{"rendered":"Grande f\u00eate : Personnel et R\u00e9sident(e)s"},"content":{"rendered":"<p style=\"text-align: center;\"><strong>On ne s&rsquo;ennuie pas \u00e0 la \u00ab\u00a0Maison Michelle Guillaume\u00a0\u00bb !<\/strong><\/p>\n<p style=\"text-align: center;\"><strong>En ce jeudi 26 janvier, tout le monde \u00e9tait sur le pont,<br \/>\nc&rsquo;est-\u00e0-dire \u00e0 la salle polyvalente tr\u00e8s bien d\u00e9cor\u00e9e &#8230;<\/strong><\/p>\n<p style=\"text-align: center;\"><strong>Voici quelques aspects de ces moments inoubliables !<br \/>\n<\/strong><\/p>\n<table style=\"width: 100%;\" border=\"0\">\n<tbody>\n<tr>\n<td style=\"width: 15%;\">\n<p><div id=\"attachment_3459\" style=\"width: 160px\" class=\"wp-caption aligncenter\"><a href=\"http:\/\/soeurs-de-stgildas-nantes.cef.fr\/wp-content\/uploads\/2012\/02\/FETE-MMG-12.jpg\"><img loading=\"lazy\" decoding=\"async\" aria-describedby=\"caption-attachment-3459\" class=\"size-thumbnail wp-image-3459\" title=\"FETE MMG 12\" src=\"http:\/\/soeurs-de-stgildas-nantes.cef.fr\/wp-content\/uploads\/2012\/02\/FETE-MMG-12-150x150.jpg\" alt=\"\" width=\"150\" height=\"150\" \/><\/a><p id=\"caption-attachment-3459\" class=\"wp-caption-text\">Salle accueillante<\/p><\/div><\/td>\n<td style=\"width: 15%;\"><a href=\"http:\/\/soeurs-de-stgildas-nantes.cef.fr\/wp-content\/uploads\/2012\/02\/FETE-MMG-07.jpg\"><img loading=\"lazy\" decoding=\"async\" class=\"aligncenter size-thumbnail wp-image-3462\" title=\"FETE MMG 07\" src=\"http:\/\/soeurs-de-stgildas-nantes.cef.fr\/wp-content\/uploads\/2012\/02\/FETE-MMG-07-150x150.jpg\" alt=\"\" width=\"150\" height=\"150\" \/><\/a><\/td>\n<td style=\"width: 15%;\"><a href=\"http:\/\/soeurs-de-stgildas-nantes.cef.fr\/wp-content\/uploads\/2012\/02\/FETE-MMG-08.jpg\"><img loading=\"lazy\" decoding=\"async\" class=\"aligncenter size-thumbnail wp-image-3463\" title=\"FETE MMG 08\" src=\"http:\/\/soeurs-de-stgildas-nantes.cef.fr\/wp-content\/uploads\/2012\/02\/FETE-MMG-08-150x150.jpg\" alt=\"\" width=\"150\" height=\"150\" \/><\/a><\/td>\n<\/tr>\n<tr>\n<td style=\"width: 15%;\"><a href=\"http:\/\/soeurs-de-stgildas-nantes.cef.fr\/wp-content\/uploads\/2012\/02\/FETE-MMG-09.jpg\"><img loading=\"lazy\" decoding=\"async\" class=\"aligncenter size-thumbnail wp-image-3464\" title=\"FETE MMG 09\" src=\"http:\/\/soeurs-de-stgildas-nantes.cef.fr\/wp-content\/uploads\/2012\/02\/FETE-MMG-09-150x150.jpg\" alt=\"\" width=\"150\" height=\"150\" \/><\/a><\/td>\n<td style=\"width: 15%;\">\n<p><div id=\"attachment_3469\" style=\"width: 160px\" class=\"wp-caption aligncenter\"><a href=\"http:\/\/soeurs-de-stgildas-nantes.cef.fr\/wp-content\/uploads\/2012\/02\/FETE-MMG-06.jpg\"><img loading=\"lazy\" decoding=\"async\" aria-describedby=\"caption-attachment-3469\" class=\"size-thumbnail wp-image-3469\" title=\"FETE MMG 06\" src=\"http:\/\/soeurs-de-stgildas-nantes.cef.fr\/wp-content\/uploads\/2012\/02\/FETE-MMG-06-150x150.jpg\" alt=\"\" width=\"150\" height=\"150\" \/><\/a><p id=\"caption-attachment-3469\" class=\"wp-caption-text\">Madame la Directrice et la doyenne des r\u00e9sidents<\/p><\/div><\/td>\n<td style=\"width: 15%;\"><a href=\"http:\/\/soeurs-de-stgildas-nantes.cef.fr\/wp-content\/uploads\/2012\/02\/FETE-MMG-101.jpg\"><img loading=\"lazy\" decoding=\"async\" class=\"aligncenter size-thumbnail wp-image-3468\" title=\"FETE MMG 10\" src=\"http:\/\/soeurs-de-stgildas-nantes.cef.fr\/wp-content\/uploads\/2012\/02\/FETE-MMG-101-150x150.jpg\" alt=\"\" width=\"150\" height=\"150\" \/><\/a><\/td>\n<\/tr>\n<\/tbody>\n<\/table>\n","protected":false},"excerpt":{"rendered":"<p>On ne s&rsquo;ennuie pas \u00e0 la \u00ab\u00a0Maison Michelle Guillaume\u00a0\u00bb ! En ce jeudi 26 janvier, tout le monde \u00e9tait sur le pont, c&rsquo;est-\u00e0-dire \u00e0 la salle polyvalente tr\u00e8s bien d\u00e9cor\u00e9e &#8230; Voici quelques aspects de ces moments inoubliables !<\/p>\n","protected":false},"author":3,"featured_media":0,"parent":134,"menu_order":0,"comment_status":"closed","ping_status":"closed","template":"","meta":{"ngg_post_thumbnail":0,"footnotes":""},"class_list":["post-3458","page","type-page","status-publish","hentry"],"_links":{"self":[{"href":"https:\/\/soeurs-de-stgildas-nantes.cef.fr\/index.php?rest_route=\/wp\/v2\/pages\/3458","targetHints":{"allow":["GET"]}}],"collection":[{"href":"https:\/\/soeurs-de-stgildas-nantes.cef.fr\/index.php?rest_route=\/wp\/v2\/pages"}],"about":[{"href":"https:\/\/soeurs-de-stgildas-nantes.cef.fr\/index.php?rest_route=\/wp\/v2\/types\/page"}],"author":[{"embeddable":true,"href":"https:\/\/soeurs-de-stgildas-nantes.cef.fr\/index.php?rest_route=\/wp\/v2\/users\/3"}],"replies":[{"embeddable":true,"href":"https:\/\/soeurs-de-stgildas-nantes.cef.fr\/index.php?rest_route=%2Fwp%2Fv2%2Fcomments&post=3458"}],"version-history":[{"count":5,"href":"https:\/\/soeurs-de-stgildas-nantes.cef.fr\/index.php?rest_route=\/wp\/v2\/pages\/3458\/revisions"}],"predecessor-version":[{"id":3478,"href":"https:\/\/soeurs-de-stgildas-nantes.cef.fr\/index.php?rest_route=\/wp\/v2\/pages\/3458\/revisions\/3478"}],"up":[{"embeddable":true,"href":"https:\/\/soeurs-de-stgildas-nantes.cef.fr\/index.php?rest_route=\/wp\/v2\/pages\/134"}],"wp:attachment":[{"href":"https:\/\/soeurs-de-stgildas-nantes.cef.fr\/index.php?rest_route=%2Fwp%2Fv2%2Fmedia&parent=3458"}],"curies":[{"name":"wp","href":"https:\/\/api.w.org\/{rel}","templated":true}]}}