{"id":3390,"date":"2012-01-16T15:00:10","date_gmt":"2012-01-16T15:00:10","guid":{"rendered":"http:\/\/soeurs-de-stgildas-nantes.cef.fr\/?page_id=3390"},"modified":"2012-02-10T13:00:54","modified_gmt":"2012-02-10T13:00:54","slug":"grand-moment-convivial","status":"publish","type":"page","link":"https:\/\/soeurs-de-stgildas-nantes.cef.fr\/?page_id=3390","title":{"rendered":"Grand moment convivial"},"content":{"rendered":"<p style=\"text-align: center;\">En ce dimanche 15 janvier, comme il \u00e9tait bon de se retrouver<\/p>\n<p style=\"text-align: center;\">autour d&rsquo;un bon feu de chemin\u00e9e,<\/p>\n<p style=\"text-align: center;\">pour jouer au loto !<\/p>\n<table style=\"width: 100%;\" border=\"0\">\n<tbody>\n<tr>\n<td style=\"width: 17%;\"><a href=\"http:\/\/soeurs-de-stgildas-nantes.cef.fr\/wp-content\/uploads\/2012\/01\/Noel-045reduite-loto.jpg\"><img loading=\"lazy\" decoding=\"async\" class=\"aligncenter size-thumbnail wp-image-3506\" title=\"Noel 045reduite loto\" src=\"http:\/\/soeurs-de-stgildas-nantes.cef.fr\/wp-content\/uploads\/2012\/01\/Noel-045reduite-loto-150x150.jpg\" alt=\"\" width=\"150\" height=\"150\" \/><\/a><\/td>\n<td style=\"width: 17%; text-align: center;\">Les heureuses\u00a0 gagnantes\u00a0\u00a0\u00a0 pourront<\/p>\n<p>naviguer\u00a0 sur les canaux de Bri\u00e8re<\/p>\n<p>ou\u00a0 faire\u00a0 un\u00a0 p\u00e9l\u00e9rinage \u00e0 Ste Anne d&rsquo;Auray<\/p>\n<p>ou\u00a0 se\u00a0 r\u00e9galer en communaut\u00e9\u00a0 dans\u00a0 une\u00a0 cr\u00eaperie<\/p>\n<p>ou plus\u00a0 simplement feuilleter les pages d&rsquo;un livre.<\/td>\n<td style=\"width: 17%;\"><a href=\"http:\/\/soeurs-de-stgildas-nantes.cef.fr\/wp-content\/uploads\/2012\/01\/Noel-046-reduite-loto.jpg\"><img loading=\"lazy\" decoding=\"async\" class=\"aligncenter size-thumbnail wp-image-3507\" title=\"Noel 046 reduite loto\" src=\"http:\/\/soeurs-de-stgildas-nantes.cef.fr\/wp-content\/uploads\/2012\/01\/Noel-046-reduite-loto-150x150.jpg\" alt=\"\" width=\"150\" height=\"150\" \/><\/a><\/td>\n<\/tr>\n<tr>\n<td style=\"width: 17%;\"><a href=\"http:\/\/soeurs-de-stgildas-nantes.cef.fr\/wp-content\/uploads\/2012\/01\/Noel-050reduite-musiciens.jpg\"><img loading=\"lazy\" decoding=\"async\" class=\"aligncenter size-thumbnail wp-image-3512\" title=\"Noel 050reduite musiciens\" src=\"http:\/\/soeurs-de-stgildas-nantes.cef.fr\/wp-content\/uploads\/2012\/01\/Noel-050reduite-musiciens-150x150.jpg\" alt=\"\" width=\"150\" height=\"150\" \/><\/a><\/td>\n<td style=\"width: 17%; text-align: center;\"><a href=\"http:\/\/soeurs-de-stgildas-nantes.cef.fr\/wp-content\/uploads\/2012\/01\/Noel-049-reduite-musiciens.jpg\"><img loading=\"lazy\" decoding=\"async\" class=\"aligncenter size-thumbnail wp-image-3508\" title=\"Noel 049 reduite musiciens\" src=\"http:\/\/soeurs-de-stgildas-nantes.cef.fr\/wp-content\/uploads\/2012\/01\/Noel-049-reduite-musiciens-150x150.jpg\" alt=\"\" width=\"150\" height=\"150\" \/><\/a><\/td>\n<td style=\"width: 17%;\"><a href=\"http:\/\/soeurs-de-stgildas-nantes.cef.fr\/wp-content\/uploads\/2012\/01\/Noel-051reduite-musiciens.jpg\"><img loading=\"lazy\" decoding=\"async\" class=\"aligncenter size-thumbnail wp-image-3513\" title=\"Noel 051reduite musiciens\" src=\"http:\/\/soeurs-de-stgildas-nantes.cef.fr\/wp-content\/uploads\/2012\/01\/Noel-051reduite-musiciens-150x150.jpg\" alt=\"\" width=\"150\" height=\"150\" \/><\/a><\/td>\n<\/tr>\n<\/tbody>\n<\/table>\n<p style=\"text-align: center;\">En sortant du loto,<\/p>\n<p style=\"text-align: center;\">un groupe de musiciens nous a fait vibrer<\/p>\n<p style=\"text-align: center;\">aux sons d&rsquo;une musique irlandaise,<\/p>\n<p style=\"text-align: center;\">\u00e0 la grande joie de tous.<\/p>\n","protected":false},"excerpt":{"rendered":"<p>En ce dimanche 15 janvier, comme il \u00e9tait bon de se retrouver autour d&rsquo;un bon feu de chemin\u00e9e, pour jouer au loto ! Les heureuses\u00a0 gagnantes\u00a0\u00a0\u00a0 pourront naviguer\u00a0 sur les canaux de Bri\u00e8re ou\u00a0 faire\u00a0 un\u00a0 p\u00e9l\u00e9rinage \u00e0 Ste Anne d&rsquo;Auray ou\u00a0 se\u00a0 r\u00e9galer en communaut\u00e9\u00a0 dans\u00a0 une\u00a0 cr\u00eaperie ou plus\u00a0 simplement feuilleter les pages [&hellip;]<\/p>\n","protected":false},"author":3,"featured_media":0,"parent":132,"menu_order":1,"comment_status":"closed","ping_status":"closed","template":"","meta":{"ngg_post_thumbnail":0,"footnotes":""},"class_list":["post-3390","page","type-page","status-publish","hentry"],"_links":{"self":[{"href":"https:\/\/soeurs-de-stgildas-nantes.cef.fr\/index.php?rest_route=\/wp\/v2\/pages\/3390","targetHints":{"allow":["GET"]}}],"collection":[{"href":"https:\/\/soeurs-de-stgildas-nantes.cef.fr\/index.php?rest_route=\/wp\/v2\/pages"}],"about":[{"href":"https:\/\/soeurs-de-stgildas-nantes.cef.fr\/index.php?rest_route=\/wp\/v2\/types\/page"}],"author":[{"embeddable":true,"href":"https:\/\/soeurs-de-stgildas-nantes.cef.fr\/index.php?rest_route=\/wp\/v2\/users\/3"}],"replies":[{"embeddable":true,"href":"https:\/\/soeurs-de-stgildas-nantes.cef.fr\/index.php?rest_route=%2Fwp%2Fv2%2Fcomments&post=3390"}],"version-history":[{"count":7,"href":"https:\/\/soeurs-de-stgildas-nantes.cef.fr\/index.php?rest_route=\/wp\/v2\/pages\/3390\/revisions"}],"predecessor-version":[{"id":3393,"href":"https:\/\/soeurs-de-stgildas-nantes.cef.fr\/index.php?rest_route=\/wp\/v2\/pages\/3390\/revisions\/3393"}],"up":[{"embeddable":true,"href":"https:\/\/soeurs-de-stgildas-nantes.cef.fr\/index.php?rest_route=\/wp\/v2\/pages\/132"}],"wp:attachment":[{"href":"https:\/\/soeurs-de-stgildas-nantes.cef.fr\/index.php?rest_route=%2Fwp%2Fv2%2Fmedia&parent=3390"}],"curies":[{"name":"wp","href":"https:\/\/api.w.org\/{rel}","templated":true}]}}