{"id":2490,"date":"2011-07-18T10:48:25","date_gmt":"2011-07-18T10:48:25","guid":{"rendered":"http:\/\/soeurs-de-stgildas-nantes.cef.fr\/?page_id=2490"},"modified":"2020-04-29T16:11:00","modified_gmt":"2020-04-29T16:11:00","slug":"la-maison-michelle-guillaume-2","status":"publish","type":"page","link":"https:\/\/soeurs-de-stgildas-nantes.cef.fr\/?page_id=2490","title":{"rendered":"La Maison Michelle Guillaume"},"content":{"rendered":"<p><a href=\"http:\/\/soeurs-de-stgildas-nantes.cef.fr\/?page_id=13244\">Brin de Causette d&rsquo; avril 2020<\/a><\/p>\n<p><a href=\"https:\/\/www.youtube.com\/watch?v=OQWSrwnrNpI\">https:\/\/www.youtube.com\/watch?v=OQWSrwnrNpI<\/a><\/p>\n<p>Pour plus d&rsquo;informations:<\/p>\n<div style=\"text-align: center;\">\n<div style=\"margin: 8px 0px 4px;\"><a href=\"https:\/\/www.calameo.com\/books\/002529238877d33af0189\" target=\"_blank\" rel=\"noopener noreferrer\">Livret D Accueil 2019<\/a><\/div>\n<p><iframe loading=\"lazy\" style=\"margin: 0 auto;\" src=\"\/\/v.calameo.com\/?bkcode=002529238877d33af0189&amp;mode=mini&amp;view=book&amp;clickto=view&amp;clicktarget=_self\" width=\"480\" height=\"300\" frameborder=\"0\" scrolling=\"no\" allowfullscreen=\"allowfullscreen\"><\/iframe><\/p>\n<div style=\"margin: 4px 0px 8px;\"><\/div>\n<\/div>\n<p>Elle est comprise dans l\u2019ensemble architectural de la Maison-M\u00e8re des s\u0153urs de l\u2019Instruction Chr\u00e9tienne, dites de Saint-Gildas. Cet ensemble s\u2019est d\u00e9velopp\u00e9 \u00e0 partir des b\u00e2timents de <a href=\"http:\/\/soeurs-de-stgildas-nantes.cef.fr\/wp-content\/uploads\/2011\/07\/Maison-Michelle-Guillaume1.jpg\"><img loading=\"lazy\" decoding=\"async\" class=\"alignleft size-medium wp-image-2707\" title=\"Maison Michelle Guillaume\" src=\"http:\/\/soeurs-de-stgildas-nantes.cef.fr\/wp-content\/uploads\/2011\/07\/Maison-Michelle-Guillaume1-300x150.jpg\" alt=\"\" width=\"300\" height=\"150\" srcset=\"https:\/\/soeurs-de-stgildas-nantes.cef.fr\/wp-content\/uploads\/2011\/07\/Maison-Michelle-Guillaume1-300x150.jpg 300w, https:\/\/soeurs-de-stgildas-nantes.cef.fr\/wp-content\/uploads\/2011\/07\/Maison-Michelle-Guillaume1.jpg 773w\" sizes=\"auto, (max-width: 300px) 100vw, 300px\" \/><\/a>l\u2019ancienne abbaye b\u00e9n\u00e9dictine acquise par le Fondateur de la Congr\u00e9gation, Gabriel Deshayes, en 1828. Un certain nombre d\u2019extensions y ont \u00e9t\u00e9 ajout\u00e9es au fur et \u00e0 mesure de l\u2019\u00e9volution des besoins de la Congr\u00e9gation.<\/p>\n<p>En 2002, une r\u00e9flexion sur la d\u00e9mographie globale de la Congr\u00e9gation et les besoins d\u2019encadrement conclut \u00e0 la n\u00e9cessit\u00e9 de cr\u00e9er une structure de type EHPAD, g\u00e9r\u00e9e par une association.<\/p>\n<p>La Maison Michelle Guillaume est g\u00e9r\u00e9e par l\u2019Association Michelle Guillaume, association \u00e0 but non lucratif, de type loi 1901, avec un conseil d\u2019administration de 14 membres, compos\u00e9 de membres la\u00efcs et religieux. Elle est habilit\u00e9e \u00e0 recevoir des b\u00e9n\u00e9ficiaires de l\u2019aide sociale.<\/p>\n<p>La Maison Michelle Guillaume re\u00e7oit en priorit\u00e9 des s\u0153urs \u00e2g\u00e9es de Congr\u00e9gation de Saint-Gildas, et se doit de leur donner les moyens de vivre jusqu\u2019au bout en fid\u00e9lit\u00e9 \u00e0 ce qui a fait leur vie religieuse apostolique dont la dimension de vie communautaire est une dimension int\u00e9grante\u00a0;<\/p>\n<p>Elle est aussi ouverte \u00e0 des soeurs d\u2019autres congr\u00e9gations, des religieux ou des pr\u00eatres. Suivant la demande et conform\u00e9ment \u00e0 ses statuts, la Maison Michelle Guillaume accueille \u00e9galement des personnes la\u00efques d\u00e9sirant y r\u00e9sider.<\/p>\n<p>Tous les r\u00e9sidents quels qu\u2019ils soient, quelle que soit leur appartenance cultuelle, ou leurs convictions personnelles ont droit au m\u00eame respect.<\/p>\n<p><span style=\"color: #ff0000;\"><strong>H\u00e9bergement<\/strong><\/span><\/p>\n<p><strong> <span style=\"text-decoration: underline;\"><em>La chambre<\/em><\/span><\/strong><\/p>\n<p>A l\u2019exception d\u2019une chambre double permettant l\u2019accueil d\u2019un couple, ou,<br \/>\n\u00e0 d\u00e9faut de deux personnes acceptant la cohabitation, les chambres sont individuelles,<\/p>\n<p>Chaque chambre est \u00e9quip\u00e9<a href=\"http:\/\/soeurs-de-stgildas-nantes.cef.fr\/wp-content\/uploads\/2011\/07\/Chambre-MMG.jpg\"><img loading=\"lazy\" decoding=\"async\" class=\"alignleft size-medium wp-image-2493\" title=\"Chambre MMG\" src=\"http:\/\/soeurs-de-stgildas-nantes.cef.fr\/wp-content\/uploads\/2011\/07\/Chambre-MMG-300x223.jpg\" alt=\"\" width=\"227\" height=\"168\" srcset=\"https:\/\/soeurs-de-stgildas-nantes.cef.fr\/wp-content\/uploads\/2011\/07\/Chambre-MMG-300x223.jpg 300w, https:\/\/soeurs-de-stgildas-nantes.cef.fr\/wp-content\/uploads\/2011\/07\/Chambre-MMG.jpg 468w\" sizes=\"auto, (max-width: 227px) 100vw, 227px\" \/><\/a>e\u00a0:<\/p>\n<ul>\n<li>d\u2019une salle d\u2019eau avec lavabo et WC accessible handicap\u00e9<\/li>\n<li>d\u2019une sonnette d\u2019appel,<\/li>\n<li>d\u2019une prise de t\u00e9l\u00e9phone, et de t\u00e9l\u00e9vsion,<\/li>\n<li>d\u2019un poste d\u2019\u00e9coute pour la sonorisation (assurant les liaisons internes et une liaison avec la chapelle de la Maison M\u00e8re).<\/li>\n<\/ul>\n<p>Chaque r\u00e9sident \u00e0 la possibilit\u00e9 de la personnaliser en y apportant son propre mobilier,<\/p>\n<p>pour autant qu\u2019il soit adapt\u00e9 \u00e0 son \u00e9tat de sant\u00e9. Il peut la d\u00e9corer comme il le souhaite,<br \/>\nde mani\u00e8re \u00e0 en faire un v\u00e9ritable \u00abchez soi.\u00bb.<\/p>\n<p>La chambre est un lieu privatif, respect\u00e9 comme tel par tous.<br \/>\nSauf cas de force majeure, cette chambre reste celle du r\u00e9sident durant tout le temps de son s\u00e9jour \u00e0 la Maison Michelle Guillaume<\/p>\n<p><span style=\"font-size: small;\"><span style=\"text-decoration: underline;\"><em><strong>La<\/strong> <strong> restauration<\/strong><\/em><\/span><\/span><\/p>\n<p><a href=\"http:\/\/soeurs-de-stgildas-nantes.cef.fr\/wp-content\/uploads\/2011\/07\/Salle-\u00e0-manger-MMG.jpg\"><img loading=\"lazy\" decoding=\"async\" class=\"alignleft size-medium wp-image-2502\" title=\"Salle \u00e0 manger MMG\" src=\"http:\/\/soeurs-de-stgildas-nantes.cef.fr\/wp-content\/uploads\/2011\/07\/Salle-\u00e0-manger-MMG-300x222.jpg\" alt=\"\" width=\"230\" height=\"172\" \/><\/a>Le temps du repas est fondamental.<br \/>\nPour en faire un temps de convivialit\u00e9 et d\u2019\u00e9changes entre les R\u00e9sidents, il est important de respecter le rythme de chacun.<\/p>\n<p>Les tables de 5 \u00e0 6 couverts favorisent la communication entre les R\u00e9sidents, qui, autant que possible sont plac\u00e9s suivant les affinit\u00e9s.<\/p>\n<p>Toutes ceux qui le peuvent prennent leur repas en salle \u00e0 manger (actuellement, deux lieux de restauration).<\/p>\n<p>Celles et ceux qui sont plus fatigu\u00e9s sont servis en chambre, sur plateaux chauffants.<br \/>\nDes membres du personnel apportent leur aide \u00e0 celles et ceux qui sont le plus en difficult\u00e9.<\/p>\n<p><span style=\"color: #ff0000;\"><strong>Animations <\/strong><\/span><\/p>\n<p><span style=\"color: #000000; font-size: 12pt;\">L\u2019\u00e9tablissement favorise les initiatives destin\u00e9es \u00e0 ouvrir la maison sur la vie de l\u2019ext\u00e9rieur\u00a0: <\/span><\/p>\n<p style=\"text-align: center;\"><span style=\"color: #000000; font-size: 12pt;\">commune, \u00e9coles, familles, autres structures.<\/span><\/p>\n<table style=\"width: 100%;\" border=\"0\">\n<tbody>\n<tr style=\"height: 211px;\">\n<td style=\"width: 25%; height: 211px;\">\n<p style=\"text-align: center;\"><img loading=\"lazy\" decoding=\"async\" class=\"alignnone size-thumbnail wp-image-2999\" title=\"Animation 11\" src=\"http:\/\/soeurs-de-stgildas-nantes.cef.fr\/wp-content\/uploads\/2011\/07\/Animation-111-150x150.jpg\" alt=\"\" width=\"150\" height=\"150\" \/><\/p>\n<\/td>\n<td style=\"height: 211px;\"><a href=\"http:\/\/soeurs-de-stgildas-nantes.cef.fr\/wp-content\/uploads\/2011\/07\/IMG_8739.jpg\"><img loading=\"lazy\" decoding=\"async\" class=\"wp-image-10385 aligncenter\" src=\"http:\/\/soeurs-de-stgildas-nantes.cef.fr\/wp-content\/uploads\/2011\/07\/IMG_8739-300x225.jpg\" alt=\"\" width=\"235\" height=\"176\" srcset=\"https:\/\/soeurs-de-stgildas-nantes.cef.fr\/wp-content\/uploads\/2011\/07\/IMG_8739-300x225.jpg 300w, https:\/\/soeurs-de-stgildas-nantes.cef.fr\/wp-content\/uploads\/2011\/07\/IMG_8739-768x576.jpg 768w, https:\/\/soeurs-de-stgildas-nantes.cef.fr\/wp-content\/uploads\/2011\/07\/IMG_8739-1024x768.jpg 1024w, https:\/\/soeurs-de-stgildas-nantes.cef.fr\/wp-content\/uploads\/2011\/07\/IMG_8739.jpg 1600w\" sizes=\"auto, (max-width: 235px) 100vw, 235px\" \/><\/a><\/td>\n<\/tr>\n<\/tbody>\n<\/table>\n<ul>\n<li><span style=\"font-size: 12pt;\">plusieurs fois par an sont organis\u00e9es des animations en commun avec les Maisons de Retraite voisines, le Foyer ADAPEI, l&rsquo;Abbaye \u2026..<\/span><\/li>\n<\/ul>\n<ul>\n<li><span style=\"font-size: small;\">Durant l\u2019\u00e9t\u00e9 sont particuli\u00e8rement appr\u00e9ci\u00e9es les rencontres et les \u00e9changes avec les S\u0153urs en mission hors d\u00e9partement<\/span><span style=\"font-size: small;\">, en Afrique au Mexique, en Angleterre ou Irlande qui viennent pr\u00e9senter leurs activit\u00e9s dans ces r\u00e9gions.<\/span><\/li>\n<\/ul>\n<table style=\"width: 100%;\" border=\"0\">\n<tbody>\n<tr>\n<td style=\"width: 25%;\"><a href=\"http:\/\/soeurs-de-stgildas-nantes.cef.fr\/wp-content\/uploads\/2011\/07\/MMG-03.jpg\"><img loading=\"lazy\" decoding=\"async\" class=\"aligncenter size-medium wp-image-3001\" title=\"MMG 03\" src=\"http:\/\/soeurs-de-stgildas-nantes.cef.fr\/wp-content\/uploads\/2011\/07\/MMG-03-300x157.jpg\" alt=\"\" width=\"340\" height=\"178\" srcset=\"https:\/\/soeurs-de-stgildas-nantes.cef.fr\/wp-content\/uploads\/2011\/07\/MMG-03-300x157.jpg 300w, https:\/\/soeurs-de-stgildas-nantes.cef.fr\/wp-content\/uploads\/2011\/07\/MMG-03.jpg 790w\" sizes=\"auto, (max-width: 340px) 100vw, 340px\" \/><\/a><\/td>\n<td style=\"width: 30%; text-align: center;\"><strong><span style=\"font-size: small;\">Vue d&rsquo;ensemble <\/span><\/strong><\/p>\n<p><strong><span style=\"font-size: small;\">de la Maison <\/span><\/strong><\/p>\n<p><strong><span style=\"font-size: small;\">Michelle Guillaume,<\/span><\/strong><\/p>\n<p><strong><span style=\"font-size: small;\">&#8211; avec en arri\u00e8re plan &#8211;<br \/>\n<\/span><\/strong><\/p>\n<p><strong><span style=\"font-size: small;\">l&rsquo;abbatiale <\/span><\/strong><\/p>\n<p><span style=\"font-size: medium;\"><strong><span style=\"font-size: small;\">et son superbe clocher.<\/span><\/strong><br \/>\n<\/span><\/td>\n<\/tr>\n<\/tbody>\n<\/table>\n<div style=\"text-align: center;\">\n<div style=\"margin: 8px 0px 4px;\"><span style=\"font-size: medium;\"><strong>\u00a0<\/strong><\/span><\/div>\n<\/div>\n<div style=\"text-align: center;\"><\/div>\n<div style=\"text-align: center;\"><\/div>\n<div style=\"text-align: center;\"><\/div>\n","protected":false},"excerpt":{"rendered":"<p>Brin de Causette d&rsquo; avril 2020 https:\/\/www.youtube.com\/watch?v=OQWSrwnrNpI Pour plus d&rsquo;informations: Livret D Accueil 2019 Elle est comprise dans l\u2019ensemble architectural de la Maison-M\u00e8re des s\u0153urs de l\u2019Instruction Chr\u00e9tienne, dites de Saint-Gildas. Cet ensemble s\u2019est d\u00e9velopp\u00e9 \u00e0 partir des b\u00e2timents de l\u2019ancienne abbaye b\u00e9n\u00e9dictine acquise par le Fondateur de la Congr\u00e9gation, Gabriel Deshayes, en 1828. Un [&hellip;]<\/p>\n","protected":false},"author":3,"featured_media":0,"parent":921,"menu_order":2,"comment_status":"closed","ping_status":"closed","template":"","meta":{"ngg_post_thumbnail":0,"footnotes":""},"class_list":["post-2490","page","type-page","status-publish","hentry"],"_links":{"self":[{"href":"https:\/\/soeurs-de-stgildas-nantes.cef.fr\/index.php?rest_route=\/wp\/v2\/pages\/2490","targetHints":{"allow":["GET"]}}],"collection":[{"href":"https:\/\/soeurs-de-stgildas-nantes.cef.fr\/index.php?rest_route=\/wp\/v2\/pages"}],"about":[{"href":"https:\/\/soeurs-de-stgildas-nantes.cef.fr\/index.php?rest_route=\/wp\/v2\/types\/page"}],"author":[{"embeddable":true,"href":"https:\/\/soeurs-de-stgildas-nantes.cef.fr\/index.php?rest_route=\/wp\/v2\/users\/3"}],"replies":[{"embeddable":true,"href":"https:\/\/soeurs-de-stgildas-nantes.cef.fr\/index.php?rest_route=%2Fwp%2Fv2%2Fcomments&post=2490"}],"version-history":[{"count":46,"href":"https:\/\/soeurs-de-stgildas-nantes.cef.fr\/index.php?rest_route=\/wp\/v2\/pages\/2490\/revisions"}],"predecessor-version":[{"id":13252,"href":"https:\/\/soeurs-de-stgildas-nantes.cef.fr\/index.php?rest_route=\/wp\/v2\/pages\/2490\/revisions\/13252"}],"up":[{"embeddable":true,"href":"https:\/\/soeurs-de-stgildas-nantes.cef.fr\/index.php?rest_route=\/wp\/v2\/pages\/921"}],"wp:attachment":[{"href":"https:\/\/soeurs-de-stgildas-nantes.cef.fr\/index.php?rest_route=%2Fwp%2Fv2%2Fmedia&parent=2490"}],"curies":[{"name":"wp","href":"https:\/\/api.w.org\/{rel}","templated":true}]}}