{"id":163,"date":"2011-01-18T11:01:36","date_gmt":"2011-01-18T11:01:36","guid":{"rendered":"http:\/\/soeurs-de-stgildas-nantes.cef.fr\/?page_id=163"},"modified":"2013-01-14T11:03:44","modified_gmt":"2013-01-14T11:03:44","slug":"liens","status":"publish","type":"page","link":"https:\/\/soeurs-de-stgildas-nantes.cef.fr\/?page_id=163","title":{"rendered":"Liens"},"content":{"rendered":"<ul>\n<li><a title=\"Soeurs de l'Ange gardien\" href=\"http:\/\/ange.gardien.pagesperso-orange.fr\/CONGA.htm\" target=\"_blank\">Soeurs de l&rsquo;Ange gardien<\/a><\/li>\n<li><a title=\"Soeur de la Providence de Ruill\u00e9-sur-loir\" href=\"http:\/\/www.providence.ruille.fr\/\" target=\"_blank\">Soeurs de la Providence de Ruill\u00e9-sur-Loir<\/a><\/li>\n<li><a title=\"Famille religieuse Montfortaine\" href=\"http:\/\/www.montfort.org\/\" target=\"_blank\">Famille religieuse montfortaine <\/a><\/li>\n<li><a title=\"Conf\u00e9rence des Sup\u00e9rieurs Majeures de France\" href=\"http:\/\/religieuse.cef.fr\/\" target=\"_blank\">Conf\u00e9rence des Sup\u00e9rieures Majeures de France<\/a><\/li>\n<li><a title=\"Fr\u00e8res de Plo\u00ebrmel\" href=\"http:\/\/www.mennaisien.org\/\" target=\"_blank\">Fr\u00e8res de Plo\u00ebrmel<\/a><\/li>\n<\/ul>\n","protected":false},"excerpt":{"rendered":"<p>Soeurs de l&rsquo;Ange gardien Soeurs de la Providence de Ruill\u00e9-sur-Loir Famille religieuse montfortaine Conf\u00e9rence des Sup\u00e9rieures Majeures de France Fr\u00e8res de Plo\u00ebrmel<\/p>\n","protected":false},"author":6,"featured_media":0,"parent":0,"menu_order":8,"comment_status":"closed","ping_status":"closed","template":"","meta":{"ngg_post_thumbnail":0,"footnotes":""},"class_list":["post-163","page","type-page","status-publish","hentry"],"_links":{"self":[{"href":"https:\/\/soeurs-de-stgildas-nantes.cef.fr\/index.php?rest_route=\/wp\/v2\/pages\/163","targetHints":{"allow":["GET"]}}],"collection":[{"href":"https:\/\/soeurs-de-stgildas-nantes.cef.fr\/index.php?rest_route=\/wp\/v2\/pages"}],"about":[{"href":"https:\/\/soeurs-de-stgildas-nantes.cef.fr\/index.php?rest_route=\/wp\/v2\/types\/page"}],"author":[{"embeddable":true,"href":"https:\/\/soeurs-de-stgildas-nantes.cef.fr\/index.php?rest_route=\/wp\/v2\/users\/6"}],"replies":[{"embeddable":true,"href":"https:\/\/soeurs-de-stgildas-nantes.cef.fr\/index.php?rest_route=%2Fwp%2Fv2%2Fcomments&post=163"}],"version-history":[{"count":8,"href":"https:\/\/soeurs-de-stgildas-nantes.cef.fr\/index.php?rest_route=\/wp\/v2\/pages\/163\/revisions"}],"predecessor-version":[{"id":555,"href":"https:\/\/soeurs-de-stgildas-nantes.cef.fr\/index.php?rest_route=\/wp\/v2\/pages\/163\/revisions\/555"}],"wp:attachment":[{"href":"https:\/\/soeurs-de-stgildas-nantes.cef.fr\/index.php?rest_route=%2Fwp%2Fv2%2Fmedia&parent=163"}],"curies":[{"name":"wp","href":"https:\/\/api.w.org\/{rel}","templated":true}]}}