{"id":161,"date":"2011-01-18T11:01:25","date_gmt":"2011-01-18T11:01:25","guid":{"rendered":"http:\/\/soeurs-de-stgildas-nantes.cef.fr\/?page_id=161"},"modified":"2017-04-03T08:27:42","modified_gmt":"2017-04-03T08:27:42","slug":"les-communautes","status":"publish","type":"page","link":"https:\/\/soeurs-de-stgildas-nantes.cef.fr\/?page_id=161","title":{"rendered":"Les communaut\u00e9s"},"content":{"rendered":"<h2>Bar sur Seine, en Champagne.<\/h2>\n<p><a href=\"http:\/\/soeurs-de-stgildas-nantes.cef.fr\/wp-content\/uploads\/2011\/01\/chembarsurseine1.jpg\"><img loading=\"lazy\" decoding=\"async\" width=\"180\" height=\"122\" title=\"chembarsurseine1\" class=\"alignleft size-full wp-image-995\" alt=\"\" src=\"http:\/\/soeurs-de-stgildas-nantes.cef.fr\/wp-content\/uploads\/2011\/01\/chembarsurseine1.jpg\"><\/a>Depuis f\u00e9vrier 2002, la communaut\u00e9 f\u00e9d\u00e9rale \u00ab\u00a0Chemin d&rsquo;Emma\u00fcs\u00a0\u00bb est pr\u00e9sente dans le Bars\u00e9quanais, r\u00e9gion pittoresque de la Champagne m\u00e9ridionale. Bar sur Seine est un gros bourg de 3500 habitants \u00e0 33 kms au sud de Troyes, o\u00f9 l&rsquo;on trouve tous les commerces et la plupart des services.&nbsp; Le plus grand coll\u00e8ge du d\u00e9partement y a toute sa place.<\/p>\n<p>Le Bars\u00e9quanais, r\u00e9gion pittoresque de la Champagne m\u00e9ridionale est une r\u00e9gion essentiellement viticole, avec un pourcentage assez \u00e9lev\u00e9 de ch\u00f4mage en dehors des p\u00e9riodes de vendanges.<\/p>\n<p><a href=\"http:\/\/soeurs-de-stgildas-nantes.cef.fr\/wp-content\/uploads\/2011\/01\/chembarsurseine3.jpg\"><img loading=\"lazy\" decoding=\"async\" width=\"180\" height=\"118\" title=\"chembarsurseine3\" class=\"alignleft size-full wp-image-996\" alt=\"\" src=\"http:\/\/soeurs-de-stgildas-nantes.cef.fr\/wp-content\/uploads\/2011\/01\/chembarsurseine3.jpg\"><\/a>La pr\u00e9sence de notre communaut\u00e9 est une r\u00e9ponse \u00e0 la demande de l&rsquo;\u00e9v\u00eaque, le P\u00e8re Marc STENGER, pour le t\u00e9moignage de la vie de pri\u00e8re, et pour vivre la proximit\u00e9 dans un enracinement au sein d&rsquo;un peuple et dans une Eglise locale.<\/p>\n<p>Actuellement, Yvette de Saint-Gildas, Marcelle de Ruill\u00e9 et Madeleine de Peltre composent la communaut\u00e9 appel\u00e9e \u00e0 t\u00e9moigner plus&nbsp; sp\u00e9cialement dans le domaine de la sant\u00e9, du caritatif et des activit\u00e9s pastorales, \u00e0 travers&nbsp; insertions et&nbsp; relations de proximit\u00e9.<\/p>\n<p><a href=\"http:\/\/soeurs-de-stgildas-nantes.cef.fr\/wp-content\/uploads\/2011\/01\/chembarsurseine6.jpg\"><img loading=\"lazy\" decoding=\"async\" width=\"175\" height=\"109\" title=\"chembarsurseine6\" class=\"alignleft size-full wp-image-997\" alt=\"\" src=\"http:\/\/soeurs-de-stgildas-nantes.cef.fr\/wp-content\/uploads\/2011\/01\/chembarsurseine6.jpg\"><\/a>Yvette est sp\u00e9cialement engag\u00e9e en Maison de Retraite, Marcelle au Secours Catholique et Madeleine en pastorale<\/p>\n<h2>&nbsp;<\/h2>\n<h2>&nbsp;<\/h2>\n<h2><span style=\"color: #ffffff;\">&#8230;<\/span><\/h2>\n<h2><span style=\"color: #000000; font-family: times new roman,times,serif; font-size: 12pt;\">Depuis septembre 2014,&nbsp;la communaut\u00e9 est form\u00e9e par Madeleine et Marie-Jos\u00e9e, deux s\u0153urs de Peltre. Elle est devenue un lieu f\u00e9d\u00e9ral.<\/span><\/h2>\n<h2>&nbsp;<\/h2>\n<h2>Castellane, \u00e0 l&rsquo;entr\u00e9e du Verdon.<\/h2>\n<p><a href=\"http:\/\/soeurs-de-stgildas-nantes.cef.fr\/wp-content\/uploads\/2011\/01\/chemcastellane7.jpg\"><img loading=\"lazy\" decoding=\"async\" width=\"150\" height=\"131\" title=\"chemcastellane7\" class=\"alignright size-full wp-image-998\" alt=\"\" src=\"http:\/\/soeurs-de-stgildas-nantes.cef.fr\/wp-content\/uploads\/2011\/01\/chemcastellane7.jpg\"><\/a>A Castellane, lieu touristique qui multiplie sa population par 10 en \u00e9t\u00e9, l&rsquo;hiver est rude ! C&rsquo;est le P\u00e8re Fran\u00e7ois-Xavier Loizeau, \u00e9v\u00eaque de Digne-les-Bains qui avait lanc\u00e9 l&rsquo;appel pour une pr\u00e9sence de religieuses. Nelly de Ruill\u00e9 et Juliette de Saint-Gildas arrivent en 2002&nbsp; pour y chercher un lieu o\u00f9 s&rsquo;installer.<\/p>\n<p>Elles se font proches des personnes isol\u00e9es, des malades, des personnes \u00e2g\u00e9es, relancent la cat\u00e9ch\u00e8se, conduisent pri\u00e8res et fun\u00e9railles, s&rsquo;occupent pour leur part de la liturgie \u00e0 la paroisse et \u00e0 l&rsquo;hopital. Elles ont un grand souci d&rsquo;aider les gens \u00e0 prendre des responsabilit\u00e9s.<\/p>\n<p><a href=\"http:\/\/soeurs-de-stgildas-nantes.cef.fr\/wp-content\/uploads\/2011\/01\/chemcastellane1.jpg\"><img loading=\"lazy\" decoding=\"async\" width=\"200\" height=\"94\" title=\"chemcastellane1\" class=\"alignright size-full wp-image-999\" alt=\"\" src=\"http:\/\/soeurs-de-stgildas-nantes.cef.fr\/wp-content\/uploads\/2011\/01\/chemcastellane1.jpg\"><\/a>Les d\u00e9buts ont \u00e9t\u00e9 rudes : maladie puis d\u00e9c\u00e8s de soeur Juliette. Et pourtant le projet demeure. Trois soeurs composent aujourd&rsquo;hui la communaut\u00e9 : Nelly et Marie-Th\u00e9r\u00e8se de Ruill\u00e9 avec Paulette de Saint-Gildas.<\/p>\n<p>En Novembre 2007, des castellanais leur ont dit: \u00a0\u00bb Vous \u00eates l\u00e0.Vous nous&nbsp; rappelez la religion; vous \u00eates une aide par la cat\u00e9ch\u00e8se \u00e0 nos enfants, par les visites aux malades, par l&rsquo;\u00e9coute de tous quelle que soit&nbsp; leur appartenance religieuse ou leur culture.\u00a0\u00bb Karine a dit : \u00ab\u00a0Le dialogue avec les soeurs de Castellane est ais\u00e9. Chacun peut y avoir recours \u00e0 tout moment\u00a0\u00bb.<\/p>\n<p><a href=\"http:\/\/soeurs-de-stgildas-nantes.cef.fr\/wp-content\/uploads\/2011\/01\/chemcastellane2.jpg\"><img loading=\"lazy\" decoding=\"async\" width=\"200\" height=\"99\" title=\"chemcastellane2\" class=\"alignright size-full wp-image-1000\" alt=\"\" src=\"http:\/\/soeurs-de-stgildas-nantes.cef.fr\/wp-content\/uploads\/2011\/01\/chemcastellane2.jpg\"><\/a>Chaque jour, la communaut\u00e9 se retrouve pour la pri\u00e8re des Laudes et des V\u00eapres. Ce temps est ouvert \u00e0 tous ceux qui le souhaitent.<\/p>\n<p><span style=\"font-family: times new roman,times,serif; font-size: 12pt;\"><strong>La communaut\u00e9 a \u00e9t\u00e9 ferm\u00e9e en ao\u00fbt 2016.<\/strong><\/span><\/p>\n","protected":false},"excerpt":{"rendered":"<p>Bar sur Seine, en Champagne. Depuis f\u00e9vrier 2002, la communaut\u00e9 f\u00e9d\u00e9rale \u00ab\u00a0Chemin d&rsquo;Emma\u00fcs\u00a0\u00bb est pr\u00e9sente dans le Bars\u00e9quanais, r\u00e9gion pittoresque de la Champagne m\u00e9ridionale. Bar sur Seine est un gros bourg de 3500 habitants \u00e0 33 kms au sud de Troyes, o\u00f9 l&rsquo;on trouve tous les commerces et la plupart des services.&nbsp; Le plus grand [&hellip;]<\/p>\n","protected":false},"author":6,"featured_media":0,"parent":157,"menu_order":0,"comment_status":"closed","ping_status":"closed","template":"","meta":{"ngg_post_thumbnail":0,"footnotes":""},"class_list":["post-161","page","type-page","status-publish","hentry"],"_links":{"self":[{"href":"https:\/\/soeurs-de-stgildas-nantes.cef.fr\/index.php?rest_route=\/wp\/v2\/pages\/161","targetHints":{"allow":["GET"]}}],"collection":[{"href":"https:\/\/soeurs-de-stgildas-nantes.cef.fr\/index.php?rest_route=\/wp\/v2\/pages"}],"about":[{"href":"https:\/\/soeurs-de-stgildas-nantes.cef.fr\/index.php?rest_route=\/wp\/v2\/types\/page"}],"author":[{"embeddable":true,"href":"https:\/\/soeurs-de-stgildas-nantes.cef.fr\/index.php?rest_route=\/wp\/v2\/users\/6"}],"replies":[{"embeddable":true,"href":"https:\/\/soeurs-de-stgildas-nantes.cef.fr\/index.php?rest_route=%2Fwp%2Fv2%2Fcomments&post=161"}],"version-history":[{"count":10,"href":"https:\/\/soeurs-de-stgildas-nantes.cef.fr\/index.php?rest_route=\/wp\/v2\/pages\/161\/revisions"}],"predecessor-version":[{"id":10356,"href":"https:\/\/soeurs-de-stgildas-nantes.cef.fr\/index.php?rest_route=\/wp\/v2\/pages\/161\/revisions\/10356"}],"up":[{"embeddable":true,"href":"https:\/\/soeurs-de-stgildas-nantes.cef.fr\/index.php?rest_route=\/wp\/v2\/pages\/157"}],"wp:attachment":[{"href":"https:\/\/soeurs-de-stgildas-nantes.cef.fr\/index.php?rest_route=%2Fwp%2Fv2%2Fmedia&parent=161"}],"curies":[{"name":"wp","href":"https:\/\/api.w.org\/{rel}","templated":true}]}}