{"id":159,"date":"2011-01-18T11:01:00","date_gmt":"2011-01-18T11:01:00","guid":{"rendered":"http:\/\/soeurs-de-stgildas-nantes.cef.fr\/?page_id=159"},"modified":"2019-04-06T15:50:17","modified_gmt":"2019-04-06T15:50:17","slug":"la-federation","status":"publish","type":"page","link":"https:\/\/soeurs-de-stgildas-nantes.cef.fr\/?page_id=159","title":{"rendered":"La F\u00e9d\u00e9ration"},"content":{"rendered":"<p><strong>Vous avez dit \u00ab\u00a0Chemin\u00a0\u00bb ?<\/strong><\/p>\n<p>Parce que la f\u00e9d\u00e9ration est le fruit d&rsquo;un cheminement : De 1994 \u00e0 2000,\u00a0 six ann\u00e9es ont \u00e9t\u00e9\u00a0 n\u00e9cessaires pour m\u00fbrir la demande formul\u00e9e par le chapitre g\u00e9n\u00e9ral des soeurs de S\u00e9es : \u00ab\u00a0rechercher une forme de regroupement avec d&rsquo;autres congr\u00e9gations\u00a0\u00bb.<\/p>\n<p>Suite \u00e0 cette demande, quatre congr\u00e9gations ont d\u00e9cid\u00e9 de faire route ensemble :<\/p>\n<table style=\"width: 100%;\" border=\"0\">\n<tbody>\n<tr>\n<td style=\"width: 30%;\"><a href=\"..\/wp-content\/uploads\/2011\/01\/vueaeriennesees.jpg\"><img loading=\"lazy\" decoding=\"async\" title=\"vueaeriennesees\" src=\"..\/wp-content\/uploads\/2011\/01\/vueaeriennesees-150x150.jpg\" alt=\"\" width=\"150\" height=\"150\" \/><\/a><\/td>\n<td>La Congr\u00e9gation des soeurs de La Providence de SEES (Orne) fond\u00e9e en 1703 par le P\u00e8re Lucien LEFEBVRE et les soeurs Marguerite Gu\u00e9rin et Ren\u00e9e Goulard.<br \/>\npour \u00ab\u00a0\u00eatre relais de la Bont\u00e9 et de l&rsquo;Amour du P\u00e8re\u00a0\u00bb.<\/td>\n<\/tr>\n<tr>\n<td><a href=\"http:\/\/soeurs-de-stgildas-nantes.cef.fr\/wp-content\/uploads\/2011\/01\/petiteprovidence.jpg\"><img loading=\"lazy\" decoding=\"async\" class=\"alignleft size-thumbnail wp-image-801\" title=\"petiteprovidence\" src=\"http:\/\/soeurs-de-stgildas-nantes.cef.fr\/wp-content\/uploads\/2011\/01\/petiteprovidence-150x145.jpg\" alt=\"\" width=\"150\" height=\"145\" \/><\/a><\/td>\n<td>La Congr\u00e9gation des soeurs de La Providence de RUILLE sur LOIR (Sarthe) fond\u00e9e en 1806<br \/>\npar le P\u00e8re DUJARIE et s\u0153ur Marie-Madeleine DU ROSCO\u00c4T<br \/>\npour \u00ab\u00a0\u00eatre t\u00e9moin de l&rsquo;Amour et de la Bont\u00e9 du P\u00e8re\u00a0\u00bb.<\/td>\n<\/tr>\n<tr>\n<td><a href=\"http:\/\/soeurs-de-stgildas-nantes.cef.fr\/wp-content\/uploads\/2011\/01\/chempeltre.jpg\"><img loading=\"lazy\" decoding=\"async\" class=\"alignleft size-thumbnail wp-image-802\" title=\"chempeltre\" src=\"http:\/\/soeurs-de-stgildas-nantes.cef.fr\/wp-content\/uploads\/2011\/01\/chempeltre-150x150.jpg\" alt=\"\" width=\"150\" height=\"150\" \/><\/a><\/td>\n<td>La Congr\u00e9gation des soeurs de La Providence de PELTRE (Moselle)<\/p>\n<p>fond\u00e9e en 1806<\/p>\n<p>par le P\u00e8re Antoine GAPP et les soeurs Elisabeth LEDIG et Catherine MOTSCH<\/p>\n<p>pour \u00ab\u00a0annoncer la tendresse et la mis\u00e9ricorde de Dieu-Providence\u00a0\u00bb<\/td>\n<\/tr>\n<tr>\n<td><a href=\"http:\/\/soeurs-de-stgildas-nantes.cef.fr\/wp-content\/uploads\/2011\/01\/michelleguillaume.jpg\"><img loading=\"lazy\" decoding=\"async\" class=\"alignleft size-thumbnail wp-image-803\" title=\"michelleguillaume\" src=\"http:\/\/soeurs-de-stgildas-nantes.cef.fr\/wp-content\/uploads\/2011\/01\/michelleguillaume-150x146.jpg\" alt=\"\" width=\"150\" height=\"146\" \/><\/a><\/td>\n<td>La Congr\u00e9gation des soeurs de l&rsquo;Instruction Chr\u00e9tienne de SAINT-GILDAS-DES-BOIS (Loire-Atlantique)<\/p>\n<p>fond\u00e9e en 1820<\/p>\n<p>par le P\u00e8re Gabriel DESHAYES et s\u0153ur Michelle GUILLAUME<\/p>\n<p>pour \u00ab\u00a0\u00eatre t\u00e9moins humbles et joyeux de l&rsquo;Amour de Dieu\u00a0\u00bb<\/td>\n<\/tr>\n<tr>\n<td><a href=\"http:\/\/soeurs-de-stgildas-nantes.cef.fr\/wp-content\/uploads\/2011\/01\/chemsupgenerales.jpg\"><img loading=\"lazy\" decoding=\"async\" class=\"alignleft size-thumbnail wp-image-804\" title=\"chemsupgenerales\" src=\"http:\/\/soeurs-de-stgildas-nantes.cef.fr\/wp-content\/uploads\/2011\/01\/chemsupgenerales-150x150.jpg\" alt=\"\" width=\"150\" height=\"150\" \/><\/a><\/td>\n<td>Rome a sign\u00e9 le d\u00e9cret le 21 f\u00e9vrier 2000 et a approuv\u00e9 les statuts de la F\u00e9d\u00e9ration \u00ab\u00a0Chemin d&rsquo;Emma\u00fcs\u00a0\u00bb.<\/p>\n<p>Au nom de leurs soeurs, les quatre sup\u00e9rieures g\u00e9n\u00e9rales s&rsquo;engagent ensuite publiquement \u00e0 faire vivre la f\u00e9d\u00e9ration.<\/td>\n<\/tr>\n<\/tbody>\n<\/table>\n<p><strong>Vous avez dit \u00ab\u00a0F\u00e9d\u00e9ration\u00a0\u00bb ?<\/strong><\/p>\n<p>Une F\u00e9d\u00e9ration est un regroupement de Congr\u00e9gations, dont le charisme, c&rsquo;est \u00e0 dire l&rsquo;esprit, la spiritualit\u00e9 et la mani\u00e8re de vivre la mission, pr\u00e9sentent de nombreux points communs. Chaque Congr\u00e9gation garde son nom, son autonomie.<\/p>\n<p><strong>Dans quel but ?<\/strong><\/p>\n<table style=\"width: 102.017%;\" border=\"0\">\n<tbody>\n<tr>\n<td style=\"width: 33%;\">Vivre entre soeurs des quatre congr\u00e9gations, une solidarit\u00e9 et une entraide pour continuer \u00e0 annoncer la Bonne Nouvelle de J\u00e9sus-Christ avec\u00a0 un dynamisme renouvel\u00e9 :<\/td>\n<td style=\"width: 33%; text-align: center;\"><span style=\"color: #800080;\">en d\u00e9veloppant une plus grande collaboration, au service de l&rsquo;\u00c9glise et des femmes et des hommes<br \/>\nde ce temps, dans un choix prioritaire en faveur des plus faibles de nos soci\u00e9t\u00e9s, en France\u00a0 et dans le monde<\/span>.<\/td>\n<td style=\"text-align: right; width: 35.2931%;\">en r\u00e9pondant \u00e0 des appels par une pr\u00e9sence de proximit\u00e9 et un enracinement au sein d&rsquo;un peuple et d&rsquo;une \u00e9glise locale.<\/td>\n<\/tr>\n<\/tbody>\n<\/table>\n<p><strong>Vous avez dit \u00ab\u00a0Emma\u00fcs\u00a0\u00bb ?<\/strong><\/p>\n<p><a href=\"http:\/\/soeurs-de-stgildas-nantes.cef.fr\/wp-content\/uploads\/2011\/01\/chemmaus.jpg\"><img loading=\"lazy\" decoding=\"async\" class=\"alignleft size-full wp-image-806\" title=\"chemmaus\" src=\"http:\/\/soeurs-de-stgildas-nantes.cef.fr\/wp-content\/uploads\/2011\/01\/chemmaus.jpg\" alt=\"\" width=\"125\" height=\"124\" \/><\/a>\u00ab\u00a0J\u00e9sus les rejoignit et fit route avec eux\u00a0\u00bb\u00a0 Luc 24,15<\/p>\n<p>Certaines que J\u00e9sus fait route avec elles,\u00a0 pour les quatre congr\u00e9gations,\u00a0\u00a0\u00a0\u00a0\u00a0 c&rsquo;est un chemin \u00e0 d\u00e9couvrir, un chemin \u00e0 ouvrir, un chemin \u00e0 poursuivre.<\/p>\n<p>Depuis 2002, deux communaut\u00e9s f\u00e9d\u00e9rales ont pris la route, l&rsquo;une \u00e0 Bar-sur-Seine, l&rsquo;autre \u00e0 Castellane.<\/p>\n","protected":false},"excerpt":{"rendered":"<p>Vous avez dit \u00ab\u00a0Chemin\u00a0\u00bb ? Parce que la f\u00e9d\u00e9ration est le fruit d&rsquo;un cheminement : De 1994 \u00e0 2000,\u00a0 six ann\u00e9es ont \u00e9t\u00e9\u00a0 n\u00e9cessaires pour m\u00fbrir la demande formul\u00e9e par le chapitre g\u00e9n\u00e9ral des soeurs de S\u00e9es : \u00ab\u00a0rechercher une forme de regroupement avec d&rsquo;autres congr\u00e9gations\u00a0\u00bb. Suite \u00e0 cette demande, quatre congr\u00e9gations ont d\u00e9cid\u00e9 de [&hellip;]<\/p>\n","protected":false},"author":6,"featured_media":0,"parent":157,"menu_order":0,"comment_status":"closed","ping_status":"closed","template":"","meta":{"ngg_post_thumbnail":0,"footnotes":""},"class_list":["post-159","page","type-page","status-publish","hentry"],"_links":{"self":[{"href":"https:\/\/soeurs-de-stgildas-nantes.cef.fr\/index.php?rest_route=\/wp\/v2\/pages\/159","targetHints":{"allow":["GET"]}}],"collection":[{"href":"https:\/\/soeurs-de-stgildas-nantes.cef.fr\/index.php?rest_route=\/wp\/v2\/pages"}],"about":[{"href":"https:\/\/soeurs-de-stgildas-nantes.cef.fr\/index.php?rest_route=\/wp\/v2\/types\/page"}],"author":[{"embeddable":true,"href":"https:\/\/soeurs-de-stgildas-nantes.cef.fr\/index.php?rest_route=\/wp\/v2\/users\/6"}],"replies":[{"embeddable":true,"href":"https:\/\/soeurs-de-stgildas-nantes.cef.fr\/index.php?rest_route=%2Fwp%2Fv2%2Fcomments&post=159"}],"version-history":[{"count":7,"href":"https:\/\/soeurs-de-stgildas-nantes.cef.fr\/index.php?rest_route=\/wp\/v2\/pages\/159\/revisions"}],"predecessor-version":[{"id":12520,"href":"https:\/\/soeurs-de-stgildas-nantes.cef.fr\/index.php?rest_route=\/wp\/v2\/pages\/159\/revisions\/12520"}],"up":[{"embeddable":true,"href":"https:\/\/soeurs-de-stgildas-nantes.cef.fr\/index.php?rest_route=\/wp\/v2\/pages\/157"}],"wp:attachment":[{"href":"https:\/\/soeurs-de-stgildas-nantes.cef.fr\/index.php?rest_route=%2Fwp%2Fv2%2Fmedia&parent=159"}],"curies":[{"name":"wp","href":"https:\/\/api.w.org\/{rel}","templated":true}]}}