{"id":149,"date":"2011-01-18T10:59:36","date_gmt":"2011-01-18T10:59:36","guid":{"rendered":"http:\/\/soeurs-de-stgildas-nantes.cef.fr\/?page_id=149"},"modified":"2019-10-27T14:17:30","modified_gmt":"2019-10-27T14:17:30","slug":"en-france","status":"publish","type":"page","link":"https:\/\/soeurs-de-stgildas-nantes.cef.fr\/?page_id=149","title":{"rendered":"En France"},"content":{"rendered":"<p>Les soeurs de St Gildas sont pr\u00e9sentes dans plusieurs dioc\u00e8ses en France : le Morbihan, la Loire-Atlantique, l&rsquo;Ile de France, la Marne, l&rsquo;Orl\u00e9anais, la Corr\u00e8ze, la Ni\u00e8vre.<\/p>\n<p>Partout o\u00f9 elles se trouvent, elles s&rsquo;ins\u00e8rent dans le tissu humain et eccl\u00e9sial. Dans la tradition spirituelle et apostolique de l&rsquo;Institut, en Eglise, avec d&rsquo;autres croyants, elles essayent de faire en sorte que leur vie soit Bonne Nouvelle et redise \u00e0 tous l&rsquo;amour d&rsquo;un Dieu humble, proche, d&rsquo;un P\u00e8re plein de tendresse.<\/p>\n<ul>\n<li><a title=\"Lormes : les adieux des Soeurs\" href=\"http:\/\/soeurs-de-stgildas-nantes.cef.fr\/?page_id=13010\">Lormes : les adieux en octobre 2019<\/a><\/li>\n<li><a title=\"Fermeture de communaut\u00e9s en R\u00e9gion C\" href=\"http:\/\/soeurs-de-stgildas-nantes.cef.fr\/?page_id=11777\">Fermetures de communaut\u00e9s en 2018<\/a><\/li>\n<li><a title=\"Des r\u00e9alit\u00e9s d\u2019aujourd\u2019hui discern\u00e9es en chapitre :\" href=\"http:\/\/soeurs-de-stgildas-nantes.cef.fr\/?page_id=11148\">21 janvier 2018<\/a> :remise documents capitulaires aux soeurs des<a title=\"Des r\u00e9alit\u00e9s d\u2019aujourd\u2019hui discern\u00e9es en chapitre :\" href=\"http:\/\/soeurs-de-stgildas-nantes.cef.fr\/?page_id=11148\"> r\u00e9gions B et C<\/a><\/li>\n<li>rencontre <a title=\"Assembl\u00e9e de mars 2016\" href=\"http:\/\/soeurs-de-stgildas-nantes.cef.fr\/?page_id=9425\">2016 <\/a>dans la r\u00e9gion<\/li>\n<li><a title=\"Sur les pas de Gabriel DESHAYES :\" href=\"http:\/\/soeurs-de-stgildas-nantes.cef.fr\/?page_id=3842\">P\u00e8lerinage de la clandestinit\u00e9<\/a><\/li>\n<li><a title=\"Rencontres gildasiennes\" href=\"http:\/\/soeurs-de-stgildas-nantes.cef.fr\/?page_id=3667\">rencontres gildasiennes<\/a><\/li>\n<\/ul>\n","protected":false},"excerpt":{"rendered":"<p>Les soeurs de St Gildas sont pr\u00e9sentes dans plusieurs dioc\u00e8ses en France : le Morbihan, la Loire-Atlantique, l&rsquo;Ile de France, la Marne, l&rsquo;Orl\u00e9anais, la Corr\u00e8ze, la Ni\u00e8vre. Partout o\u00f9 elles se trouvent, elles s&rsquo;ins\u00e8rent dans le tissu humain et eccl\u00e9sial. Dans la tradition spirituelle et apostolique de l&rsquo;Institut, en Eglise, avec d&rsquo;autres croyants, elles essayent [&hellip;]<\/p>\n","protected":false},"author":6,"featured_media":0,"parent":29,"menu_order":0,"comment_status":"closed","ping_status":"closed","template":"","meta":{"ngg_post_thumbnail":0,"footnotes":""},"class_list":["post-149","page","type-page","status-publish","hentry"],"_links":{"self":[{"href":"https:\/\/soeurs-de-stgildas-nantes.cef.fr\/index.php?rest_route=\/wp\/v2\/pages\/149","targetHints":{"allow":["GET"]}}],"collection":[{"href":"https:\/\/soeurs-de-stgildas-nantes.cef.fr\/index.php?rest_route=\/wp\/v2\/pages"}],"about":[{"href":"https:\/\/soeurs-de-stgildas-nantes.cef.fr\/index.php?rest_route=\/wp\/v2\/types\/page"}],"author":[{"embeddable":true,"href":"https:\/\/soeurs-de-stgildas-nantes.cef.fr\/index.php?rest_route=\/wp\/v2\/users\/6"}],"replies":[{"embeddable":true,"href":"https:\/\/soeurs-de-stgildas-nantes.cef.fr\/index.php?rest_route=%2Fwp%2Fv2%2Fcomments&post=149"}],"version-history":[{"count":52,"href":"https:\/\/soeurs-de-stgildas-nantes.cef.fr\/index.php?rest_route=\/wp\/v2\/pages\/149\/revisions"}],"predecessor-version":[{"id":13045,"href":"https:\/\/soeurs-de-stgildas-nantes.cef.fr\/index.php?rest_route=\/wp\/v2\/pages\/149\/revisions\/13045"}],"up":[{"embeddable":true,"href":"https:\/\/soeurs-de-stgildas-nantes.cef.fr\/index.php?rest_route=\/wp\/v2\/pages\/29"}],"wp:attachment":[{"href":"https:\/\/soeurs-de-stgildas-nantes.cef.fr\/index.php?rest_route=%2Fwp%2Fv2%2Fmedia&parent=149"}],"curies":[{"name":"wp","href":"https:\/\/api.w.org\/{rel}","templated":true}]}}