{"id":146,"date":"2011-01-18T10:59:06","date_gmt":"2011-01-18T10:59:06","guid":{"rendered":"http:\/\/soeurs-de-stgildas-nantes.cef.fr\/?page_id=146"},"modified":"2019-03-26T13:46:11","modified_gmt":"2019-03-26T13:46:11","slug":"prier","status":"publish","type":"page","link":"https:\/\/soeurs-de-stgildas-nantes.cef.fr\/?page_id=146","title":{"rendered":"Prier avec nous"},"content":{"rendered":"<ul>\n<li><a title=\"HEUREUX \u00a7\" href=\"http:\/\/soeurs-de-stgildas-nantes.cef.fr\/?page_id=12412\">Heureux<\/a> les pauvres<\/li>\n<li>Pri\u00e8re pour le <a href=\"http:\/\/soeurs-de-stgildas-nantes.cef.fr\/?page_id=10280\">chapitre<\/a>. <em>36\u00e8me chapitre g\u00e9n\u00e9ral &#8211; 2017<\/em><\/li>\n<li>Pri\u00e8re en l&rsquo;honneur du <a title=\"Pri\u00e8re\" href=\"http:\/\/soeurs-de-stgildas-nantes.cef.fr\/?page_id=7866\">P\u00e8re Deshayes<\/a><\/li>\n<li><a title=\"27-29 juillet 2007 -\u00a0Saint-Gildas des Bois \u2013 Cl\u00f4ture du jubil\u00e9\" href=\"http:\/\/soeurs-de-stgildas-nantes.cef.fr\/?page_id=391\">Pri\u00e8re \u00e0 Marie et pri\u00e8re de louange<\/a> , cl\u00f4ture du jubil\u00e9. Des temps de pri\u00e8re<\/li>\n<li><a title=\"Toi esprit de Pentec\u00f4te\" href=\"http:\/\/soeurs-de-stgildas-nantes.cef.fr\/?page_id=611\">Toi, Esprit de Pentec\u00f4te<\/a>. <em>34\u00e8me chapitre g\u00e9n\u00e9ral &#8211; 2005<\/em><\/li>\n<li><a title=\"Pri\u00e8res\" href=\"http:\/\/soeurs-de-stgildas-nantes.cef.fr\/?page_id=615#pere\">pri\u00e8re au P\u00e8re<\/a><\/li>\n<li><a title=\"Pri\u00e8res\" href=\"http:\/\/soeurs-de-stgildas-nantes.cef.fr\/?page_id=615#fils\">pri\u00e8re au Fils, Serviteur de Dieu<\/a><\/li>\n<li><a title=\"Pri\u00e8res\" href=\"http:\/\/soeurs-de-stgildas-nantes.cef.fr\/?page_id=615#esprit\">pri\u00e8re \u00e0 l&rsquo;Esprit<\/a><\/li>\n<li><a title=\"Pri\u00e8re \u00e0 Marie\" href=\"http:\/\/soeurs-de-stgildas-nantes.cef.fr\/?page_id=624\">pri\u00e8re \u00e0 Marie<\/a>, Marie femme du peuple<\/li>\n<li><a title=\"Pri\u00e8re pour les vocations\" href=\"http:\/\/soeurs-de-stgildas-nantes.cef.fr\/?page_id=628\">pri\u00e8re pour les vocations<br \/>\n<\/a><\/li>\n<\/ul>\n","protected":false},"excerpt":{"rendered":"<p>Heureux les pauvres Pri\u00e8re pour le chapitre. 36\u00e8me chapitre g\u00e9n\u00e9ral &#8211; 2017 Pri\u00e8re en l&rsquo;honneur du P\u00e8re Deshayes Pri\u00e8re \u00e0 Marie et pri\u00e8re de louange , cl\u00f4ture du jubil\u00e9. Des temps de pri\u00e8re Toi, Esprit de Pentec\u00f4te. 34\u00e8me chapitre g\u00e9n\u00e9ral &#8211; 2005 pri\u00e8re au P\u00e8re pri\u00e8re au Fils, Serviteur de Dieu pri\u00e8re \u00e0 l&rsquo;Esprit pri\u00e8re [&hellip;]<\/p>\n","protected":false},"author":6,"featured_media":0,"parent":138,"menu_order":4,"comment_status":"closed","ping_status":"closed","template":"","meta":{"ngg_post_thumbnail":0,"footnotes":""},"class_list":["post-146","page","type-page","status-publish","hentry"],"_links":{"self":[{"href":"https:\/\/soeurs-de-stgildas-nantes.cef.fr\/index.php?rest_route=\/wp\/v2\/pages\/146","targetHints":{"allow":["GET"]}}],"collection":[{"href":"https:\/\/soeurs-de-stgildas-nantes.cef.fr\/index.php?rest_route=\/wp\/v2\/pages"}],"about":[{"href":"https:\/\/soeurs-de-stgildas-nantes.cef.fr\/index.php?rest_route=\/wp\/v2\/types\/page"}],"author":[{"embeddable":true,"href":"https:\/\/soeurs-de-stgildas-nantes.cef.fr\/index.php?rest_route=\/wp\/v2\/users\/6"}],"replies":[{"embeddable":true,"href":"https:\/\/soeurs-de-stgildas-nantes.cef.fr\/index.php?rest_route=%2Fwp%2Fv2%2Fcomments&post=146"}],"version-history":[{"count":28,"href":"https:\/\/soeurs-de-stgildas-nantes.cef.fr\/index.php?rest_route=\/wp\/v2\/pages\/146\/revisions"}],"predecessor-version":[{"id":12415,"href":"https:\/\/soeurs-de-stgildas-nantes.cef.fr\/index.php?rest_route=\/wp\/v2\/pages\/146\/revisions\/12415"}],"up":[{"embeddable":true,"href":"https:\/\/soeurs-de-stgildas-nantes.cef.fr\/index.php?rest_route=\/wp\/v2\/pages\/138"}],"wp:attachment":[{"href":"https:\/\/soeurs-de-stgildas-nantes.cef.fr\/index.php?rest_route=%2Fwp%2Fv2%2Fmedia&parent=146"}],"curies":[{"name":"wp","href":"https:\/\/api.w.org\/{rel}","templated":true}]}}