{"id":140,"date":"2011-01-18T10:58:23","date_gmt":"2011-01-18T10:58:23","guid":{"rendered":"http:\/\/soeurs-de-stgildas-nantes.cef.fr\/?page_id=140"},"modified":"2011-04-20T08:36:21","modified_gmt":"2011-04-20T08:36:21","slug":"suivre-le-christ-serviteur","status":"publish","type":"page","link":"https:\/\/soeurs-de-stgildas-nantes.cef.fr\/?page_id=140","title":{"rendered":"Suivre le Christ Serviteur"},"content":{"rendered":"<h4 style=\"text-align: center;\"><em>\u00ab\u00a0Etre dans l&rsquo;Eglise et dans le monde des t\u00e9moins humbles<br \/>\net joyeux de l&rsquo;Amour de Dieu.\u00a0\u00bb<br \/>\nConstitutions\u00a0 n\u00b018 <\/em><\/h4>\n<table style=\"width: 100%;\" border=\"0\" cellspacing=\"5\" cellpadding=\"5\">\n<tbody>\n<tr>\n<td style=\"width: 30%;\" align=\"center\" valign=\"middle\"><a href=\"http:\/\/soeurs-de-stgildas-nantes.cef.fr\/wp-content\/uploads\/2011\/01\/styledevielavementpieds.jpg\"><img loading=\"lazy\" decoding=\"async\" title=\"styledevielavementpieds\" src=\"http:\/\/soeurs-de-stgildas-nantes.cef.fr\/wp-content\/uploads\/2011\/01\/styledevielavementpieds-150x150.jpg\" alt=\"\" width=\"150\" height=\"150\" \/><\/a><\/td>\n<td valign=\"middle\">t\u00e9moin du Dieu qui se fait enfant,<br \/>\nt\u00e9moin du Dieu qui se fait serviteur,<br \/>\nt\u00e9moin du \u00ab\u00a0Dieu de Majest\u00e9 qui s&rsquo;abaisse\u00a0\u00bb.<\/td>\n<\/tr>\n<\/tbody>\n<\/table>\n<table style=\"width: 100%;\" border=\"0\" cellspacing=\"5\" cellpadding=\"5\" align=\"left\">\n<tbody>\n<tr>\n<td style=\"width: 40%;\" align=\"left\" valign=\"middle\"><em><strong><\/strong><\/em>\u00a0<\/p>\n<p><em><strong>\u00ab\u00a0Notre existence enti\u00e8re se fonde sur la foi en J\u00e9sus-Christ.<br \/>\nA sa suite et\u00a0 sur sa parole,<br \/>\nnous essayons de vivre l&rsquo;esprit des B\u00e9atitudes,<\/strong><\/em><em><strong>\u00a0<\/strong><\/em>\u00a0<br \/>\n\u00a0<\/td>\n<td style=\"width: 30%;\" align=\"center\" valign=\"middle\">humilit\u00e9<br \/>\nconfiance<br \/>\nsimplicit\u00e9<br \/>\nesprit de foi\u00a0\u00a0\u00a0<\/td>\n<td style=\"width: 40%;\" valign=\"top\"><a href=\"http:\/\/soeurs-de-stgildas-nantes.cef.fr\/wp-content\/uploads\/2011\/01\/aokokolgo31.jpg\"><img loading=\"lazy\" decoding=\"async\" class=\"size-thumbnail wp-image-588\" title=\"aokokolgo3\" src=\"http:\/\/soeurs-de-stgildas-nantes.cef.fr\/wp-content\/uploads\/2011\/01\/aokokolgo31-150x150.jpg\" alt=\"\" width=\"120\" height=\"133\" \/><\/a>Premi\u00e8re profession<\/td>\n<\/tr>\n<tr>\n<td><em><strong>dans une forme de vie<br \/>\nen rupture avec les choix les plus habituels \u00bb\u00a0<\/strong>Constitutions\u00a0 n\u00b043<\/em><\/td>\n<td>\n<p style=\"text-align: center;\">vie en communaut\u00e9<br \/>\nappartenance \u00e0 une Congr\u00e9gation<br \/>\nmise en commun des biens<br \/>\nc\u00e9libat choisi<\/p>\n<\/td>\n<td>\u00a0<\/td>\n<\/tr>\n<\/tbody>\n<\/table>\n<p style=\"text-align: center;\">\u00a0<\/p>\n","protected":false},"excerpt":{"rendered":"<p>\u00ab\u00a0Etre dans l&rsquo;Eglise et dans le monde des t\u00e9moins humbles et joyeux de l&rsquo;Amour de Dieu.\u00a0\u00bb Constitutions\u00a0 n\u00b018 t\u00e9moin du Dieu qui se fait enfant, t\u00e9moin du Dieu qui se fait serviteur, t\u00e9moin du \u00ab\u00a0Dieu de Majest\u00e9 qui s&rsquo;abaisse\u00a0\u00bb. \u00a0 \u00ab\u00a0Notre existence enti\u00e8re se fonde sur la foi en J\u00e9sus-Christ. A sa suite et\u00a0 sur [&hellip;]<\/p>\n","protected":false},"author":6,"featured_media":0,"parent":138,"menu_order":0,"comment_status":"closed","ping_status":"closed","template":"","meta":{"ngg_post_thumbnail":0,"footnotes":""},"class_list":["post-140","page","type-page","status-publish","hentry"],"_links":{"self":[{"href":"https:\/\/soeurs-de-stgildas-nantes.cef.fr\/index.php?rest_route=\/wp\/v2\/pages\/140","targetHints":{"allow":["GET"]}}],"collection":[{"href":"https:\/\/soeurs-de-stgildas-nantes.cef.fr\/index.php?rest_route=\/wp\/v2\/pages"}],"about":[{"href":"https:\/\/soeurs-de-stgildas-nantes.cef.fr\/index.php?rest_route=\/wp\/v2\/types\/page"}],"author":[{"embeddable":true,"href":"https:\/\/soeurs-de-stgildas-nantes.cef.fr\/index.php?rest_route=\/wp\/v2\/users\/6"}],"replies":[{"embeddable":true,"href":"https:\/\/soeurs-de-stgildas-nantes.cef.fr\/index.php?rest_route=%2Fwp%2Fv2%2Fcomments&post=140"}],"version-history":[{"count":21,"href":"https:\/\/soeurs-de-stgildas-nantes.cef.fr\/index.php?rest_route=\/wp\/v2\/pages\/140\/revisions"}],"predecessor-version":[{"id":586,"href":"https:\/\/soeurs-de-stgildas-nantes.cef.fr\/index.php?rest_route=\/wp\/v2\/pages\/140\/revisions\/586"}],"up":[{"embeddable":true,"href":"https:\/\/soeurs-de-stgildas-nantes.cef.fr\/index.php?rest_route=\/wp\/v2\/pages\/138"}],"wp:attachment":[{"href":"https:\/\/soeurs-de-stgildas-nantes.cef.fr\/index.php?rest_route=%2Fwp%2Fv2%2Fmedia&parent=140"}],"curies":[{"name":"wp","href":"https:\/\/api.w.org\/{rel}","templated":true}]}}