{"id":13913,"date":"2022-06-11T13:24:58","date_gmt":"2022-06-11T13:24:58","guid":{"rendered":"http:\/\/soeurs-de-stgildas-nantes.cef.fr\/?page_id=13913"},"modified":"2022-06-11T13:45:45","modified_gmt":"2022-06-11T13:45:45","slug":"brocante-du-11-juin","status":"publish","type":"page","link":"https:\/\/soeurs-de-stgildas-nantes.cef.fr\/?page_id=13913","title":{"rendered":"Brocante du 11 juin"},"content":{"rendered":"\n<div class=\"wp-block-columns is-layout-flex wp-container-core-columns-is-layout-9d6595d7 wp-block-columns-is-layout-flex\">\n<div class=\"wp-block-column is-layout-flow wp-block-column-is-layout-flow\" style=\"flex-basis:100%\">\n<h3 style=\"text-align: center;\"><span style=\"color: #ff0000;\"><strong>Temps favorable, nombreux visiteurs <\/strong><\/span><\/h3>\n<h2 style=\"text-align: center;\"><span style=\"color: #ff0000;\"><strong>Grands choix dans tous les domaines &#8230;<\/strong><\/span><\/h2>\n<\/div>\n<\/div>\n\n\n\n<div class=\"wp-block-columns is-layout-flex wp-container-core-columns-is-layout-9d6595d7 wp-block-columns-is-layout-flex\">\n<div class=\"wp-block-column is-layout-flow wp-block-column-is-layout-flow\">\n<figure class=\"wp-block-image size-large\"><a href=\"http:\/\/soeurs-de-stgildas-nantes.cef.fr\/wp-content\/uploads\/2022\/06\/IMG_0009-rotated.jpg\"><img loading=\"lazy\" decoding=\"async\" width=\"768\" height=\"1024\" src=\"http:\/\/soeurs-de-stgildas-nantes.cef.fr\/wp-content\/uploads\/2022\/06\/IMG_0009-768x1024.jpg\" alt=\"\" class=\"wp-image-13916\" srcset=\"https:\/\/soeurs-de-stgildas-nantes.cef.fr\/wp-content\/uploads\/2022\/06\/IMG_0009-768x1024.jpg 768w, https:\/\/soeurs-de-stgildas-nantes.cef.fr\/wp-content\/uploads\/2022\/06\/IMG_0009-225x300.jpg 225w, https:\/\/soeurs-de-stgildas-nantes.cef.fr\/wp-content\/uploads\/2022\/06\/IMG_0009-1152x1536.jpg 1152w, https:\/\/soeurs-de-stgildas-nantes.cef.fr\/wp-content\/uploads\/2022\/06\/IMG_0009-rotated.jpg 1200w\" sizes=\"auto, (max-width: 768px) 100vw, 768px\" \/><\/a><\/figure>\n<\/div>\n\n\n\n<div class=\"wp-block-column is-layout-flow wp-block-column-is-layout-flow\">\n<figure class=\"wp-block-image size-large\"><a href=\"http:\/\/soeurs-de-stgildas-nantes.cef.fr\/wp-content\/uploads\/2022\/06\/IMG_0032-rotated.jpg\"><img loading=\"lazy\" decoding=\"async\" width=\"768\" height=\"1024\" src=\"http:\/\/soeurs-de-stgildas-nantes.cef.fr\/wp-content\/uploads\/2022\/06\/IMG_0032-768x1024.jpg\" alt=\"\" class=\"wp-image-13918\" srcset=\"https:\/\/soeurs-de-stgildas-nantes.cef.fr\/wp-content\/uploads\/2022\/06\/IMG_0032-768x1024.jpg 768w, https:\/\/soeurs-de-stgildas-nantes.cef.fr\/wp-content\/uploads\/2022\/06\/IMG_0032-225x300.jpg 225w, https:\/\/soeurs-de-stgildas-nantes.cef.fr\/wp-content\/uploads\/2022\/06\/IMG_0032-1152x1536.jpg 1152w, https:\/\/soeurs-de-stgildas-nantes.cef.fr\/wp-content\/uploads\/2022\/06\/IMG_0032-rotated.jpg 1200w\" sizes=\"auto, (max-width: 768px) 100vw, 768px\" \/><\/a><\/figure>\n<\/div>\n\n\n\n<div class=\"wp-block-column is-layout-flow wp-block-column-is-layout-flow\">\n<figure class=\"wp-block-image size-large\"><a href=\"http:\/\/soeurs-de-stgildas-nantes.cef.fr\/wp-content\/uploads\/2022\/06\/IMG_0042-rotated.jpg\"><img loading=\"lazy\" decoding=\"async\" width=\"768\" height=\"1024\" src=\"http:\/\/soeurs-de-stgildas-nantes.cef.fr\/wp-content\/uploads\/2022\/06\/IMG_0042-768x1024.jpg\" alt=\"\" class=\"wp-image-13919\" srcset=\"https:\/\/soeurs-de-stgildas-nantes.cef.fr\/wp-content\/uploads\/2022\/06\/IMG_0042-768x1024.jpg 768w, https:\/\/soeurs-de-stgildas-nantes.cef.fr\/wp-content\/uploads\/2022\/06\/IMG_0042-225x300.jpg 225w, https:\/\/soeurs-de-stgildas-nantes.cef.fr\/wp-content\/uploads\/2022\/06\/IMG_0042-1152x1536.jpg 1152w, https:\/\/soeurs-de-stgildas-nantes.cef.fr\/wp-content\/uploads\/2022\/06\/IMG_0042-rotated.jpg 1200w\" sizes=\"auto, (max-width: 768px) 100vw, 768px\" \/><\/a><\/figure>\n<\/div>\n<\/div>\n\n\n\n<div class=\"wp-block-columns is-layout-flex wp-container-core-columns-is-layout-9d6595d7 wp-block-columns-is-layout-flex\">\n<div class=\"wp-block-column is-layout-flow wp-block-column-is-layout-flow\" style=\"flex-basis:100%\">\n<div class=\"wp-block-columns is-layout-flex wp-container-core-columns-is-layout-9d6595d7 wp-block-columns-is-layout-flex\">\n<div class=\"wp-block-column is-layout-flow wp-block-column-is-layout-flow\" style=\"flex-basis:100%\">\n<div class=\"wp-block-columns is-layout-flex wp-container-core-columns-is-layout-9d6595d7 wp-block-columns-is-layout-flex\">\n<div class=\"wp-block-column is-layout-flow wp-block-column-is-layout-flow\" style=\"flex-basis:100%\">\n<div class=\"wp-block-columns is-layout-flex wp-container-core-columns-is-layout-9d6595d7 wp-block-columns-is-layout-flex\">\n<div class=\"wp-block-column is-layout-flow wp-block-column-is-layout-flow\" style=\"flex-basis:100%\"><\/div>\n<\/div>\n\n\n\n<div class=\"wp-block-columns is-layout-flex wp-container-core-columns-is-layout-9d6595d7 wp-block-columns-is-layout-flex\">\n<div class=\"wp-block-column is-layout-flow wp-block-column-is-layout-flow\">\n<figure class=\"wp-block-image size-large\"><a href=\"http:\/\/soeurs-de-stgildas-nantes.cef.fr\/wp-content\/uploads\/2022\/06\/IMG_0014.jpg\"><img loading=\"lazy\" decoding=\"async\" width=\"1024\" height=\"768\" src=\"http:\/\/soeurs-de-stgildas-nantes.cef.fr\/wp-content\/uploads\/2022\/06\/IMG_0014-1024x768.jpg\" alt=\"\" class=\"wp-image-13920\" srcset=\"https:\/\/soeurs-de-stgildas-nantes.cef.fr\/wp-content\/uploads\/2022\/06\/IMG_0014-1024x768.jpg 1024w, https:\/\/soeurs-de-stgildas-nantes.cef.fr\/wp-content\/uploads\/2022\/06\/IMG_0014-300x225.jpg 300w, https:\/\/soeurs-de-stgildas-nantes.cef.fr\/wp-content\/uploads\/2022\/06\/IMG_0014-768x576.jpg 768w, https:\/\/soeurs-de-stgildas-nantes.cef.fr\/wp-content\/uploads\/2022\/06\/IMG_0014-1536x1152.jpg 1536w, https:\/\/soeurs-de-stgildas-nantes.cef.fr\/wp-content\/uploads\/2022\/06\/IMG_0014.jpg 1600w\" sizes=\"auto, (max-width: 1024px) 100vw, 1024px\" \/><\/a><\/figure>\n<\/div>\n\n\n\n<div class=\"wp-block-column is-layout-flow wp-block-column-is-layout-flow\">\n<figure class=\"wp-block-image size-large\"><a href=\"http:\/\/soeurs-de-stgildas-nantes.cef.fr\/wp-content\/uploads\/2022\/06\/IMG_0025.jpg\"><img loading=\"lazy\" decoding=\"async\" width=\"1024\" height=\"768\" src=\"http:\/\/soeurs-de-stgildas-nantes.cef.fr\/wp-content\/uploads\/2022\/06\/IMG_0025-1024x768.jpg\" alt=\"\" class=\"wp-image-13921\" srcset=\"https:\/\/soeurs-de-stgildas-nantes.cef.fr\/wp-content\/uploads\/2022\/06\/IMG_0025-1024x768.jpg 1024w, https:\/\/soeurs-de-stgildas-nantes.cef.fr\/wp-content\/uploads\/2022\/06\/IMG_0025-300x225.jpg 300w, https:\/\/soeurs-de-stgildas-nantes.cef.fr\/wp-content\/uploads\/2022\/06\/IMG_0025-768x576.jpg 768w, https:\/\/soeurs-de-stgildas-nantes.cef.fr\/wp-content\/uploads\/2022\/06\/IMG_0025-1536x1152.jpg 1536w, https:\/\/soeurs-de-stgildas-nantes.cef.fr\/wp-content\/uploads\/2022\/06\/IMG_0025.jpg 1600w\" sizes=\"auto, (max-width: 1024px) 100vw, 1024px\" \/><\/a><\/figure>\n<\/div>\n\n\n\n<div class=\"wp-block-column is-layout-flow wp-block-column-is-layout-flow\">\n<figure class=\"wp-block-image size-large\"><a href=\"http:\/\/soeurs-de-stgildas-nantes.cef.fr\/wp-content\/uploads\/2022\/06\/IMG_0010.jpg\"><img loading=\"lazy\" decoding=\"async\" width=\"1024\" height=\"768\" src=\"http:\/\/soeurs-de-stgildas-nantes.cef.fr\/wp-content\/uploads\/2022\/06\/IMG_0010-1024x768.jpg\" alt=\"\" class=\"wp-image-13922\" srcset=\"https:\/\/soeurs-de-stgildas-nantes.cef.fr\/wp-content\/uploads\/2022\/06\/IMG_0010-1024x768.jpg 1024w, https:\/\/soeurs-de-stgildas-nantes.cef.fr\/wp-content\/uploads\/2022\/06\/IMG_0010-300x225.jpg 300w, https:\/\/soeurs-de-stgildas-nantes.cef.fr\/wp-content\/uploads\/2022\/06\/IMG_0010-768x576.jpg 768w, https:\/\/soeurs-de-stgildas-nantes.cef.fr\/wp-content\/uploads\/2022\/06\/IMG_0010-1536x1152.jpg 1536w, https:\/\/soeurs-de-stgildas-nantes.cef.fr\/wp-content\/uploads\/2022\/06\/IMG_0010.jpg 1600w\" sizes=\"auto, (max-width: 1024px) 100vw, 1024px\" \/><\/a><\/figure>\n<\/div>\n<\/div>\n<\/div>\n<\/div>\n\n\n\n<p class=\"has-text-align-center\"><strong><span style=\"color:#cf2e2e\" class=\"tadv-color\">Ambiance bien sympathique : on regarde, on discute, on retrouve des ami(e)s ! <\/span><\/strong><\/p>\n<\/div>\n<\/div>\n<\/div>\n<\/div>\n\n\n\n<div class=\"wp-block-columns is-layout-flex wp-container-core-columns-is-layout-9d6595d7 wp-block-columns-is-layout-flex\">\n<div class=\"wp-block-column is-vertically-aligned-center is-layout-flow wp-block-column-is-layout-flow\">\n<div class=\"wp-block-columns is-layout-flex wp-container-core-columns-is-layout-9d6595d7 wp-block-columns-is-layout-flex\">\n<div class=\"wp-block-column is-layout-flow wp-block-column-is-layout-flow\">\n<figure class=\"wp-block-image size-large\"><a href=\"http:\/\/soeurs-de-stgildas-nantes.cef.fr\/wp-content\/uploads\/2022\/06\/IMG_0016-rotated.jpg\"><img loading=\"lazy\" decoding=\"async\" width=\"768\" height=\"1024\" src=\"http:\/\/soeurs-de-stgildas-nantes.cef.fr\/wp-content\/uploads\/2022\/06\/IMG_0016-768x1024.jpg\" alt=\"\" class=\"wp-image-13924\" srcset=\"https:\/\/soeurs-de-stgildas-nantes.cef.fr\/wp-content\/uploads\/2022\/06\/IMG_0016-768x1024.jpg 768w, https:\/\/soeurs-de-stgildas-nantes.cef.fr\/wp-content\/uploads\/2022\/06\/IMG_0016-225x300.jpg 225w, https:\/\/soeurs-de-stgildas-nantes.cef.fr\/wp-content\/uploads\/2022\/06\/IMG_0016-1152x1536.jpg 1152w, https:\/\/soeurs-de-stgildas-nantes.cef.fr\/wp-content\/uploads\/2022\/06\/IMG_0016-rotated.jpg 1200w\" sizes=\"auto, (max-width: 768px) 100vw, 768px\" \/><\/a><\/figure>\n<\/div>\n\n\n\n<div class=\"wp-block-column is-layout-flow wp-block-column-is-layout-flow\">\n<figure class=\"wp-block-image size-large\"><a href=\"http:\/\/soeurs-de-stgildas-nantes.cef.fr\/wp-content\/uploads\/2022\/06\/IMG_0017-rotated.jpg\"><img loading=\"lazy\" decoding=\"async\" width=\"768\" height=\"1024\" src=\"http:\/\/soeurs-de-stgildas-nantes.cef.fr\/wp-content\/uploads\/2022\/06\/IMG_0017-768x1024.jpg\" alt=\"\" class=\"wp-image-13925\" srcset=\"https:\/\/soeurs-de-stgildas-nantes.cef.fr\/wp-content\/uploads\/2022\/06\/IMG_0017-768x1024.jpg 768w, https:\/\/soeurs-de-stgildas-nantes.cef.fr\/wp-content\/uploads\/2022\/06\/IMG_0017-225x300.jpg 225w, https:\/\/soeurs-de-stgildas-nantes.cef.fr\/wp-content\/uploads\/2022\/06\/IMG_0017-1152x1536.jpg 1152w, https:\/\/soeurs-de-stgildas-nantes.cef.fr\/wp-content\/uploads\/2022\/06\/IMG_0017-rotated.jpg 1200w\" sizes=\"auto, (max-width: 768px) 100vw, 768px\" \/><\/a><\/figure>\n<\/div>\n\n\n\n<div class=\"wp-block-column is-layout-flow wp-block-column-is-layout-flow\">\n<figure class=\"wp-block-image size-large\"><a href=\"http:\/\/soeurs-de-stgildas-nantes.cef.fr\/wp-content\/uploads\/2022\/06\/IMG_0019-rotated.jpg\"><img loading=\"lazy\" decoding=\"async\" width=\"768\" height=\"1024\" src=\"http:\/\/soeurs-de-stgildas-nantes.cef.fr\/wp-content\/uploads\/2022\/06\/IMG_0019-768x1024.jpg\" alt=\"\" class=\"wp-image-13926\" srcset=\"https:\/\/soeurs-de-stgildas-nantes.cef.fr\/wp-content\/uploads\/2022\/06\/IMG_0019-768x1024.jpg 768w, https:\/\/soeurs-de-stgildas-nantes.cef.fr\/wp-content\/uploads\/2022\/06\/IMG_0019-225x300.jpg 225w, https:\/\/soeurs-de-stgildas-nantes.cef.fr\/wp-content\/uploads\/2022\/06\/IMG_0019-1152x1536.jpg 1152w, https:\/\/soeurs-de-stgildas-nantes.cef.fr\/wp-content\/uploads\/2022\/06\/IMG_0019-rotated.jpg 1200w\" sizes=\"auto, (max-width: 768px) 100vw, 768px\" \/><\/a><\/figure>\n<\/div>\n<\/div>\n<\/div>\n\n\n\n<div class=\"wp-block-column is-layout-flow wp-block-column-is-layout-flow\">\n<figure class=\"wp-block-image size-large\"><a href=\"http:\/\/soeurs-de-stgildas-nantes.cef.fr\/wp-content\/uploads\/2022\/06\/IMG_0031-rotated.jpg\"><img loading=\"lazy\" decoding=\"async\" width=\"768\" height=\"1024\" src=\"http:\/\/soeurs-de-stgildas-nantes.cef.fr\/wp-content\/uploads\/2022\/06\/IMG_0031-768x1024.jpg\" alt=\"\" class=\"wp-image-13927\" srcset=\"https:\/\/soeurs-de-stgildas-nantes.cef.fr\/wp-content\/uploads\/2022\/06\/IMG_0031-768x1024.jpg 768w, https:\/\/soeurs-de-stgildas-nantes.cef.fr\/wp-content\/uploads\/2022\/06\/IMG_0031-225x300.jpg 225w, https:\/\/soeurs-de-stgildas-nantes.cef.fr\/wp-content\/uploads\/2022\/06\/IMG_0031-1152x1536.jpg 1152w, https:\/\/soeurs-de-stgildas-nantes.cef.fr\/wp-content\/uploads\/2022\/06\/IMG_0031-rotated.jpg 1200w\" sizes=\"auto, (max-width: 768px) 100vw, 768px\" \/><\/a><\/figure>\n<\/div>\n<\/div>\n\n\n\n<div class=\"wp-block-columns is-layout-flex wp-container-core-columns-is-layout-9d6595d7 wp-block-columns-is-layout-flex\">\n<div class=\"wp-block-column is-layout-flow wp-block-column-is-layout-flow\">\n<figure class=\"wp-block-image size-large\"><a href=\"http:\/\/soeurs-de-stgildas-nantes.cef.fr\/wp-content\/uploads\/2022\/06\/IMG_0008.jpg\"><img loading=\"lazy\" decoding=\"async\" width=\"1024\" height=\"768\" src=\"http:\/\/soeurs-de-stgildas-nantes.cef.fr\/wp-content\/uploads\/2022\/06\/IMG_0008-1024x768.jpg\" alt=\"\" class=\"wp-image-13934\" srcset=\"https:\/\/soeurs-de-stgildas-nantes.cef.fr\/wp-content\/uploads\/2022\/06\/IMG_0008-1024x768.jpg 1024w, https:\/\/soeurs-de-stgildas-nantes.cef.fr\/wp-content\/uploads\/2022\/06\/IMG_0008-300x225.jpg 300w, https:\/\/soeurs-de-stgildas-nantes.cef.fr\/wp-content\/uploads\/2022\/06\/IMG_0008-768x576.jpg 768w, https:\/\/soeurs-de-stgildas-nantes.cef.fr\/wp-content\/uploads\/2022\/06\/IMG_0008-1536x1152.jpg 1536w, https:\/\/soeurs-de-stgildas-nantes.cef.fr\/wp-content\/uploads\/2022\/06\/IMG_0008.jpg 1600w\" sizes=\"auto, (max-width: 1024px) 100vw, 1024px\" \/><\/a><\/figure>\n<\/div>\n\n\n\n<div class=\"wp-block-column is-layout-flow wp-block-column-is-layout-flow\">\n<figure class=\"wp-block-image size-large\"><a href=\"http:\/\/soeurs-de-stgildas-nantes.cef.fr\/wp-content\/uploads\/2022\/06\/IMG_0038.jpg\"><img loading=\"lazy\" decoding=\"async\" width=\"1024\" height=\"768\" src=\"http:\/\/soeurs-de-stgildas-nantes.cef.fr\/wp-content\/uploads\/2022\/06\/IMG_0038-1024x768.jpg\" alt=\"\" class=\"wp-image-13935\" srcset=\"https:\/\/soeurs-de-stgildas-nantes.cef.fr\/wp-content\/uploads\/2022\/06\/IMG_0038-1024x768.jpg 1024w, https:\/\/soeurs-de-stgildas-nantes.cef.fr\/wp-content\/uploads\/2022\/06\/IMG_0038-300x225.jpg 300w, https:\/\/soeurs-de-stgildas-nantes.cef.fr\/wp-content\/uploads\/2022\/06\/IMG_0038-768x576.jpg 768w, https:\/\/soeurs-de-stgildas-nantes.cef.fr\/wp-content\/uploads\/2022\/06\/IMG_0038-1536x1152.jpg 1536w, https:\/\/soeurs-de-stgildas-nantes.cef.fr\/wp-content\/uploads\/2022\/06\/IMG_0038.jpg 1600w\" sizes=\"auto, (max-width: 1024px) 100vw, 1024px\" \/><\/a><\/figure>\n<\/div>\n\n\n\n<div class=\"wp-block-column is-layout-flow wp-block-column-is-layout-flow\">\n<figure class=\"wp-block-image size-large\"><a href=\"http:\/\/soeurs-de-stgildas-nantes.cef.fr\/wp-content\/uploads\/2022\/06\/IMG_0052.jpg\"><img loading=\"lazy\" decoding=\"async\" width=\"1024\" height=\"768\" src=\"http:\/\/soeurs-de-stgildas-nantes.cef.fr\/wp-content\/uploads\/2022\/06\/IMG_0052-1024x768.jpg\" alt=\"\" class=\"wp-image-13936\" srcset=\"https:\/\/soeurs-de-stgildas-nantes.cef.fr\/wp-content\/uploads\/2022\/06\/IMG_0052-1024x768.jpg 1024w, https:\/\/soeurs-de-stgildas-nantes.cef.fr\/wp-content\/uploads\/2022\/06\/IMG_0052-300x225.jpg 300w, https:\/\/soeurs-de-stgildas-nantes.cef.fr\/wp-content\/uploads\/2022\/06\/IMG_0052-768x576.jpg 768w, https:\/\/soeurs-de-stgildas-nantes.cef.fr\/wp-content\/uploads\/2022\/06\/IMG_0052-1536x1152.jpg 1536w, https:\/\/soeurs-de-stgildas-nantes.cef.fr\/wp-content\/uploads\/2022\/06\/IMG_0052.jpg 1600w\" sizes=\"auto, (max-width: 1024px) 100vw, 1024px\" \/><\/a><\/figure>\n<\/div>\n<\/div>\n\n\n\n<div class=\"wp-block-columns is-layout-flex wp-container-core-columns-is-layout-9d6595d7 wp-block-columns-is-layout-flex\">\n<div class=\"wp-block-column is-layout-flow wp-block-column-is-layout-flow\">\n<figure class=\"wp-block-image size-large\"><a href=\"http:\/\/soeurs-de-stgildas-nantes.cef.fr\/wp-content\/uploads\/2022\/06\/IMG_0049.jpg\"><img loading=\"lazy\" decoding=\"async\" width=\"1024\" height=\"768\" src=\"http:\/\/soeurs-de-stgildas-nantes.cef.fr\/wp-content\/uploads\/2022\/06\/IMG_0049-1024x768.jpg\" alt=\"\" class=\"wp-image-13937\" srcset=\"https:\/\/soeurs-de-stgildas-nantes.cef.fr\/wp-content\/uploads\/2022\/06\/IMG_0049-1024x768.jpg 1024w, https:\/\/soeurs-de-stgildas-nantes.cef.fr\/wp-content\/uploads\/2022\/06\/IMG_0049-300x225.jpg 300w, https:\/\/soeurs-de-stgildas-nantes.cef.fr\/wp-content\/uploads\/2022\/06\/IMG_0049-768x576.jpg 768w, https:\/\/soeurs-de-stgildas-nantes.cef.fr\/wp-content\/uploads\/2022\/06\/IMG_0049-1536x1152.jpg 1536w, https:\/\/soeurs-de-stgildas-nantes.cef.fr\/wp-content\/uploads\/2022\/06\/IMG_0049.jpg 1600w\" sizes=\"auto, (max-width: 1024px) 100vw, 1024px\" \/><\/a><\/figure>\n<\/div>\n\n\n\n<div class=\"wp-block-column is-layout-flow wp-block-column-is-layout-flow\">\n<figure class=\"wp-block-image size-large\"><a href=\"http:\/\/soeurs-de-stgildas-nantes.cef.fr\/wp-content\/uploads\/2022\/06\/IMG_0057.jpg\"><img loading=\"lazy\" decoding=\"async\" width=\"1024\" height=\"768\" src=\"http:\/\/soeurs-de-stgildas-nantes.cef.fr\/wp-content\/uploads\/2022\/06\/IMG_0057-1024x768.jpg\" alt=\"\" class=\"wp-image-13938\" srcset=\"https:\/\/soeurs-de-stgildas-nantes.cef.fr\/wp-content\/uploads\/2022\/06\/IMG_0057-1024x768.jpg 1024w, https:\/\/soeurs-de-stgildas-nantes.cef.fr\/wp-content\/uploads\/2022\/06\/IMG_0057-300x225.jpg 300w, https:\/\/soeurs-de-stgildas-nantes.cef.fr\/wp-content\/uploads\/2022\/06\/IMG_0057-768x576.jpg 768w, https:\/\/soeurs-de-stgildas-nantes.cef.fr\/wp-content\/uploads\/2022\/06\/IMG_0057-1536x1152.jpg 1536w, https:\/\/soeurs-de-stgildas-nantes.cef.fr\/wp-content\/uploads\/2022\/06\/IMG_0057.jpg 1600w\" sizes=\"auto, (max-width: 1024px) 100vw, 1024px\" \/><\/a><\/figure>\n<\/div>\n\n\n\n<div class=\"wp-block-column is-layout-flow wp-block-column-is-layout-flow\">\n<figure class=\"wp-block-image size-large\"><a href=\"http:\/\/soeurs-de-stgildas-nantes.cef.fr\/wp-content\/uploads\/2022\/06\/IMG_0059.jpg\"><img loading=\"lazy\" decoding=\"async\" width=\"1024\" height=\"768\" src=\"http:\/\/soeurs-de-stgildas-nantes.cef.fr\/wp-content\/uploads\/2022\/06\/IMG_0059-1024x768.jpg\" alt=\"\" class=\"wp-image-13939\" srcset=\"https:\/\/soeurs-de-stgildas-nantes.cef.fr\/wp-content\/uploads\/2022\/06\/IMG_0059-1024x768.jpg 1024w, https:\/\/soeurs-de-stgildas-nantes.cef.fr\/wp-content\/uploads\/2022\/06\/IMG_0059-300x225.jpg 300w, https:\/\/soeurs-de-stgildas-nantes.cef.fr\/wp-content\/uploads\/2022\/06\/IMG_0059-768x576.jpg 768w, https:\/\/soeurs-de-stgildas-nantes.cef.fr\/wp-content\/uploads\/2022\/06\/IMG_0059-1536x1152.jpg 1536w, https:\/\/soeurs-de-stgildas-nantes.cef.fr\/wp-content\/uploads\/2022\/06\/IMG_0059.jpg 1600w\" sizes=\"auto, (max-width: 1024px) 100vw, 1024px\" \/><\/a><\/figure>\n<\/div>\n<\/div>\n\n\n\n<p class=\"has-text-align-center has-medium-font-size\"><span style=\"color:#cf2e2e\" class=\"tadv-color\"><strong>Restauration bien m\u00e9rit\u00e9e pour les b\u00e9n\u00e9voles<\/strong><\/span><\/p>\n\n\n\n<p class=\"has-text-align-center has-medium-font-size\"><strong><span style=\"color:#cf2e2e\" class=\"tadv-color\">apr\u00e8s votre pr\u00e9sence dans les stands !<\/span><\/strong><\/p>\n\n\n\n<p class=\"has-text-align-center\">&#8212;&#8212;&#8212;&#8212;&#8212;-<\/p>\n\n\n\n<p class=\"has-text-align-center has-medium-font-size\"><strong><em><span style=\"color:#0693e3\" class=\"tadv-color\">MERCI \u00e0 vous pour cette belle journ\u00e9e !&#8230;..<\/span><\/em><\/strong><\/p>\n\n\n","protected":false},"excerpt":{"rendered":"<p>Temps favorable, nombreux visiteurs Grands choix dans tous les domaines &#8230; Ambiance bien sympathique : on regarde, on discute, on retrouve des ami(e)s ! Restauration bien m\u00e9rit\u00e9e pour les b\u00e9n\u00e9voles apr\u00e8s votre pr\u00e9sence dans les stands ! &#8212;&#8212;&#8212;&#8212;&#8212;- MERCI \u00e0 vous pour cette belle journ\u00e9e !&#8230;..<\/p>\n","protected":false},"author":4,"featured_media":0,"parent":0,"menu_order":0,"comment_status":"closed","ping_status":"closed","template":"","meta":{"ngg_post_thumbnail":0,"footnotes":""},"class_list":["post-13913","page","type-page","status-publish","hentry"],"_links":{"self":[{"href":"https:\/\/soeurs-de-stgildas-nantes.cef.fr\/index.php?rest_route=\/wp\/v2\/pages\/13913","targetHints":{"allow":["GET"]}}],"collection":[{"href":"https:\/\/soeurs-de-stgildas-nantes.cef.fr\/index.php?rest_route=\/wp\/v2\/pages"}],"about":[{"href":"https:\/\/soeurs-de-stgildas-nantes.cef.fr\/index.php?rest_route=\/wp\/v2\/types\/page"}],"author":[{"embeddable":true,"href":"https:\/\/soeurs-de-stgildas-nantes.cef.fr\/index.php?rest_route=\/wp\/v2\/users\/4"}],"replies":[{"embeddable":true,"href":"https:\/\/soeurs-de-stgildas-nantes.cef.fr\/index.php?rest_route=%2Fwp%2Fv2%2Fcomments&post=13913"}],"version-history":[{"count":7,"href":"https:\/\/soeurs-de-stgildas-nantes.cef.fr\/index.php?rest_route=\/wp\/v2\/pages\/13913\/revisions"}],"predecessor-version":[{"id":13940,"href":"https:\/\/soeurs-de-stgildas-nantes.cef.fr\/index.php?rest_route=\/wp\/v2\/pages\/13913\/revisions\/13940"}],"wp:attachment":[{"href":"https:\/\/soeurs-de-stgildas-nantes.cef.fr\/index.php?rest_route=%2Fwp%2Fv2%2Fmedia&parent=13913"}],"curies":[{"name":"wp","href":"https:\/\/api.w.org\/{rel}","templated":true}]}}