{"id":13849,"date":"2021-12-26T17:41:11","date_gmt":"2021-12-26T17:41:11","guid":{"rendered":"http:\/\/soeurs-de-stgildas-nantes.cef.fr\/?page_id=13849"},"modified":"2021-12-26T19:20:07","modified_gmt":"2021-12-26T19:20:07","slug":"25-decembre-2021","status":"publish","type":"page","link":"https:\/\/soeurs-de-stgildas-nantes.cef.fr\/?page_id=13849","title":{"rendered":"25 d\u00e9cembre 2021"},"content":{"rendered":"\n<h4><span style=\"color: #ff0000;\">Aujourd&rsquo;hui dans notre monde le Verbe est n\u00e9<\/span><\/h4>\n<h4><strong><span style=\"color: #ff0000;\">Pour parler du P\u00e8re aux hommes qu&rsquo;il a tant aim\u00e9s !<\/span> <\/strong><\/h4>\n<p>&nbsp;<\/p>\n\n\n\n<figure class=\"wp-block-gallery columns-3 is-cropped wp-block-gallery-1 is-layout-flex wp-block-gallery-is-layout-flex\"><ul class=\"blocks-gallery-grid\"><li class=\"blocks-gallery-item\"><figure><a href=\"http:\/\/soeurs-de-stgildas-nantes.cef.fr\/wp-content\/uploads\/2021\/12\/IMG_0285-1-1024x768.jpg\"><img loading=\"lazy\" decoding=\"async\" width=\"1024\" height=\"768\" src=\"http:\/\/soeurs-de-stgildas-nantes.cef.fr\/wp-content\/uploads\/2021\/12\/IMG_0285-1-1024x768.jpg\" alt=\"\" data-id=\"13851\" data-link=\"http:\/\/soeurs-de-stgildas-nantes.cef.fr\/?attachment_id=13851\" class=\"wp-image-13851\" srcset=\"https:\/\/soeurs-de-stgildas-nantes.cef.fr\/wp-content\/uploads\/2021\/12\/IMG_0285-1-1024x768.jpg 1024w, https:\/\/soeurs-de-stgildas-nantes.cef.fr\/wp-content\/uploads\/2021\/12\/IMG_0285-1-300x225.jpg 300w, https:\/\/soeurs-de-stgildas-nantes.cef.fr\/wp-content\/uploads\/2021\/12\/IMG_0285-1-768x576.jpg 768w, https:\/\/soeurs-de-stgildas-nantes.cef.fr\/wp-content\/uploads\/2021\/12\/IMG_0285-1-1536x1152.jpg 1536w, https:\/\/soeurs-de-stgildas-nantes.cef.fr\/wp-content\/uploads\/2021\/12\/IMG_0285-1.jpg 1600w\" sizes=\"auto, (max-width: 1024px) 100vw, 1024px\" \/><\/a><\/figure><\/li><li class=\"blocks-gallery-item\"><figure><a href=\"http:\/\/soeurs-de-stgildas-nantes.cef.fr\/wp-content\/uploads\/2021\/12\/IMG_0287-1024x768.jpg\"><img loading=\"lazy\" decoding=\"async\" width=\"1024\" height=\"768\" src=\"http:\/\/soeurs-de-stgildas-nantes.cef.fr\/wp-content\/uploads\/2021\/12\/IMG_0287-1024x768.jpg\" alt=\"\" data-id=\"13852\" data-link=\"http:\/\/soeurs-de-stgildas-nantes.cef.fr\/?attachment_id=13852\" class=\"wp-image-13852\" srcset=\"https:\/\/soeurs-de-stgildas-nantes.cef.fr\/wp-content\/uploads\/2021\/12\/IMG_0287-1024x768.jpg 1024w, https:\/\/soeurs-de-stgildas-nantes.cef.fr\/wp-content\/uploads\/2021\/12\/IMG_0287-300x225.jpg 300w, https:\/\/soeurs-de-stgildas-nantes.cef.fr\/wp-content\/uploads\/2021\/12\/IMG_0287-768x576.jpg 768w, https:\/\/soeurs-de-stgildas-nantes.cef.fr\/wp-content\/uploads\/2021\/12\/IMG_0287-1536x1152.jpg 1536w, https:\/\/soeurs-de-stgildas-nantes.cef.fr\/wp-content\/uploads\/2021\/12\/IMG_0287.jpg 1600w\" sizes=\"auto, (max-width: 1024px) 100vw, 1024px\" \/><\/a><\/figure><\/li><li class=\"blocks-gallery-item\"><figure><a href=\"http:\/\/soeurs-de-stgildas-nantes.cef.fr\/wp-content\/uploads\/2021\/12\/IMG_0289-1024x768.jpg\"><img loading=\"lazy\" decoding=\"async\" width=\"1024\" height=\"768\" src=\"http:\/\/soeurs-de-stgildas-nantes.cef.fr\/wp-content\/uploads\/2021\/12\/IMG_0289-1024x768.jpg\" alt=\"\" data-id=\"13853\" data-link=\"http:\/\/soeurs-de-stgildas-nantes.cef.fr\/?attachment_id=13853\" class=\"wp-image-13853\" srcset=\"https:\/\/soeurs-de-stgildas-nantes.cef.fr\/wp-content\/uploads\/2021\/12\/IMG_0289-1024x768.jpg 1024w, https:\/\/soeurs-de-stgildas-nantes.cef.fr\/wp-content\/uploads\/2021\/12\/IMG_0289-300x225.jpg 300w, https:\/\/soeurs-de-stgildas-nantes.cef.fr\/wp-content\/uploads\/2021\/12\/IMG_0289-768x576.jpg 768w, https:\/\/soeurs-de-stgildas-nantes.cef.fr\/wp-content\/uploads\/2021\/12\/IMG_0289-1536x1152.jpg 1536w, https:\/\/soeurs-de-stgildas-nantes.cef.fr\/wp-content\/uploads\/2021\/12\/IMG_0289.jpg 1600w\" sizes=\"auto, (max-width: 1024px) 100vw, 1024px\" \/><\/a><\/figure><\/li><li class=\"blocks-gallery-item\"><figure><a href=\"http:\/\/soeurs-de-stgildas-nantes.cef.fr\/wp-content\/uploads\/2021\/12\/IMG_0291-1024x768.jpg\"><img loading=\"lazy\" decoding=\"async\" width=\"1024\" height=\"768\" src=\"http:\/\/soeurs-de-stgildas-nantes.cef.fr\/wp-content\/uploads\/2021\/12\/IMG_0291-1024x768.jpg\" alt=\"\" data-id=\"13854\" data-link=\"http:\/\/soeurs-de-stgildas-nantes.cef.fr\/?attachment_id=13854\" class=\"wp-image-13854\" srcset=\"https:\/\/soeurs-de-stgildas-nantes.cef.fr\/wp-content\/uploads\/2021\/12\/IMG_0291-1024x768.jpg 1024w, https:\/\/soeurs-de-stgildas-nantes.cef.fr\/wp-content\/uploads\/2021\/12\/IMG_0291-300x225.jpg 300w, https:\/\/soeurs-de-stgildas-nantes.cef.fr\/wp-content\/uploads\/2021\/12\/IMG_0291-768x576.jpg 768w, https:\/\/soeurs-de-stgildas-nantes.cef.fr\/wp-content\/uploads\/2021\/12\/IMG_0291-1536x1152.jpg 1536w, https:\/\/soeurs-de-stgildas-nantes.cef.fr\/wp-content\/uploads\/2021\/12\/IMG_0291.jpg 1600w\" sizes=\"auto, (max-width: 1024px) 100vw, 1024px\" \/><\/a><\/figure><\/li><li class=\"blocks-gallery-item\"><figure><a href=\"http:\/\/soeurs-de-stgildas-nantes.cef.fr\/wp-content\/uploads\/2021\/12\/IMG_0292-1024x768.jpg\"><img loading=\"lazy\" decoding=\"async\" width=\"1024\" height=\"768\" src=\"http:\/\/soeurs-de-stgildas-nantes.cef.fr\/wp-content\/uploads\/2021\/12\/IMG_0292-1024x768.jpg\" alt=\"\" data-id=\"13855\" data-link=\"http:\/\/soeurs-de-stgildas-nantes.cef.fr\/?attachment_id=13855\" class=\"wp-image-13855\" srcset=\"https:\/\/soeurs-de-stgildas-nantes.cef.fr\/wp-content\/uploads\/2021\/12\/IMG_0292-1024x768.jpg 1024w, https:\/\/soeurs-de-stgildas-nantes.cef.fr\/wp-content\/uploads\/2021\/12\/IMG_0292-300x225.jpg 300w, https:\/\/soeurs-de-stgildas-nantes.cef.fr\/wp-content\/uploads\/2021\/12\/IMG_0292-768x576.jpg 768w, https:\/\/soeurs-de-stgildas-nantes.cef.fr\/wp-content\/uploads\/2021\/12\/IMG_0292-1536x1152.jpg 1536w, https:\/\/soeurs-de-stgildas-nantes.cef.fr\/wp-content\/uploads\/2021\/12\/IMG_0292.jpg 1600w\" sizes=\"auto, (max-width: 1024px) 100vw, 1024px\" \/><\/a><\/figure><\/li><li class=\"blocks-gallery-item\"><figure><a href=\"http:\/\/soeurs-de-stgildas-nantes.cef.fr\/wp-content\/uploads\/2021\/12\/IMG_0290-1-rotated.jpg\"><img loading=\"lazy\" decoding=\"async\" width=\"768\" height=\"1024\" src=\"http:\/\/soeurs-de-stgildas-nantes.cef.fr\/wp-content\/uploads\/2021\/12\/IMG_0290-1-768x1024.jpg\" alt=\"\" data-id=\"13862\" data-full-url=\"http:\/\/soeurs-de-stgildas-nantes.cef.fr\/wp-content\/uploads\/2021\/12\/IMG_0290-1-rotated.jpg\" data-link=\"http:\/\/soeurs-de-stgildas-nantes.cef.fr\/?attachment_id=13862\" class=\"wp-image-13862\" srcset=\"https:\/\/soeurs-de-stgildas-nantes.cef.fr\/wp-content\/uploads\/2021\/12\/IMG_0290-1-768x1024.jpg 768w, https:\/\/soeurs-de-stgildas-nantes.cef.fr\/wp-content\/uploads\/2021\/12\/IMG_0290-1-225x300.jpg 225w, https:\/\/soeurs-de-stgildas-nantes.cef.fr\/wp-content\/uploads\/2021\/12\/IMG_0290-1-1152x1536.jpg 1152w, https:\/\/soeurs-de-stgildas-nantes.cef.fr\/wp-content\/uploads\/2021\/12\/IMG_0290-1-rotated.jpg 1200w\" sizes=\"auto, (max-width: 768px) 100vw, 768px\" \/><\/a><\/figure><\/li><\/ul><figcaption class=\"blocks-gallery-caption\"><strong><mark>No\u00ebl v\u00e9cu \u00ab\u00a0au phare de la lanterne\u00a0\u00bb  !<\/mark><\/strong><\/figcaption><\/figure>\n\n\n\n<p class=\"has-white-color has-text-color\">&#8212;<\/p>\n\n\n\n<p class=\"has-text-align-center has-normal-font-size\"><span style=\"color:#cf2e2e\" class=\"tadv-color\"><strong>Et aussi une belle  soir\u00e9e \u00ab\u00a0r\u00e9veillon\u00a0\u00bb \u00e0 la salle \u00e0 manger !<\/strong><\/span><\/p>\n\n\n\n<p class=\"has-white-color has-text-color\">&#8212;<\/p>\n\n\n\n<p class=\"has-vivid-red-color has-text-color\" style=\"font-size:17px\"> d\u00e9coration avec des cartes de voeux envoy\u00e9es <\/p>\n\n\n\n<p class=\"has-text-align-center has-vivid-red-color has-text-color\" style=\"font-size:17px\">par ami-e-s, soeurs et diverses fraternit\u00e9s<\/p>\n\n\n\n<p class=\"has-text-align-right has-vivid-red-color has-text-color\" style=\"font-size:17px\">ainsi que par les \u00e9l\u00e8ves de Toutes-Aides : \u00e9cole, coll\u00e8ge et lyc\u00e9e<\/p>\n\n\n\n<figure class=\"wp-block-gallery columns-3 is-cropped wp-block-gallery-2 is-layout-flex wp-block-gallery-is-layout-flex\"><ul class=\"blocks-gallery-grid\"><li class=\"blocks-gallery-item\"><figure><a href=\"http:\/\/soeurs-de-stgildas-nantes.cef.fr\/wp-content\/uploads\/2021\/12\/IMG_0268-1024x768.jpg\"><img loading=\"lazy\" decoding=\"async\" width=\"1024\" height=\"768\" src=\"http:\/\/soeurs-de-stgildas-nantes.cef.fr\/wp-content\/uploads\/2021\/12\/IMG_0268-1024x768.jpg\" alt=\"\" data-id=\"13865\" data-link=\"http:\/\/soeurs-de-stgildas-nantes.cef.fr\/?attachment_id=13865\" class=\"wp-image-13865\" srcset=\"https:\/\/soeurs-de-stgildas-nantes.cef.fr\/wp-content\/uploads\/2021\/12\/IMG_0268-1024x768.jpg 1024w, https:\/\/soeurs-de-stgildas-nantes.cef.fr\/wp-content\/uploads\/2021\/12\/IMG_0268-300x225.jpg 300w, https:\/\/soeurs-de-stgildas-nantes.cef.fr\/wp-content\/uploads\/2021\/12\/IMG_0268-768x576.jpg 768w, https:\/\/soeurs-de-stgildas-nantes.cef.fr\/wp-content\/uploads\/2021\/12\/IMG_0268-1536x1152.jpg 1536w, https:\/\/soeurs-de-stgildas-nantes.cef.fr\/wp-content\/uploads\/2021\/12\/IMG_0268.jpg 1600w\" sizes=\"auto, (max-width: 1024px) 100vw, 1024px\" \/><\/a><\/figure><\/li><li class=\"blocks-gallery-item\"><figure><a href=\"http:\/\/soeurs-de-stgildas-nantes.cef.fr\/wp-content\/uploads\/2021\/12\/IMG_0273-1024x768.jpg\"><img loading=\"lazy\" decoding=\"async\" width=\"1024\" height=\"768\" src=\"http:\/\/soeurs-de-stgildas-nantes.cef.fr\/wp-content\/uploads\/2021\/12\/IMG_0273-1024x768.jpg\" alt=\"\" data-id=\"13866\" data-link=\"http:\/\/soeurs-de-stgildas-nantes.cef.fr\/?attachment_id=13866\" class=\"wp-image-13866\" srcset=\"https:\/\/soeurs-de-stgildas-nantes.cef.fr\/wp-content\/uploads\/2021\/12\/IMG_0273-1024x768.jpg 1024w, https:\/\/soeurs-de-stgildas-nantes.cef.fr\/wp-content\/uploads\/2021\/12\/IMG_0273-300x225.jpg 300w, https:\/\/soeurs-de-stgildas-nantes.cef.fr\/wp-content\/uploads\/2021\/12\/IMG_0273-768x576.jpg 768w, https:\/\/soeurs-de-stgildas-nantes.cef.fr\/wp-content\/uploads\/2021\/12\/IMG_0273-1536x1152.jpg 1536w, https:\/\/soeurs-de-stgildas-nantes.cef.fr\/wp-content\/uploads\/2021\/12\/IMG_0273.jpg 1600w\" sizes=\"auto, (max-width: 1024px) 100vw, 1024px\" \/><\/a><\/figure><\/li><li class=\"blocks-gallery-item\"><figure><a href=\"http:\/\/soeurs-de-stgildas-nantes.cef.fr\/wp-content\/uploads\/2021\/12\/IMG_0275-1-1024x768.jpg\"><img loading=\"lazy\" decoding=\"async\" width=\"1024\" height=\"768\" src=\"http:\/\/soeurs-de-stgildas-nantes.cef.fr\/wp-content\/uploads\/2021\/12\/IMG_0275-1-1024x768.jpg\" alt=\"\" data-id=\"13867\" data-link=\"http:\/\/soeurs-de-stgildas-nantes.cef.fr\/?attachment_id=13867\" class=\"wp-image-13867\" srcset=\"https:\/\/soeurs-de-stgildas-nantes.cef.fr\/wp-content\/uploads\/2021\/12\/IMG_0275-1-1024x768.jpg 1024w, https:\/\/soeurs-de-stgildas-nantes.cef.fr\/wp-content\/uploads\/2021\/12\/IMG_0275-1-300x225.jpg 300w, https:\/\/soeurs-de-stgildas-nantes.cef.fr\/wp-content\/uploads\/2021\/12\/IMG_0275-1-768x576.jpg 768w, https:\/\/soeurs-de-stgildas-nantes.cef.fr\/wp-content\/uploads\/2021\/12\/IMG_0275-1-1536x1152.jpg 1536w, https:\/\/soeurs-de-stgildas-nantes.cef.fr\/wp-content\/uploads\/2021\/12\/IMG_0275-1.jpg 1600w\" sizes=\"auto, (max-width: 1024px) 100vw, 1024px\" \/><\/a><\/figure><\/li><li class=\"blocks-gallery-item\"><figure><a href=\"http:\/\/soeurs-de-stgildas-nantes.cef.fr\/wp-content\/uploads\/2021\/12\/IMG_0272-768x1024.jpg\"><img loading=\"lazy\" decoding=\"async\" width=\"768\" height=\"1024\" src=\"http:\/\/soeurs-de-stgildas-nantes.cef.fr\/wp-content\/uploads\/2021\/12\/IMG_0272-768x1024.jpg\" alt=\"\" data-id=\"13868\" data-link=\"http:\/\/soeurs-de-stgildas-nantes.cef.fr\/?attachment_id=13868\" class=\"wp-image-13868\" srcset=\"https:\/\/soeurs-de-stgildas-nantes.cef.fr\/wp-content\/uploads\/2021\/12\/IMG_0272-768x1024.jpg 768w, https:\/\/soeurs-de-stgildas-nantes.cef.fr\/wp-content\/uploads\/2021\/12\/IMG_0272-225x300.jpg 225w, https:\/\/soeurs-de-stgildas-nantes.cef.fr\/wp-content\/uploads\/2021\/12\/IMG_0272-1152x1536.jpg 1152w, https:\/\/soeurs-de-stgildas-nantes.cef.fr\/wp-content\/uploads\/2021\/12\/IMG_0272-rotated.jpg 1200w\" sizes=\"auto, (max-width: 768px) 100vw, 768px\" \/><\/a><\/figure><\/li><li class=\"blocks-gallery-item\"><figure><a href=\"http:\/\/soeurs-de-stgildas-nantes.cef.fr\/wp-content\/uploads\/2021\/12\/IMG_0283-768x1024.jpg\"><img loading=\"lazy\" decoding=\"async\" width=\"768\" height=\"1024\" src=\"http:\/\/soeurs-de-stgildas-nantes.cef.fr\/wp-content\/uploads\/2021\/12\/IMG_0283-768x1024.jpg\" alt=\"\" data-id=\"13869\" data-link=\"http:\/\/soeurs-de-stgildas-nantes.cef.fr\/?attachment_id=13869\" class=\"wp-image-13869\" srcset=\"https:\/\/soeurs-de-stgildas-nantes.cef.fr\/wp-content\/uploads\/2021\/12\/IMG_0283-768x1024.jpg 768w, https:\/\/soeurs-de-stgildas-nantes.cef.fr\/wp-content\/uploads\/2021\/12\/IMG_0283-225x300.jpg 225w, https:\/\/soeurs-de-stgildas-nantes.cef.fr\/wp-content\/uploads\/2021\/12\/IMG_0283-1152x1536.jpg 1152w, https:\/\/soeurs-de-stgildas-nantes.cef.fr\/wp-content\/uploads\/2021\/12\/IMG_0283-rotated.jpg 1200w\" sizes=\"auto, (max-width: 768px) 100vw, 768px\" \/><\/a><\/figure><\/li><li class=\"blocks-gallery-item\"><figure><a href=\"http:\/\/soeurs-de-stgildas-nantes.cef.fr\/wp-content\/uploads\/2021\/12\/IMG_0279-rotated.jpg\"><img loading=\"lazy\" decoding=\"async\" width=\"768\" height=\"1024\" src=\"http:\/\/soeurs-de-stgildas-nantes.cef.fr\/wp-content\/uploads\/2021\/12\/IMG_0279-768x1024.jpg\" alt=\"\" data-id=\"13870\" data-full-url=\"http:\/\/soeurs-de-stgildas-nantes.cef.fr\/wp-content\/uploads\/2021\/12\/IMG_0279-rotated.jpg\" data-link=\"http:\/\/soeurs-de-stgildas-nantes.cef.fr\/?attachment_id=13870\" class=\"wp-image-13870\" srcset=\"https:\/\/soeurs-de-stgildas-nantes.cef.fr\/wp-content\/uploads\/2021\/12\/IMG_0279-768x1024.jpg 768w, https:\/\/soeurs-de-stgildas-nantes.cef.fr\/wp-content\/uploads\/2021\/12\/IMG_0279-225x300.jpg 225w, https:\/\/soeurs-de-stgildas-nantes.cef.fr\/wp-content\/uploads\/2021\/12\/IMG_0279-1152x1536.jpg 1152w, https:\/\/soeurs-de-stgildas-nantes.cef.fr\/wp-content\/uploads\/2021\/12\/IMG_0279-rotated.jpg 1200w\" sizes=\"auto, (max-width: 768px) 100vw, 768px\" \/><\/a><\/figure><\/li><\/ul><\/figure>\n\n\n\n<p class=\"has-vivid-red-color has-text-color\" style=\"font-size:18px\"><strong>et le service assur\u00e9 par de sympathiques serveuses &#8230;<\/strong><\/p>\n\n\n\n<p><\/p>\n\n\n\n<div class=\"wp-block-image\"><figure class=\"aligncenter size-large is-resized\"><a href=\"http:\/\/soeurs-de-stgildas-nantes.cef.fr\/wp-content\/uploads\/2021\/12\/IMG_0274.jpg\"><img loading=\"lazy\" decoding=\"async\" src=\"http:\/\/soeurs-de-stgildas-nantes.cef.fr\/wp-content\/uploads\/2021\/12\/IMG_0274-1024x768.jpg\" alt=\"\" class=\"wp-image-13871\" width=\"651\" height=\"488\" srcset=\"https:\/\/soeurs-de-stgildas-nantes.cef.fr\/wp-content\/uploads\/2021\/12\/IMG_0274-1024x768.jpg 1024w, https:\/\/soeurs-de-stgildas-nantes.cef.fr\/wp-content\/uploads\/2021\/12\/IMG_0274-300x225.jpg 300w, https:\/\/soeurs-de-stgildas-nantes.cef.fr\/wp-content\/uploads\/2021\/12\/IMG_0274-768x576.jpg 768w, https:\/\/soeurs-de-stgildas-nantes.cef.fr\/wp-content\/uploads\/2021\/12\/IMG_0274-1536x1152.jpg 1536w, https:\/\/soeurs-de-stgildas-nantes.cef.fr\/wp-content\/uploads\/2021\/12\/IMG_0274.jpg 1600w\" sizes=\"auto, (max-width: 651px) 100vw, 651px\" \/><\/a><\/figure><\/div>\n\n\n\n<p class=\"has-text-align-center has-vivid-red-color has-text-color\" style=\"font-size:21px\"><strong><em>Joyeux NO\u00cbL <\/em><\/strong><\/p>\n\n\n\n<p class=\"has-white-color has-text-color\">&#8212;<\/p>\n\n\n\n<p class=\"has-text-align-center has-vivid-red-color has-text-color\" style=\"font-size:21px\"><strong><em>et tous nos meilleurs voeux pour 2022 !<\/em><\/strong><\/p>\n","protected":false},"excerpt":{"rendered":"<p>Aujourd&rsquo;hui dans notre monde le Verbe est n\u00e9 Pour parler du P\u00e8re aux hommes qu&rsquo;il a tant aim\u00e9s ! &nbsp; &#8212; Et aussi une belle soir\u00e9e \u00ab\u00a0r\u00e9veillon\u00a0\u00bb \u00e0 la salle \u00e0 manger ! &#8212; d\u00e9coration avec des cartes de voeux envoy\u00e9es par ami-e-s, soeurs et diverses fraternit\u00e9s ainsi que par les \u00e9l\u00e8ves de Toutes-Aides : [&hellip;]<\/p>\n","protected":false},"author":6,"featured_media":0,"parent":0,"menu_order":0,"comment_status":"closed","ping_status":"closed","template":"","meta":{"ngg_post_thumbnail":0,"footnotes":""},"class_list":["post-13849","page","type-page","status-publish","hentry"],"_links":{"self":[{"href":"https:\/\/soeurs-de-stgildas-nantes.cef.fr\/index.php?rest_route=\/wp\/v2\/pages\/13849","targetHints":{"allow":["GET"]}}],"collection":[{"href":"https:\/\/soeurs-de-stgildas-nantes.cef.fr\/index.php?rest_route=\/wp\/v2\/pages"}],"about":[{"href":"https:\/\/soeurs-de-stgildas-nantes.cef.fr\/index.php?rest_route=\/wp\/v2\/types\/page"}],"author":[{"embeddable":true,"href":"https:\/\/soeurs-de-stgildas-nantes.cef.fr\/index.php?rest_route=\/wp\/v2\/users\/6"}],"replies":[{"embeddable":true,"href":"https:\/\/soeurs-de-stgildas-nantes.cef.fr\/index.php?rest_route=%2Fwp%2Fv2%2Fcomments&post=13849"}],"version-history":[{"count":3,"href":"https:\/\/soeurs-de-stgildas-nantes.cef.fr\/index.php?rest_route=\/wp\/v2\/pages\/13849\/revisions"}],"predecessor-version":[{"id":13872,"href":"https:\/\/soeurs-de-stgildas-nantes.cef.fr\/index.php?rest_route=\/wp\/v2\/pages\/13849\/revisions\/13872"}],"wp:attachment":[{"href":"https:\/\/soeurs-de-stgildas-nantes.cef.fr\/index.php?rest_route=%2Fwp%2Fv2%2Fmedia&parent=13849"}],"curies":[{"name":"wp","href":"https:\/\/api.w.org\/{rel}","templated":true}]}}