{"id":13683,"date":"2021-06-19T15:29:50","date_gmt":"2021-06-19T15:29:50","guid":{"rendered":"http:\/\/soeurs-de-stgildas-nantes.cef.fr\/?page_id=13683"},"modified":"2021-06-20T14:07:57","modified_gmt":"2021-06-20T14:07:57","slug":"dimanche-6-juin-2021","status":"publish","type":"page","link":"https:\/\/soeurs-de-stgildas-nantes.cef.fr\/?page_id=13683","title":{"rendered":"Dimanche 6 juin 2021"},"content":{"rendered":"\n<p class=\"has-text-align-left has-luminous-vivid-orange-color has-text-color has-normal-font-size\"><strong>Il y avait du soleil partout : <\/strong><\/p>\n\n\n\n<p class=\"has-text-align-center has-luminous-vivid-orange-color has-text-color has-normal-font-size\"><strong>dans le ciel, dans le parc, <\/strong><\/p>\n\n\n\n<p class=\"has-text-align-right has-luminous-vivid-orange-color has-text-color has-normal-font-size\"><strong>dans les coeurs et sur les visages !<\/strong><\/p>\n\n\n\n<p class=\"has-white-color has-text-color\">&#8212;<\/p>\n\n\n\n<figure class=\"wp-block-gallery columns-3 is-cropped wp-block-gallery-1 is-layout-flex wp-block-gallery-is-layout-flex\"><ul class=\"blocks-gallery-grid\"><li class=\"blocks-gallery-item\"><figure><img loading=\"lazy\" decoding=\"async\" width=\"1024\" height=\"767\" src=\"http:\/\/soeurs-de-stgildas-nantes.cef.fr\/wp-content\/uploads\/2021\/06\/IMG_20210605_182159-1024x767.jpg\" alt=\"\" data-id=\"13691\" data-link=\"http:\/\/soeurs-de-stgildas-nantes.cef.fr\/?attachment_id=13691\" class=\"wp-image-13691\" srcset=\"https:\/\/soeurs-de-stgildas-nantes.cef.fr\/wp-content\/uploads\/2021\/06\/IMG_20210605_182159-1024x767.jpg 1024w, https:\/\/soeurs-de-stgildas-nantes.cef.fr\/wp-content\/uploads\/2021\/06\/IMG_20210605_182159-300x225.jpg 300w, https:\/\/soeurs-de-stgildas-nantes.cef.fr\/wp-content\/uploads\/2021\/06\/IMG_20210605_182159-768x575.jpg 768w, https:\/\/soeurs-de-stgildas-nantes.cef.fr\/wp-content\/uploads\/2021\/06\/IMG_20210605_182159-1536x1150.jpg 1536w, https:\/\/soeurs-de-stgildas-nantes.cef.fr\/wp-content\/uploads\/2021\/06\/IMG_20210605_182159-2048x1534.jpg 2048w\" sizes=\"auto, (max-width: 1024px) 100vw, 1024px\" \/><\/figure><\/li><li class=\"blocks-gallery-item\"><figure><img loading=\"lazy\" decoding=\"async\" width=\"1024\" height=\"768\" src=\"http:\/\/soeurs-de-stgildas-nantes.cef.fr\/wp-content\/uploads\/2021\/06\/P1010684-1024x768.jpg\" alt=\"\" data-id=\"13692\" data-link=\"http:\/\/soeurs-de-stgildas-nantes.cef.fr\/?attachment_id=13692\" class=\"wp-image-13692\" srcset=\"https:\/\/soeurs-de-stgildas-nantes.cef.fr\/wp-content\/uploads\/2021\/06\/P1010684-1024x768.jpg 1024w, https:\/\/soeurs-de-stgildas-nantes.cef.fr\/wp-content\/uploads\/2021\/06\/P1010684-300x225.jpg 300w, https:\/\/soeurs-de-stgildas-nantes.cef.fr\/wp-content\/uploads\/2021\/06\/P1010684-768x576.jpg 768w, https:\/\/soeurs-de-stgildas-nantes.cef.fr\/wp-content\/uploads\/2021\/06\/P1010684-1536x1152.jpg 1536w, https:\/\/soeurs-de-stgildas-nantes.cef.fr\/wp-content\/uploads\/2021\/06\/P1010684-2048x1536.jpg 2048w\" sizes=\"auto, (max-width: 1024px) 100vw, 1024px\" \/><\/figure><\/li><li class=\"blocks-gallery-item\"><figure><img loading=\"lazy\" decoding=\"async\" width=\"768\" height=\"1024\" src=\"http:\/\/soeurs-de-stgildas-nantes.cef.fr\/wp-content\/uploads\/2021\/06\/P1010688-768x1024.jpg\" alt=\"\" data-id=\"13693\" data-full-url=\"http:\/\/soeurs-de-stgildas-nantes.cef.fr\/wp-content\/uploads\/2021\/06\/P1010688-rotated.jpg\" data-link=\"http:\/\/soeurs-de-stgildas-nantes.cef.fr\/?attachment_id=13693\" class=\"wp-image-13693\" srcset=\"https:\/\/soeurs-de-stgildas-nantes.cef.fr\/wp-content\/uploads\/2021\/06\/P1010688-768x1024.jpg 768w, https:\/\/soeurs-de-stgildas-nantes.cef.fr\/wp-content\/uploads\/2021\/06\/P1010688-225x300.jpg 225w, https:\/\/soeurs-de-stgildas-nantes.cef.fr\/wp-content\/uploads\/2021\/06\/P1010688-1152x1536.jpg 1152w, https:\/\/soeurs-de-stgildas-nantes.cef.fr\/wp-content\/uploads\/2021\/06\/P1010688-1536x2048.jpg 1536w, https:\/\/soeurs-de-stgildas-nantes.cef.fr\/wp-content\/uploads\/2021\/06\/P1010688-rotated.jpg 1920w\" sizes=\"auto, (max-width: 768px) 100vw, 768px\" \/><\/figure><\/li><\/ul><\/figure>\n\n\n\n<p class=\"has-white-color has-text-color\">&#8212;<\/p>\n\n\n\n<p class=\"has-text-align-center has-luminous-vivid-orange-color has-text-color\"><strong>Tu  fais de nous un peuple de t\u00e9moins<\/strong><\/p>\n\n\n\n<p class=\"has-text-align-center has-luminous-vivid-orange-color has-text-color\"><strong>Pour dire au monde tes merveilles!<\/strong><\/p>\n\n\n\n<p class=\"has-text-align-center has-luminous-vivid-orange-color has-text-color\"><strong>Tu viens demeurer au coeur de chacun<\/strong><\/p>\n\n\n\n<p class=\"has-text-align-center has-luminous-vivid-orange-color has-text-color\"><strong>Et ta parole nous r\u00e9veille !<\/strong><\/p>\n\n\n\n<p><a href=\"http:\/\/soeurs-de-stgildas-nantes.cef.fr\/?page_id=151\" data-type=\"page\" data-id=\"151\">vid\u00e9os<\/a><\/p>\n","protected":false},"excerpt":{"rendered":"<p>Il y avait du soleil partout : dans le ciel, dans le parc, dans les coeurs et sur les visages ! &#8212; &#8212; Tu fais de nous un peuple de t\u00e9moins Pour dire au monde tes merveilles! Tu viens demeurer au coeur de chacun Et ta parole nous r\u00e9veille ! vid\u00e9os<\/p>\n","protected":false},"author":6,"featured_media":0,"parent":0,"menu_order":0,"comment_status":"closed","ping_status":"closed","template":"","meta":{"ngg_post_thumbnail":0,"footnotes":""},"class_list":["post-13683","page","type-page","status-publish","hentry"],"_links":{"self":[{"href":"https:\/\/soeurs-de-stgildas-nantes.cef.fr\/index.php?rest_route=\/wp\/v2\/pages\/13683","targetHints":{"allow":["GET"]}}],"collection":[{"href":"https:\/\/soeurs-de-stgildas-nantes.cef.fr\/index.php?rest_route=\/wp\/v2\/pages"}],"about":[{"href":"https:\/\/soeurs-de-stgildas-nantes.cef.fr\/index.php?rest_route=\/wp\/v2\/types\/page"}],"author":[{"embeddable":true,"href":"https:\/\/soeurs-de-stgildas-nantes.cef.fr\/index.php?rest_route=\/wp\/v2\/users\/6"}],"replies":[{"embeddable":true,"href":"https:\/\/soeurs-de-stgildas-nantes.cef.fr\/index.php?rest_route=%2Fwp%2Fv2%2Fcomments&post=13683"}],"version-history":[{"count":10,"href":"https:\/\/soeurs-de-stgildas-nantes.cef.fr\/index.php?rest_route=\/wp\/v2\/pages\/13683\/revisions"}],"predecessor-version":[{"id":13730,"href":"https:\/\/soeurs-de-stgildas-nantes.cef.fr\/index.php?rest_route=\/wp\/v2\/pages\/13683\/revisions\/13730"}],"wp:attachment":[{"href":"https:\/\/soeurs-de-stgildas-nantes.cef.fr\/index.php?rest_route=%2Fwp%2Fv2%2Fmedia&parent=13683"}],"curies":[{"name":"wp","href":"https:\/\/api.w.org\/{rel}","templated":true}]}}