{"id":13646,"date":"2021-05-23T12:43:13","date_gmt":"2021-05-23T12:43:13","guid":{"rendered":"http:\/\/soeurs-de-stgildas-nantes.cef.fr\/?page_id=13646"},"modified":"2021-05-23T15:37:39","modified_gmt":"2021-05-23T15:37:39","slug":"23-mai-fete-de-la-pentecote","status":"publish","type":"page","link":"https:\/\/soeurs-de-stgildas-nantes.cef.fr\/?page_id=13646","title":{"rendered":"23 mai : f\u00eate de la Pentec\u00f4te"},"content":{"rendered":"\n<p class=\"has-vivid-green-cyan-color has-text-color has-normal-font-size\"><strong>\u00ab\u00a0Ils \u00e9taient en pleine confusion <\/strong><\/p>\n\n\n\n<p class=\"has-vivid-green-cyan-color has-text-color has-normal-font-size\"><strong>      parce que chacun d&rsquo;eux entendait dans son propre dialecte <\/strong><\/p>\n\n\n\n<p class=\"has-text-align-center has-vivid-green-cyan-color has-text-color has-normal-font-size\"><strong>ceux qui parlaient !\u00a0\u00bb<\/strong><\/p>\n\n\n\n<p>Dieu nous rejoint &#8211; chacune &#8211; au plus profond de notre \u00eatre<\/p>\n\n\n\n<p>dans ce qu&rsquo;il y a de plus intime : notre langue maternelle,<\/p>\n\n\n\n<p>notre fa\u00e7on personnelle de nous \u00ab\u00a0dire\u00a0\u00bb \u00e0 nous-m\u00eame et aux autres !<\/p>\n\n\n\n<p>Pas de langage st\u00e9r\u00e9otyp\u00e9, impos\u00e9 , c&rsquo;est<em> le contraire de Babel<\/em> :<\/p>\n\n\n\n<p>\u00ab\u00a0ou <em>tout le monde se servait d&rsquo;une m\u00eame langue et des m\u00eames mots<\/em>\u00ab\u00a0<em>(Gn 11,1)<\/em><\/p>\n\n\n\n<p>Dieu a pour moi une Parole particuli\u00e8re, saurais-je l&rsquo;entendre ?<\/p>\n\n\n\n<p>Et quand je Lui parle, est-ce avec des formules toutes faites ?<\/p>\n\n\n\n<p class=\"has-text-align-right\">ou dans mon propre dialecte, dans ma \u00ab\u00a0langue maternelle ?\u00a0\u00bb<\/p>\n\n\n\n<p class=\"has-white-color has-text-color\">&#8212;<\/p>\n\n\n\n<figure class=\"wp-block-image size-large is-resized\"><img loading=\"lazy\" decoding=\"async\" src=\"http:\/\/soeurs-de-stgildas-nantes.cef.fr\/wp-content\/uploads\/2020\/11\/Fete-988x1024.png\" alt=\"\" class=\"wp-image-13439\" width=\"415\" height=\"430\" srcset=\"https:\/\/soeurs-de-stgildas-nantes.cef.fr\/wp-content\/uploads\/2020\/11\/Fete-988x1024.png 988w, https:\/\/soeurs-de-stgildas-nantes.cef.fr\/wp-content\/uploads\/2020\/11\/Fete-290x300.png 290w, https:\/\/soeurs-de-stgildas-nantes.cef.fr\/wp-content\/uploads\/2020\/11\/Fete-768x796.png 768w, https:\/\/soeurs-de-stgildas-nantes.cef.fr\/wp-content\/uploads\/2020\/11\/Fete-1483x1536.png 1483w, https:\/\/soeurs-de-stgildas-nantes.cef.fr\/wp-content\/uploads\/2020\/11\/Fete-1977x2048.png 1977w\" sizes=\"auto, (max-width: 415px) 100vw, 415px\" \/><figcaption>             <em>Retrouvailles un jour de f\u00eate&#8230;<\/em><\/figcaption><\/figure>\n\n\n\n<p class=\"has-normal-font-size\"><strong>On papote, on parle, on entend !<\/strong> <\/p>\n\n\n\n<p class=\"has-text-align-right\"><em><strong>Suffit-il d&rsquo;entendre ?  <\/strong><\/em><\/p>\n\n\n\n<p class=\"has-text-align-center has-vivid-green-cyan-color has-text-color\" style=\"font-size:17px\"><strong>\u00c9couter demande attention, effort, pr\u00e9sence<\/strong> <strong>!<\/strong><\/p>\n\n\n\n<p class=\"has-white-color has-text-color\">&#8212;<\/p>\n\n\n\n<p class=\"has-pale-pink-color has-text-color\" style=\"font-size:17px\">\u00ab\u00a0<strong>Heureuses, heureux, celles et ceux qui \u00e9coutent la Parole<\/strong><\/p>\n\n\n\n<p class=\"has-white-color has-text-color\">&#8212;<\/p>\n\n\n\n<p class=\"has-text-align-right has-pale-pink-color has-text-color has-medium-font-size\"><strong>et qui la mettent en pratique\u00a0\u00bb&#8230;<\/strong><\/p>\n\n\n\n<p><\/p>\n","protected":false},"excerpt":{"rendered":"<p>\u00ab\u00a0Ils \u00e9taient en pleine confusion parce que chacun d&rsquo;eux entendait dans son propre dialecte ceux qui parlaient !\u00a0\u00bb Dieu nous rejoint &#8211; chacune &#8211; au plus profond de notre \u00eatre dans ce qu&rsquo;il y a de plus intime : notre langue maternelle, notre fa\u00e7on personnelle de nous \u00ab\u00a0dire\u00a0\u00bb \u00e0 nous-m\u00eame et aux autres ! Pas [&hellip;]<\/p>\n","protected":false},"author":6,"featured_media":0,"parent":0,"menu_order":0,"comment_status":"closed","ping_status":"closed","template":"","meta":{"ngg_post_thumbnail":0,"footnotes":""},"class_list":["post-13646","page","type-page","status-publish","hentry"],"_links":{"self":[{"href":"https:\/\/soeurs-de-stgildas-nantes.cef.fr\/index.php?rest_route=\/wp\/v2\/pages\/13646","targetHints":{"allow":["GET"]}}],"collection":[{"href":"https:\/\/soeurs-de-stgildas-nantes.cef.fr\/index.php?rest_route=\/wp\/v2\/pages"}],"about":[{"href":"https:\/\/soeurs-de-stgildas-nantes.cef.fr\/index.php?rest_route=\/wp\/v2\/types\/page"}],"author":[{"embeddable":true,"href":"https:\/\/soeurs-de-stgildas-nantes.cef.fr\/index.php?rest_route=\/wp\/v2\/users\/6"}],"replies":[{"embeddable":true,"href":"https:\/\/soeurs-de-stgildas-nantes.cef.fr\/index.php?rest_route=%2Fwp%2Fv2%2Fcomments&post=13646"}],"version-history":[{"count":9,"href":"https:\/\/soeurs-de-stgildas-nantes.cef.fr\/index.php?rest_route=\/wp\/v2\/pages\/13646\/revisions"}],"predecessor-version":[{"id":13659,"href":"https:\/\/soeurs-de-stgildas-nantes.cef.fr\/index.php?rest_route=\/wp\/v2\/pages\/13646\/revisions\/13659"}],"wp:attachment":[{"href":"https:\/\/soeurs-de-stgildas-nantes.cef.fr\/index.php?rest_route=%2Fwp%2Fv2%2Fmedia&parent=13646"}],"curies":[{"name":"wp","href":"https:\/\/api.w.org\/{rel}","templated":true}]}}