{"id":13607,"date":"2021-04-04T12:36:52","date_gmt":"2021-04-04T12:36:52","guid":{"rendered":"http:\/\/soeurs-de-stgildas-nantes.cef.fr\/?page_id=13607"},"modified":"2021-04-04T18:27:56","modified_gmt":"2021-04-04T18:27:56","slug":"paques-2021","status":"publish","type":"page","link":"https:\/\/soeurs-de-stgildas-nantes.cef.fr\/?page_id=13607","title":{"rendered":"P\u00e2ques 2021"},"content":{"rendered":"\n<p class=\"has-vivid-red-color has-text-color\" style=\"font-size:17px\"><strong>Ce 4 avril, dans la chapelle de la Maison-M\u00e8re<\/strong><\/p>\n\n\n\n<figure class=\"wp-block-gallery columns-3 is-cropped wp-block-gallery-1 is-layout-flex wp-block-gallery-is-layout-flex\"><ul class=\"blocks-gallery-grid\"><li class=\"blocks-gallery-item\"><figure><img loading=\"lazy\" decoding=\"async\" width=\"1024\" height=\"575\" src=\"http:\/\/soeurs-de-stgildas-nantes.cef.fr\/wp-content\/uploads\/2021\/04\/IMG_0876-1024x575.jpg\" alt=\"\" data-id=\"13612\" data-link=\"http:\/\/soeurs-de-stgildas-nantes.cef.fr\/?attachment_id=13612\" class=\"wp-image-13612\" srcset=\"https:\/\/soeurs-de-stgildas-nantes.cef.fr\/wp-content\/uploads\/2021\/04\/IMG_0876-1024x575.jpg 1024w, https:\/\/soeurs-de-stgildas-nantes.cef.fr\/wp-content\/uploads\/2021\/04\/IMG_0876-300x169.jpg 300w, https:\/\/soeurs-de-stgildas-nantes.cef.fr\/wp-content\/uploads\/2021\/04\/IMG_0876-768x431.jpg 768w, https:\/\/soeurs-de-stgildas-nantes.cef.fr\/wp-content\/uploads\/2021\/04\/IMG_0876-1536x863.jpg 1536w, https:\/\/soeurs-de-stgildas-nantes.cef.fr\/wp-content\/uploads\/2021\/04\/IMG_0876-2048x1150.jpg 2048w\" sizes=\"auto, (max-width: 1024px) 100vw, 1024px\" \/><\/figure><\/li><li class=\"blocks-gallery-item\"><figure><img loading=\"lazy\" decoding=\"async\" width=\"1024\" height=\"575\" src=\"http:\/\/soeurs-de-stgildas-nantes.cef.fr\/wp-content\/uploads\/2021\/04\/IMG_0878-1024x575.jpg\" alt=\"\" data-id=\"13613\" data-link=\"http:\/\/soeurs-de-stgildas-nantes.cef.fr\/?attachment_id=13613\" class=\"wp-image-13613\" srcset=\"https:\/\/soeurs-de-stgildas-nantes.cef.fr\/wp-content\/uploads\/2021\/04\/IMG_0878-1024x575.jpg 1024w, https:\/\/soeurs-de-stgildas-nantes.cef.fr\/wp-content\/uploads\/2021\/04\/IMG_0878-300x169.jpg 300w, https:\/\/soeurs-de-stgildas-nantes.cef.fr\/wp-content\/uploads\/2021\/04\/IMG_0878-768x431.jpg 768w, https:\/\/soeurs-de-stgildas-nantes.cef.fr\/wp-content\/uploads\/2021\/04\/IMG_0878-1536x863.jpg 1536w, https:\/\/soeurs-de-stgildas-nantes.cef.fr\/wp-content\/uploads\/2021\/04\/IMG_0878-2048x1150.jpg 2048w\" sizes=\"auto, (max-width: 1024px) 100vw, 1024px\" \/><\/figure><\/li><li class=\"blocks-gallery-item\"><figure><img loading=\"lazy\" decoding=\"async\" width=\"1024\" height=\"575\" src=\"http:\/\/soeurs-de-stgildas-nantes.cef.fr\/wp-content\/uploads\/2021\/04\/IMG_0879-1024x575.jpg\" alt=\"\" data-id=\"13615\" data-full-url=\"http:\/\/soeurs-de-stgildas-nantes.cef.fr\/wp-content\/uploads\/2021\/04\/IMG_0879-scaled.jpg\" data-link=\"http:\/\/soeurs-de-stgildas-nantes.cef.fr\/?attachment_id=13615\" class=\"wp-image-13615\" srcset=\"https:\/\/soeurs-de-stgildas-nantes.cef.fr\/wp-content\/uploads\/2021\/04\/IMG_0879-1024x575.jpg 1024w, https:\/\/soeurs-de-stgildas-nantes.cef.fr\/wp-content\/uploads\/2021\/04\/IMG_0879-300x169.jpg 300w, https:\/\/soeurs-de-stgildas-nantes.cef.fr\/wp-content\/uploads\/2021\/04\/IMG_0879-768x431.jpg 768w, https:\/\/soeurs-de-stgildas-nantes.cef.fr\/wp-content\/uploads\/2021\/04\/IMG_0879-1536x863.jpg 1536w, https:\/\/soeurs-de-stgildas-nantes.cef.fr\/wp-content\/uploads\/2021\/04\/IMG_0879-2048x1150.jpg 2048w\" sizes=\"auto, (max-width: 1024px) 100vw, 1024px\" \/><\/figure><\/li><\/ul><\/figure>\n\n\n\n<p><\/p>\n\n\n\n<p class=\"has-vivid-red-color has-text-color\" style=\"font-size:18px\"><strong>JOYEUSES P\u00c2QUES EN RECONFINEMENT<\/strong><\/p>\n\n\n\n<p style=\"font-size:17px\">P\u00e2ques. Un r\u00e9cit fou, inou\u00ef, il y a 2000 ans. <\/p>\n\n\n\n<p>Certains y croient, d&rsquo;autres pas. P\u00e2ques en avril 2021 au temps du reconfinement. Les in\u00e9galit\u00e9s sautent \u00e0 la figure, entre d\u00e9couragement et ras-le-bol, impuissance et solitude, face aux deuils impossible \u00e0 vivre, \u00e0 la souffrance de celles et ceux qu&rsquo;on aime et qu&rsquo;on ne peut serrer dans ses bras, quand le confinement exacerbe les maltraitances, les \u00e9go\u00efsmes, les replis de tout poil&#8230; <\/p>\n\n\n\n<p>Quand beaucoup subissent des d\u00e9cisions d\u00e9shumanis\u00e9es. Auront-elles le dernier mot toutes ces violences du quotidien ?P\u00e2ques, oui c&rsquo;est un message pour chacune, chacun, aujourd&rsquo;hui&#8230; Certains diront : \u00ab\u00a0c&rsquo;est Une histoire de bonnes femmes\u00a0\u00bb, il y a 2000 ans. <\/p>\n\n\n\n<p>De fait&#8230;Trois femmes de grand matin, sur un chemin de Palestine. Le coeur lourd. C&rsquo;est jour de f\u00eate, la P\u00e2que juive qui c\u00e9l\u00e8bre la lib\u00e9ration du peuple, la sortie de l&rsquo;esclavage. Trois femmes en deuil pourtant. On a tu\u00e9 leur espoir il y a deux jours.Cet homme qui parlait d&rsquo;amour, de pardon, de justice.cet homme qui disait qu&rsquo;enfants, \u00e9trangers, mal aim\u00e9s \u00e9taient les premiers et qui savait si bien les \u00e9couter, elles, les femmes, leur donner une place, dans cette soci\u00e9t\u00e9 patriarcale, Cet homme qui avait chass\u00e9 les marchands du temple, quelques semaines auparavant&#8230; Tortur\u00e9, mis \u00e0 mort sur une croix, supplice des esclaves et des parias. Mort d&rsquo;avoir d\u00e9rang\u00e9 les puissants et renvers\u00e9 l&rsquo;ordre \u00e9tabli.Trois femmes de grand matin le c\u0153ur lourd&#8230; Vont au tombeau pour se consoler, poser les derniers gestes d&rsquo;amour et puis sans doute pleurer, encore et encore cette perte immense&#8230;.<\/p>\n\n\n\n<p> Seules dans leur tristesse et dans leur fragilit\u00e9. D\u00e9courag\u00e9es. Seules, ensemble. Des femmes qui se demandent juste qui pourra les aider \u00e0 rouler cette pierre si lourde du tombeau. Et puis voil\u00e0, l&rsquo;inou\u00ef. La pierre a roul\u00e9. Le tombeau est vide. Stupeur&#8230; Et on leur dit : \u00ab\u00a0Il est ressuscit\u00e9. Il vous pr\u00e9c\u00e8de en Galil\u00e9e\u00a0\u00bb, c&rsquo;est-\u00e0-dire, l\u00e0 o\u00f9 vous vivez.<\/p>\n\n\n\n<p>C&rsquo;est P\u00e2ques ! La pierre des humiliations, des peurs et des renoncements a roul\u00e9. Hier comme aujourd&rsquo;hui.C&rsquo;est P\u00e2ques ! l&rsquo;entraide des voisins, les attestations scotch\u00e9es dans le hall, la mobilisation g\u00e9n\u00e9rale pour une maman et des enfants en deuil,P\u00e2ques les coups de fil pour soutenir celles et ceux qui meurent de solitude, les visites, les petites attentions du quotidien,P\u00e2ques, les manifs pour dire qu&rsquo;un autre monde est possible, P\u00e2ques, les th\u00e9\u00e2tres occup\u00e9s, les luttes pour vivre debout<\/p>\n\n\n\n<p>P\u00e2ques, la fraternit\u00e9 de la maison du peuple \u00e0 Nantes, les soutiens aux exil\u00e9s, P\u00e2ques, le courage d&rsquo;une enfant qui ose dire une parole qui lib\u00e8re P\u00e2ques l&rsquo;ouverture \u00e0 l&rsquo;autre, le refus des r\u00e9signations, du cynisme, du chacun pour soi.Dans la douleur, parfois, P\u00e2ques, cette folle esp\u00e9rance, quand tout semble fichu. P\u00e2ques cette travers\u00e9e, ce passage de la mort \u00e0 la vie Et les \u0153ufs dans tout cela ? Coquille lisse, froide. Une vie en germe \u00e0 l&rsquo;int\u00e9rieur, promesse de nouveaut\u00e9&#8230;. Ces \u0153ufs en chocolat, envelopp\u00e9s dans des papiers scintillants que les enfants cherchent dans les taillis, que l&rsquo;on s&rsquo;offre et que l&rsquo;on mange joyeusement et qui disent, m\u00eame si on l&rsquo;a peut \u00eatre oubli\u00e9, que la Vie est la plus forte. Toujours.<\/p>\n\n\n\n<p class=\"has-vivid-red-color has-text-color has-medium-font-size\"><strong>Joyeuses P\u00e2ques ! <\/strong><\/p>\n\n\n\n<p> <em>(Texte de Anne Gruand post\u00e9 sur Facebook; <\/em><\/p>\n\n\n\n<p><em>on a pu lire son t\u00e9moignage  dans le quotidien La Croix du 31 mars<\/em>)<\/p>\n\n\n\n<p class=\"has-text-align-center\">&#8212;&#8212;&#8212;&#8212;&#8211;<\/p>\n\n\n\n<p class=\"has-pale-pink-color has-text-color has-medium-font-size\"><strong>Repas de f\u00eate \u00e0 la salle \u00e0 manger !<\/strong><\/p>\n\n\n\n<figure class=\"wp-block-gallery columns-2 is-cropped wp-block-gallery-2 is-layout-flex wp-block-gallery-is-layout-flex\"><ul class=\"blocks-gallery-grid\"><li class=\"blocks-gallery-item\"><figure><img loading=\"lazy\" decoding=\"async\" width=\"1024\" height=\"575\" src=\"http:\/\/soeurs-de-stgildas-nantes.cef.fr\/wp-content\/uploads\/2021\/04\/IMG_0867-1024x575.jpg\" alt=\"\" data-id=\"13617\" data-link=\"http:\/\/soeurs-de-stgildas-nantes.cef.fr\/?attachment_id=13617\" class=\"wp-image-13617\" srcset=\"https:\/\/soeurs-de-stgildas-nantes.cef.fr\/wp-content\/uploads\/2021\/04\/IMG_0867-1024x575.jpg 1024w, https:\/\/soeurs-de-stgildas-nantes.cef.fr\/wp-content\/uploads\/2021\/04\/IMG_0867-300x169.jpg 300w, https:\/\/soeurs-de-stgildas-nantes.cef.fr\/wp-content\/uploads\/2021\/04\/IMG_0867-768x431.jpg 768w, https:\/\/soeurs-de-stgildas-nantes.cef.fr\/wp-content\/uploads\/2021\/04\/IMG_0867-1536x863.jpg 1536w, https:\/\/soeurs-de-stgildas-nantes.cef.fr\/wp-content\/uploads\/2021\/04\/IMG_0867-2048x1150.jpg 2048w\" sizes=\"auto, (max-width: 1024px) 100vw, 1024px\" \/><\/figure><\/li><li class=\"blocks-gallery-item\"><figure><img loading=\"lazy\" decoding=\"async\" width=\"1024\" height=\"575\" src=\"http:\/\/soeurs-de-stgildas-nantes.cef.fr\/wp-content\/uploads\/2021\/04\/IMG_0881-1024x575.jpg\" alt=\"\" data-id=\"13616\" data-link=\"http:\/\/soeurs-de-stgildas-nantes.cef.fr\/?attachment_id=13616\" class=\"wp-image-13616\" srcset=\"https:\/\/soeurs-de-stgildas-nantes.cef.fr\/wp-content\/uploads\/2021\/04\/IMG_0881-1024x575.jpg 1024w, https:\/\/soeurs-de-stgildas-nantes.cef.fr\/wp-content\/uploads\/2021\/04\/IMG_0881-300x169.jpg 300w, https:\/\/soeurs-de-stgildas-nantes.cef.fr\/wp-content\/uploads\/2021\/04\/IMG_0881-768x431.jpg 768w, https:\/\/soeurs-de-stgildas-nantes.cef.fr\/wp-content\/uploads\/2021\/04\/IMG_0881-1536x863.jpg 1536w, https:\/\/soeurs-de-stgildas-nantes.cef.fr\/wp-content\/uploads\/2021\/04\/IMG_0881-2048x1150.jpg 2048w\" sizes=\"auto, (max-width: 1024px) 100vw, 1024px\" \/><\/figure><\/li><li class=\"blocks-gallery-item\"><figure><img loading=\"lazy\" decoding=\"async\" width=\"1024\" height=\"575\" src=\"http:\/\/soeurs-de-stgildas-nantes.cef.fr\/wp-content\/uploads\/2021\/04\/IMG_0872-1024x575.jpg\" alt=\"\" data-id=\"13618\" data-link=\"http:\/\/soeurs-de-stgildas-nantes.cef.fr\/?attachment_id=13618\" class=\"wp-image-13618\" srcset=\"https:\/\/soeurs-de-stgildas-nantes.cef.fr\/wp-content\/uploads\/2021\/04\/IMG_0872-1024x575.jpg 1024w, https:\/\/soeurs-de-stgildas-nantes.cef.fr\/wp-content\/uploads\/2021\/04\/IMG_0872-300x169.jpg 300w, https:\/\/soeurs-de-stgildas-nantes.cef.fr\/wp-content\/uploads\/2021\/04\/IMG_0872-768x431.jpg 768w, https:\/\/soeurs-de-stgildas-nantes.cef.fr\/wp-content\/uploads\/2021\/04\/IMG_0872-1536x863.jpg 1536w, https:\/\/soeurs-de-stgildas-nantes.cef.fr\/wp-content\/uploads\/2021\/04\/IMG_0872-2048x1150.jpg 2048w\" sizes=\"auto, (max-width: 1024px) 100vw, 1024px\" \/><\/figure><\/li><li class=\"blocks-gallery-item\"><figure><img loading=\"lazy\" decoding=\"async\" width=\"1024\" height=\"768\" src=\"http:\/\/soeurs-de-stgildas-nantes.cef.fr\/wp-content\/uploads\/2021\/04\/P1010603-1024x768.jpg\" alt=\"\" data-id=\"13619\" data-full-url=\"http:\/\/soeurs-de-stgildas-nantes.cef.fr\/wp-content\/uploads\/2021\/04\/P1010603-scaled.jpg\" data-link=\"http:\/\/soeurs-de-stgildas-nantes.cef.fr\/?attachment_id=13619\" class=\"wp-image-13619\" srcset=\"https:\/\/soeurs-de-stgildas-nantes.cef.fr\/wp-content\/uploads\/2021\/04\/P1010603-1024x768.jpg 1024w, https:\/\/soeurs-de-stgildas-nantes.cef.fr\/wp-content\/uploads\/2021\/04\/P1010603-300x225.jpg 300w, https:\/\/soeurs-de-stgildas-nantes.cef.fr\/wp-content\/uploads\/2021\/04\/P1010603-768x576.jpg 768w, https:\/\/soeurs-de-stgildas-nantes.cef.fr\/wp-content\/uploads\/2021\/04\/P1010603-1536x1152.jpg 1536w, https:\/\/soeurs-de-stgildas-nantes.cef.fr\/wp-content\/uploads\/2021\/04\/P1010603-2048x1536.jpg 2048w\" sizes=\"auto, (max-width: 1024px) 100vw, 1024px\" \/><\/figure><\/li><\/ul><figcaption class=\"blocks-gallery-caption\">Magnifique d\u00e9coration r\u00e9alis\u00e9e par des Soeurs et Maud, une employ\u00e9e ! Merci \u00e0 elles&#8230;<\/figcaption><\/figure>\n\n\n\n<p class=\"has-white-color has-text-color\">&#8212;<\/p>\n\n\n\n<figure class=\"wp-block-gallery columns-3 is-cropped wp-block-gallery-3 is-layout-flex wp-block-gallery-is-layout-flex\"><ul class=\"blocks-gallery-grid\"><li class=\"blocks-gallery-item\"><figure><img loading=\"lazy\" decoding=\"async\" width=\"1024\" height=\"575\" src=\"http:\/\/soeurs-de-stgildas-nantes.cef.fr\/wp-content\/uploads\/2021\/04\/IMG_0884-1024x575.jpg\" alt=\"\" data-id=\"13623\" data-link=\"http:\/\/soeurs-de-stgildas-nantes.cef.fr\/?attachment_id=13623\" class=\"wp-image-13623\" srcset=\"https:\/\/soeurs-de-stgildas-nantes.cef.fr\/wp-content\/uploads\/2021\/04\/IMG_0884-1024x575.jpg 1024w, https:\/\/soeurs-de-stgildas-nantes.cef.fr\/wp-content\/uploads\/2021\/04\/IMG_0884-300x169.jpg 300w, https:\/\/soeurs-de-stgildas-nantes.cef.fr\/wp-content\/uploads\/2021\/04\/IMG_0884-768x431.jpg 768w, https:\/\/soeurs-de-stgildas-nantes.cef.fr\/wp-content\/uploads\/2021\/04\/IMG_0884-1536x863.jpg 1536w, https:\/\/soeurs-de-stgildas-nantes.cef.fr\/wp-content\/uploads\/2021\/04\/IMG_0884-2048x1150.jpg 2048w\" sizes=\"auto, (max-width: 1024px) 100vw, 1024px\" \/><\/figure><\/li><li class=\"blocks-gallery-item\"><figure><img loading=\"lazy\" decoding=\"async\" width=\"623\" height=\"495\" src=\"http:\/\/soeurs-de-stgildas-nantes.cef.fr\/wp-content\/uploads\/2021\/04\/Personnel-Cuisine.png\" alt=\"\" data-id=\"13622\" data-link=\"http:\/\/soeurs-de-stgildas-nantes.cef.fr\/?attachment_id=13622\" class=\"wp-image-13622\" srcset=\"https:\/\/soeurs-de-stgildas-nantes.cef.fr\/wp-content\/uploads\/2021\/04\/Personnel-Cuisine.png 623w, https:\/\/soeurs-de-stgildas-nantes.cef.fr\/wp-content\/uploads\/2021\/04\/Personnel-Cuisine-300x238.png 300w\" sizes=\"auto, (max-width: 623px) 100vw, 623px\" \/><\/figure><\/li><li class=\"blocks-gallery-item\"><figure><img loading=\"lazy\" decoding=\"async\" width=\"1024\" height=\"575\" src=\"http:\/\/soeurs-de-stgildas-nantes.cef.fr\/wp-content\/uploads\/2021\/04\/IMG_0886-1024x575.jpg\" alt=\"\" data-id=\"13624\" data-full-url=\"http:\/\/soeurs-de-stgildas-nantes.cef.fr\/wp-content\/uploads\/2021\/04\/IMG_0886-scaled.jpg\" data-link=\"http:\/\/soeurs-de-stgildas-nantes.cef.fr\/?attachment_id=13624\" class=\"wp-image-13624\" srcset=\"https:\/\/soeurs-de-stgildas-nantes.cef.fr\/wp-content\/uploads\/2021\/04\/IMG_0886-1024x575.jpg 1024w, https:\/\/soeurs-de-stgildas-nantes.cef.fr\/wp-content\/uploads\/2021\/04\/IMG_0886-300x169.jpg 300w, https:\/\/soeurs-de-stgildas-nantes.cef.fr\/wp-content\/uploads\/2021\/04\/IMG_0886-768x431.jpg 768w, https:\/\/soeurs-de-stgildas-nantes.cef.fr\/wp-content\/uploads\/2021\/04\/IMG_0886-1536x863.jpg 1536w, https:\/\/soeurs-de-stgildas-nantes.cef.fr\/wp-content\/uploads\/2021\/04\/IMG_0886-2048x1150.jpg 2048w\" sizes=\"auto, (max-width: 1024px) 100vw, 1024px\" \/><\/figure><\/li><\/ul><figcaption class=\"blocks-gallery-caption\"><strong>Merci \u00e0 toute l&rsquo;\u00e9quipe pour la pr\u00e9paration et le service<\/strong> !<\/figcaption><\/figure>\n\n\n\n<p class=\"has-text-align-center\">&#8212;&#8212;&#8212;&#8212;&#8212;&#8212;&#8212;&#8212;&#8212;&#8212;&#8212;&#8212;&#8212;&#8212;&#8212;&#8212;<\/p>\n","protected":false},"excerpt":{"rendered":"<p>Ce 4 avril, dans la chapelle de la Maison-M\u00e8re JOYEUSES P\u00c2QUES EN RECONFINEMENT P\u00e2ques. Un r\u00e9cit fou, inou\u00ef, il y a 2000 ans. Certains y croient, d&rsquo;autres pas. P\u00e2ques en avril 2021 au temps du reconfinement. Les in\u00e9galit\u00e9s sautent \u00e0 la figure, entre d\u00e9couragement et ras-le-bol, impuissance et solitude, face aux deuils impossible \u00e0 vivre, [&hellip;]<\/p>\n","protected":false},"author":6,"featured_media":0,"parent":0,"menu_order":0,"comment_status":"closed","ping_status":"closed","template":"","meta":{"ngg_post_thumbnail":0,"footnotes":""},"class_list":["post-13607","page","type-page","status-publish","hentry"],"_links":{"self":[{"href":"https:\/\/soeurs-de-stgildas-nantes.cef.fr\/index.php?rest_route=\/wp\/v2\/pages\/13607","targetHints":{"allow":["GET"]}}],"collection":[{"href":"https:\/\/soeurs-de-stgildas-nantes.cef.fr\/index.php?rest_route=\/wp\/v2\/pages"}],"about":[{"href":"https:\/\/soeurs-de-stgildas-nantes.cef.fr\/index.php?rest_route=\/wp\/v2\/types\/page"}],"author":[{"embeddable":true,"href":"https:\/\/soeurs-de-stgildas-nantes.cef.fr\/index.php?rest_route=\/wp\/v2\/users\/6"}],"replies":[{"embeddable":true,"href":"https:\/\/soeurs-de-stgildas-nantes.cef.fr\/index.php?rest_route=%2Fwp%2Fv2%2Fcomments&post=13607"}],"version-history":[{"count":6,"href":"https:\/\/soeurs-de-stgildas-nantes.cef.fr\/index.php?rest_route=\/wp\/v2\/pages\/13607\/revisions"}],"predecessor-version":[{"id":13626,"href":"https:\/\/soeurs-de-stgildas-nantes.cef.fr\/index.php?rest_route=\/wp\/v2\/pages\/13607\/revisions\/13626"}],"wp:attachment":[{"href":"https:\/\/soeurs-de-stgildas-nantes.cef.fr\/index.php?rest_route=%2Fwp%2Fv2%2Fmedia&parent=13607"}],"curies":[{"name":"wp","href":"https:\/\/api.w.org\/{rel}","templated":true}]}}