{"id":13498,"date":"2020-12-06T15:49:18","date_gmt":"2020-12-06T15:49:18","guid":{"rendered":"http:\/\/soeurs-de-stgildas-nantes.cef.fr\/?page_id=13498"},"modified":"2020-12-16T15:42:26","modified_gmt":"2020-12-16T15:42:26","slug":"decembre-2020","status":"publish","type":"page","link":"https:\/\/soeurs-de-stgildas-nantes.cef.fr\/?page_id=13498","title":{"rendered":"D\u00e9cembre 2020"},"content":{"rendered":"\n<p class=\"has-text-align-center has-vivid-red-color has-text-color has-medium-font-size\"><strong>Ta Parole, une lumi\u00e8re sur mon sentier.<\/strong><\/p>\n\n\n\n<p class=\"has-white-color has-text-color\">&#8212;<\/p>\n\n\n\n<figure class=\"wp-block-image size-large\"><img loading=\"lazy\" decoding=\"async\" width=\"480\" height=\"331\" src=\"http:\/\/soeurs-de-stgildas-nantes.cef.fr\/wp-content\/uploads\/2020\/12\/dimanche13-.png\" alt=\"\" class=\"wp-image-13514\" srcset=\"https:\/\/soeurs-de-stgildas-nantes.cef.fr\/wp-content\/uploads\/2020\/12\/dimanche13-.png 480w, https:\/\/soeurs-de-stgildas-nantes.cef.fr\/wp-content\/uploads\/2020\/12\/dimanche13--300x207.png 300w\" sizes=\"auto, (max-width: 480px) 100vw, 480px\" \/><\/figure>\n\n\n\n<p class=\"has-white-color has-text-color\">&#8212;<\/p>\n\n\n\n<p class=\"has-text-align-center has-vivid-red-color has-text-color has-normal-font-size\"><strong>A la clart\u00e9 de cette lumi\u00e8re, <\/strong><\/p>\n\n\n\n<p class=\"has-text-align-center\">que le Seigneur nous guide en toutes nos d\u00e9marches, <\/p>\n\n\n\n<p class=\"has-text-align-center\">qu&rsquo;Il rende ferme notre Foi, joyeuse notre Esp\u00e9rance, <\/p>\n\n\n\n<p class=\"has-text-align-center\">constante notre charit\u00e9, <\/p>\n\n\n\n<p class=\"has-text-align-center\">et qu&rsquo;Il nous ouvre le bonheur sans fin !<\/p>\n","protected":false},"excerpt":{"rendered":"<p>Ta Parole, une lumi\u00e8re sur mon sentier. &#8212; &#8212; A la clart\u00e9 de cette lumi\u00e8re, que le Seigneur nous guide en toutes nos d\u00e9marches, qu&rsquo;Il rende ferme notre Foi, joyeuse notre Esp\u00e9rance, constante notre charit\u00e9, et qu&rsquo;Il nous ouvre le bonheur sans fin !<\/p>\n","protected":false},"author":6,"featured_media":0,"parent":0,"menu_order":0,"comment_status":"closed","ping_status":"closed","template":"","meta":{"ngg_post_thumbnail":0,"footnotes":""},"class_list":["post-13498","page","type-page","status-publish","hentry"],"_links":{"self":[{"href":"https:\/\/soeurs-de-stgildas-nantes.cef.fr\/index.php?rest_route=\/wp\/v2\/pages\/13498","targetHints":{"allow":["GET"]}}],"collection":[{"href":"https:\/\/soeurs-de-stgildas-nantes.cef.fr\/index.php?rest_route=\/wp\/v2\/pages"}],"about":[{"href":"https:\/\/soeurs-de-stgildas-nantes.cef.fr\/index.php?rest_route=\/wp\/v2\/types\/page"}],"author":[{"embeddable":true,"href":"https:\/\/soeurs-de-stgildas-nantes.cef.fr\/index.php?rest_route=\/wp\/v2\/users\/6"}],"replies":[{"embeddable":true,"href":"https:\/\/soeurs-de-stgildas-nantes.cef.fr\/index.php?rest_route=%2Fwp%2Fv2%2Fcomments&post=13498"}],"version-history":[{"count":5,"href":"https:\/\/soeurs-de-stgildas-nantes.cef.fr\/index.php?rest_route=\/wp\/v2\/pages\/13498\/revisions"}],"predecessor-version":[{"id":13515,"href":"https:\/\/soeurs-de-stgildas-nantes.cef.fr\/index.php?rest_route=\/wp\/v2\/pages\/13498\/revisions\/13515"}],"wp:attachment":[{"href":"https:\/\/soeurs-de-stgildas-nantes.cef.fr\/index.php?rest_route=%2Fwp%2Fv2%2Fmedia&parent=13498"}],"curies":[{"name":"wp","href":"https:\/\/api.w.org\/{rel}","templated":true}]}}