{"id":13435,"date":"2020-11-07T16:08:37","date_gmt":"2020-11-07T16:08:37","guid":{"rendered":"http:\/\/soeurs-de-stgildas-nantes.cef.fr\/?page_id=13435"},"modified":"2020-12-06T14:55:18","modified_gmt":"2020-12-06T14:55:18","slug":"action-de-grace","status":"publish","type":"page","link":"https:\/\/soeurs-de-stgildas-nantes.cef.fr\/?page_id=13435","title":{"rendered":"Action de gr\u00e2ce"},"content":{"rendered":"\n<p class=\"has-text-align-center has-black-color has-text-color has-medium-font-size\"><strong>pour la naissance de la Congr\u00e9gation<\/strong><\/p>\n\n\n\n<p class=\"has-text-align-center has-luminous-vivid-orange-color has-text-color\"><strong>Jubilez, tous les peuples, jubilez pour le Seigneur<\/strong><\/p>\n\n\n\n<p class=\"has-text-align-center has-luminous-vivid-orange-color has-text-color\"><strong>J\u00e9sus Christ nous lib\u00e8re&#8230;<\/strong><\/p>\n\n\n\n<p class=\"has-text-align-center has-luminous-vivid-orange-color has-text-color\"><strong>Rendons gloire \u00e0 notre Dieu<\/strong><\/p>\n\n\n\n<p class=\"has-text-align-center has-luminous-vivid-orange-color has-text-color\"><strong>lui qui fait des merveilles !<\/strong><\/p>\n\n\n\n<div class=\"wp-block-group\"><div class=\"wp-block-group__inner-container is-layout-flow wp-block-group-is-layout-flow\">\n<p class=\"has-text-align-center has-luminous-vivid-orange-color has-text-color\"><strong>Il est pr\u00e9sent au milieu de nous !<\/strong><\/p>\n<\/div><\/div>\n\n\n\n<div class=\"wp-block-media-text alignwide is-stacked-on-mobile\" style=\"grid-template-columns:40% auto\"><figure class=\"wp-block-media-text__media\"><img loading=\"lazy\" decoding=\"async\" width=\"191\" height=\"203\" src=\"http:\/\/soeurs-de-stgildas-nantes.cef.fr\/wp-content\/uploads\/2020\/12\/Deo-1.png\" alt=\"\" class=\"wp-image-13459\"\/><\/figure><div class=\"wp-block-media-text__content\">\n<p class=\"has-normal-font-size\">B\u00e9ni sois-tu Seigneur<\/p>\n\n\n\n<p>pour toutes les g\u00e9n\u00e9rations de soeurs<\/p>\n\n\n\n<p>t\u00e9moins humbles et joyeuses,<\/p>\n\n\n\n<p>au service de leurs fr\u00e8res et soeurs,<\/p>\n\n\n\n<p>pour ensemble \u00ab\u00a0grandir en humanit\u00e9\u00a0\u00bb<\/p>\n\n\n\n<p>dans le respect des uns et des autres !<\/p>\n<\/div><\/div>\n\n\n\n<p class=\"has-text-align-center has-luminous-vivid-orange-color has-text-color has-normal-font-size\"><strong>Dans l\u2019apr\u00e8s-midi, les Soeurs se sont retrouv\u00e9es par fraternit\u00e9<\/strong><\/p>\n\n\n\n<div class=\"wp-block-media-text alignwide has-media-on-the-right is-stacked-on-mobile\" style=\"grid-template-columns:auto 63%\"><figure class=\"wp-block-media-text__media\"><img loading=\"lazy\" decoding=\"async\" width=\"516\" height=\"237\" src=\"http:\/\/soeurs-de-stgildas-nantes.cef.fr\/wp-content\/uploads\/2020\/12\/Priere.png\" alt=\"\" class=\"wp-image-13483\" srcset=\"https:\/\/soeurs-de-stgildas-nantes.cef.fr\/wp-content\/uploads\/2020\/12\/Priere.png 516w, https:\/\/soeurs-de-stgildas-nantes.cef.fr\/wp-content\/uploads\/2020\/12\/Priere-300x138.png 300w\" sizes=\"auto, (max-width: 516px) 100vw, 516px\" \/><\/figure><div class=\"wp-block-media-text__content\">\n<p class=\"has-small-font-size\"><strong>pour la c\u00e9l\u00e9bration d\u2019Action de gr\u00e2ces,<\/strong> en union avec toutes les autres Soeurs de la Congr\u00e9gation\u00a0;<\/p>\n\n\n\n<p class=\"has-small-font-size\">La pr\u00e9sence avec nous de Soeur Dominique G. et Soeur Marie-Solange concr\u00e9tisait cette<strong> communion en ce jour si particulier<\/strong>\u00a0!<\/p>\n<\/div><\/div>\n\n\n\n<p><\/p>\n\n\n\n<p><\/p>\n\n\n\n<div class=\"wp-block-media-text alignwide is-stacked-on-mobile\" style=\"grid-template-columns:39% auto\"><figure class=\"wp-block-media-text__media\"><img loading=\"lazy\" decoding=\"async\" width=\"170\" height=\"295\" src=\"http:\/\/soeurs-de-stgildas-nantes.cef.fr\/wp-content\/uploads\/2020\/12\/Tables-fleuries.png\" alt=\"\" class=\"wp-image-13476\"\/><\/figure><div class=\"wp-block-media-text__content\">\n<p>Pour le repas de midi, Covid oblige,<\/p>\n\n\n\n<p>nous \u00e9tions dans plusieurs lieux,<\/p>\n\n\n\n<p>dont la salle St Vincent de Paul<\/p>\n\n\n\n<p>pour les fraternit\u00e9s du Parc.<\/p>\n<\/div><\/div>\n\n\n\n<p class=\"has-normal-font-size\"><\/p>\n\n\n\n<div class=\"wp-block-media-text alignwide has-media-on-the-right is-stacked-on-mobile\" style=\"grid-template-columns:auto 56%\"><figure class=\"wp-block-media-text__media\"><img loading=\"lazy\" decoding=\"async\" width=\"260\" height=\"146\" src=\"http:\/\/soeurs-de-stgildas-nantes.cef.fr\/wp-content\/uploads\/2020\/12\/IMG_02.jpg\" alt=\"\" class=\"wp-image-13485\"\/><\/figure><div class=\"wp-block-media-text__content\">\n<p class=\"has-small-font-size\">Merci \u00e0 Yvonne et \u00e0 Marie <\/p>\n\n\n\n<p class=\"has-small-font-size\">qui ont assur\u00e9 le service <\/p>\n\n\n\n<p class=\"has-small-font-size\">et les d\u00e9corations , <\/p>\n\n\n\n<p class=\"has-small-font-size\">avec comp\u00e9tences, <\/p>\n\n\n\n<p class=\"has-small-font-size\">disponibilit\u00e9 et bonne humeur !<\/p>\n<\/div><\/div>\n\n\n\n<figure class=\"wp-block-image size-large is-resized\"><img loading=\"lazy\" decoding=\"async\" src=\"http:\/\/soeurs-de-stgildas-nantes.cef.fr\/wp-content\/uploads\/2020\/12\/IMG_0640-1024x575.jpg\" alt=\"\" class=\"wp-image-13486\" width=\"721\" height=\"405\" srcset=\"https:\/\/soeurs-de-stgildas-nantes.cef.fr\/wp-content\/uploads\/2020\/12\/IMG_0640-1024x575.jpg 1024w, https:\/\/soeurs-de-stgildas-nantes.cef.fr\/wp-content\/uploads\/2020\/12\/IMG_0640-300x169.jpg 300w, https:\/\/soeurs-de-stgildas-nantes.cef.fr\/wp-content\/uploads\/2020\/12\/IMG_0640-768x431.jpg 768w, https:\/\/soeurs-de-stgildas-nantes.cef.fr\/wp-content\/uploads\/2020\/12\/IMG_0640-1536x863.jpg 1536w, https:\/\/soeurs-de-stgildas-nantes.cef.fr\/wp-content\/uploads\/2020\/12\/IMG_0640-2048x1150.jpg 2048w\" sizes=\"auto, (max-width: 721px) 100vw, 721px\" \/><\/figure>\n\n\n\n<p class=\"has-normal-font-size\"><\/p>\n\n\n\n<p class=\"has-normal-font-size\"><\/p>\n\n\n\n<p class=\"has-normal-font-size\"><\/p>\n","protected":false},"excerpt":{"rendered":"<p>pour la naissance de la Congr\u00e9gation Jubilez, tous les peuples, jubilez pour le Seigneur J\u00e9sus Christ nous lib\u00e8re&#8230; Rendons gloire \u00e0 notre Dieu lui qui fait des merveilles ! Il est pr\u00e9sent au milieu de nous ! B\u00e9ni sois-tu Seigneur pour toutes les g\u00e9n\u00e9rations de soeurs t\u00e9moins humbles et joyeuses, au service de leurs fr\u00e8res [&hellip;]<\/p>\n","protected":false},"author":6,"featured_media":0,"parent":0,"menu_order":0,"comment_status":"closed","ping_status":"closed","template":"","meta":{"ngg_post_thumbnail":0,"footnotes":""},"class_list":["post-13435","page","type-page","status-publish","hentry"],"_links":{"self":[{"href":"https:\/\/soeurs-de-stgildas-nantes.cef.fr\/index.php?rest_route=\/wp\/v2\/pages\/13435","targetHints":{"allow":["GET"]}}],"collection":[{"href":"https:\/\/soeurs-de-stgildas-nantes.cef.fr\/index.php?rest_route=\/wp\/v2\/pages"}],"about":[{"href":"https:\/\/soeurs-de-stgildas-nantes.cef.fr\/index.php?rest_route=\/wp\/v2\/types\/page"}],"author":[{"embeddable":true,"href":"https:\/\/soeurs-de-stgildas-nantes.cef.fr\/index.php?rest_route=\/wp\/v2\/users\/6"}],"replies":[{"embeddable":true,"href":"https:\/\/soeurs-de-stgildas-nantes.cef.fr\/index.php?rest_route=%2Fwp%2Fv2%2Fcomments&post=13435"}],"version-history":[{"count":26,"href":"https:\/\/soeurs-de-stgildas-nantes.cef.fr\/index.php?rest_route=\/wp\/v2\/pages\/13435\/revisions"}],"predecessor-version":[{"id":13487,"href":"https:\/\/soeurs-de-stgildas-nantes.cef.fr\/index.php?rest_route=\/wp\/v2\/pages\/13435\/revisions\/13487"}],"wp:attachment":[{"href":"https:\/\/soeurs-de-stgildas-nantes.cef.fr\/index.php?rest_route=%2Fwp%2Fv2%2Fmedia&parent=13435"}],"curies":[{"name":"wp","href":"https:\/\/api.w.org\/{rel}","templated":true}]}}