{"id":13284,"date":"2020-05-28T08:43:01","date_gmt":"2020-05-28T08:43:01","guid":{"rendered":"http:\/\/soeurs-de-stgildas-nantes.cef.fr\/?page_id=13284"},"modified":"2020-05-28T09:05:27","modified_gmt":"2020-05-28T09:05:27","slug":"gloire","status":"publish","type":"page","link":"https:\/\/soeurs-de-stgildas-nantes.cef.fr\/?page_id=13284","title":{"rendered":"Gloire ! Viens Esprit Saint"},"content":{"rendered":"\n<p>Gloire : mot ambigu ! Vanit\u00e9; gloriole; renomm\u00e9e incontest\u00e9e; hommage admiratif !<\/p>\n\n\n\n<p> Et voici le sens qu&rsquo;en a donn\u00e9 le fr\u00e8re Didier Croonenberghs, <br>dans son hom\u00e9lie du 24 mai 2020, au Jour du Seigneur. <\/p>\n\n\n\n<p class=\"has-text-color has-vivid-red-color\">\u00ab\u00a0<em><strong>Glorifier quelqu&rsquo;un, c&rsquo;est aussi le r\u00e9v\u00e9ler tel qu&rsquo;il est, <\/strong><\/em><\/p>\n\n\n\n<p style=\"text-align:right\" class=\"has-text-color has-vivid-red-color\"><em><strong>donner du poids \u00e0 ses paroles<\/strong><\/em>\u00a0\u00bb <\/p>\n\n\n\n<p>Alors, quand J\u00e9sus dit au P\u00e8re, <\/p>\n\n\n\n<p><em>\u00ab\u00a0Moi, je t&rsquo; ai glorifi\u00e9 sur la terre en <strong>accomplissant l&rsquo;oeuvre <\/strong>que tu m&rsquo;avais donn\u00e9e\u00a0\u00bb <\/em><\/p>\n\n\n\n<p>Il a r\u00e9v\u00e9l\u00e9 que Dieu, le Dieu qu&rsquo;il honorait, <\/p>\n\n\n\n<p>\u00e9tait un Dieu qui aime, un P\u00e8re qui aime l&rsquo;Homme !<\/p>\n\n\n\n<p style=\"text-align:center\">C&rsquo;est en cela que J\u00e9sus \u00e9tait \u00e0 l&rsquo;\u00e9coute des exclus,<\/p>\n\n\n\n<p style=\"text-align:center\">attentif aux personnes m\u00e9pris\u00e9es,<\/p>\n\n\n\n<p style=\"text-align:center\">ne condamnant jamais, redonnant espoir et dignit\u00e9,<\/p>\n\n\n\n<p style=\"text-align:right\">remettant debout et laissant libre : VA !<\/p>\n\n\n\n<p style=\"text-align:center\" class=\"has-text-color has-vivid-red-color\"><\/p>\n\n\n\n<p class=\"has-text-color has-vivid-red-color\">et <strong>c&rsquo;est aussi en ce Dieu que nous croyons !<\/strong><\/p>\n\n\n\n<p style=\"text-align:center\"><strong>Et la f\u00eate de la Pentec\u00f4te arrive !<\/strong><\/p>\n\n\n\n<div class=\"wp-block-image\"><figure class=\"aligncenter is-resized\"><img loading=\"lazy\" decoding=\"async\" src=\"http:\/\/soeurs-de-stgildas-nantes.cef.fr\/wp-content\/uploads\/2020\/05\/Pentecote-31-mai-1024x641.jpg\" alt=\"\" class=\"wp-image-13301\" width=\"426\" height=\"266\" srcset=\"https:\/\/soeurs-de-stgildas-nantes.cef.fr\/wp-content\/uploads\/2020\/05\/Pentecote-31-mai-1024x641.jpg 1024w, https:\/\/soeurs-de-stgildas-nantes.cef.fr\/wp-content\/uploads\/2020\/05\/Pentecote-31-mai-300x188.jpg 300w, https:\/\/soeurs-de-stgildas-nantes.cef.fr\/wp-content\/uploads\/2020\/05\/Pentecote-31-mai-768x481.jpg 768w, https:\/\/soeurs-de-stgildas-nantes.cef.fr\/wp-content\/uploads\/2020\/05\/Pentecote-31-mai.jpg 1417w\" sizes=\"auto, (max-width: 426px) 100vw, 426px\" \/><\/figure><\/div>\n\n\n\n<p><\/p>\n\n\n\n<p><br><\/p>\n","protected":false},"excerpt":{"rendered":"<p>Gloire : mot ambigu ! Vanit\u00e9; gloriole; renomm\u00e9e incontest\u00e9e; hommage admiratif ! Et voici le sens qu&rsquo;en a donn\u00e9 le fr\u00e8re Didier Croonenberghs, dans son hom\u00e9lie du 24 mai 2020, au Jour du Seigneur. \u00ab\u00a0Glorifier quelqu&rsquo;un, c&rsquo;est aussi le r\u00e9v\u00e9ler tel qu&rsquo;il est, donner du poids \u00e0 ses paroles\u00a0\u00bb Alors, quand J\u00e9sus dit au P\u00e8re, [&hellip;]<\/p>\n","protected":false},"author":6,"featured_media":0,"parent":0,"menu_order":0,"comment_status":"closed","ping_status":"closed","template":"","meta":{"ngg_post_thumbnail":0,"footnotes":""},"class_list":["post-13284","page","type-page","status-publish","hentry"],"_links":{"self":[{"href":"https:\/\/soeurs-de-stgildas-nantes.cef.fr\/index.php?rest_route=\/wp\/v2\/pages\/13284","targetHints":{"allow":["GET"]}}],"collection":[{"href":"https:\/\/soeurs-de-stgildas-nantes.cef.fr\/index.php?rest_route=\/wp\/v2\/pages"}],"about":[{"href":"https:\/\/soeurs-de-stgildas-nantes.cef.fr\/index.php?rest_route=\/wp\/v2\/types\/page"}],"author":[{"embeddable":true,"href":"https:\/\/soeurs-de-stgildas-nantes.cef.fr\/index.php?rest_route=\/wp\/v2\/users\/6"}],"replies":[{"embeddable":true,"href":"https:\/\/soeurs-de-stgildas-nantes.cef.fr\/index.php?rest_route=%2Fwp%2Fv2%2Fcomments&post=13284"}],"version-history":[{"count":15,"href":"https:\/\/soeurs-de-stgildas-nantes.cef.fr\/index.php?rest_route=\/wp\/v2\/pages\/13284\/revisions"}],"predecessor-version":[{"id":13305,"href":"https:\/\/soeurs-de-stgildas-nantes.cef.fr\/index.php?rest_route=\/wp\/v2\/pages\/13284\/revisions\/13305"}],"wp:attachment":[{"href":"https:\/\/soeurs-de-stgildas-nantes.cef.fr\/index.php?rest_route=%2Fwp%2Fv2%2Fmedia&parent=13284"}],"curies":[{"name":"wp","href":"https:\/\/api.w.org\/{rel}","templated":true}]}}