{"id":13244,"date":"2020-04-29T16:03:36","date_gmt":"2020-04-29T16:03:36","guid":{"rendered":"http:\/\/soeurs-de-stgildas-nantes.cef.fr\/?page_id=13244"},"modified":"2020-04-29T16:03:37","modified_gmt":"2020-04-29T16:03:37","slug":"en-periode-de-confinement","status":"publish","type":"page","link":"https:\/\/soeurs-de-stgildas-nantes.cef.fr\/?page_id=13244","title":{"rendered":"En p\u00e9riode de confinement"},"content":{"rendered":"\n<pre class=\"wp-block-preformatted\"><\/pre>\n\n\n\n<figure class=\"wp-block-image\"><img loading=\"lazy\" decoding=\"async\" width=\"1024\" height=\"575\" src=\"http:\/\/soeurs-de-stgildas-nantes.cef.fr\/wp-content\/uploads\/2020\/04\/IMG_0360-1024x575.jpg\" alt=\"\" class=\"wp-image-13245\" srcset=\"https:\/\/soeurs-de-stgildas-nantes.cef.fr\/wp-content\/uploads\/2020\/04\/IMG_0360-1024x575.jpg 1024w, https:\/\/soeurs-de-stgildas-nantes.cef.fr\/wp-content\/uploads\/2020\/04\/IMG_0360-300x169.jpg 300w, https:\/\/soeurs-de-stgildas-nantes.cef.fr\/wp-content\/uploads\/2020\/04\/IMG_0360-768x431.jpg 768w\" sizes=\"auto, (max-width: 1024px) 100vw, 1024px\" \/><figcaption>Le printemps ne conna\u00eet pas le confinement !<br><br><\/figcaption><\/figure>\n\n\n\n<p style=\"text-align:center\">Personnel soignant, de direction, d&rsquo;entretien, <\/p>\n\n\n\n<p style=\"text-align:center\">de restauration, d&rsquo;administration, d&rsquo;animation,<\/p>\n\n\n\n<p style=\"text-align:center\">toutes et tous sont sur pied pour apporter <\/p>\n\n\n\n<p style=\"text-align:center\">r\u00e9confort et soutien aux r\u00e9sidents !<\/p>\n\n\n\n<p style=\"text-align:center\">Belle participation pour la r\u00e9alisation de<\/p>\n\n\n\n<p style=\"text-align:center\" class=\"has-text-color has-medium-font-size has-vivid-red-color\"><strong>Brin de Causette <\/strong><\/p>\n\n\n\n<p><a href=\"https:\/\/www.calameo.com\/books\/00252923827d8cd59a302\" target=\"_blank\" rel=\"noreferrer noopener\">Brin De Causette<\/a><\/p>\n\n\n\n<figure><iframe loading=\"lazy\" src=\"\/\/v.calameo.com\/?bkcode=00252923827d8cd59a302&amp;mode=mini\" allowfullscreen=\"\" width=\"480\" height=\"300\"><\/iframe><\/figure>\n","protected":false},"excerpt":{"rendered":"<p>Personnel soignant, de direction, d&rsquo;entretien, de restauration, d&rsquo;administration, d&rsquo;animation, toutes et tous sont sur pied pour apporter r\u00e9confort et soutien aux r\u00e9sidents ! Belle participation pour la r\u00e9alisation de Brin de Causette Brin De Causette<\/p>\n","protected":false},"author":6,"featured_media":0,"parent":0,"menu_order":0,"comment_status":"closed","ping_status":"closed","template":"","meta":{"ngg_post_thumbnail":0,"footnotes":""},"class_list":["post-13244","page","type-page","status-publish","hentry"],"_links":{"self":[{"href":"https:\/\/soeurs-de-stgildas-nantes.cef.fr\/index.php?rest_route=\/wp\/v2\/pages\/13244","targetHints":{"allow":["GET"]}}],"collection":[{"href":"https:\/\/soeurs-de-stgildas-nantes.cef.fr\/index.php?rest_route=\/wp\/v2\/pages"}],"about":[{"href":"https:\/\/soeurs-de-stgildas-nantes.cef.fr\/index.php?rest_route=\/wp\/v2\/types\/page"}],"author":[{"embeddable":true,"href":"https:\/\/soeurs-de-stgildas-nantes.cef.fr\/index.php?rest_route=\/wp\/v2\/users\/6"}],"replies":[{"embeddable":true,"href":"https:\/\/soeurs-de-stgildas-nantes.cef.fr\/index.php?rest_route=%2Fwp%2Fv2%2Fcomments&post=13244"}],"version-history":[{"count":4,"href":"https:\/\/soeurs-de-stgildas-nantes.cef.fr\/index.php?rest_route=\/wp\/v2\/pages\/13244\/revisions"}],"predecessor-version":[{"id":13249,"href":"https:\/\/soeurs-de-stgildas-nantes.cef.fr\/index.php?rest_route=\/wp\/v2\/pages\/13244\/revisions\/13249"}],"wp:attachment":[{"href":"https:\/\/soeurs-de-stgildas-nantes.cef.fr\/index.php?rest_route=%2Fwp%2Fv2%2Fmedia&parent=13244"}],"curies":[{"name":"wp","href":"https:\/\/api.w.org\/{rel}","templated":true}]}}