{"id":13229,"date":"2020-04-08T13:10:12","date_gmt":"2020-04-08T13:10:12","guid":{"rendered":"http:\/\/soeurs-de-stgildas-nantes.cef.fr\/?page_id=13229"},"modified":"2020-04-09T07:11:41","modified_gmt":"2020-04-09T07:11:41","slug":"etre-solidaires","status":"publish","type":"page","link":"https:\/\/soeurs-de-stgildas-nantes.cef.fr\/?page_id=13229","title":{"rendered":"\u00catre solidaires !"},"content":{"rendered":"\n<p>Confin\u00e9es \u00e0 la Maison-M\u00e8re, nous avons malgr\u00e9 tout la chance d&rsquo;avoir un beau parc o\u00f9 nous pouvons circuler librement, mais visiteurs habituels ou de passage n&rsquo;y ont plus acc\u00e8s = pr\u00e9caution indispensable et acte citoyen conformes aux directives nationales.<\/p>\n\n\n\n<figure class=\"wp-block-image\"><img loading=\"lazy\" decoding=\"async\" width=\"778\" height=\"437\" src=\"http:\/\/soeurs-de-stgildas-nantes.cef.fr\/wp-content\/uploads\/2020\/04\/IMG_0286.jpg\" alt=\"\" class=\"wp-image-13233\" srcset=\"https:\/\/soeurs-de-stgildas-nantes.cef.fr\/wp-content\/uploads\/2020\/04\/IMG_0286.jpg 778w, https:\/\/soeurs-de-stgildas-nantes.cef.fr\/wp-content\/uploads\/2020\/04\/IMG_0286-300x169.jpg 300w, https:\/\/soeurs-de-stgildas-nantes.cef.fr\/wp-content\/uploads\/2020\/04\/IMG_0286-768x431.jpg 768w\" sizes=\"auto, (max-width: 778px) 100vw, 778px\" \/><\/figure>\n\n\n\n<pre class=\"wp-block-preformatted\"><\/pre>\n\n\n\n<p>Un atelier \u00ab\u00a0couture\u00a0\u00bb a \u00e9t\u00e9 cr\u00e9\u00e9 : fabriquer des rideaux pour l&rsquo;EHPAD <\/p>\n\n\n\n<p>et des masques en cas de n\u00e9cessit\u00e9<\/p>\n\n\n\n<div style=\"text-align:center;\"><div style=\"margin:8px 0px 4px;\"><a href=\"https:\/\/www.calameo.com\/books\/002529238dfd73d9cd250\" target=\"_blank\" rel=\"noopener noreferrer\">Equipe Couture<\/a><\/div><iframe loading=\"lazy\" src=\"\/\/v.calameo.com\/?bkcode=002529238dfd73d9cd250&#038;mode=mini\" width=\"480\" height=\"300\" frameborder=\"0\" scrolling=\"no\" allowtransparency allowfullscreen style=\"margin:0 auto;\"><\/iframe><div style=\"margin:4px 0px 8px;\"><a href=\"http:\/\/www.calameo.com\/\" target=\"_blank\" rel=\"noopener noreferrer\"><\/a><\/div><\/div>\n\n\n\n<p><\/p>\n\n\n\n<p><\/p>\n\n\n\n\n\n<p><\/p>\n","protected":false},"excerpt":{"rendered":"<p>Confin\u00e9es \u00e0 la Maison-M\u00e8re, nous avons malgr\u00e9 tout la chance d&rsquo;avoir un beau parc o\u00f9 nous pouvons circuler librement, mais visiteurs habituels ou de passage n&rsquo;y ont plus acc\u00e8s = pr\u00e9caution indispensable et acte citoyen conformes aux directives nationales. Un atelier \u00ab\u00a0couture\u00a0\u00bb a \u00e9t\u00e9 cr\u00e9\u00e9 : fabriquer des rideaux pour l&rsquo;EHPAD et des masques en [&hellip;]<\/p>\n","protected":false},"author":6,"featured_media":0,"parent":0,"menu_order":0,"comment_status":"closed","ping_status":"closed","template":"","meta":{"ngg_post_thumbnail":0,"footnotes":""},"class_list":["post-13229","page","type-page","status-publish","hentry"],"_links":{"self":[{"href":"https:\/\/soeurs-de-stgildas-nantes.cef.fr\/index.php?rest_route=\/wp\/v2\/pages\/13229","targetHints":{"allow":["GET"]}}],"collection":[{"href":"https:\/\/soeurs-de-stgildas-nantes.cef.fr\/index.php?rest_route=\/wp\/v2\/pages"}],"about":[{"href":"https:\/\/soeurs-de-stgildas-nantes.cef.fr\/index.php?rest_route=\/wp\/v2\/types\/page"}],"author":[{"embeddable":true,"href":"https:\/\/soeurs-de-stgildas-nantes.cef.fr\/index.php?rest_route=\/wp\/v2\/users\/6"}],"replies":[{"embeddable":true,"href":"https:\/\/soeurs-de-stgildas-nantes.cef.fr\/index.php?rest_route=%2Fwp%2Fv2%2Fcomments&post=13229"}],"version-history":[{"count":6,"href":"https:\/\/soeurs-de-stgildas-nantes.cef.fr\/index.php?rest_route=\/wp\/v2\/pages\/13229\/revisions"}],"predecessor-version":[{"id":13241,"href":"https:\/\/soeurs-de-stgildas-nantes.cef.fr\/index.php?rest_route=\/wp\/v2\/pages\/13229\/revisions\/13241"}],"wp:attachment":[{"href":"https:\/\/soeurs-de-stgildas-nantes.cef.fr\/index.php?rest_route=%2Fwp%2Fv2%2Fmedia&parent=13229"}],"curies":[{"name":"wp","href":"https:\/\/api.w.org\/{rel}","templated":true}]}}