{"id":13210,"date":"2020-03-21T09:10:06","date_gmt":"2020-03-21T09:10:06","guid":{"rendered":"http:\/\/soeurs-de-stgildas-nantes.cef.fr\/?page_id=13210"},"modified":"2020-03-21T09:10:07","modified_gmt":"2020-03-21T09:10:07","slug":"3eme-semaine-de-careme","status":"publish","type":"page","link":"https:\/\/soeurs-de-stgildas-nantes.cef.fr\/?page_id=13210","title":{"rendered":"3\u00e8me semaine de Car\u00eame"},"content":{"rendered":"\n<p style=\"text-align:center\" class=\"has-text-color has-medium-font-size has-vivid-cyan-blue-color\"><strong><em>\u00ab\u00a0Donne-moi \u00e0 boire !\u00a0\u00bb<\/em><\/strong><\/p>\n\n\n\n<div class=\"wp-block-image\"><figure class=\"aligncenter\"><img loading=\"lazy\" decoding=\"async\" width=\"265\" height=\"513\" src=\"http:\/\/soeurs-de-stgildas-nantes.cef.fr\/wp-content\/uploads\/2020\/03\/3.Bapt\u00eame.png\" alt=\"\" class=\"wp-image-13213\" srcset=\"https:\/\/soeurs-de-stgildas-nantes.cef.fr\/wp-content\/uploads\/2020\/03\/3.Bapt\u00eame.png 265w, https:\/\/soeurs-de-stgildas-nantes.cef.fr\/wp-content\/uploads\/2020\/03\/3.Bapt\u00eame-155x300.png 155w\" sizes=\"auto, (max-width: 265px) 100vw, 265px\" \/><figcaption><strong><em>Recevoir des aut<\/em><\/strong><em>res .<\/em>..<br><br><\/figcaption><\/figure><\/div>\n\n\n\n<p style=\"text-align:center\">Toi, le Diff\u00e9rent, Dieu Tout-Autre,<\/p>\n\n\n\n<p style=\"text-align:center\">nous te remercions pour nos diff\u00e9rences.<\/p>\n\n\n\n<p style=\"text-align:center\">Ouvre nos coeurs et nos intelligences<\/p>\n\n\n\n<p style=\"text-align:center\">\u00e0 la beaut\u00e9 et \u00e0 la diversit\u00e9 des autres.<\/p>\n\n\n\n<p style=\"text-align:center\">Fais-nous la gr\u00e2ce d&rsquo;y d\u00e9couvrir notre unit\u00e9.<\/p>\n\n\n\n<p style=\"font-size:11px;text-align:right\"><em>portstnicolas.org<\/em><\/p>\n","protected":false},"excerpt":{"rendered":"<p>\u00ab\u00a0Donne-moi \u00e0 boire !\u00a0\u00bb Toi, le Diff\u00e9rent, Dieu Tout-Autre, nous te remercions pour nos diff\u00e9rences. Ouvre nos coeurs et nos intelligences \u00e0 la beaut\u00e9 et \u00e0 la diversit\u00e9 des autres. Fais-nous la gr\u00e2ce d&rsquo;y d\u00e9couvrir notre unit\u00e9. portstnicolas.org<\/p>\n","protected":false},"author":6,"featured_media":0,"parent":0,"menu_order":0,"comment_status":"closed","ping_status":"closed","template":"","meta":{"ngg_post_thumbnail":0,"footnotes":""},"class_list":["post-13210","page","type-page","status-publish","hentry"],"_links":{"self":[{"href":"https:\/\/soeurs-de-stgildas-nantes.cef.fr\/index.php?rest_route=\/wp\/v2\/pages\/13210","targetHints":{"allow":["GET"]}}],"collection":[{"href":"https:\/\/soeurs-de-stgildas-nantes.cef.fr\/index.php?rest_route=\/wp\/v2\/pages"}],"about":[{"href":"https:\/\/soeurs-de-stgildas-nantes.cef.fr\/index.php?rest_route=\/wp\/v2\/types\/page"}],"author":[{"embeddable":true,"href":"https:\/\/soeurs-de-stgildas-nantes.cef.fr\/index.php?rest_route=\/wp\/v2\/users\/6"}],"replies":[{"embeddable":true,"href":"https:\/\/soeurs-de-stgildas-nantes.cef.fr\/index.php?rest_route=%2Fwp%2Fv2%2Fcomments&post=13210"}],"version-history":[{"count":4,"href":"https:\/\/soeurs-de-stgildas-nantes.cef.fr\/index.php?rest_route=\/wp\/v2\/pages\/13210\/revisions"}],"predecessor-version":[{"id":13216,"href":"https:\/\/soeurs-de-stgildas-nantes.cef.fr\/index.php?rest_route=\/wp\/v2\/pages\/13210\/revisions\/13216"}],"wp:attachment":[{"href":"https:\/\/soeurs-de-stgildas-nantes.cef.fr\/index.php?rest_route=%2Fwp%2Fv2%2Fmedia&parent=13210"}],"curies":[{"name":"wp","href":"https:\/\/api.w.org\/{rel}","templated":true}]}}