{"id":132,"date":"2011-01-18T10:56:58","date_gmt":"2011-01-18T10:56:58","guid":{"rendered":"http:\/\/soeurs-de-stgildas-nantes.cef.fr\/?page_id=132"},"modified":"2019-03-26T14:07:08","modified_gmt":"2019-03-26T14:07:08","slug":"maison-mere","status":"publish","type":"page","link":"https:\/\/soeurs-de-stgildas-nantes.cef.fr\/?page_id=132","title":{"rendered":"Maison-M\u00e8re"},"content":{"rendered":"<div id=\"attachment_3559\" style=\"width: 310px\" class=\"wp-caption aligncenter\"><a href=\"http:\/\/soeurs-de-stgildas-nantes.cef.fr\/wp-content\/uploads\/2011\/01\/St-Gildas1.jpg\"><img loading=\"lazy\" decoding=\"async\" aria-describedby=\"caption-attachment-3559\" class=\"aligncenter size-medium wp-image-3560\" title=\"St Gildas\" src=\"http:\/\/soeurs-de-stgildas-nantes.cef.fr\/wp-content\/uploads\/2011\/01\/St-Gildas1-300x199.jpg\" alt=\"\" width=\"300\" height=\"199\" srcset=\"https:\/\/soeurs-de-stgildas-nantes.cef.fr\/wp-content\/uploads\/2011\/01\/St-Gildas1-300x199.jpg 300w, https:\/\/soeurs-de-stgildas-nantes.cef.fr\/wp-content\/uploads\/2011\/01\/St-Gildas1.jpg 1024w\" sizes=\"auto, (max-width: 300px) 100vw, 300px\" \/><\/a><p id=\"caption-attachment-3559\" class=\"wp-caption-text\">St Gildas des Bois &#8211; La Maison-M\u00e8re<\/p><\/div>\n<p>&nbsp;<\/p>\n<p><a title=\"NO\u00cbL 2018 \u2013 EPIPHANIE 2019\" href=\"http:\/\/soeurs-de-stgildas-nantes.cef.fr\/?page_id=12179\">No\u00ebl 2018 <\/a>&#8211; Epiphanie<\/p>\n<p><a title=\"Avent 2018\" href=\"http:\/\/soeurs-de-stgildas-nantes.cef.fr\/?page_id=12078\">Avent 2018<\/a><\/p>\n<p><a title=\"Les soeurs de Saint-Gildas pendant la guerre 14-18\" href=\"http:\/\/soeurs-de-stgildas-nantes.cef.fr\/?page_id=11915\">11 novembre 2018<\/a> : nous nous souvenons<\/p>\n<p><a title=\"F\u00eate patronale des Soeurs de Saint-Gildas\" href=\"http:\/\/soeurs-de-stgildas-nantes.cef.fr\/?page_id=11709\">8 septembre 2018 <\/a>: f\u00eate patronale<\/p>\n<p><a title=\"Pour remercier Monique\" href=\"http:\/\/soeurs-de-stgildas-nantes.cef.fr\/?page_id=11681\">Merci \u00e0 Monique, <\/a>notre infirmi\u00e8re depuis 1993<\/p>\n<p>F\u00eate du <a title=\"15 Ao\u00fbt 2018 : renouvellement d\u2019engagement\" href=\"http:\/\/soeurs-de-stgildas-nantes.cef.fr\/?page_id=11591\">15 ao\u00fbt 2018<\/a><\/p>\n<p>Pr\u00e9sence de <a title=\"Sur les pas de G.Deshayes et M.Guillaume\" href=\"http:\/\/soeurs-de-stgildas-nantes.cef.fr\/?page_id=11532\">Soeurs d&rsquo;Afrique de l&rsquo;ouest : \u00e9t\u00e9 2018<\/a><\/p>\n<p><a title=\"En famille Gildasienne\" href=\"http:\/\/soeurs-de-stgildas-nantes.cef.fr\/?p=11488\">Famille gildasienne : 8 juillet 2018<\/a><\/p>\n<p><a title=\"Plaidoyer pour un nouvel engagement chr\u00e9tien\" href=\"http:\/\/soeurs-de-stgildas-nantes.cef.fr\/?page_id=11342\">Livre : \u00ab\u00a0Pour un engagement &#8230;\u00a0\u00bb<\/a><\/p>\n<p><a title=\"Pentec\u00f4te 2018\" href=\"http:\/\/soeurs-de-stgildas-nantes.cef.fr\/?page_id=11429\">Pentec\u00f4te 2018<\/a><\/p>\n<p><a title=\"Temps Pascal\" href=\"http:\/\/soeurs-de-stgildas-nantes.cef.fr\/?page_id=11323\">Temps Pascal<\/a><\/p>\n<p><a title=\"Neige \u00e0 saint-Gildas\" href=\"http:\/\/soeurs-de-stgildas-nantes.cef.fr\/?page_id=11256\">Neige :<\/a> beaut\u00e9s hivernales<\/p>\n<p><a title=\"NO\u00cbL- EPIPHANIE \u00e0 la Maison-M\u00e8re\" href=\"http:\/\/soeurs-de-stgildas-nantes.cef.fr\/?page_id=10982\">\u00a0No\u00ebl 2017<\/a><\/p>\n<p><a title=\"Elagage dans le parc\" href=\"http:\/\/soeurs-de-stgildas-nantes.cef.fr\/?page_id=11123\">Elagage dans le parc<\/a><\/p>\n<p><a title=\"Accueil de Soeur Marie-Solange\" href=\"http:\/\/soeurs-de-stgildas-nantes.cef.fr\/?page_id=10938\">Accueil de Soeur Marie-Solange <\/a>comme D\u00e9l\u00e9gu\u00e9e<\/p>\n<p>Temps de l&rsquo;<a title=\"Temps de l\u2019Avent\" href=\"http:\/\/soeurs-de-stgildas-nantes.cef.fr\/?page_id=9809\">Avent 2016<\/a><\/p>\n<p><a title=\"En lien avec l\u2019\u00c9glise\" href=\"http:\/\/soeurs-de-stgildas-nantes.cef.fr\/?page_id=9516\">En Eglise<\/a> : avril 2016<\/p>\n<p><a title=\"Vers No\u00ebl : c\u00e9l\u00e9bration p\u00e9nitentielle\" href=\"http:\/\/soeurs-de-stgildas-nantes.cef.fr\/?page_id=9246\">Avent 2015<\/a> : pr\u00e9paration \u00e0 No\u00ebl<\/p>\n<p><a title=\"Un kiosque\" href=\"http:\/\/soeurs-de-stgildas-nantes.cef.fr\/?page_id=8965\">Un kiosque :<\/a> la Bergerie<\/p>\n<p><a title=\"8 septembre 2015\" href=\"http:\/\/soeurs-de-stgildas-nantes.cef.fr\/?page_id=8931\">8 septembre 2015 <\/a>: f\u00eate patronale<\/p>\n<p><a title=\"Jubil\u00e9s: mai 2015\" href=\"http:\/\/soeurs-de-stgildas-nantes.cef.fr\/?page_id=8793\">31 mai 2015 :<\/a> jubil\u00e9s<\/p>\n<p><a title=\"Jubil\u00e9s Platine et diamant 2014\" href=\"http:\/\/soeurs-de-stgildas-nantes.cef.fr\/?page_id=7321\">11 mai 2014 <\/a>: jubil\u00e9 de diamant et de platine<\/p>\n<p>28 avril 2013 :<a title=\"28 avril : la Maison-M\u00e8re est en f\u00eate\" href=\"http:\/\/soeurs-de-stgildas-nantes.cef.fr\/?page_id=5207\"> jubil\u00e9s<\/a><\/p>\n<p>Rencontre<a title=\"21 Octobre: Famille Gildasienne\" href=\"http:\/\/soeurs-de-stgildas-nantes.cef.fr\/?page_id=4402\"> Famille Gildasienne<\/a><\/p>\n<p>Grand moment de <a title=\"Grand moment convivial\" href=\"http:\/\/soeurs-de-stgildas-nantes.cef.fr\/?page_id=3390\">convivialit\u00e9 <\/a>!<\/p>\n","protected":false},"excerpt":{"rendered":"<p>&nbsp; No\u00ebl 2018 &#8211; Epiphanie Avent 2018 11 novembre 2018 : nous nous souvenons 8 septembre 2018 : f\u00eate patronale Merci \u00e0 Monique, notre infirmi\u00e8re depuis 1993 F\u00eate du 15 ao\u00fbt 2018 Pr\u00e9sence de Soeurs d&rsquo;Afrique de l&rsquo;ouest : \u00e9t\u00e9 2018 Famille gildasienne : 8 juillet 2018 Livre : \u00ab\u00a0Pour un engagement &#8230;\u00a0\u00bb Pentec\u00f4te 2018 [&hellip;]<\/p>\n","protected":false},"author":3,"featured_media":0,"parent":130,"menu_order":1,"comment_status":"closed","ping_status":"closed","template":"","meta":{"ngg_post_thumbnail":0,"footnotes":""},"class_list":["post-132","page","type-page","status-publish","hentry"],"_links":{"self":[{"href":"https:\/\/soeurs-de-stgildas-nantes.cef.fr\/index.php?rest_route=\/wp\/v2\/pages\/132","targetHints":{"allow":["GET"]}}],"collection":[{"href":"https:\/\/soeurs-de-stgildas-nantes.cef.fr\/index.php?rest_route=\/wp\/v2\/pages"}],"about":[{"href":"https:\/\/soeurs-de-stgildas-nantes.cef.fr\/index.php?rest_route=\/wp\/v2\/types\/page"}],"author":[{"embeddable":true,"href":"https:\/\/soeurs-de-stgildas-nantes.cef.fr\/index.php?rest_route=\/wp\/v2\/users\/3"}],"replies":[{"embeddable":true,"href":"https:\/\/soeurs-de-stgildas-nantes.cef.fr\/index.php?rest_route=%2Fwp%2Fv2%2Fcomments&post=132"}],"version-history":[{"count":92,"href":"https:\/\/soeurs-de-stgildas-nantes.cef.fr\/index.php?rest_route=\/wp\/v2\/pages\/132\/revisions"}],"predecessor-version":[{"id":12418,"href":"https:\/\/soeurs-de-stgildas-nantes.cef.fr\/index.php?rest_route=\/wp\/v2\/pages\/132\/revisions\/12418"}],"up":[{"embeddable":true,"href":"https:\/\/soeurs-de-stgildas-nantes.cef.fr\/index.php?rest_route=\/wp\/v2\/pages\/130"}],"wp:attachment":[{"href":"https:\/\/soeurs-de-stgildas-nantes.cef.fr\/index.php?rest_route=%2Fwp%2Fv2%2Fmedia&parent=132"}],"curies":[{"name":"wp","href":"https:\/\/api.w.org\/{rel}","templated":true}]}}