{"id":13165,"date":"2020-03-14T16:23:28","date_gmt":"2020-03-14T16:23:28","guid":{"rendered":"http:\/\/soeurs-de-stgildas-nantes.cef.fr\/?page_id=13165"},"modified":"2020-03-14T16:23:29","modified_gmt":"2020-03-14T16:23:29","slug":"expressions-de-foi","status":"publish","type":"page","link":"https:\/\/soeurs-de-stgildas-nantes.cef.fr\/?page_id=13165","title":{"rendered":"Expressions de Foi"},"content":{"rendered":"\n<p>Nous croyons en Dieu qui est l\u00e0 en nous, proche, <br>aimant comme un <strong>p\u00e8re<\/strong> qui prot\u00e8ge, pardonne et fait confiance.<\/p>\n\n\n\n<p>Nous croyons en Dieu, <strong>P\u00e8re<\/strong> plein de tendresse qui nous aime <br>et ne nous abandonne jamais, m\u00eame dans nos infid\u00e9lit\u00e9s.<\/p>\n\n\n\n<p>Nous croyons en toi, <strong>P\u00e8re<\/strong>. Tu nous donnes une place \u00e0 chacun <br>dans ta cr\u00e9ation. Tu nous aimes tels que nous sommes <br>et tu entends nos cris de d\u00e9tresses.<\/p>\n\n\n\n<p>Nous croyons en un Dieu <strong>P\u00e8re<\/strong> qui est amour, <br>qui est tendresse et se penche sur la mis\u00e8re de son peuple.<\/p>\n\n\n\n<p style=\"text-align:center\" class=\"has-text-color has-vivid-red-color\"> &#8211;  *  &#8211; * &#8211; * &#8211; * &#8211; <\/p>\n\n\n\n<p>Nous croyons en <strong>J\u00e9sus<\/strong> qui par sa parole est pour nous force <br>de vie, lumi\u00e8re, qui nous aide \u00e0 discerner ce qui est service, <br>bienveillance avec ses fr\u00e8res pour que tous aient la vie, la vie en abondance.<\/p>\n\n\n\n<p> Nous croyons en toi, <strong>J\u00e9sus<\/strong>. Tu es venu partager notre condition humaine. Tu nous as montr\u00e9 le chemin vers le P\u00e8re par ton enseignement et tes actes. Tu nous invites \u00e0 rester proches des petits et des pauvres que nous rencontrons au travers de nos engagements. <\/p>\n\n\n\n<p>Nous croyons en toi, <strong>J\u00e9sus<\/strong>, tu es \u00e0 l\u2019\u0153uvre&nbsp; dans nos vies. <br> Tu nous invites \u00e0 plus de pardon, d\u2019humilit\u00e9, de mis\u00e9ricorde et de Paix&nbsp;!<\/p>\n\n\n\n<p>Nous croyons que la lumi\u00e8re de <strong>J\u00e9sus<\/strong> et son amour <br>peuvent nous aider \u00e0 surpasser nos faiblesses.<\/p>\n\n\n\n<p style=\"text-align:center\" class=\"has-text-color has-vivid-red-color\">\n &#8211;  *  &#8211; * &#8211; * &#8211; * &#8211; \n\n<\/p>\n\n\n\n<p>Nous croyons en l\u2019<strong>Esprit<\/strong> Saint, souffle de vie au c\u0153ur de chacun, <br>qui nous inspire des chemins de paix, de pardon et de r\u00e9conciliation.<\/p>\n\n\n\n<p>Nous croyons en toi, <strong>Esprit<\/strong> Saint : tu nous insuffles l\u2019audace pour d\u00e9passer nos peurs <br>et nos difficult\u00e9s. Tu nous pousses \u00e0 aller de l\u2019avant, <br>avec d\u2019autres, dans la confiance, en famille gildasienne.<\/p>\n\n\n\n<p>Nous croyons en toi, <strong>Esprit<\/strong> Saint. <br>Tu \u00e9tablis la relation entre nous et nous aide \u00e0 accepter nos diff\u00e9rences. <br>Tu nous ouvres \u00e0 tous nos fr\u00e8res en humanit\u00e9.<\/p>\n\n\n\n<p>Nous croyons en la force de l\u2019<strong>Esprit<\/strong> pour oser annoncer la Bonne Nouvelle<br>et \u00eatre missionnaire \u00e0 la mani\u00e8re de J\u00e9sus. <\/p>\n\n\n\n<p style=\"text-align:center\" class=\"has-text-color has-luminous-vivid-orange-color\">\n &#8211;  *  &#8211; * &#8211; * &#8211; * &#8211; \n\n<\/p>\n","protected":false},"excerpt":{"rendered":"<p>Nous croyons en Dieu qui est l\u00e0 en nous, proche, aimant comme un p\u00e8re qui prot\u00e8ge, pardonne et fait confiance. Nous croyons en Dieu, P\u00e8re plein de tendresse qui nous aime et ne nous abandonne jamais, m\u00eame dans nos infid\u00e9lit\u00e9s. Nous croyons en toi, P\u00e8re. Tu nous donnes une place \u00e0 chacun dans ta cr\u00e9ation. [&hellip;]<\/p>\n","protected":false},"author":6,"featured_media":0,"parent":0,"menu_order":0,"comment_status":"closed","ping_status":"closed","template":"","meta":{"ngg_post_thumbnail":0,"footnotes":""},"class_list":["post-13165","page","type-page","status-publish","hentry"],"_links":{"self":[{"href":"https:\/\/soeurs-de-stgildas-nantes.cef.fr\/index.php?rest_route=\/wp\/v2\/pages\/13165","targetHints":{"allow":["GET"]}}],"collection":[{"href":"https:\/\/soeurs-de-stgildas-nantes.cef.fr\/index.php?rest_route=\/wp\/v2\/pages"}],"about":[{"href":"https:\/\/soeurs-de-stgildas-nantes.cef.fr\/index.php?rest_route=\/wp\/v2\/types\/page"}],"author":[{"embeddable":true,"href":"https:\/\/soeurs-de-stgildas-nantes.cef.fr\/index.php?rest_route=\/wp\/v2\/users\/6"}],"replies":[{"embeddable":true,"href":"https:\/\/soeurs-de-stgildas-nantes.cef.fr\/index.php?rest_route=%2Fwp%2Fv2%2Fcomments&post=13165"}],"version-history":[{"count":8,"href":"https:\/\/soeurs-de-stgildas-nantes.cef.fr\/index.php?rest_route=\/wp\/v2\/pages\/13165\/revisions"}],"predecessor-version":[{"id":13189,"href":"https:\/\/soeurs-de-stgildas-nantes.cef.fr\/index.php?rest_route=\/wp\/v2\/pages\/13165\/revisions\/13189"}],"wp:attachment":[{"href":"https:\/\/soeurs-de-stgildas-nantes.cef.fr\/index.php?rest_route=%2Fwp%2Fv2%2Fmedia&parent=13165"}],"curies":[{"name":"wp","href":"https:\/\/api.w.org\/{rel}","templated":true}]}}