{"id":13135,"date":"2020-03-13T19:36:09","date_gmt":"2020-03-13T19:36:09","guid":{"rendered":"http:\/\/soeurs-de-stgildas-nantes.cef.fr\/?page_id=13135"},"modified":"2020-03-13T19:36:10","modified_gmt":"2020-03-13T19:36:10","slug":"quand-les-statues-seffondrent","status":"publish","type":"page","link":"https:\/\/soeurs-de-stgildas-nantes.cef.fr\/?page_id=13135","title":{"rendered":"Quand les statues s&rsquo;effondrent"},"content":{"rendered":"\n<p><strong>\u00ab\u00a0<\/strong>Je savais depuis mon enfance que les saints avaient des choses \u00e0 cacher :<br><br> sinon pourquoi allaient-ils se confesser ? <br><br> Je savais depuis St Paul que nous ne sommes jamais tout \u00e0 fait ce que nous voulons \u00eatre : <br><br> il y a deux hommes en chacun de nous. <br><br>Je savais depuis Adam et Eve que les fruits les plus beaux <br><br>peuvent \u00eatre mauvais et que les apparences sont trompeuses. <br><br> Je savais depuis l\u2019\u00e9vangile qu\u2019on jugeait l\u2019arbre \u00e0 ses fruits <br><br>mais que sur le m\u00eame arbre il peut y avoir des fruits magnifiques <br><br>et des fruits attaqu\u00e9s par les vers : <br><br>la r\u00e9colte demande toujours un tri. <br><br>Je savais que l\u2019ivraie \u00e9tait toujours m\u00eal\u00e9e au bon grain <br><br>et qu\u2019il fallait attendre la moisson pour la jeter au feu. <\/p>\n\n\n\n<p>Je ne demande pas \u00e0 mon Eglise de s\u00e9parer les bons et les m\u00e9chants:<br><br> \u00a0il faut laisser \u00e0 Dieu le soin de le faire au dernier jour. <br><br>Je n\u2019attends pas d\u2019elle qu\u2019elle canonise les saints et excommunie les p\u00e9cheurs. <br><br>Je n\u2019attends pas d\u2019elle qu\u2019elle change sa vitrine au gr\u00e9 de l\u2019opinion <br><br>ou cache dans son arri\u00e8re-boutique les crimes dont elle a honte. <\/p>\n\n\n\n<p>J\u2019attends d\u2019elle autre chose qu\u2019un examen de conscience. <br><br> J\u2019attends qu\u2019elle ose un \u00e9tat des lieux. <br><br> Avoir honte ne suffit pas : il faut regarder les victimes. <br><br> Le p\u00e9ch\u00e9 que nous portons devant Dieu n\u2019est que l\u2019ombre du mal <br><\/p>\n\n\n\n<p>que nous faisons dans la chair de nos fr\u00e8res. \u00bb<\/p>\n\n\n\n<p class=\"has-text-color has-very-light-gray-color\">&#8212;<\/p>\n\n\n\n<p style=\"text-align:right\"><em>Texte de Jacques Noyer, \u00e9v\u00eaque \u00e9m\u00e9rite d&rsquo;Amiens<\/em><\/p>\n\n\n\n<p><br><\/p>\n","protected":false},"excerpt":{"rendered":"<p>\u00ab\u00a0Je savais depuis mon enfance que les saints avaient des choses \u00e0 cacher : sinon pourquoi allaient-ils se confesser ? Je savais depuis St Paul que nous ne sommes jamais tout \u00e0 fait ce que nous voulons \u00eatre : il y a deux hommes en chacun de nous. Je savais depuis Adam et Eve que [&hellip;]<\/p>\n","protected":false},"author":6,"featured_media":0,"parent":0,"menu_order":0,"comment_status":"closed","ping_status":"closed","template":"","meta":{"ngg_post_thumbnail":0,"footnotes":""},"class_list":["post-13135","page","type-page","status-publish","hentry"],"_links":{"self":[{"href":"https:\/\/soeurs-de-stgildas-nantes.cef.fr\/index.php?rest_route=\/wp\/v2\/pages\/13135","targetHints":{"allow":["GET"]}}],"collection":[{"href":"https:\/\/soeurs-de-stgildas-nantes.cef.fr\/index.php?rest_route=\/wp\/v2\/pages"}],"about":[{"href":"https:\/\/soeurs-de-stgildas-nantes.cef.fr\/index.php?rest_route=\/wp\/v2\/types\/page"}],"author":[{"embeddable":true,"href":"https:\/\/soeurs-de-stgildas-nantes.cef.fr\/index.php?rest_route=\/wp\/v2\/users\/6"}],"replies":[{"embeddable":true,"href":"https:\/\/soeurs-de-stgildas-nantes.cef.fr\/index.php?rest_route=%2Fwp%2Fv2%2Fcomments&post=13135"}],"version-history":[{"count":4,"href":"https:\/\/soeurs-de-stgildas-nantes.cef.fr\/index.php?rest_route=\/wp\/v2\/pages\/13135\/revisions"}],"predecessor-version":[{"id":13139,"href":"https:\/\/soeurs-de-stgildas-nantes.cef.fr\/index.php?rest_route=\/wp\/v2\/pages\/13135\/revisions\/13139"}],"wp:attachment":[{"href":"https:\/\/soeurs-de-stgildas-nantes.cef.fr\/index.php?rest_route=%2Fwp%2Fv2%2Fmedia&parent=13135"}],"curies":[{"name":"wp","href":"https:\/\/api.w.org\/{rel}","templated":true}]}}