{"id":13109,"date":"2020-03-01T15:52:21","date_gmt":"2020-03-01T15:52:21","guid":{"rendered":"http:\/\/soeurs-de-stgildas-nantes.cef.fr\/?page_id=13109"},"modified":"2020-03-01T15:52:22","modified_gmt":"2020-03-01T15:52:22","slug":"des-membres-de-la-famille-gildasienne","status":"publish","type":"page","link":"https:\/\/soeurs-de-stgildas-nantes.cef.fr\/?page_id=13109","title":{"rendered":"Des membres de la famille gildasienne"},"content":{"rendered":"\n<div class=\"wp-block-media-text alignwide\"><figure class=\"wp-block-media-text__media\"><img loading=\"lazy\" decoding=\"async\" width=\"460\" height=\"287\" src=\"http:\/\/soeurs-de-stgildas-nantes.cef.fr\/wp-content\/uploads\/2020\/03\/Groupe-FG.png\" alt=\"\" class=\"wp-image-13111\" srcset=\"https:\/\/soeurs-de-stgildas-nantes.cef.fr\/wp-content\/uploads\/2020\/03\/Groupe-FG.png 460w, https:\/\/soeurs-de-stgildas-nantes.cef.fr\/wp-content\/uploads\/2020\/03\/Groupe-FG-300x187.png 300w\" sizes=\"auto, (max-width: 460px) 100vw, 460px\" \/><\/figure><div class=\"wp-block-media-text__content\">\n<p> R\u00e9unis ce week-end <\/p>\n\n\n\n<p>\u00e0 la Maison-M\u00e8re ,<\/p>\n\n\n\n<p>venus de la Loire-Atlantique<\/p>\n\n\n\n<p>et de la r\u00e9gion parisienne ,<\/p>\n\n\n\n<p>nous avons r\u00e9fl\u00e9chi <\/p>\n\n\n\n<p>sur notre fa\u00e7on de t\u00e9moigner<\/p>\n\n\n\n<p> que le Royaume de Dieu est l\u00e0,<\/p>\n\n\n\n<p> dans nos \u00a0vies  aujourd\u2019hui .<\/p>\n\n\n\n<p><br><br><\/p>\n<\/div><\/div>\n\n\n\n<div class=\"wp-block-image\"><figure class=\"aligncenter is-resized\"><img loading=\"lazy\" decoding=\"async\" src=\"http:\/\/soeurs-de-stgildas-nantes.cef.fr\/wp-content\/uploads\/2020\/03\/Arbre-1.png\" alt=\"\" class=\"wp-image-13114\" width=\"369\" height=\"637\" srcset=\"https:\/\/soeurs-de-stgildas-nantes.cef.fr\/wp-content\/uploads\/2020\/03\/Arbre-1.png 284w, https:\/\/soeurs-de-stgildas-nantes.cef.fr\/wp-content\/uploads\/2020\/03\/Arbre-1-174x300.png 174w\" sizes=\"auto, (max-width: 369px) 100vw, 369px\" \/><\/figure><\/div>\n\n\n\n<p style=\"text-align:center\">Au fil de nos \u00e9changes nous avons <strong>donn\u00e9 Vie \u00e0 cet arbre <\/strong><\/p>\n\n\n\n<p style=\"text-align:center\">avec des feuilles de couleurs diff\u00e9rentes.<\/p>\n\n\n\n<p>Nous y avons \u00e9crit d\u2019une part <\/p>\n\n\n\n<p style=\"text-align:center\"><strong>ce qui nous fait dire et croire que le Royaume de Dieu est l\u00e0, <\/strong><\/p>\n\n\n\n<p><br> et d\u2019autre part, <\/p>\n\n\n\n<p style=\"text-align:center\"><strong>les signes qui nous le font reconna\u00eetre dans notre vie quotidienne. <\/strong><\/p>\n\n\n\n<p><br> Puis nous y avons not\u00e9 aussi les questions, <\/p>\n\n\n\n<p>les doutes et les difficult\u00e9s qui nous traversent<\/p>\n\n\n\n<p style=\"text-align:center\"><br> \u00a0mais aussi des <strong>points d\u2019appui<\/strong>, des <strong>initiatives missionnaires.<\/strong><\/p>\n","protected":false},"excerpt":{"rendered":"<p>R\u00e9unis ce week-end \u00e0 la Maison-M\u00e8re , venus de la Loire-Atlantique et de la r\u00e9gion parisienne , nous avons r\u00e9fl\u00e9chi sur notre fa\u00e7on de t\u00e9moigner que le Royaume de Dieu est l\u00e0, dans nos \u00a0vies aujourd\u2019hui . Au fil de nos \u00e9changes nous avons donn\u00e9 Vie \u00e0 cet arbre avec des feuilles de couleurs diff\u00e9rentes. [&hellip;]<\/p>\n","protected":false},"author":6,"featured_media":0,"parent":0,"menu_order":0,"comment_status":"closed","ping_status":"closed","template":"","meta":{"ngg_post_thumbnail":0,"footnotes":""},"class_list":["post-13109","page","type-page","status-publish","hentry"],"_links":{"self":[{"href":"https:\/\/soeurs-de-stgildas-nantes.cef.fr\/index.php?rest_route=\/wp\/v2\/pages\/13109","targetHints":{"allow":["GET"]}}],"collection":[{"href":"https:\/\/soeurs-de-stgildas-nantes.cef.fr\/index.php?rest_route=\/wp\/v2\/pages"}],"about":[{"href":"https:\/\/soeurs-de-stgildas-nantes.cef.fr\/index.php?rest_route=\/wp\/v2\/types\/page"}],"author":[{"embeddable":true,"href":"https:\/\/soeurs-de-stgildas-nantes.cef.fr\/index.php?rest_route=\/wp\/v2\/users\/6"}],"replies":[{"embeddable":true,"href":"https:\/\/soeurs-de-stgildas-nantes.cef.fr\/index.php?rest_route=%2Fwp%2Fv2%2Fcomments&post=13109"}],"version-history":[{"count":9,"href":"https:\/\/soeurs-de-stgildas-nantes.cef.fr\/index.php?rest_route=\/wp\/v2\/pages\/13109\/revisions"}],"predecessor-version":[{"id":13700,"href":"https:\/\/soeurs-de-stgildas-nantes.cef.fr\/index.php?rest_route=\/wp\/v2\/pages\/13109\/revisions\/13700"}],"wp:attachment":[{"href":"https:\/\/soeurs-de-stgildas-nantes.cef.fr\/index.php?rest_route=%2Fwp%2Fv2%2Fmedia&parent=13109"}],"curies":[{"name":"wp","href":"https:\/\/api.w.org\/{rel}","templated":true}]}}