{"id":12947,"date":"2019-10-02T09:23:26","date_gmt":"2019-10-02T09:23:26","guid":{"rendered":"http:\/\/soeurs-de-stgildas-nantes.cef.fr\/?page_id=12947"},"modified":"2019-10-02T09:23:27","modified_gmt":"2019-10-02T09:23:27","slug":"lettre-au-cardinal-filoni","status":"publish","type":"page","link":"https:\/\/soeurs-de-stgildas-nantes.cef.fr\/?page_id=12947","title":{"rendered":"Lettre au cardinal Filoni"},"content":{"rendered":"\n<p><strong><br> <\/strong><\/p>\n\n\n\n<p style=\"text-align:center\">Au v\u00e9n\u00e9rable Fr\u00e8re Cardinal Fernando FILONI <br>Pr\u00e9fet de la Congr\u00e9gation pour l\u2019Evang\u00e9lisation des Peuples.<\/p>\n\n\n\n<p>Le 30 novembre 2019 aura lieu le centenaire de la\npromulgation de la <strong>Lettre Apostolique Maximum illud<\/strong>,\npar laquelle Beno\u00eet XV a voulu donner un nouvel \u00e9lan \u00e0 la responsabilit\u00e9\nmissionnaire d\u2019annoncer l\u2019Evangile. C\u2019\u00e9tait en 1919,&nbsp;\u00e0 la fin d\u2019un\nterrible conflit mondial qu\u2019il a d\u00e9fini lui-m\u00eame \u00ab&nbsp;massacre\ninutile&nbsp;\u00bb, que le Pape avait senti la n\u00e9cessit\u00e9 de requalifier de mani\u00e8re\n\u00e9vang\u00e9lique la mission dans le monde, afin qu\u2019elle soit purifi\u00e9e de toute\ncollusion avec la colonisation et se tienne loin des vis\u00e9es nationalistes et\nexpansionnistes qui avaient caus\u00e9 tant de d\u00e9sastres. \u00ab&nbsp;L\u2019Eglise de Dieu\nest universelle, nullement \u00e9trang\u00e8re \u00e0 aucun peuple&nbsp;\u00bb, a-t-il \u00e9crit, en\nexhortant aussi \u00e0 refuser toute forme d\u2019int\u00e9r\u00eat, puisque seule l\u2019annonce et la\ncharit\u00e9 du Seigneur J\u00e9sus, diffus\u00e9es avec la saintet\u00e9 de la vie et les bonnes\n\u0153uvres, sont la raison d\u2019\u00eatre de la mission. Beno\u00eet XV a ainsi donn\u00e9 un \u00e9lan\nsp\u00e9cial \u00e0 la <em>missio ad gentes<\/em>, en s\u2019employant, avec les outils\nconceptuels et de communication en usage \u00e0 l\u2019\u00e9poque, \u00e0 r\u00e9veiller, en\nparticulier aupr\u00e8s du clerg\u00e9, la conscience du devoir missionnaire.<\/p>\n\n\n\n<p>Cela r\u00e9pond \u00e0 l\u2019invitation permanente de J\u00e9sus&nbsp;:\n\u00ab&nbsp;Allez dans le monde entier et proclamez l\u2019Evangile \u00e0 toute la\ncr\u00e9ation&nbsp;\u00bb (Mc 16,15). Adh\u00e9rer \u00e0 cet ordre du Seigneur n\u2019est pas une\noption pour l\u2019Eglise&nbsp;: c\u2019est sa \u00ab&nbsp;t\u00e2che obligatoire&nbsp;\u00bb, comme l\u2019a\nrappel\u00e9 le Concile Vatican II, puisque l\u2019Eglise \u00ab&nbsp;par nature,&nbsp;est\nmissionnaire\u00bb. \u00ab&nbsp;Evang\u00e9liser est, en effet, la gr\u00e2ce et la vocation propre\nde l\u2019Eglise, son identit\u00e9 la plus profonde. Elle existe pour\n\u00e9vang\u00e9liser&nbsp;\u00bb. Pour correspondre \u00e0 une telle identit\u00e9 et proclamer J\u00e9sus\ncrucifi\u00e9 et ressuscit\u00e9 pour tous, le Sauveur vivant, la Mis\u00e9ricorde qui sauve,\n\u00ab&nbsp;il est n\u00e9cessaire \u2013 affirme encore le Concile \u2013 que l\u2019Eglise, toujours\nsous la pouss\u00e9e de l\u2019Esprit du Christ, marche par la m\u00eame voie qu\u2019il a suivie,\nc\u2019est-\u00e0-dire par la voie de la pauvret\u00e9, de l\u2019ob\u00e9issance, du service et de\nl\u2019immolation de soi jusqu\u2019\u00e0 la mort&nbsp;\u00bb, afin qu\u2019elle communique r\u00e9ellement\nle Seigneur, \u00ab&nbsp;mod\u00e8le de l\u2019humanit\u00e9 r\u00e9nov\u00e9e, p\u00e9n\u00e9tr\u00e9e d\u2019amour fraternel,\nde sinc\u00e9rit\u00e9, d\u2019esprit pacifique, \u00e0 laquelle tous aspirent\u00bb.<\/p>\n\n\n\n<p>Ce qui tenait \u00e0 c\u0153ur \u00e0 Beno\u00eet XV il y a presque cent\nans, et que le Document conciliaire nous rappelle depuis plus de cinquante ans\nreste pleinement actuel. Aujourd\u2019hui comme alors \u00ab&nbsp;l\u2019Eglise, envoy\u00e9e par\nle Christ pour manifester et communiquer la charit\u00e9 de Dieu \u00e0 tous les hommes\net \u00e0 toutes les nations, a conscience qu\u2019elle a \u00e0 faire une \u0153uvre missionnaire\n\u00e9norme&nbsp;\u00bb. A ce propos, saint Jean-Paul II a observ\u00e9 que \u00ab&nbsp;la mission\ndu Christ R\u00e9dempteur, confi\u00e9e \u00e0 l\u2019Eglise, est encore bien loin de son\nach\u00e8vement&nbsp;\u00bb et qu\u2019\u00ab&nbsp;un regard d\u2019ensemble port\u00e9 sur l\u2019humanit\u00e9 montre\nque cette mission en est encore \u00e0 ses d\u00e9buts et que nous devons nous engager de\ntoutes nos forces \u00e0 son service&nbsp;\u00bb. C\u2019est pourquoi, avec les paroles que je\nvoudrais reproposer \u00e0 l\u2019attention de tous, il a exhort\u00e9 l\u2019Eglise \u00e0\n\u00ab&nbsp;renouveler son engagement missionnaire&nbsp;\u00bb, avec la conviction que la\nmission \u00ab&nbsp;renouvelle l\u2019Eglise, renforce la foi et l\u2019identit\u00e9 chr\u00e9tienne,\ndonne un regain d\u2019enthousiasme et des motivations nouvelles.&nbsp;<strong>La foi s\u2019affermit lorsqu\u2019on la donne<\/strong> ! La nouvelle\n\u00e9vang\u00e9lisation des peuples chr\u00e9tiens trouvera inspiration et soutien dans\nl\u2019engagement pour la mission universelle&nbsp;\u00bb.<\/p>\n\n\n\n<p style=\"text-align:center\" class=\"has-text-color has-vivid-cyan-blue-color\"><strong><br> L\u2019Eglise de Dieu est universelle,<\/strong><\/p>\n\n\n\n<p style=\"text-align:center\" class=\"has-text-color has-vivid-cyan-blue-color\"><strong> nullement \u00e9trang\u00e8re \u00e0 aucun peuple<\/strong><\/p>\n\n\n\n<p>Dans l\u2019Exhortation apostolique Evangelii gaudium,\nrecueillant les fruits de la XIII\u00e8me &nbsp;Assembl\u00e9e G\u00e9n\u00e9rale Ordinaire du\nSynode des Ev\u00eaques, qui a \u00e9t\u00e9 convoqu\u00e9e pour r\u00e9fl\u00e9chir sur la nouvelle\n\u00e9vang\u00e9lisation pour la transmission de la foi chr\u00e9tienne, j\u2019ai voulu pr\u00e9senter\nde nouveau \u00e0 toute l\u2019Eglise cette vocation urgente&nbsp;:\n&nbsp;\u00ab&nbsp;Jean-Paul II&nbsp;nous a invit\u00e9s \u00e0 reconna\u00eetre qu\u2019il \u201cest\nn\u00e9cessaire de rester tendus vers l\u2019annonce\u201c \u00e0 ceux qui sont \u00e9loign\u00e9s du Christ,\n\u201ccar telle est&nbsp;la t\u00e2che premi\u00e8re&nbsp;de l\u2019\u00c9glise\u201d. L\u2019activit\u00e9\nmissionnaire \u201crepr\u00e9sente, aujourd\u2019hui encore,&nbsp;le plus grand des\nd\u00e9fis&nbsp;pour l\u2019\u00c9glise\u201d&nbsp;et \u201cla cause missionnaire&nbsp;doit avoir la\npremi\u00e8re&nbsp;place\u201d.&nbsp;Que se passerait-il si nous prenions r\u00e9ellement au\ns\u00e9rieux ces paroles ? Nous reconna\u00eetrions simplement que l\u2019action missionnaire\nest le&nbsp;paradigme de toute t\u00e2che de l\u2019\u00c9glise&nbsp;\u00bb.<\/p>\n\n\n\n<p>Ce que je voulais exprimer me para\u00eet encore\nurgent&nbsp;: \u00ab [Cela]&nbsp;a&nbsp;une signification programmatique et des\ncons\u00e9quences importantes. J\u2019esp\u00e8re que toutes les communaut\u00e9s feront en sorte\nde mettre en \u0153uvre les moyens n\u00e9cessaires pour <strong>avancer sur le chemin d\u2019une\nconversion pastorale et missionnaire<\/strong>, qui ne peut laisser les choses\ncomme elles sont. Ce n\u2019est pas d\u2019une \u201csimple administration\u201d&nbsp;dont nous\navons besoin. Constituons-nous dans toutes les r\u00e9gions de la terre en un \u201c\u00e9tat\npermanent de mission\u201d&nbsp;\u00bb. Ne craignons pas d\u2019entreprendre, avec confiance\nen Dieu et beaucoup de courage, \u00ab&nbsp;un choix missionnaire capable de\ntransformer toute chose, afin que les habitudes, les styles, les horaires, le\nlangage et toute structure eccl\u00e9siale devienne un canal ad\u00e9quat pour\nl\u2019\u00e9vang\u00e9lisation du monde actuel, plus que pour l\u2019auto-pr\u00e9servation. La r\u00e9forme\ndes structures, qui exige la conversion pastorale, ne peut se comprendre qu\u2019en\nce sens : faire en sorte qu\u2019elles deviennent toutes plus missionnaires, que la\npastorale ordinaire en toutes ses instances soit plus expansive et ouverte,\nqu\u2019elle mette les agents pastoraux en constante attitude de \u201csortie\u201d et\nfavorise ainsi la r\u00e9ponse positive de tous ceux auxquels J\u00e9sus offre son\namiti\u00e9. Comme le disait Jean-Paul II aux \u00e9v\u00eaques de l\u2019Oc\u00e9anie, \u201ctout\nrenouvellement dans l\u2019\u00c9glise doit avoir pour but la mission, afin de ne pas\ntomber dans le risque d\u2019une \u00c9glise centr\u00e9e sur elle-m\u00eame\u201d \u00bb.<\/p>\n\n\n\n<p>La Lettre apostolique Maximum illud avait exhort\u00e9,\navec un sens proph\u00e9tique et une assurance \u00e9vang\u00e9lique, \u00e0 sortir des fronti\u00e8res\ndes nations, pour t\u00e9moigner de la volont\u00e9 salvifique de Dieu \u00e0 travers la\nmission universelle de l\u2019Eglise. Que l\u2019approche de son centenaire soit un\nstimulant pour d\u00e9passer la tentation r\u00e9currente qui se cache derri\u00e8re toute\nintroversion eccl\u00e9siale, toute fermeture autor\u00e9f\u00e9rentielle dans ses propres\nlimites s\u00e9curitaires, toute forme de pessimisme pastoral, toute nostalgie\nst\u00e9rile du pass\u00e9, pour s\u2019ouvrir plut\u00f4t \u00e0 la nouveaut\u00e9 joyeuse de l\u2019Evangile.\nM\u00eame en ces temps qui sont les n\u00f4tres, d\u00e9chir\u00e9s par les trag\u00e9dies de la guerre\net min\u00e9s par la triste volont\u00e9 d\u2019accentuer les diff\u00e9rences et de fomenter les\nconflits, que la Bonne Nouvelle qu\u2019en J\u00e9sus le pardon est vainqueur du p\u00e9ch\u00e9,\nla vie est victorieuse de la mort, de la peur et de l\u2019angoisse, soit port\u00e9e \u00e0\ntous avec une ardeur renouvel\u00e9e ainsi qu\u2019une grande confiance et esp\u00e9rance.<\/p>\n\n\n\n<p>C\u2019est avec ces sentiments que, ayant accueilli la\nproposition de la Congr\u00e9gation pour l\u2019Evang\u00e9lisation des Peuples, je d\u00e9cr\u00e8te un\n<strong>Mois missionnaire extraordinaire en octobre 2019<\/strong>, afin\nde susciter une plus grande prise de conscience de la <em>missio ad gentes <\/em>et de reprendre avec un nouvel \u00e9lan la\ntransformation missionnaire de la vie et de la pastorale. On pourra bien s\u2019y\npr\u00e9parer, \u00e9galement \u00e0 travers le mois missionnaire d\u2019octobre, afin que les\nfid\u00e8les aient vraiment \u00e0 c\u0153ur l\u2019annonce de l\u2019Evangile et la conversion de leur\ncommunaut\u00e9 en une r\u00e9alit\u00e9 missionnaire et \u00e9vang\u00e9lisatrice ; afin que s\u2019accroisse\nl\u2019amour pour la mission, qui \u00ab&nbsp;est une passion pour J\u00e9sus mais, en m\u00eame\ntemps, une passion pour son peuple&nbsp;\u00bb.<\/p>\n\n\n\n<p>A Vous, v\u00e9n\u00e9rable Fr\u00e8re, au Dicast\u00e8re que vous\npr\u00e9sidez et aux \u0152uvres Pontificales Missionnaires, je confie la charge de\ncommencer la pr\u00e9paration de cet \u00e9v\u00e9nement, sp\u00e9cialement \u00e0 travers une ample\nsensibilisation des Eglises particuli\u00e8res, des Instituts de vie consacr\u00e9e et\ndes Soci\u00e9t\u00e9s de vie apostolique, ainsi que des associations, des mouvements,\ndes communaut\u00e9s et autres r\u00e9alit\u00e9s eccl\u00e9siales. Que le Mois missionnaire\nextraordinaire soit une occasion de gr\u00e2ce intense et f\u00e9conde pour promouvoir\ndes initiatives et intensifier de mani\u00e8re singuli\u00e8re la pri\u00e8re \u2013 \u00e2me de toute\nmission \u2013, l\u2019annonce de l\u2019Evangile, la r\u00e9flexion biblique et th\u00e9ologique sur la\nmission, les \u0153uvres de charit\u00e9 chr\u00e9tienne et les actions concr\u00e8tes de\ncoop\u00e9ration et de solidarit\u00e9 entre les Eglises, afin que se r\u00e9veille et jamais\nne nous soit vol\u00e9 l\u2019enthousiasme missionnaire.<\/p>\n\n\n\n<p><\/p>\n\n\n\n<p><\/p>\n","protected":false},"excerpt":{"rendered":"<p>Au v\u00e9n\u00e9rable Fr\u00e8re Cardinal Fernando FILONI Pr\u00e9fet de la Congr\u00e9gation pour l\u2019Evang\u00e9lisation des Peuples. Le 30 novembre 2019 aura lieu le centenaire de la promulgation de la Lettre Apostolique Maximum illud, par laquelle Beno\u00eet XV a voulu donner un nouvel \u00e9lan \u00e0 la responsabilit\u00e9 missionnaire d\u2019annoncer l\u2019Evangile. C\u2019\u00e9tait en 1919,&nbsp;\u00e0 la fin d\u2019un terrible conflit [&hellip;]<\/p>\n","protected":false},"author":6,"featured_media":0,"parent":0,"menu_order":0,"comment_status":"closed","ping_status":"closed","template":"","meta":{"ngg_post_thumbnail":0,"footnotes":""},"class_list":["post-12947","page","type-page","status-publish","hentry"],"_links":{"self":[{"href":"https:\/\/soeurs-de-stgildas-nantes.cef.fr\/index.php?rest_route=\/wp\/v2\/pages\/12947","targetHints":{"allow":["GET"]}}],"collection":[{"href":"https:\/\/soeurs-de-stgildas-nantes.cef.fr\/index.php?rest_route=\/wp\/v2\/pages"}],"about":[{"href":"https:\/\/soeurs-de-stgildas-nantes.cef.fr\/index.php?rest_route=\/wp\/v2\/types\/page"}],"author":[{"embeddable":true,"href":"https:\/\/soeurs-de-stgildas-nantes.cef.fr\/index.php?rest_route=\/wp\/v2\/users\/6"}],"replies":[{"embeddable":true,"href":"https:\/\/soeurs-de-stgildas-nantes.cef.fr\/index.php?rest_route=%2Fwp%2Fv2%2Fcomments&post=12947"}],"version-history":[{"count":3,"href":"https:\/\/soeurs-de-stgildas-nantes.cef.fr\/index.php?rest_route=\/wp\/v2\/pages\/12947\/revisions"}],"predecessor-version":[{"id":12950,"href":"https:\/\/soeurs-de-stgildas-nantes.cef.fr\/index.php?rest_route=\/wp\/v2\/pages\/12947\/revisions\/12950"}],"wp:attachment":[{"href":"https:\/\/soeurs-de-stgildas-nantes.cef.fr\/index.php?rest_route=%2Fwp%2Fv2%2Fmedia&parent=12947"}],"curies":[{"name":"wp","href":"https:\/\/api.w.org\/{rel}","templated":true}]}}