{"id":12858,"date":"2019-08-13T08:35:32","date_gmt":"2019-08-13T08:35:32","guid":{"rendered":"http:\/\/soeurs-de-stgildas-nantes.cef.fr\/?page_id=12858"},"modified":"2019-08-13T08:35:33","modified_gmt":"2019-08-13T08:35:33","slug":"fete-de-lassomption","status":"publish","type":"page","link":"https:\/\/soeurs-de-stgildas-nantes.cef.fr\/?page_id=12858","title":{"rendered":"F\u00eate de l&rsquo;Assomption"},"content":{"rendered":"\n<p style=\"text-align:center\" class=\"has-text-color has-vivid-cyan-blue-color\"><strong>Mon \u00e2me exalte le Seigneur : <\/strong><br><strong>le Puissant fit pour moi des merveilles ..<\/strong><\/p>\n\n\n\n<figure class=\"wp-block-image\"><img loading=\"lazy\" decoding=\"async\" width=\"629\" height=\"857\" src=\"http:\/\/soeurs-de-stgildas-nantes.cef.fr\/wp-content\/uploads\/2019\/08\/15-ao\u00fbt-Marie.png\" alt=\"\" class=\"wp-image-12859\" srcset=\"https:\/\/soeurs-de-stgildas-nantes.cef.fr\/wp-content\/uploads\/2019\/08\/15-ao\u00fbt-Marie.png 629w, https:\/\/soeurs-de-stgildas-nantes.cef.fr\/wp-content\/uploads\/2019\/08\/15-ao\u00fbt-Marie-220x300.png 220w\" sizes=\"auto, (max-width: 629px) 100vw, 629px\" \/><\/figure>\n\n\n\n<p style=\"text-align:center\" class=\"has-text-color has-vivid-cyan-blue-color\"><strong>\u00ab\u00a0Marie, la m\u00e8re de J\u00e9sus,totalement transfigur\u00e9e, vit avec lui,<br>et toutes les cr\u00e9atures chantent sa beaut\u00e9.<\/strong><\/p>\n\n\n\n<p style=\"text-align:center\" class=\"has-text-color has-vivid-cyan-blue-color\"><strong>Dans son corps glorifi\u00e9, avec le Christ ressuscit\u00e9, <br>une partie de la cr\u00e9ation a atteint toute la pl\u00e9nitude <\/strong><br><strong>de sa propre beaut\u00e9\u00a0\u00bb<\/strong><\/p>\n\n\n\n<p style=\"text-align:right\" class=\"has-small-font-size\"><br><em>(Laudato si, N\u00b0 241)<\/em><br><br><br><\/p>\n","protected":false},"excerpt":{"rendered":"<p>Mon \u00e2me exalte le Seigneur : le Puissant fit pour moi des merveilles .. \u00ab\u00a0Marie, la m\u00e8re de J\u00e9sus,totalement transfigur\u00e9e, vit avec lui,et toutes les cr\u00e9atures chantent sa beaut\u00e9. Dans son corps glorifi\u00e9, avec le Christ ressuscit\u00e9, une partie de la cr\u00e9ation a atteint toute la pl\u00e9nitude de sa propre beaut\u00e9\u00a0\u00bb (Laudato si, N\u00b0 241)<\/p>\n","protected":false},"author":6,"featured_media":0,"parent":0,"menu_order":0,"comment_status":"closed","ping_status":"closed","template":"","meta":{"ngg_post_thumbnail":0,"footnotes":""},"class_list":["post-12858","page","type-page","status-publish","hentry"],"_links":{"self":[{"href":"https:\/\/soeurs-de-stgildas-nantes.cef.fr\/index.php?rest_route=\/wp\/v2\/pages\/12858","targetHints":{"allow":["GET"]}}],"collection":[{"href":"https:\/\/soeurs-de-stgildas-nantes.cef.fr\/index.php?rest_route=\/wp\/v2\/pages"}],"about":[{"href":"https:\/\/soeurs-de-stgildas-nantes.cef.fr\/index.php?rest_route=\/wp\/v2\/types\/page"}],"author":[{"embeddable":true,"href":"https:\/\/soeurs-de-stgildas-nantes.cef.fr\/index.php?rest_route=\/wp\/v2\/users\/6"}],"replies":[{"embeddable":true,"href":"https:\/\/soeurs-de-stgildas-nantes.cef.fr\/index.php?rest_route=%2Fwp%2Fv2%2Fcomments&post=12858"}],"version-history":[{"count":1,"href":"https:\/\/soeurs-de-stgildas-nantes.cef.fr\/index.php?rest_route=\/wp\/v2\/pages\/12858\/revisions"}],"predecessor-version":[{"id":12860,"href":"https:\/\/soeurs-de-stgildas-nantes.cef.fr\/index.php?rest_route=\/wp\/v2\/pages\/12858\/revisions\/12860"}],"wp:attachment":[{"href":"https:\/\/soeurs-de-stgildas-nantes.cef.fr\/index.php?rest_route=%2Fwp%2Fv2%2Fmedia&parent=12858"}],"curies":[{"name":"wp","href":"https:\/\/api.w.org\/{rel}","templated":true}]}}