{"id":12822,"date":"2019-07-02T12:43:12","date_gmt":"2019-07-02T12:43:12","guid":{"rendered":"http:\/\/soeurs-de-stgildas-nantes.cef.fr\/?page_id=12822"},"modified":"2019-07-02T13:01:34","modified_gmt":"2019-07-02T13:01:34","slug":"ete-2019","status":"publish","type":"page","link":"https:\/\/soeurs-de-stgildas-nantes.cef.fr\/?page_id=12822","title":{"rendered":"Et\u00e9 2019"},"content":{"rendered":"\n<p style=\"text-align:center\" class=\"has-text-color has-vivid-red-color\"><strong>Soleil &#8230; Chaleur &#8230; VACANCES !&#8230;.<\/strong><\/p>\n\n\n\n<div class=\"wp-block-image\"><figure class=\"aligncenter is-resized\"><img loading=\"lazy\" decoding=\"async\" src=\"http:\/\/soeurs-de-stgildas-nantes.cef.fr\/wp-content\/uploads\/2019\/07\/Hillion-25.jpg\" alt=\"\" class=\"wp-image-12824\" width=\"424\" height=\"318\" srcset=\"https:\/\/soeurs-de-stgildas-nantes.cef.fr\/wp-content\/uploads\/2019\/07\/Hillion-25.jpg 519w, https:\/\/soeurs-de-stgildas-nantes.cef.fr\/wp-content\/uploads\/2019\/07\/Hillion-25-300x225.jpg 300w\" sizes=\"auto, (max-width: 424px) 100vw, 424px\" \/><\/figure><\/div>\n\n\n\n<p>Changements d&rsquo;occupations, de lieu, de rythme de vie &#8230;<\/p>\n\n\n\n<p>Autres relations : choisies, inattendues ! &#8230;<\/p>\n\n\n\n<p>Temps de repos, de silence, de pri\u00e8re, de lectures, de contemplation &#8230;<\/p>\n\n\n\n<figure class=\"wp-block-image\"><img loading=\"lazy\" decoding=\"async\" width=\"1024\" height=\"283\" src=\"http:\/\/soeurs-de-stgildas-nantes.cef.fr\/wp-content\/uploads\/2019\/07\/Sa-1024x283.png\" alt=\"\" class=\"wp-image-12826\" srcset=\"https:\/\/soeurs-de-stgildas-nantes.cef.fr\/wp-content\/uploads\/2019\/07\/Sa-1024x283.png 1024w, https:\/\/soeurs-de-stgildas-nantes.cef.fr\/wp-content\/uploads\/2019\/07\/Sa-300x83.png 300w, https:\/\/soeurs-de-stgildas-nantes.cef.fr\/wp-content\/uploads\/2019\/07\/Sa-768x212.png 768w, https:\/\/soeurs-de-stgildas-nantes.cef.fr\/wp-content\/uploads\/2019\/07\/Sa.png 1040w\" sizes=\"auto, (max-width: 1024px) 100vw, 1024px\" \/><\/figure>\n\n\n\n<p>Appr\u00e9cier la couleur et le parfum des fleurs,<\/p>\n\n\n\n<p>Sentir la douce caresse d&rsquo;une brise l\u00e9g\u00e8re,<\/p>\n\n\n\n<p>D\u00e9guster des fruits gorg\u00e9s de soleil &#8230;<\/p>\n\n\n\n<p>Ecouter les oiseaux, le murmure du vent ou le vacarme des temp\u00eates&#8230;<\/p>\n\n\n\n<p>et &#8230;<em>(\u00e0 chacune, chacun de compl\u00e9ter au gr\u00e9 de sa fantaisie &#8230;)<\/em><\/p>\n\n\n\n<p style=\"text-align:center\" class=\"has-text-color has-very-light-gray-color\">&#8212;&#8212;&#8212;<\/p>\n\n\n\n<p style=\"text-align:center\">Tout cela re\u00e7u en cadeau, offert gracieusement&#8230;<\/p>\n\n\n\n<p style=\"text-align:center\"><strong> A vivre dans la louange, le partage,  <\/strong><br><\/p>\n\n\n\n<p style=\"text-align:center\"><strong>la communion avec toute la cr\u00e9ation !<\/strong><\/p>\n\n\n\n<p style=\"text-align:center\" class=\"has-text-color has-very-light-gray-color\">&#8212;&#8211;<\/p>\n\n\n\n<p style=\"text-align:center\" class=\"has-text-color has-vivid-red-color\"><strong>Esprit, toi qui guides tous les hommes,<br><\/strong><br><strong>Unis-les dans ton peuple de la terre<\/strong><\/p>\n\n\n\n<p style=\"text-align:center\" class=\"has-text-color has-vivid-red-color\"><strong>et conduis-nous par la route qui m\u00e8ne au Royaume.<\/strong><\/p>\n\n\n\n<figure class=\"wp-block-image\"><img loading=\"lazy\" decoding=\"async\" width=\"1024\" height=\"768\" src=\"http:\/\/soeurs-de-stgildas-nantes.cef.fr\/wp-content\/uploads\/2019\/07\/IMG_4658-1024x768.jpg\" alt=\"\" class=\"wp-image-12840\" srcset=\"https:\/\/soeurs-de-stgildas-nantes.cef.fr\/wp-content\/uploads\/2019\/07\/IMG_4658-1024x768.jpg 1024w, https:\/\/soeurs-de-stgildas-nantes.cef.fr\/wp-content\/uploads\/2019\/07\/IMG_4658-300x225.jpg 300w, https:\/\/soeurs-de-stgildas-nantes.cef.fr\/wp-content\/uploads\/2019\/07\/IMG_4658-768x576.jpg 768w\" sizes=\"auto, (max-width: 1024px) 100vw, 1024px\" \/><\/figure>\n","protected":false},"excerpt":{"rendered":"<p>Soleil &#8230; Chaleur &#8230; VACANCES !&#8230;. Changements d&rsquo;occupations, de lieu, de rythme de vie &#8230; Autres relations : choisies, inattendues ! &#8230; Temps de repos, de silence, de pri\u00e8re, de lectures, de contemplation &#8230; Appr\u00e9cier la couleur et le parfum des fleurs, Sentir la douce caresse d&rsquo;une brise l\u00e9g\u00e8re, D\u00e9guster des fruits gorg\u00e9s de soleil [&hellip;]<\/p>\n","protected":false},"author":6,"featured_media":0,"parent":0,"menu_order":0,"comment_status":"closed","ping_status":"closed","template":"","meta":{"ngg_post_thumbnail":0,"footnotes":""},"class_list":["post-12822","page","type-page","status-publish","hentry"],"_links":{"self":[{"href":"https:\/\/soeurs-de-stgildas-nantes.cef.fr\/index.php?rest_route=\/wp\/v2\/pages\/12822","targetHints":{"allow":["GET"]}}],"collection":[{"href":"https:\/\/soeurs-de-stgildas-nantes.cef.fr\/index.php?rest_route=\/wp\/v2\/pages"}],"about":[{"href":"https:\/\/soeurs-de-stgildas-nantes.cef.fr\/index.php?rest_route=\/wp\/v2\/types\/page"}],"author":[{"embeddable":true,"href":"https:\/\/soeurs-de-stgildas-nantes.cef.fr\/index.php?rest_route=\/wp\/v2\/users\/6"}],"replies":[{"embeddable":true,"href":"https:\/\/soeurs-de-stgildas-nantes.cef.fr\/index.php?rest_route=%2Fwp%2Fv2%2Fcomments&post=12822"}],"version-history":[{"count":11,"href":"https:\/\/soeurs-de-stgildas-nantes.cef.fr\/index.php?rest_route=\/wp\/v2\/pages\/12822\/revisions"}],"predecessor-version":[{"id":12841,"href":"https:\/\/soeurs-de-stgildas-nantes.cef.fr\/index.php?rest_route=\/wp\/v2\/pages\/12822\/revisions\/12841"}],"wp:attachment":[{"href":"https:\/\/soeurs-de-stgildas-nantes.cef.fr\/index.php?rest_route=%2Fwp%2Fv2%2Fmedia&parent=12822"}],"curies":[{"name":"wp","href":"https:\/\/api.w.org\/{rel}","templated":true}]}}