{"id":12738,"date":"2019-05-25T19:10:48","date_gmt":"2019-05-25T19:10:48","guid":{"rendered":"http:\/\/soeurs-de-stgildas-nantes.cef.fr\/?page_id=12738"},"modified":"2019-05-26T11:48:16","modified_gmt":"2019-05-26T11:48:16","slug":"19-mai-2019-les-jubiles","status":"publish","type":"page","link":"https:\/\/soeurs-de-stgildas-nantes.cef.fr\/?page_id=12738","title":{"rendered":"19 mai 2019 : les jubil\u00e9s"},"content":{"rendered":"\n<p style=\"text-align:center\" class=\"has-text-color has-vivid-cyan-blue-color\"><strong>Que tes oeuvres, Seigneur, te rendent gr\u00e2ce !<\/strong><\/p>\n\n\n\n<p style=\"text-align:center\" class=\"has-text-color has-vivid-cyan-blue-color\"><strong>La bont\u00e9 du Seigneur est pour tous,<\/strong><\/p>\n\n\n\n<p style=\"text-align:center\" class=\"has-text-color has-vivid-cyan-blue-color\"><strong>sa tendresse pour toutes ses oeuvres .<\/strong><\/p>\n\n\n\n<div class=\"wp-block-columns has-2-columns is-layout-flex wp-container-core-columns-is-layout-9d6595d7 wp-block-columns-is-layout-flex\">\n<div class=\"wp-block-column is-layout-flow wp-block-column-is-layout-flow\">\n<figure class=\"wp-block-image is-resized\"><img loading=\"lazy\" decoding=\"async\" src=\"http:\/\/soeurs-de-stgildas-nantes.cef.fr\/wp-content\/uploads\/2019\/05\/IMG_0013-1024x575.jpg\" alt=\"L\u2019attribut alt de cette image est vide, son nom de fichier est IMG_0013-1024x575.jpg.\" width=\"295\" height=\"165\"\/><\/figure>\n<\/div>\n\n\n\n<div class=\"wp-block-column is-layout-flow wp-block-column-is-layout-flow\">\n<div class=\"wp-block-image\"><figure class=\"alignleft is-resized\"><img loading=\"lazy\" decoding=\"async\" src=\"http:\/\/soeurs-de-stgildas-nantes.cef.fr\/wp-content\/uploads\/2019\/05\/IMG_0011-1024x575.jpg\" alt=\"L\u2019attribut alt de cette image est vide, son nom de fichier est IMG_0011-1024x575.jpg.\" width=\"288\" height=\"161\"\/><\/figure><\/div>\n\n\n\n<p><\/p>\n<\/div>\n<\/div>\n\n\n\n<div class=\"wp-block-columns has-2-columns is-layout-flex wp-container-core-columns-is-layout-9d6595d7 wp-block-columns-is-layout-flex\">\n<div class=\"wp-block-column is-layout-flow wp-block-column-is-layout-flow\">\n<p><\/p>\n<\/div>\n\n\n\n<div class=\"wp-block-column is-layout-flow wp-block-column-is-layout-flow\">\n<p><\/p>\n<\/div>\n<\/div>\n\n\n\n<div class=\"wp-block-image\"><figure class=\"aligncenter is-resized\"><img loading=\"lazy\" decoding=\"async\" src=\"http:\/\/soeurs-de-stgildas-nantes.cef.fr\/wp-content\/uploads\/2019\/05\/IMG_0018-1024x575.jpg\" alt=\"\" class=\"wp-image-12744\" width=\"455\" height=\"255\" srcset=\"https:\/\/soeurs-de-stgildas-nantes.cef.fr\/wp-content\/uploads\/2019\/05\/IMG_0018-1024x575.jpg 1024w, https:\/\/soeurs-de-stgildas-nantes.cef.fr\/wp-content\/uploads\/2019\/05\/IMG_0018-300x169.jpg 300w, https:\/\/soeurs-de-stgildas-nantes.cef.fr\/wp-content\/uploads\/2019\/05\/IMG_0018-768x431.jpg 768w\" sizes=\"auto, (max-width: 455px) 100vw, 455px\" \/><\/figure><\/div>\n\n\n\n<p style=\"text-align:center\" class=\"has-text-color has-vivid-red-color\"><strong>Je vous ai choisies, je vous ai \u00e9tablies<\/strong><\/p>\n\n\n\n<p style=\"text-align:center\" class=\"has-text-color has-vivid-red-color\"><strong>Pour que vous alliez et viviez de ma Vie.<\/strong><\/p>\n\n\n\n<p style=\"text-align:center\" class=\"has-text-color has-vivid-red-color\"><strong>Demeurez en moi, vous porterez du fruit !<\/strong><\/p>\n\n\n\n<p><\/p>\n\n\n\n<p>Repas de f\u00eate et belle animation : de bons souvenirs !<\/p>\n\n\n\n<div class=\"wp-block-columns has-2-columns is-layout-flex wp-container-core-columns-is-layout-9d6595d7 wp-block-columns-is-layout-flex\">\n<div class=\"wp-block-column is-layout-flow wp-block-column-is-layout-flow\">\n<figure class=\"wp-block-image\"><img loading=\"lazy\" decoding=\"async\" width=\"1024\" height=\"575\" src=\"http:\/\/soeurs-de-stgildas-nantes.cef.fr\/wp-content\/uploads\/2019\/05\/IMG_0042-1024x575.jpg\" alt=\"\" class=\"wp-image-12785\" srcset=\"https:\/\/soeurs-de-stgildas-nantes.cef.fr\/wp-content\/uploads\/2019\/05\/IMG_0042-1024x575.jpg 1024w, https:\/\/soeurs-de-stgildas-nantes.cef.fr\/wp-content\/uploads\/2019\/05\/IMG_0042-300x169.jpg 300w, https:\/\/soeurs-de-stgildas-nantes.cef.fr\/wp-content\/uploads\/2019\/05\/IMG_0042-768x431.jpg 768w\" sizes=\"auto, (max-width: 1024px) 100vw, 1024px\" \/><\/figure>\n\n\n\n<div class=\"wp-block-columns has-2-columns is-layout-flex wp-container-core-columns-is-layout-9d6595d7 wp-block-columns-is-layout-flex\"><\/div>\n\n\n\n<figure class=\"wp-block-image\"><img loading=\"lazy\" decoding=\"async\" width=\"1024\" height=\"575\" src=\"http:\/\/soeurs-de-stgildas-nantes.cef.fr\/wp-content\/uploads\/2019\/05\/IMG_0045-1024x575.jpg\" alt=\"\" class=\"wp-image-12787\" srcset=\"https:\/\/soeurs-de-stgildas-nantes.cef.fr\/wp-content\/uploads\/2019\/05\/IMG_0045-1024x575.jpg 1024w, https:\/\/soeurs-de-stgildas-nantes.cef.fr\/wp-content\/uploads\/2019\/05\/IMG_0045-300x169.jpg 300w, https:\/\/soeurs-de-stgildas-nantes.cef.fr\/wp-content\/uploads\/2019\/05\/IMG_0045-768x431.jpg 768w\" sizes=\"auto, (max-width: 1024px) 100vw, 1024px\" \/><\/figure>\n<\/div>\n\n\n\n<div class=\"wp-block-column is-layout-flow wp-block-column-is-layout-flow\">\n<figure class=\"wp-block-image\"><img loading=\"lazy\" decoding=\"async\" width=\"1024\" height=\"575\" src=\"http:\/\/soeurs-de-stgildas-nantes.cef.fr\/wp-content\/uploads\/2019\/05\/IMG_0043-1024x575.jpg\" alt=\"\" class=\"wp-image-12786\" srcset=\"https:\/\/soeurs-de-stgildas-nantes.cef.fr\/wp-content\/uploads\/2019\/05\/IMG_0043-1024x575.jpg 1024w, https:\/\/soeurs-de-stgildas-nantes.cef.fr\/wp-content\/uploads\/2019\/05\/IMG_0043-300x169.jpg 300w, https:\/\/soeurs-de-stgildas-nantes.cef.fr\/wp-content\/uploads\/2019\/05\/IMG_0043-768x431.jpg 768w\" sizes=\"auto, (max-width: 1024px) 100vw, 1024px\" \/><\/figure>\n\n\n\n<div class=\"wp-block-columns has-2-columns is-layout-flex wp-container-core-columns-is-layout-9d6595d7 wp-block-columns-is-layout-flex\"><\/div>\n\n\n\n<figure class=\"wp-block-image\"><img loading=\"lazy\" decoding=\"async\" width=\"1024\" height=\"575\" src=\"http:\/\/soeurs-de-stgildas-nantes.cef.fr\/wp-content\/uploads\/2019\/05\/IMG_0046-1024x575.jpg\" alt=\"\" class=\"wp-image-12788\" srcset=\"https:\/\/soeurs-de-stgildas-nantes.cef.fr\/wp-content\/uploads\/2019\/05\/IMG_0046-1024x575.jpg 1024w, https:\/\/soeurs-de-stgildas-nantes.cef.fr\/wp-content\/uploads\/2019\/05\/IMG_0046-300x169.jpg 300w, https:\/\/soeurs-de-stgildas-nantes.cef.fr\/wp-content\/uploads\/2019\/05\/IMG_0046-768x431.jpg 768w\" sizes=\"auto, (max-width: 1024px) 100vw, 1024px\" \/><\/figure>\n<\/div>\n<\/div>\n\n\n\n<div class=\"wp-block-columns has-2-columns is-layout-flex wp-container-core-columns-is-layout-9d6595d7 wp-block-columns-is-layout-flex\">\n<div class=\"wp-block-column is-layout-flow wp-block-column-is-layout-flow\"><\/div>\n\n\n\n<div class=\"wp-block-column is-layout-flow wp-block-column-is-layout-flow\">\n<p><\/p>\n<\/div>\n<\/div>\n\n\n\n<p style=\"text-align:center\" class=\"has-text-color has-vivid-cyan-blue-color\"><strong>Ce fut une belle journ\u00e9e fraternelle !<\/strong><br><\/p>\n\n\n\n<p><\/p>\n","protected":false},"excerpt":{"rendered":"<p>Que tes oeuvres, Seigneur, te rendent gr\u00e2ce ! La bont\u00e9 du Seigneur est pour tous, sa tendresse pour toutes ses oeuvres . Je vous ai choisies, je vous ai \u00e9tablies Pour que vous alliez et viviez de ma Vie. Demeurez en moi, vous porterez du fruit ! Repas de f\u00eate et belle animation : de [&hellip;]<\/p>\n","protected":false},"author":6,"featured_media":0,"parent":0,"menu_order":0,"comment_status":"closed","ping_status":"closed","template":"","meta":{"ngg_post_thumbnail":0,"footnotes":""},"class_list":["post-12738","page","type-page","status-publish","hentry"],"_links":{"self":[{"href":"https:\/\/soeurs-de-stgildas-nantes.cef.fr\/index.php?rest_route=\/wp\/v2\/pages\/12738","targetHints":{"allow":["GET"]}}],"collection":[{"href":"https:\/\/soeurs-de-stgildas-nantes.cef.fr\/index.php?rest_route=\/wp\/v2\/pages"}],"about":[{"href":"https:\/\/soeurs-de-stgildas-nantes.cef.fr\/index.php?rest_route=\/wp\/v2\/types\/page"}],"author":[{"embeddable":true,"href":"https:\/\/soeurs-de-stgildas-nantes.cef.fr\/index.php?rest_route=\/wp\/v2\/users\/6"}],"replies":[{"embeddable":true,"href":"https:\/\/soeurs-de-stgildas-nantes.cef.fr\/index.php?rest_route=%2Fwp%2Fv2%2Fcomments&post=12738"}],"version-history":[{"count":12,"href":"https:\/\/soeurs-de-stgildas-nantes.cef.fr\/index.php?rest_route=\/wp\/v2\/pages\/12738\/revisions"}],"predecessor-version":[{"id":12791,"href":"https:\/\/soeurs-de-stgildas-nantes.cef.fr\/index.php?rest_route=\/wp\/v2\/pages\/12738\/revisions\/12791"}],"wp:attachment":[{"href":"https:\/\/soeurs-de-stgildas-nantes.cef.fr\/index.php?rest_route=%2Fwp%2Fv2%2Fmedia&parent=12738"}],"curies":[{"name":"wp","href":"https:\/\/api.w.org\/{rel}","templated":true}]}}