{"id":12677,"date":"2019-05-25T13:19:14","date_gmt":"2019-05-25T13:19:14","guid":{"rendered":"http:\/\/soeurs-de-stgildas-nantes.cef.fr\/?page_id=12677"},"modified":"2019-05-26T06:40:51","modified_gmt":"2019-05-26T06:40:51","slug":"convivialite-gildasienne","status":"publish","type":"page","link":"https:\/\/soeurs-de-stgildas-nantes.cef.fr\/?page_id=12677","title":{"rendered":"Convivialit\u00e9 gildasienne"},"content":{"rendered":"\n<p style=\"text-align:center\" class=\"has-text-color has-vivid-cyan-blue-color\"><em><strong>Le 4 mai, belle journ\u00e9e de convivialit<\/strong>\u00e9 <\/em><\/p>\n\n\n\n<p style=\"text-align:center\" class=\"has-text-color has-vivid-cyan-blue-color\"><em><strong>pour la famille Gildasienne de la R\u00e9gion C. <\/strong><\/em><\/p>\n\n\n\n<p style=\"text-align:center\" class=\"has-text-color has-vivid-cyan-blue-color\"><br><em><strong>Le matin, les La\u00efcs engag\u00e9s se sont pr\u00e9sent\u00e9s <\/strong><\/em><\/p>\n\n\n\n<p style=\"text-align:center\" class=\"has-text-color has-vivid-cyan-blue-color\"><em><strong>aux s\u0153urs des diff\u00e9rentes communaut\u00e9s.<\/strong><\/em><\/p>\n\n\n\n<div class=\"wp-block-columns has-2-columns is-layout-flex wp-container-core-columns-is-layout-9d6595d7 wp-block-columns-is-layout-flex\">\n<div class=\"wp-block-column is-layout-flow wp-block-column-is-layout-flow\">\n<figure class=\"wp-block-image\"><img loading=\"lazy\" decoding=\"async\" width=\"1024\" height=\"683\" src=\"http:\/\/soeurs-de-stgildas-nantes.cef.fr\/wp-content\/uploads\/2019\/05\/IMG_5809-2-3-1024x683.jpg\" alt=\"\" class=\"wp-image-12665\" srcset=\"https:\/\/soeurs-de-stgildas-nantes.cef.fr\/wp-content\/uploads\/2019\/05\/IMG_5809-2-3-1024x683.jpg 1024w, https:\/\/soeurs-de-stgildas-nantes.cef.fr\/wp-content\/uploads\/2019\/05\/IMG_5809-2-3-300x200.jpg 300w, https:\/\/soeurs-de-stgildas-nantes.cef.fr\/wp-content\/uploads\/2019\/05\/IMG_5809-2-3-768x512.jpg 768w\" sizes=\"auto, (max-width: 1024px) 100vw, 1024px\" \/><\/figure>\n\n\n\n<p> \u00ab Je connaissais deux personnes ,<\/p>\n\n\n\n<p>mais je n\u2019imaginais pas cette r\u00e9alit\u00e9. \u00bb\u00a0 <\/p>\n<\/div>\n\n\n\n<div class=\"wp-block-column is-layout-flow wp-block-column-is-layout-flow\">\n<p style=\"text-align:center\"> \u00ab&nbsp;quelle diversit\u00e9&nbsp;!&nbsp;\u00bb <\/p>\n\n\n\n<p style=\"text-align:center\"><br>\u00ab&nbsp;On retrouve bien notre charisme.&nbsp;\u00bb  <\/p>\n\n\n\n<p style=\"text-align:center\">\u00ab&nbsp; C\u2019est plein de vie et d\u2019esp\u00e9rance.&nbsp;\u00bb<\/p>\n\n\n\n<p><\/p>\n\n\n\n<figure class=\"wp-block-image\"><img loading=\"lazy\" decoding=\"async\" width=\"1024\" height=\"683\" src=\"http:\/\/soeurs-de-stgildas-nantes.cef.fr\/wp-content\/uploads\/2019\/05\/IMG_5846-1024x683.jpg\" alt=\"\" class=\"wp-image-12680\" srcset=\"https:\/\/soeurs-de-stgildas-nantes.cef.fr\/wp-content\/uploads\/2019\/05\/IMG_5846-1024x683.jpg 1024w, https:\/\/soeurs-de-stgildas-nantes.cef.fr\/wp-content\/uploads\/2019\/05\/IMG_5846-300x200.jpg 300w, https:\/\/soeurs-de-stgildas-nantes.cef.fr\/wp-content\/uploads\/2019\/05\/IMG_5846-768x512.jpg 768w\" sizes=\"auto, (max-width: 1024px) 100vw, 1024px\" \/><\/figure>\n\n\n\n<p><\/p>\n<\/div>\n<\/div>\n\n\n\n<p>A 14h, nous nous recentrons sur l\u2019orientation de l\u2019axe d\u2019ann\u00e9e : <\/p>\n\n\n\n<p style=\"text-align:center\" class=\"has-text-color has-luminous-vivid-orange-color\"><strong><em>\u00ab \u00catre page d\u2019Evangile dans le respect de la cr\u00e9ation \u00bb<\/em><\/strong><\/p>\n\n\n\n<p>R\u00e9flexions<strong><em>,  <\/em><\/strong>silence, \u00e9changes, et conclusion :<\/p>\n\n\n\n<p style=\"text-align:center\" class=\"has-text-color has-luminous-vivid-orange-color\"><strong> \u00ab soyons chacune colibri et faisons notre part \u00bb.<\/strong><\/p>\n\n\n\n<p class=\"has-text-color has-vivid-red-color\">Ensuite, nous passons aux festivit\u00e9s : des anniversaire  80 ans, 90 ans cette ann\u00e9e. <\/p>\n\n\n\n<div class=\"wp-block-columns has-2-columns is-layout-flex wp-container-core-columns-is-layout-9d6595d7 wp-block-columns-is-layout-flex\">\n<div class=\"wp-block-column is-layout-flow wp-block-column-is-layout-flow\">\n<p><\/p>\n\n\n\n<figure class=\"wp-block-image\"><img loading=\"lazy\" decoding=\"async\" width=\"1024\" height=\"683\" src=\"http:\/\/soeurs-de-stgildas-nantes.cef.fr\/wp-content\/uploads\/2019\/05\/IMG_5837-1024x683.jpg\" alt=\"\" class=\"wp-image-12697\" srcset=\"https:\/\/soeurs-de-stgildas-nantes.cef.fr\/wp-content\/uploads\/2019\/05\/IMG_5837-1024x683.jpg 1024w, https:\/\/soeurs-de-stgildas-nantes.cef.fr\/wp-content\/uploads\/2019\/05\/IMG_5837-300x200.jpg 300w, https:\/\/soeurs-de-stgildas-nantes.cef.fr\/wp-content\/uploads\/2019\/05\/IMG_5837-768x512.jpg 768w\" sizes=\"auto, (max-width: 1024px) 100vw, 1024px\" \/><\/figure>\n\n\n\n<div class=\"wp-block-image\"><figure class=\"aligncenter is-resized\"><img loading=\"lazy\" decoding=\"async\" src=\"http:\/\/soeurs-de-stgildas-nantes.cef.fr\/wp-content\/uploads\/2019\/05\/IMG_5825-1024x683.jpg\" alt=\"\" class=\"wp-image-12687\" width=\"270\" height=\"180\" srcset=\"https:\/\/soeurs-de-stgildas-nantes.cef.fr\/wp-content\/uploads\/2019\/05\/IMG_5825-1024x683.jpg 1024w, https:\/\/soeurs-de-stgildas-nantes.cef.fr\/wp-content\/uploads\/2019\/05\/IMG_5825-300x200.jpg 300w, https:\/\/soeurs-de-stgildas-nantes.cef.fr\/wp-content\/uploads\/2019\/05\/IMG_5825-768x512.jpg 768w\" sizes=\"auto, (max-width: 270px) 100vw, 270px\" \/><\/figure><\/div>\n\n\n\n<p><\/p>\n<\/div>\n\n\n\n<div class=\"wp-block-column is-layout-flow wp-block-column-is-layout-flow\">\n<figure class=\"wp-block-image is-resized\"><img loading=\"lazy\" decoding=\"async\" src=\"http:\/\/soeurs-de-stgildas-nantes.cef.fr\/wp-content\/uploads\/2019\/05\/IMG_5824-1024x683.jpg\" alt=\"\" class=\"wp-image-12688\" width=\"263\" height=\"175\" srcset=\"https:\/\/soeurs-de-stgildas-nantes.cef.fr\/wp-content\/uploads\/2019\/05\/IMG_5824-1024x683.jpg 1024w, https:\/\/soeurs-de-stgildas-nantes.cef.fr\/wp-content\/uploads\/2019\/05\/IMG_5824-300x200.jpg 300w, https:\/\/soeurs-de-stgildas-nantes.cef.fr\/wp-content\/uploads\/2019\/05\/IMG_5824-768x512.jpg 768w\" sizes=\"auto, (max-width: 263px) 100vw, 263px\" \/><\/figure>\n\n\n\n<figure class=\"wp-block-image is-resized\"><img loading=\"lazy\" decoding=\"async\" src=\"http:\/\/soeurs-de-stgildas-nantes.cef.fr\/wp-content\/uploads\/2019\/05\/Sans-titre.png\" alt=\"\" class=\"wp-image-12699\" width=\"177\" height=\"307\" srcset=\"https:\/\/soeurs-de-stgildas-nantes.cef.fr\/wp-content\/uploads\/2019\/05\/Sans-titre.png 543w, https:\/\/soeurs-de-stgildas-nantes.cef.fr\/wp-content\/uploads\/2019\/05\/Sans-titre-173x300.png 173w\" sizes=\"auto, (max-width: 177px) 100vw, 177px\" \/><\/figure>\n<\/div>\n<\/div>\n\n\n\n<p><\/p>\n\n\n\n<p style=\"text-align:center\" class=\"has-text-color has-vivid-red-color\">Et  les jubil\u00e9s de plusieurs s\u0153urs,<br>mises en lumi\u00e8re en toute simplicit\u00e9 pour notre plus grande joie. <\/p>\n\n\n\n<div class=\"wp-block-image\"><figure class=\"aligncenter is-resized\"><img loading=\"lazy\" decoding=\"async\" src=\"http:\/\/soeurs-de-stgildas-nantes.cef.fr\/wp-content\/uploads\/2019\/05\/IMG_5843-1024x683.jpg\" alt=\"\" class=\"wp-image-12690\" width=\"434\" height=\"289\" srcset=\"https:\/\/soeurs-de-stgildas-nantes.cef.fr\/wp-content\/uploads\/2019\/05\/IMG_5843-1024x683.jpg 1024w, https:\/\/soeurs-de-stgildas-nantes.cef.fr\/wp-content\/uploads\/2019\/05\/IMG_5843-300x200.jpg 300w, https:\/\/soeurs-de-stgildas-nantes.cef.fr\/wp-content\/uploads\/2019\/05\/IMG_5843-768x512.jpg 768w\" sizes=\"auto, (max-width: 434px) 100vw, 434px\" \/><\/figure><\/div>\n\n\n\n<div class=\"wp-block-image\"><figure class=\"aligncenter is-resized\"><img loading=\"lazy\" decoding=\"async\" src=\"http:\/\/soeurs-de-stgildas-nantes.cef.fr\/wp-content\/uploads\/2019\/05\/IMG_5819-1024x683.jpg\" alt=\"\" class=\"wp-image-12692\" width=\"441\" height=\"293\" srcset=\"https:\/\/soeurs-de-stgildas-nantes.cef.fr\/wp-content\/uploads\/2019\/05\/IMG_5819-1024x683.jpg 1024w, https:\/\/soeurs-de-stgildas-nantes.cef.fr\/wp-content\/uploads\/2019\/05\/IMG_5819-300x200.jpg 300w, https:\/\/soeurs-de-stgildas-nantes.cef.fr\/wp-content\/uploads\/2019\/05\/IMG_5819-768x512.jpg 768w\" sizes=\"auto, (max-width: 441px) 100vw, 441px\" \/><\/figure><\/div>\n\n\n\n<p style=\"text-align:center\" class=\"has-text-color has-vivid-cyan-blue-color\"><strong> Rencontre \u00e0 renouveler . Merci au Conseil de R\u00e9gion C.<\/strong><\/p>\n","protected":false},"excerpt":{"rendered":"<p>Le 4 mai, belle journ\u00e9e de convivialit\u00e9 pour la famille Gildasienne de la R\u00e9gion C. Le matin, les La\u00efcs engag\u00e9s se sont pr\u00e9sent\u00e9s aux s\u0153urs des diff\u00e9rentes communaut\u00e9s. \u00ab Je connaissais deux personnes , mais je n\u2019imaginais pas cette r\u00e9alit\u00e9. \u00bb\u00a0 \u00ab&nbsp;quelle diversit\u00e9&nbsp;!&nbsp;\u00bb \u00ab&nbsp;On retrouve bien notre charisme.&nbsp;\u00bb \u00ab&nbsp; C\u2019est plein de vie et d\u2019esp\u00e9rance.&nbsp;\u00bb [&hellip;]<\/p>\n","protected":false},"author":6,"featured_media":0,"parent":0,"menu_order":0,"comment_status":"closed","ping_status":"closed","template":"","meta":{"ngg_post_thumbnail":0,"footnotes":""},"class_list":["post-12677","page","type-page","status-publish","hentry"],"_links":{"self":[{"href":"https:\/\/soeurs-de-stgildas-nantes.cef.fr\/index.php?rest_route=\/wp\/v2\/pages\/12677","targetHints":{"allow":["GET"]}}],"collection":[{"href":"https:\/\/soeurs-de-stgildas-nantes.cef.fr\/index.php?rest_route=\/wp\/v2\/pages"}],"about":[{"href":"https:\/\/soeurs-de-stgildas-nantes.cef.fr\/index.php?rest_route=\/wp\/v2\/types\/page"}],"author":[{"embeddable":true,"href":"https:\/\/soeurs-de-stgildas-nantes.cef.fr\/index.php?rest_route=\/wp\/v2\/users\/6"}],"replies":[{"embeddable":true,"href":"https:\/\/soeurs-de-stgildas-nantes.cef.fr\/index.php?rest_route=%2Fwp%2Fv2%2Fcomments&post=12677"}],"version-history":[{"count":20,"href":"https:\/\/soeurs-de-stgildas-nantes.cef.fr\/index.php?rest_route=\/wp\/v2\/pages\/12677\/revisions"}],"predecessor-version":[{"id":12781,"href":"https:\/\/soeurs-de-stgildas-nantes.cef.fr\/index.php?rest_route=\/wp\/v2\/pages\/12677\/revisions\/12781"}],"wp:attachment":[{"href":"https:\/\/soeurs-de-stgildas-nantes.cef.fr\/index.php?rest_route=%2Fwp%2Fv2%2Fmedia&parent=12677"}],"curies":[{"name":"wp","href":"https:\/\/api.w.org\/{rel}","templated":true}]}}