{"id":12145,"date":"2019-01-02T14:16:54","date_gmt":"2019-01-02T14:16:54","guid":{"rendered":"http:\/\/soeurs-de-stgildas-nantes.cef.fr\/?page_id=12145"},"modified":"2019-01-03T10:07:35","modified_gmt":"2019-01-03T10:07:35","slug":"decoration-du-secteur-de-labbaye","status":"publish","type":"page","link":"https:\/\/soeurs-de-stgildas-nantes.cef.fr\/?page_id=12145","title":{"rendered":"D\u00e9coration du secteur de l&rsquo;Abbaye"},"content":{"rendered":"<p style=\"text-align: center;\"><em><strong><span style=\"color: #ff0000;\">Depuis au moins un an, 7 soeurs s&rsquo;activent <\/span><\/strong><\/em><\/p>\n<p style=\"text-align: center;\"><em><strong><span style=\"color: #ff0000;\">pour <\/span><\/strong><\/em><em><strong><span style=\"color: #ff0000;\">\u00e9gayer les couloirs <\/span><\/strong><\/em><\/p>\n<p style=\"text-align: center;\"><em><strong><span style=\"color: #ff0000;\">du secteur de l&rsquo;Abbaye<\/span><\/strong><\/em><\/p>\n<table style=\"height: 60px;\" width=\"560\">\n<tbody>\n<tr>\n<td style=\"width: 272px;\">\u00a0Temps, efforts, d\u00e9placements,<\/p>\n<p>fatigue, talents, comp\u00e9tences,<\/p>\n<p>go\u00fbt du beau, esprit fraternel<\/p>\n<p>voil\u00e0 ce qui a permis<\/p>\n<p>cette belle r\u00e9alisation !<\/td>\n<td style=\"width: 272px;\"><a href=\"http:\/\/soeurs-de-stgildas-nantes.cef.fr\/wp-content\/uploads\/2019\/01\/IMG_0134.jpg\"><img loading=\"lazy\" decoding=\"async\" class=\"alignnone size-medium wp-image-12147\" src=\"http:\/\/soeurs-de-stgildas-nantes.cef.fr\/wp-content\/uploads\/2019\/01\/IMG_0134-300x169.jpg\" alt=\"\" width=\"300\" height=\"169\" srcset=\"https:\/\/soeurs-de-stgildas-nantes.cef.fr\/wp-content\/uploads\/2019\/01\/IMG_0134-300x169.jpg 300w, https:\/\/soeurs-de-stgildas-nantes.cef.fr\/wp-content\/uploads\/2019\/01\/IMG_0134-768x431.jpg 768w, https:\/\/soeurs-de-stgildas-nantes.cef.fr\/wp-content\/uploads\/2019\/01\/IMG_0134-1024x575.jpg 1024w\" sizes=\"auto, (max-width: 300px) 100vw, 300px\" \/><\/a><\/td>\n<\/tr>\n<\/tbody>\n<\/table>\n<div style=\"text-align: center;\">\n<div style=\"margin: 8px 0px 4px;\"><a href=\"https:\/\/www.calameo.com\/books\/002529238a151ce09fc3c\" target=\"_blank\" rel=\"noopener\">D\u00e9coration Du Secteur Abbaye<\/a><\/div>\n<p><iframe loading=\"lazy\" style=\"margin: 0 auto;\" src=\"\/\/v.calameo.com\/?bkcode=002529238a151ce09fc3c&amp;mode=mini\" width=\"480\" height=\"300\" frameborder=\"0\" scrolling=\"no\" allowfullscreen=\"allowfullscreen\"><\/iframe><\/p>\n<div style=\"margin: 4px 0px 8px;\"><\/div>\n<\/div>\n","protected":false},"excerpt":{"rendered":"<p>Depuis au moins un an, 7 soeurs s&rsquo;activent pour \u00e9gayer les couloirs du secteur de l&rsquo;Abbaye \u00a0Temps, efforts, d\u00e9placements, fatigue, talents, comp\u00e9tences, go\u00fbt du beau, esprit fraternel voil\u00e0 ce qui a permis cette belle r\u00e9alisation ! D\u00e9coration Du Secteur Abbaye<\/p>\n","protected":false},"author":6,"featured_media":0,"parent":0,"menu_order":0,"comment_status":"closed","ping_status":"closed","template":"","meta":{"ngg_post_thumbnail":0,"footnotes":""},"class_list":["post-12145","page","type-page","status-publish","hentry"],"_links":{"self":[{"href":"https:\/\/soeurs-de-stgildas-nantes.cef.fr\/index.php?rest_route=\/wp\/v2\/pages\/12145","targetHints":{"allow":["GET"]}}],"collection":[{"href":"https:\/\/soeurs-de-stgildas-nantes.cef.fr\/index.php?rest_route=\/wp\/v2\/pages"}],"about":[{"href":"https:\/\/soeurs-de-stgildas-nantes.cef.fr\/index.php?rest_route=\/wp\/v2\/types\/page"}],"author":[{"embeddable":true,"href":"https:\/\/soeurs-de-stgildas-nantes.cef.fr\/index.php?rest_route=\/wp\/v2\/users\/6"}],"replies":[{"embeddable":true,"href":"https:\/\/soeurs-de-stgildas-nantes.cef.fr\/index.php?rest_route=%2Fwp%2Fv2%2Fcomments&post=12145"}],"version-history":[{"count":23,"href":"https:\/\/soeurs-de-stgildas-nantes.cef.fr\/index.php?rest_route=\/wp\/v2\/pages\/12145\/revisions"}],"predecessor-version":[{"id":12170,"href":"https:\/\/soeurs-de-stgildas-nantes.cef.fr\/index.php?rest_route=\/wp\/v2\/pages\/12145\/revisions\/12170"}],"wp:attachment":[{"href":"https:\/\/soeurs-de-stgildas-nantes.cef.fr\/index.php?rest_route=%2Fwp%2Fv2%2Fmedia&parent=12145"}],"curies":[{"name":"wp","href":"https:\/\/api.w.org\/{rel}","templated":true}]}}