{"id":12087,"date":"2018-12-25T09:21:37","date_gmt":"2018-12-25T09:21:37","guid":{"rendered":"http:\/\/soeurs-de-stgildas-nantes.cef.fr\/?page_id=12087"},"modified":"2018-12-25T17:39:10","modified_gmt":"2018-12-25T17:39:10","slug":"noel-a-la-maison-mere","status":"publish","type":"page","link":"https:\/\/soeurs-de-stgildas-nantes.cef.fr\/?page_id=12087","title":{"rendered":"No\u00ebl 2018 \u00e0 la Maison-M\u00e8re"},"content":{"rendered":"<p style=\"text-align: center;\"><span style=\"color: #ff0000;\"><strong>Vienne la Paix sur notre terre<\/strong><\/span><\/p>\n<p style=\"text-align: center;\"><span style=\"color: #ff0000;\"><strong>la Paix de Dieu pour les nations !<\/strong><\/span><\/p>\n<table style=\"width: 556px;\">\n<tbody>\n<tr>\n<td style=\"width: 342.367px;\">\n<p style=\"text-align: center;\"><span style=\"color: #ff0000;\"><strong>Dieu sur notre terre<\/strong><\/span><\/p>\n<p style=\"text-align: center;\"><span style=\"color: #ff0000;\"><strong>vient tracer la voie<\/strong><\/span><\/p>\n<p style=\"text-align: center;\"><span style=\"color: #ff0000;\"><strong>o\u00f9 chemineront nos pas.<\/strong><\/span><\/p>\n<p><span style=\"color: #ffffff;\">\u00a0 &#8212;<\/span><\/p>\n<p style=\"text-align: center;\"><strong><span style=\"color: #ff0000;\">Il a trac\u00e9 pour nous la route<\/span><\/strong><\/p>\n<p style=\"text-align: center;\"><strong><span style=\"color: #ff0000;\">et nous marchons vers sa promesse.<\/span><\/strong><\/p>\n<\/td>\n<td style=\"width: 214.633px;\"><a href=\"http:\/\/soeurs-de-stgildas-nantes.cef.fr\/wp-content\/uploads\/2018\/12\/IMG_0221.jpg\"><img loading=\"lazy\" decoding=\"async\" class=\"size-medium wp-image-12088 aligncenter\" src=\"http:\/\/soeurs-de-stgildas-nantes.cef.fr\/wp-content\/uploads\/2018\/12\/IMG_0221-169x300.jpg\" alt=\"\" width=\"169\" height=\"300\" srcset=\"https:\/\/soeurs-de-stgildas-nantes.cef.fr\/wp-content\/uploads\/2018\/12\/IMG_0221-169x300.jpg 169w, https:\/\/soeurs-de-stgildas-nantes.cef.fr\/wp-content\/uploads\/2018\/12\/IMG_0221-576x1024.jpg 576w, https:\/\/soeurs-de-stgildas-nantes.cef.fr\/wp-content\/uploads\/2018\/12\/IMG_0221.jpg 583w\" sizes=\"auto, (max-width: 169px) 100vw, 169px\" \/><\/a><\/td>\n<\/tr>\n<tr>\n<td style=\"width: 342.367px;\">\u00a0<a href=\"http:\/\/soeurs-de-stgildas-nantes.cef.fr\/wp-content\/uploads\/2018\/12\/IMG_0222.jpg\"><img loading=\"lazy\" decoding=\"async\" class=\"alignnone size-medium wp-image-12093\" src=\"http:\/\/soeurs-de-stgildas-nantes.cef.fr\/wp-content\/uploads\/2018\/12\/IMG_0222-300x169.jpg\" alt=\"\" width=\"300\" height=\"169\" srcset=\"https:\/\/soeurs-de-stgildas-nantes.cef.fr\/wp-content\/uploads\/2018\/12\/IMG_0222-300x169.jpg 300w, https:\/\/soeurs-de-stgildas-nantes.cef.fr\/wp-content\/uploads\/2018\/12\/IMG_0222-768x432.jpg 768w, https:\/\/soeurs-de-stgildas-nantes.cef.fr\/wp-content\/uploads\/2018\/12\/IMG_0222-1024x576.jpg 1024w, https:\/\/soeurs-de-stgildas-nantes.cef.fr\/wp-content\/uploads\/2018\/12\/IMG_0222.jpg 1037w\" sizes=\"auto, (max-width: 300px) 100vw, 300px\" \/><\/a> <a href=\"http:\/\/soeurs-de-stgildas-nantes.cef.fr\/wp-content\/uploads\/2018\/12\/IMG_0220.jpg\"><img loading=\"lazy\" decoding=\"async\" class=\"alignnone size-medium wp-image-12094\" src=\"http:\/\/soeurs-de-stgildas-nantes.cef.fr\/wp-content\/uploads\/2018\/12\/IMG_0220-300x169.jpg\" alt=\"\" width=\"300\" height=\"169\" srcset=\"https:\/\/soeurs-de-stgildas-nantes.cef.fr\/wp-content\/uploads\/2018\/12\/IMG_0220-300x169.jpg 300w, https:\/\/soeurs-de-stgildas-nantes.cef.fr\/wp-content\/uploads\/2018\/12\/IMG_0220-768x432.jpg 768w, https:\/\/soeurs-de-stgildas-nantes.cef.fr\/wp-content\/uploads\/2018\/12\/IMG_0220-1024x576.jpg 1024w, https:\/\/soeurs-de-stgildas-nantes.cef.fr\/wp-content\/uploads\/2018\/12\/IMG_0220.jpg 1037w\" sizes=\"auto, (max-width: 300px) 100vw, 300px\" \/><\/a><\/td>\n<td style=\"width: 214.633px;\">\n<p style=\"text-align: center;\"><span style=\"color: #ff0000;\">\u00a0<strong>Aujourd&rsquo;hui <\/strong><\/span><\/p>\n<p style=\"text-align: center;\"><span style=\"color: #ff0000;\"><strong>dans notre monde<\/strong><\/span><\/p>\n<p style=\"text-align: center;\"><span style=\"color: #ff0000;\"><strong>le Verbe est n\u00e9<\/strong><\/span><\/p>\n<ul>\n<li><strong><span style=\"text-decoration: underline;\">pour parler du P\u00e8re<\/span><\/strong><\/li>\n<\/ul>\n<p style=\"text-align: center;\">aux hommes<\/p>\n<p style=\"text-align: center;\">qu&rsquo;il a tant aim\u00e9s..<\/p>\n<ul>\n<li><span style=\"text-decoration: underline;\"><strong>pour changer<\/strong> <\/span><\/li>\n<\/ul>\n<p style=\"text-align: center;\">le coeur des hommes<\/p>\n<p style=\"text-align: center;\">qui se sont endurcis<\/p>\n<ul>\n<li style=\"text-align: left;\"><span style=\"text-decoration: underline;\"><strong>pour unir en lui<\/strong><\/span><\/li>\n<\/ul>\n<p style=\"text-align: center;\">les hommes<\/p>\n<p style=\"text-align: center;\">qui l&rsquo;ont attendu !<\/p>\n<\/td>\n<\/tr>\n<\/tbody>\n<\/table>\n<p style=\"text-align: center;\"><span style=\"color: #ff0000;\"><strong>Gloire \u00e0 Dieu et Paix sur terre, All\u00e9luia !<\/strong><\/span><\/p>\n<p><span style=\"color: #ffffff;\">&#8212;<\/span><\/p>\n<p><strong><span style=\"color: #ff6600;\">Et la f\u00eate continue par un repas festif<\/span><\/strong><\/p>\n<p><a href=\"http:\/\/soeurs-de-stgildas-nantes.cef.fr\/wp-content\/uploads\/2018\/12\/IMG_0229.jpg\"><img loading=\"lazy\" decoding=\"async\" class=\"alignnone wp-image-12103 size-thumbnail\" src=\"http:\/\/soeurs-de-stgildas-nantes.cef.fr\/wp-content\/uploads\/2018\/12\/IMG_0229-150x150.jpg\" alt=\"\" width=\"150\" height=\"150\" \/><\/a> <a href=\"http:\/\/soeurs-de-stgildas-nantes.cef.fr\/wp-content\/uploads\/2018\/12\/IMG_0230.jpg\"><img loading=\"lazy\" decoding=\"async\" class=\"alignnone wp-image-12104 size-thumbnail\" src=\"http:\/\/soeurs-de-stgildas-nantes.cef.fr\/wp-content\/uploads\/2018\/12\/IMG_0230-150x150.jpg\" alt=\"\" width=\"150\" height=\"150\" \/><\/a> <a href=\"http:\/\/soeurs-de-stgildas-nantes.cef.fr\/wp-content\/uploads\/2018\/12\/IMG_0231.jpg\"><img loading=\"lazy\" decoding=\"async\" class=\"alignnone wp-image-12105 size-thumbnail\" src=\"http:\/\/soeurs-de-stgildas-nantes.cef.fr\/wp-content\/uploads\/2018\/12\/IMG_0231-150x150.jpg\" alt=\"\" width=\"150\" height=\"150\" \/><\/a> <a href=\"http:\/\/soeurs-de-stgildas-nantes.cef.fr\/wp-content\/uploads\/2018\/12\/IMG_0232.jpg\"><img loading=\"lazy\" decoding=\"async\" class=\"alignnone wp-image-12106 size-thumbnail\" src=\"http:\/\/soeurs-de-stgildas-nantes.cef.fr\/wp-content\/uploads\/2018\/12\/IMG_0232-150x150.jpg\" alt=\"\" width=\"150\" height=\"150\" \/><\/a> <a href=\"http:\/\/soeurs-de-stgildas-nantes.cef.fr\/wp-content\/uploads\/2018\/12\/IMG_0235.jpg\"><img loading=\"lazy\" decoding=\"async\" class=\"alignnone wp-image-12107 size-thumbnail\" src=\"http:\/\/soeurs-de-stgildas-nantes.cef.fr\/wp-content\/uploads\/2018\/12\/IMG_0235-150x150.jpg\" alt=\"\" width=\"150\" height=\"150\" \/><\/a> <a href=\"http:\/\/soeurs-de-stgildas-nantes.cef.fr\/wp-content\/uploads\/2018\/12\/IMG_0236.jpg\"><img loading=\"lazy\" decoding=\"async\" class=\"alignnone wp-image-12108 size-thumbnail\" src=\"http:\/\/soeurs-de-stgildas-nantes.cef.fr\/wp-content\/uploads\/2018\/12\/IMG_0236-150x150.jpg\" alt=\"\" width=\"150\" height=\"150\" \/><\/a> <a href=\"http:\/\/soeurs-de-stgildas-nantes.cef.fr\/wp-content\/uploads\/2018\/12\/IMG_0237.jpg\"><img loading=\"lazy\" decoding=\"async\" class=\"alignnone wp-image-12109 size-thumbnail\" src=\"http:\/\/soeurs-de-stgildas-nantes.cef.fr\/wp-content\/uploads\/2018\/12\/IMG_0237-150x150.jpg\" alt=\"\" width=\"150\" height=\"150\" \/><\/a> <a href=\"http:\/\/soeurs-de-stgildas-nantes.cef.fr\/wp-content\/uploads\/2018\/12\/IMG_0238.jpg\"><img loading=\"lazy\" decoding=\"async\" class=\"alignnone wp-image-12110 size-thumbnail\" src=\"http:\/\/soeurs-de-stgildas-nantes.cef.fr\/wp-content\/uploads\/2018\/12\/IMG_0238-150x150.jpg\" alt=\"\" width=\"150\" height=\"150\" \/><\/a> <a href=\"http:\/\/soeurs-de-stgildas-nantes.cef.fr\/wp-content\/uploads\/2018\/12\/IMG_0240.jpg\"><img loading=\"lazy\" decoding=\"async\" class=\"alignnone wp-image-12111 size-thumbnail\" src=\"http:\/\/soeurs-de-stgildas-nantes.cef.fr\/wp-content\/uploads\/2018\/12\/IMG_0240-150x150.jpg\" alt=\"\" width=\"150\" height=\"150\" \/><\/a> <a href=\"http:\/\/soeurs-de-stgildas-nantes.cef.fr\/wp-content\/uploads\/2018\/12\/IMG_0243.jpg\"><img loading=\"lazy\" decoding=\"async\" class=\"alignnone wp-image-12112 size-thumbnail\" src=\"http:\/\/soeurs-de-stgildas-nantes.cef.fr\/wp-content\/uploads\/2018\/12\/IMG_0243-150x150.jpg\" alt=\"\" width=\"150\" height=\"150\" \/><\/a> <a href=\"http:\/\/soeurs-de-stgildas-nantes.cef.fr\/wp-content\/uploads\/2018\/12\/IMG_0244.jpg\"><img loading=\"lazy\" decoding=\"async\" class=\"alignnone wp-image-12113 size-thumbnail\" src=\"http:\/\/soeurs-de-stgildas-nantes.cef.fr\/wp-content\/uploads\/2018\/12\/IMG_0244-150x150.jpg\" alt=\"\" width=\"150\" height=\"150\" \/><\/a> <a href=\"http:\/\/soeurs-de-stgildas-nantes.cef.fr\/wp-content\/uploads\/2018\/12\/IMG_0245.jpg\"><img loading=\"lazy\" decoding=\"async\" class=\"alignnone wp-image-12114 size-thumbnail\" src=\"http:\/\/soeurs-de-stgildas-nantes.cef.fr\/wp-content\/uploads\/2018\/12\/IMG_0245-150x150.jpg\" alt=\"\" width=\"150\" height=\"150\" \/><\/a> <a href=\"http:\/\/soeurs-de-stgildas-nantes.cef.fr\/wp-content\/uploads\/2018\/12\/IMG_0251.jpg\"><img loading=\"lazy\" decoding=\"async\" class=\"alignnone wp-image-12115 size-thumbnail\" src=\"http:\/\/soeurs-de-stgildas-nantes.cef.fr\/wp-content\/uploads\/2018\/12\/IMG_0251-150x150.jpg\" alt=\"\" width=\"150\" height=\"150\" \/><\/a> <a href=\"http:\/\/soeurs-de-stgildas-nantes.cef.fr\/wp-content\/uploads\/2018\/12\/IMG_0252.jpg\"><img loading=\"lazy\" decoding=\"async\" class=\"alignnone wp-image-12116 size-thumbnail\" src=\"http:\/\/soeurs-de-stgildas-nantes.cef.fr\/wp-content\/uploads\/2018\/12\/IMG_0252-150x150.jpg\" alt=\"\" width=\"150\" height=\"150\" \/><\/a><\/p>\n<p><a href=\"http:\/\/soeurs-de-stgildas-nantes.cef.fr\/wp-content\/uploads\/2018\/12\/IMG_0253.jpg\"><img loading=\"lazy\" decoding=\"async\" class=\"alignnone wp-image-12117 size-thumbnail\" src=\"http:\/\/soeurs-de-stgildas-nantes.cef.fr\/wp-content\/uploads\/2018\/12\/IMG_0253-150x150.jpg\" alt=\"\" width=\"150\" height=\"150\" \/><\/a><a href=\"http:\/\/soeurs-de-stgildas-nantes.cef.fr\/wp-content\/uploads\/2018\/12\/MVI_0247.avi\">\u00a0 <\/a><a href=\"http:\/\/soeurs-de-stgildas-nantes.cef.fr\/wp-content\/uploads\/2018\/12\/Sans-titre-1.png\"><img loading=\"lazy\" decoding=\"async\" class=\"alignnone size-thumbnail wp-image-12118\" src=\"http:\/\/soeurs-de-stgildas-nantes.cef.fr\/wp-content\/uploads\/2018\/12\/Sans-titre-1-150x150.png\" alt=\"\" width=\"150\" height=\"150\" \/><\/a><a href=\"http:\/\/soeurs-de-stgildas-nantes.cef.fr\/wp-content\/uploads\/2018\/12\/MVI_0247.avi\"><span style=\"color: #ffffff;\">\u00a0\u00a0\u00a0\u00a0\u00a0\u00a0\u00a0<\/span> MVI_0247vid\u00e9o\u00a0\u00a0\u00a0<\/a><\/p>\n<p><a href=\"http:\/\/soeurs-de-stgildas-nantes.cef.fr\/wp-content\/uploads\/2018\/12\/MVI_0248.avi\">MVI_0248<\/a>vid\u00e9o<\/p>\n<p>Et la soir\u00e9e s&rsquo;ach\u00e8ve par un magnifique coucher de soleil !<\/p>\n<p style=\"text-align: left;\"><a href=\"http:\/\/soeurs-de-stgildas-nantes.cef.fr\/wp-content\/uploads\/2018\/12\/IMG_0254.jpg\"><img loading=\"lazy\" decoding=\"async\" class=\"alignnone size-thumbnail wp-image-12126\" src=\"http:\/\/soeurs-de-stgildas-nantes.cef.fr\/wp-content\/uploads\/2018\/12\/IMG_0254-150x150.jpg\" alt=\"\" width=\"150\" height=\"150\" \/><\/a> <a href=\"http:\/\/soeurs-de-stgildas-nantes.cef.fr\/wp-content\/uploads\/2018\/12\/IMG_0255.jpg\"><img loading=\"lazy\" decoding=\"async\" class=\"alignnone size-thumbnail wp-image-12127\" src=\"http:\/\/soeurs-de-stgildas-nantes.cef.fr\/wp-content\/uploads\/2018\/12\/IMG_0255-150x150.jpg\" alt=\"\" width=\"150\" height=\"150\" \/><\/a><\/p>\n<p style=\"text-align: center;\"><span style=\"color: #ff0000; font-size: 14pt;\"><strong>Christ : Lumi\u00e8re dans notre nuit !<\/strong><\/span><\/p>\n","protected":false},"excerpt":{"rendered":"<p>Vienne la Paix sur notre terre la Paix de Dieu pour les nations ! Dieu sur notre terre vient tracer la voie o\u00f9 chemineront nos pas. \u00a0 &#8212; Il a trac\u00e9 pour nous la route et nous marchons vers sa promesse. \u00a0 \u00a0Aujourd&rsquo;hui dans notre monde le Verbe est n\u00e9 pour parler du P\u00e8re aux [&hellip;]<\/p>\n","protected":false},"author":6,"featured_media":0,"parent":0,"menu_order":0,"comment_status":"closed","ping_status":"closed","template":"","meta":{"ngg_post_thumbnail":0,"footnotes":""},"class_list":["post-12087","page","type-page","status-publish","hentry"],"_links":{"self":[{"href":"https:\/\/soeurs-de-stgildas-nantes.cef.fr\/index.php?rest_route=\/wp\/v2\/pages\/12087","targetHints":{"allow":["GET"]}}],"collection":[{"href":"https:\/\/soeurs-de-stgildas-nantes.cef.fr\/index.php?rest_route=\/wp\/v2\/pages"}],"about":[{"href":"https:\/\/soeurs-de-stgildas-nantes.cef.fr\/index.php?rest_route=\/wp\/v2\/types\/page"}],"author":[{"embeddable":true,"href":"https:\/\/soeurs-de-stgildas-nantes.cef.fr\/index.php?rest_route=\/wp\/v2\/users\/6"}],"replies":[{"embeddable":true,"href":"https:\/\/soeurs-de-stgildas-nantes.cef.fr\/index.php?rest_route=%2Fwp%2Fv2%2Fcomments&post=12087"}],"version-history":[{"count":12,"href":"https:\/\/soeurs-de-stgildas-nantes.cef.fr\/index.php?rest_route=\/wp\/v2\/pages\/12087\/revisions"}],"predecessor-version":[{"id":12130,"href":"https:\/\/soeurs-de-stgildas-nantes.cef.fr\/index.php?rest_route=\/wp\/v2\/pages\/12087\/revisions\/12130"}],"wp:attachment":[{"href":"https:\/\/soeurs-de-stgildas-nantes.cef.fr\/index.php?rest_route=%2Fwp%2Fv2%2Fmedia&parent=12087"}],"curies":[{"name":"wp","href":"https:\/\/api.w.org\/{rel}","templated":true}]}}