{"id":12078,"date":"2018-12-25T08:43:21","date_gmt":"2018-12-25T08:43:21","guid":{"rendered":"http:\/\/soeurs-de-stgildas-nantes.cef.fr\/?page_id=12078"},"modified":"2018-12-25T08:46:35","modified_gmt":"2018-12-25T08:46:35","slug":"avent-2018","status":"publish","type":"page","link":"https:\/\/soeurs-de-stgildas-nantes.cef.fr\/?page_id=12078","title":{"rendered":"Avent 2018"},"content":{"rendered":"<p style=\"text-align: center;\"><span style=\"color: #008000;\"><strong>La Cr\u00e9ation : chemin vers le Seigneur !<\/strong><\/span><\/p>\n<table style=\"width: 559px;\">\n<tbody>\n<tr>\n<td style=\"width: 297.017px;\"><a class=\"shutterset\" href=\"http:\/\/soeurs-de-stgildas-nantes.cef.fr\/wp-content\/uploads\/2018\/12\/IMG_6939.jpg\"><img loading=\"lazy\" decoding=\"async\" class=\"alignnone wp-image-11958 size-medium\" src=\"http:\/\/soeurs-de-stgildas-nantes.cef.fr\/wp-content\/uploads\/2018\/12\/IMG_6939-300x225.jpg\" sizes=\"auto, (max-width: 300px) 100vw, 300px\" alt=\"\" width=\"300\" height=\"225\" srcset=\"https:\/\/soeurs-de-stgildas-nantes.cef.fr\/wp-content\/uploads\/2018\/12\/IMG_6939-300x225.jpg 300w, https:\/\/soeurs-de-stgildas-nantes.cef.fr\/wp-content\/uploads\/2018\/12\/IMG_6939-768x576.jpg 768w, https:\/\/soeurs-de-stgildas-nantes.cef.fr\/wp-content\/uploads\/2018\/12\/IMG_6939.jpg 778w\" \/><\/a><\/td>\n<td style=\"width: 245.983px;\">\n<p style=\"text-align: center;\"><span style=\"color: #008000;\">Seigneur, donne-nous d\u2019aller, <\/span><\/p>\n<p style=\"text-align: center;\"><span style=\"color: #008000;\">\u00e0 Ta rencontre, <\/span><\/p>\n<p style=\"text-align: center;\"><span style=\"color: #008000;\">avec courage, <\/span><\/p>\n<p style=\"text-align: center;\"><span style=\"color: #008000;\">disponibilit\u00e9 et g\u00e9n\u00e9rosit\u00e9,<\/span><\/p>\n<p style=\"text-align: center;\"><span style=\"color: #008000;\">\u00a0 sur les chemins de la justice <\/span><\/p>\n<p style=\"text-align: center;\"><span style=\"color: #008000;\">et du respect des autres.<\/span><\/p>\n<\/td>\n<\/tr>\n<\/tbody>\n<\/table>\n<p><a title=\"2 d\u00e9cembre : 1er dimanche de l\u2019Avent.\" href=\"http:\/\/soeurs-de-stgildas-nantes.cef.fr\/?page_id=11966\">Dimanche 2 d\u00e9cembre <\/a>:<em> en chemin avec toute la cr\u00e9ation !<\/em><\/p>\n<p><a title=\"9 d\u00e9cembre : 2\u00e8me dimanche de l\u2019Avent\" href=\"http:\/\/soeurs-de-stgildas-nantes.cef.fr\/?page_id=11997\">Dimanche 9 d\u00e9cembre <\/a>:<em> en chemin pour la Paix, la Solidarit\u00e9 \u2026<\/em><\/p>\n<p><a title=\"16 d\u00e9cembre : 3\u00e8me dimanche de l\u2019Avent\" href=\"http:\/\/soeurs-de-stgildas-nantes.cef.fr\/?page_id=12022\">Dimanche 16 d\u00e9cembre<\/a> : <em>en chemin vers la Pl\u00e9nitude !<\/em><\/p>\n<p><a title=\"23 d\u00e9cembre : 4\u00e8me dimanche de l\u2019Avent\" href=\"http:\/\/soeurs-de-stgildas-nantes.cef.fr\/?page_id=12050\">Dimanche 23 d\u00e9cembre<\/a> : <em>en chemin, comme Joseph et Marie !<\/em><\/p>\n<p><a class=\"shutterset\" href=\"http:\/\/soeurs-de-stgildas-nantes.cef.fr\/wp-content\/uploads\/2018\/12\/IMG_0774.jpg\"><img loading=\"lazy\" decoding=\"async\" class=\"alignnone size-medium wp-image-12064\" src=\"http:\/\/soeurs-de-stgildas-nantes.cef.fr\/wp-content\/uploads\/2018\/12\/IMG_0774-169x300.jpg\" sizes=\"auto, (max-width: 169px) 100vw, 169px\" alt=\"\" width=\"169\" height=\"300\" srcset=\"https:\/\/soeurs-de-stgildas-nantes.cef.fr\/wp-content\/uploads\/2018\/12\/IMG_0774-169x300.jpg 169w, https:\/\/soeurs-de-stgildas-nantes.cef.fr\/wp-content\/uploads\/2018\/12\/IMG_0774.jpg 437w\" \/><\/a><\/p>\n<p><span style=\"color: #ff0000;\"><strong>Seigneur, tout mon d\u00e9sir est devant Toi !<\/strong><\/span><\/p>\n<p><span style=\"color: #ff0000;\"><strong>que vienne ton amour, selon ta promesse \u2026<\/strong><\/span><\/p>\n","protected":false},"excerpt":{"rendered":"<p>La Cr\u00e9ation : chemin vers le Seigneur ! Seigneur, donne-nous d\u2019aller, \u00e0 Ta rencontre, avec courage, disponibilit\u00e9 et g\u00e9n\u00e9rosit\u00e9, \u00a0 sur les chemins de la justice et du respect des autres. Dimanche 2 d\u00e9cembre : en chemin avec toute la cr\u00e9ation ! Dimanche 9 d\u00e9cembre : en chemin pour la Paix, la Solidarit\u00e9 \u2026 Dimanche [&hellip;]<\/p>\n","protected":false},"author":6,"featured_media":0,"parent":132,"menu_order":0,"comment_status":"closed","ping_status":"closed","template":"","meta":{"ngg_post_thumbnail":0,"footnotes":""},"class_list":["post-12078","page","type-page","status-publish","hentry"],"_links":{"self":[{"href":"https:\/\/soeurs-de-stgildas-nantes.cef.fr\/index.php?rest_route=\/wp\/v2\/pages\/12078","targetHints":{"allow":["GET"]}}],"collection":[{"href":"https:\/\/soeurs-de-stgildas-nantes.cef.fr\/index.php?rest_route=\/wp\/v2\/pages"}],"about":[{"href":"https:\/\/soeurs-de-stgildas-nantes.cef.fr\/index.php?rest_route=\/wp\/v2\/types\/page"}],"author":[{"embeddable":true,"href":"https:\/\/soeurs-de-stgildas-nantes.cef.fr\/index.php?rest_route=\/wp\/v2\/users\/6"}],"replies":[{"embeddable":true,"href":"https:\/\/soeurs-de-stgildas-nantes.cef.fr\/index.php?rest_route=%2Fwp%2Fv2%2Fcomments&post=12078"}],"version-history":[{"count":2,"href":"https:\/\/soeurs-de-stgildas-nantes.cef.fr\/index.php?rest_route=\/wp\/v2\/pages\/12078\/revisions"}],"predecessor-version":[{"id":12080,"href":"https:\/\/soeurs-de-stgildas-nantes.cef.fr\/index.php?rest_route=\/wp\/v2\/pages\/12078\/revisions\/12080"}],"up":[{"embeddable":true,"href":"https:\/\/soeurs-de-stgildas-nantes.cef.fr\/index.php?rest_route=\/wp\/v2\/pages\/132"}],"wp:attachment":[{"href":"https:\/\/soeurs-de-stgildas-nantes.cef.fr\/index.php?rest_route=%2Fwp%2Fv2%2Fmedia&parent=12078"}],"curies":[{"name":"wp","href":"https:\/\/api.w.org\/{rel}","templated":true}]}}