{"id":12050,"date":"2018-12-22T13:22:38","date_gmt":"2018-12-22T13:22:38","guid":{"rendered":"http:\/\/soeurs-de-stgildas-nantes.cef.fr\/?page_id=12050"},"modified":"2018-12-22T13:22:38","modified_gmt":"2018-12-22T13:22:38","slug":"23-decembre-4eme-dimanche-de-lavent","status":"publish","type":"page","link":"https:\/\/soeurs-de-stgildas-nantes.cef.fr\/?page_id=12050","title":{"rendered":"23 d\u00e9cembre : 4\u00e8me dimanche de l&rsquo;Avent"},"content":{"rendered":"<p style=\"text-align: center;\"><span style=\"font-size: 14pt; color: #800080;\"><strong>En chemin, comme Joseph et Marie !<\/strong><\/span><\/p>\n<p><span style=\"font-size: 10pt; color: #ffffff;\">\u00a0 <\/span><\/p>\n<table style=\"height: 71px;\" width=\"571\">\n<tbody>\n<tr>\n<td style=\"width: 277.5px;\">Joseph, quittant la ville de Nazareth,<\/p>\n<p>monta en Jud\u00e9e, \u00e0 Bethl\u00e9em&#8230;<\/p>\n<p>afin de s&rsquo;y faire inscrire<\/p>\n<p>avec Marie, qui \u00e9tait enceinte&#8230;<\/p>\n<p><span style=\"font-size: 10pt;\"><em>(Luc,2, 4 et 5)<\/em><\/span><\/td>\n<td style=\"width: 277.5px;\"><a href=\"http:\/\/soeurs-de-stgildas-nantes.cef.fr\/wp-content\/uploads\/2018\/12\/IMG_0201.jpg\"><img loading=\"lazy\" decoding=\"async\" class=\"alignnone wp-image-12051 size-medium\" src=\"http:\/\/soeurs-de-stgildas-nantes.cef.fr\/wp-content\/uploads\/2018\/12\/IMG_0201-300x169.jpg\" alt=\"\" width=\"300\" height=\"169\" srcset=\"https:\/\/soeurs-de-stgildas-nantes.cef.fr\/wp-content\/uploads\/2018\/12\/IMG_0201-300x169.jpg 300w, https:\/\/soeurs-de-stgildas-nantes.cef.fr\/wp-content\/uploads\/2018\/12\/IMG_0201-768x432.jpg 768w, https:\/\/soeurs-de-stgildas-nantes.cef.fr\/wp-content\/uploads\/2018\/12\/IMG_0201-1024x576.jpg 1024w, https:\/\/soeurs-de-stgildas-nantes.cef.fr\/wp-content\/uploads\/2018\/12\/IMG_0201.jpg 1037w\" sizes=\"auto, (max-width: 300px) 100vw, 300px\" \/><\/a><\/td>\n<\/tr>\n<tr>\n<td style=\"width: 277.5px;\">\u00a0<a href=\"http:\/\/soeurs-de-stgildas-nantes.cef.fr\/wp-content\/uploads\/2018\/12\/Joseph.png\"><img loading=\"lazy\" decoding=\"async\" class=\"alignnone wp-image-12055 size-medium\" src=\"http:\/\/soeurs-de-stgildas-nantes.cef.fr\/wp-content\/uploads\/2018\/12\/Joseph-300x220.png\" alt=\"\" width=\"300\" height=\"220\" srcset=\"https:\/\/soeurs-de-stgildas-nantes.cef.fr\/wp-content\/uploads\/2018\/12\/Joseph-300x220.png 300w, https:\/\/soeurs-de-stgildas-nantes.cef.fr\/wp-content\/uploads\/2018\/12\/Joseph.png 715w\" sizes=\"auto, (max-width: 300px) 100vw, 300px\" \/><\/a><\/td>\n<td style=\"width: 277.5px;\">\n<p style=\"text-align: center;\"><span style=\"color: #800080;\">Dans l&rsquo;Evangile, Joseph appara\u00eet <\/span><\/p>\n<p style=\"text-align: center;\"><span style=\"color: #800080;\">comme un homme juste, fort. <\/span><\/p>\n<p style=\"text-align: center;\"><span style=\"color: #800080;\">De sa figure \u00e9mane aussi <\/span><\/p>\n<p style=\"text-align: center;\"><span style=\"color: #800080;\">une grande tendresse; <\/span><\/p>\n<p style=\"text-align: center;\"><span style=\"color: #800080;\">il est attentif \u00e0 la r\u00e9alit\u00e9 pour aimer<\/span><\/p>\n<p style=\"text-align: center;\"><span style=\"color: #800080;\"> et pour servir humblement.<\/span><\/p>\n<p style=\"text-align: center;\"><span style=\"font-size: 10pt;\"><em>\u00a0\u00a0 (Extrait de L.Si, N\u00b0 241)<\/em><\/span><\/p>\n<\/td>\n<\/tr>\n<\/tbody>\n<\/table>\n<p><span style=\"font-size: 8pt; color: #ffffff;\">&#8212;\u00a0 <\/span><\/p>\n<p style=\"text-align: center;\"><span style=\"color: #ff0000;\"><strong>Le Seigneur va venir !<\/strong><\/span><\/p>\n<p style=\"text-align: center;\"><span style=\"color: #ff0000;\"><strong>Allez au-devant de Lui; chantez, b\u00e9nissez son nom.<\/strong><\/span><\/p>\n<p>&nbsp;<\/p>\n","protected":false},"excerpt":{"rendered":"<p>En chemin, comme Joseph et Marie ! \u00a0 Joseph, quittant la ville de Nazareth, monta en Jud\u00e9e, \u00e0 Bethl\u00e9em&#8230; afin de s&rsquo;y faire inscrire avec Marie, qui \u00e9tait enceinte&#8230; (Luc,2, 4 et 5) \u00a0 Dans l&rsquo;Evangile, Joseph appara\u00eet comme un homme juste, fort. De sa figure \u00e9mane aussi une grande tendresse; il est attentif \u00e0 [&hellip;]<\/p>\n","protected":false},"author":6,"featured_media":0,"parent":0,"menu_order":0,"comment_status":"closed","ping_status":"closed","template":"","meta":{"ngg_post_thumbnail":0,"footnotes":""},"class_list":["post-12050","page","type-page","status-publish","hentry"],"_links":{"self":[{"href":"https:\/\/soeurs-de-stgildas-nantes.cef.fr\/index.php?rest_route=\/wp\/v2\/pages\/12050","targetHints":{"allow":["GET"]}}],"collection":[{"href":"https:\/\/soeurs-de-stgildas-nantes.cef.fr\/index.php?rest_route=\/wp\/v2\/pages"}],"about":[{"href":"https:\/\/soeurs-de-stgildas-nantes.cef.fr\/index.php?rest_route=\/wp\/v2\/types\/page"}],"author":[{"embeddable":true,"href":"https:\/\/soeurs-de-stgildas-nantes.cef.fr\/index.php?rest_route=\/wp\/v2\/users\/6"}],"replies":[{"embeddable":true,"href":"https:\/\/soeurs-de-stgildas-nantes.cef.fr\/index.php?rest_route=%2Fwp%2Fv2%2Fcomments&post=12050"}],"version-history":[{"count":8,"href":"https:\/\/soeurs-de-stgildas-nantes.cef.fr\/index.php?rest_route=\/wp\/v2\/pages\/12050\/revisions"}],"predecessor-version":[{"id":12060,"href":"https:\/\/soeurs-de-stgildas-nantes.cef.fr\/index.php?rest_route=\/wp\/v2\/pages\/12050\/revisions\/12060"}],"wp:attachment":[{"href":"https:\/\/soeurs-de-stgildas-nantes.cef.fr\/index.php?rest_route=%2Fwp%2Fv2%2Fmedia&parent=12050"}],"curies":[{"name":"wp","href":"https:\/\/api.w.org\/{rel}","templated":true}]}}